{"id":6752,"date":"2026-01-01T12:00:03","date_gmt":"2026-01-01T17:00:03","guid":{"rendered":"http:\/\/beta.ucbaby.ca\/?page_id=6752"},"modified":"2026-01-02T03:04:18","modified_gmt":"2026-01-02T08:04:18","slug":"3d-4d-ultrasound-ottawa","status":"publish","type":"page","link":"https:\/\/www.ucbaby.ca\/fr\/3d-4d-ultrasound-ottawa","title":{"rendered":"UC Baby \u00c9chographie 3D | Ottawa, Ontario"},"content":{"rendered":"<h3 class=\"featured_article_title padbottom fade animated\">UC Baby\u00ae 3D Ultrasound Ottawa &#8211; Obtenez la meilleure exp\u00e9rience de grossesse<\/h3>\n<p><span style=\"color: #80a9d0;\">\u00c9CHOGRAPHIE 3D OTTAWA | \u00c9CHOGRAPHIE HD 5D | \u00c9CHOGRAPHIE DE GROSSESSE | R\u00c9V\u00c9LATION DU SEXE DU B\u00c9B\u00c9<\/span><\/p>\n<a id=\"\" href=\"https:\/\/maps.app.goo.gl\/H3iUixdmYkwoZ7qt9\" target=\"_self\" title=\"UC Baby Ottawa, ON | 117 Centrepointe Dr Suite 340, Ottawa, ON K2G 5X3 | 613-224-3455\" class=\"button_ default medium icon-home margin-t0  align\" data-rt-animate=\"animate\" data-rt-animation-type=\"bounceIn\" data-rt-animation-group=\"single\" >UC Baby Ottawa, ON | 117 Centrepointe Dr Suite 340, Ottawa, ON K2G 5X3 | 613-224-3455<\/a>\n<p>&nbsp;<\/p>\n\n\t\t\t\t<div id=\"random-751797\" class=\"banner false false clearfix\" data-rt-animate=\"animate\" data-rt-animation-type=\"fadeIn\" data-rt-animation-group=\"single\" >\n\t\t\t\t\n\t\t\t\t\t<div class=\"featured_text  small_button \">\n\t\t\t\t\t\t<p class=\"icon-tag icon\">Offres sp\u00e9ciales UC Baby Ottawa<\/p>\n<\/p>\n\t\t\t\t\t<\/div>\t\t\t\t\n\t\t\t\t<\/div>\n\t\t\t\n<div class=\"pricing_table service\" data-rt-animation-group=\"group\"><div class=\"table_wrap \" data-rt-animate=\"animate\" data-rt-animation-type=\"fadeInDown\"><ul>\n\t\t<li class=\"caption\">\n\t\t\t<div class=\"title\">BATTEMENTS DE COEUR\n\t<small>\n\t\tRABAIS DE 10$ \n\t<\/small>\n\t<\/div>\n\t\t<\/li>\n\t\t\n\t\t<li class=\"price\">\n\t\t\t<div>\n\t\t\t\t<span><strong>75$<\/strong><\/span>\n\t\t\t<\/div>\n\t\t<\/li>\n\t\t\n\n<li class=\"start_position\"><span style=\"color: #3a4664;\">D\u00e8s <strong>8 semaines<\/strong> de grossesse. S\u00e9ance de 5 \u00e0 10 minutes pour r\u00e9assurance et connexion.<\/span><\/li>\n<li><a id=\"\" href=\"https:\/\/www.ucbaby.ca\/appointmentrequest\" target=\"_self\" title=\"R\u00c9SERVEZ MAINTENANT!\" class=\"button_ default medium icon-basket margin-t5 align\" data-rt-animate=\"animate\" data-rt-animation-type=\"bounceIn\" data-rt-animation-group=\"single\" ><strong>R\u00c9SERVEZ MAINTENANT!<\/strong><\/a><\/li>\n<\/ul>\n<\/div>\n<div class=\"table_wrap highlight\" data-rt-animate=\"animate\" data-rt-animation-type=\"fadeInDown\"><ul>\n\t\t<li class=\"caption\">\n\t\t\t<div class=\"title\">R\u00c9V\u00c9LATION DU SEXE\n\t<small>\n\t\tRABAIS DE 15$ \n\t<\/small>\n\t<\/div>\n\t\t<\/li>\n\t\t\n\t\t<li class=\"price\">\n\t\t\t<div>\n\t\t\t\t<span><strong>110$<\/strong><\/span>\n\t\t\t<\/div>\n\t\t<\/li>\n\t\t\n\n<li class=\"start_position\"><span style=\"color: #3a4664;\">De <strong>16 \u00e0 22 semaines<\/strong> de grossesse. \u00c9chographie de 5 \u00e0 10 minutes pour r\u00e9v\u00e9ler le sexe, sans photos du visage.<\/span><\/li>\n<li><a id=\"\" href=\"https:\/\/www.ucbaby.ca\/appointmentrequest\" target=\"_self\" title=\"R\u00c9SERVEZ MAINTENANT!\" class=\"button_ default medium icon-basket margin-t5 align\" data-rt-animate=\"animate\" data-rt-animation-type=\"bounceIn\" data-rt-animation-group=\"single\" >R\u00c9SERVEZ MAINTENANT!<\/a><\/li>\n<\/ul>\n<\/div>\n<div class=\"table_wrap \" data-rt-animate=\"animate\" data-rt-animation-type=\"fadeInDown\"><ul>\n\t\t<li class=\"caption\">\n\t\t\t<div class=\"title\">PREMIER APER\u00c7U\n\t<small>\n\t\tRABAIS DE 10$ \n\t<\/small>\n\t<\/div>\n\t\t<\/li>\n\t\t\n\t\t<li class=\"price\">\n\t\t\t<div>\n\t\t\t\t<span><strong>89$<\/strong><\/span>\n\t\t\t<\/div>\n\t\t<\/li>\n\t\t\n\n<li class=\"start_position\"><span style=\"color: #3a4664;\">\u00c0 partir de <strong>12 semaines<\/strong> de grossesse. S\u00e9ance de 5 \u00e0 10 minutes. Sans identification du sexe.<\/span><\/li>\n<li><a id=\"\" href=\"https:\/\/www.ucbaby.ca\/appointmentrequest\" target=\"_self\" title=\"R\u00c9SERVEZ MAINTENANT!\" class=\"button_ default medium icon-basket margin-t5 align\" data-rt-animate=\"animate\" data-rt-animation-type=\"bounceIn\" data-rt-animation-group=\"single\" >R\u00c9SERVEZ MAINTENANT!<\/a><\/li>\n<\/ul>\n<\/div>\n<div class=\"table_wrap highlight\" data-rt-animate=\"animate\" data-rt-animation-type=\"fadeInDown\"><ul>\n\t\t<li class=\"caption\">\n\t\t\t<div class=\"title\">FORFAIT ARGENT\n\t<small>\n\t\tRABAIS DE 30$ \n\t<\/small>\n\t<\/div>\n\t\t<\/li>\n\t\t\n\t\t<li class=\"price\">\n\t\t\t<div>\n\t\t\t\t<span><strong>234$<\/strong><\/span>\n\t\t\t<\/div>\n\t\t<\/li>\n\t\t\n\n<li class=\"start_position\">Forfait Argent + Ours \u00e0 battement de c\u0153ur + copie USB de la s\u00e9ance. Streaming en direct et VOD gratuits.<\/li>\n<li><a id=\"\" href=\"https:\/\/www.ucbaby.ca\/appointmentrequest\" target=\"_self\" title=\"R\u00c9SERVEZ MAINTENANT!\" class=\"button_ default medium icon-basket margin-t5 align\" data-rt-animate=\"animate\" data-rt-animation-type=\"bounceIn\" data-rt-animation-group=\"single\" ><strong>R\u00c9SERVEZ MAINTENANT!<\/strong><\/a><\/li>\n<\/ul>\n<\/div><\/div>\n<p>&nbsp;<\/p>\n\n\t\t\t\t<div id=\"random-417006\" class=\"banner false false clearfix\" data-rt-animate=\"animate\" data-rt-animation-type=\"fadeIn\" data-rt-animation-group=\"single\" >\n\t\t\t\t\n\t\t\t\t\t<div class=\"featured_text  small_button \">\n\t\t\t\t\t\t<p class=\"icon-star icon\">D\u00e9couvrez l&rsquo;\u00e9chographie HD 5D d&rsquo;UC Baby Ottawa<\/p>\n<\/p>\n\t\t\t\t\t<\/div>\t\t\t\t\n\t\t\t\t<\/div>\n\t\t\t\n<p>&nbsp;<\/p>\n<p><img decoding=\"async\" class=\"withBorder alignleft wp-image-6191 size-full lazyload\" title=\"\u00c9chographie 3D | \u00c9chographie 4D - UC Baby Ottawa\" data-src=\"http:\/\/www.ucbaby.ca\/wp-content\/uploads\/2014\/07\/locationpage_img1.jpg\" alt=\"UC Baby 3D Ultrasound | 4D Ultrasound - Ottawa, Ontario\" width=\"275\" height=\"183\" src=\"data:image\/svg+xml;base64,PHN2ZyB3aWR0aD0iMSIgaGVpZ2h0PSIxIiB4bWxucz0iaHR0cDovL3d3dy53My5vcmcvMjAwMC9zdmciPjwvc3ZnPg==\" style=\"--smush-placeholder-width: 275px; --smush-placeholder-aspect-ratio: 275\/183;\" \/>Vous comptez les jours qui vous s\u00e9parent de la naissance de votre pr\u00e9cieux petit \u00eatre ? A <a href=\"https:\/\/www.ucbaby.ca\/fr\/profil-de-lentreprise\"><br \/>\n<strong>UC Baby\u00ae,<\/strong><br \/>\n<\/a> nous partageons l&rsquo;excitation et la joie des futurs parents comme vous. C&rsquo;est pourquoi nous offrons une exp\u00e9rience de rapprochement vraiment sp\u00e9ciale gr\u00e2ce \u00e0 nos services d&rsquo;<a href=\"https:\/\/www.ucbaby.ca\/fr\/uc-baby-utilise-la-technologie-de-lechographie-5d-haute-definition\">\u00e9chographie 3D \/ d&rsquo;\u00e9chographie HD<\/a> de pointe. Notre \u00e9quipe d&rsquo;experts utilise une technologie d&rsquo;\u00e9chographie 3D et HD de pointe pour vous donner un aper\u00e7u inoubliable du monde de votre b\u00e9b\u00e9.<\/p>\n<p>Ce qui nous distingue, c&rsquo;est non seulement la qualit\u00e9 exceptionnelle de nos images, mais aussi l&rsquo;exp\u00e9rience personnalis\u00e9e que nous offrons \u00e0 chaque famille. Nous ne nous contentons pas de capturer des images, nous cr\u00e9ons une exp\u00e9rience immersive qui vous permet de voir les mouvements de votre b\u00e9b\u00e9 en temps r\u00e9el gr\u00e2ce \u00e0 nos services de <a href=\"https:\/\/www.ucbaby.ca\/fr\/diffusion-en-direct\">diffusion en direct et de vid\u00e9o \u00e0 la demande<\/a>.<\/p>\n<h2>D\u00e9couvrez la nouvelle technologie HD 5D<\/h2>\n<p>Vivez la magie de la parentalit\u00e9 comme jamais auparavant gr\u00e2ce \u00e0 nos<strong> services d&rsquo;\u00e9chographie 3D et HD 5D<\/strong>. Notre technologie de pointe vous permet d&rsquo;assister \u00e0 des moments incroyables dans l&rsquo;ut\u00e9rus, cr\u00e9ant ainsi des souvenirs inoubliables pour vous et votre famille. Des b\u00e2illements adorables aux petits doigts, vous pouvez d\u00e9sormais ch\u00e9rir chaque d\u00e9tail pr\u00e9cieux en haute d\u00e9finition. Dites bonjour \u00e0 la complicit\u00e9 avec votre enfant avant m\u00eame son arriv\u00e9e, entour\u00e9 de vos proches dans nos salles d&rsquo;\u00e9chographie douillettes. Pr\u00e9parez-vous \u00e0 \u00eatre \u00e9merveill\u00e9, car nous vous rapprochons du miracle de la vie.<\/p>\n<p>Situ\u00e9 au <a href=\"https:\/\/maps.app.goo.gl\/TLqH37CXc7Y9NS5N7\" target=\"_blank\" rel=\"noopener\">1300, chemin Baseline, Ottawa, ON K2C 0A9<\/a>, UC Baby\u00ae Ottawa est facilement accessible aux familles d&rsquo;Ottawa, de Gatineau, de Nepean, de Cornwall et de Kingston. Notre mission est de fournir la meilleure \u00e9chographie <strong>3D \/ \u00e9chographie 5D<\/strong> tout en veillant \u00e0 ce que votre visite soit confortable et m\u00e9morable.<\/p>\n<p>Nous vous invitons \u00e0 vous joindre \u00e0 nous \u00e0 UC Baby\u00ae Ottawa pour une exp\u00e9rience extraordinaire de rapprochement qui vous laissera des souvenirs pr\u00e9cieux des premiers moments de votre b\u00e9b\u00e9. Qu&rsquo;il s&rsquo;agisse de votre premi\u00e8re grossesse ou de l&rsquo;arriv\u00e9e d&rsquo;un nouveau membre dans votre famille, nos services d&rsquo;\u00e9chographie 3D et d&rsquo;\u00e9chographie HD sont con\u00e7us pour rendre cette p\u00e9riode sp\u00e9ciale encore plus remarquable. Prenez rendez-vous d\u00e8s aujourd&rsquo;hui et laissez-nous vous aider \u00e0 cr\u00e9er des souvenirs inoubliables avec votre enfant !<\/p>\n<h2>#20PLUSYEARS<\/h2>\n<p>Embarquez pour un voyage extraordinaire avec nous, alors que nous <strong><a href=\"https:\/\/www.ucbaby.ca\/celebrating-20-years-of-uc-baby\">partageons notre incroyable histoire<\/a><\/strong> pour devenir le premier choix au Canada pour les services d&rsquo;\u00e9chographie 3D de grossesse et d&rsquo;\u00e9chographie HD 5D. Depuis plus de 20 ans, nous nous effor\u00e7ons de faire vivre des moments inoubliables aux familles qui attendent un enfant.<\/p>\n<p>Rejoignez-nous et plongez dans les r\u00e9cits r\u00e9confortants qui ont fait de nous le meilleur choix pour immortaliser vos pr\u00e9cieux souvenirs. Nous vous invitons \u00e0 faire partie de notre h\u00e9ritage !<\/p>\n","protected":false},"excerpt":{"rendered":"<p>UC Baby\u00ae 3D Ultrasound Ottawa &#8211; Obtenez la meilleure exp\u00e9rience de grossesse \u00c9CHOGRAPHIE 3D OTTAWA | \u00c9CHOGRAPHIE HD 5D | \u00c9CHOGRAPHIE DE GROSSESSE | R\u00c9V\u00c9LATION DU SEXE DU B\u00c9B\u00c9 &nbsp; &nbsp; &nbsp; Vous comptez les jours qui vous s\u00e9parent de la naissance de votre pr\u00e9cieux petit \u00eatre ? A UC Baby\u00ae, nous partageons l&rsquo;excitation et [&hellip;]<\/p>\n","protected":false},"author":2,"featured_media":0,"parent":0,"menu_order":0,"comment_status":"closed","ping_status":"closed","template":"","meta":{"footnotes":""},"class_list":["post-6752","page","type-page","status-publish","hentry"],"yoast_head":"<!-- This site is optimized with the Yoast SEO plugin v27.6 - https:\/\/yoast.com\/product\/yoast-seo-wordpress\/ -->\n<title>\u00c9chographie 3D Ottawa Gatineau | \u00c9chographie HD 5D | UC Baby<\/title>\n<meta name=\"description\" content=\"UC Baby 3D Ultrasound Ottawa offre des \u00e9chographies HD 5D de haute qualit\u00e9, des s\u00e9ances de r\u00e9v\u00e9lation du sexe et des s\u00e9ances d&#039;aper\u00e7u. Dessert les familles de Gatineau et de Kingston.\" \/>\n<meta name=\"robots\" content=\"index, follow, max-snippet:-1, max-image-preview:large, max-video-preview:-1\" \/>\n<link rel=\"canonical\" href=\"https:\/\/www.ucbaby.ca\/fr\/3d-4d-ultrasound-ottawa\" \/>\n<meta property=\"og:locale\" content=\"fr_FR\" \/>\n<meta property=\"og:type\" content=\"article\" \/>\n<meta property=\"og:title\" content=\"UC Baby Ottawa - Profitez d&#039;un service d&#039;\u00e9chographie 3D exceptionnel\" \/>\n<meta property=\"og:description\" content=\"UC Baby offre des services d&#039;\u00e9chographie de grossesse 4D et 3D \u00e0 Ottawa, ON. Un excellent moyen pour les futurs parents de partager leur exp\u00e9rience de l&#039;attachement \u00e0 l&#039;enfant !\" \/>\n<meta property=\"og:url\" content=\"https:\/\/www.ucbaby.ca\/fr\/3d-4d-ultrasound-ottawa\" \/>\n<meta property=\"og:site_name\" content=\"UC Baby\" \/>\n<meta property=\"article:publisher\" content=\"http:\/\/www.facebook.com\/ucbaby\" \/>\n<meta property=\"article:modified_time\" content=\"2026-01-02T08:04:18+00:00\" \/>\n<meta property=\"og:image\" content=\"https:\/\/www.ucbaby.ca\/wp-content\/uploads\/2019\/12\/UC-BABY-Featured-Image-2020-1.png\" \/>\n<meta name=\"twitter:label1\" content=\"Dur\u00e9e de lecture estim\u00e9e\" \/>\n\t<meta name=\"twitter:data1\" content=\"4 minutes\" \/>\n<script type=\"application\/ld+json\" class=\"yoast-schema-graph\">{\"@context\":\"https:\\\/\\\/schema.org\",\"@graph\":[{\"@type\":\"WebPage\",\"@id\":\"https:\\\/\\\/www.ucbaby.ca\\\/fr\\\/3d-4d-ultrasound-ottawa\",\"url\":\"https:\\\/\\\/www.ucbaby.ca\\\/fr\\\/3d-4d-ultrasound-ottawa\",\"name\":\"\u00c9chographie 3D Ottawa Gatineau | \u00c9chographie HD 5D | UC Baby\",\"isPartOf\":{\"@id\":\"https:\\\/\\\/www.ucbaby.ca\\\/#website\"},\"primaryImageOfPage\":{\"@id\":\"https:\\\/\\\/www.ucbaby.ca\\\/fr\\\/3d-4d-ultrasound-ottawa#primaryimage\"},\"image\":{\"@id\":\"https:\\\/\\\/www.ucbaby.ca\\\/fr\\\/3d-4d-ultrasound-ottawa#primaryimage\"},\"thumbnailUrl\":\"http:\\\/\\\/www.ucbaby.ca\\\/wp-content\\\/uploads\\\/2014\\\/07\\\/locationpage_img1.jpg\",\"datePublished\":\"2026-01-01T17:00:03+00:00\",\"dateModified\":\"2026-01-02T08:04:18+00:00\",\"description\":\"UC Baby 3D Ultrasound Ottawa offre des \u00e9chographies HD 5D de haute qualit\u00e9, des s\u00e9ances de r\u00e9v\u00e9lation du sexe et des s\u00e9ances d'aper\u00e7u. Dessert les familles de Gatineau et de Kingston.\",\"breadcrumb\":{\"@id\":\"https:\\\/\\\/www.ucbaby.ca\\\/fr\\\/3d-4d-ultrasound-ottawa#breadcrumb\"},\"inLanguage\":\"fr-FR\",\"potentialAction\":[{\"@type\":\"ReadAction\",\"target\":[\"https:\\\/\\\/www.ucbaby.ca\\\/fr\\\/3d-4d-ultrasound-ottawa\"]}]},{\"@type\":\"ImageObject\",\"inLanguage\":\"fr-FR\",\"@id\":\"https:\\\/\\\/www.ucbaby.ca\\\/fr\\\/3d-4d-ultrasound-ottawa#primaryimage\",\"url\":\"http:\\\/\\\/www.ucbaby.ca\\\/wp-content\\\/uploads\\\/2014\\\/07\\\/locationpage_img1.jpg\",\"contentUrl\":\"http:\\\/\\\/www.ucbaby.ca\\\/wp-content\\\/uploads\\\/2014\\\/07\\\/locationpage_img1.jpg\"},{\"@type\":\"BreadcrumbList\",\"@id\":\"https:\\\/\\\/www.ucbaby.ca\\\/fr\\\/3d-4d-ultrasound-ottawa#breadcrumb\",\"itemListElement\":[{\"@type\":\"ListItem\",\"position\":1,\"name\":\"Home\",\"item\":\"https:\\\/\\\/www.ucbaby.ca\\\/\"},{\"@type\":\"ListItem\",\"position\":2,\"name\":\"UC Baby \u00c9chographie 3D | Ottawa, Ontario\"}]},{\"@type\":\"WebSite\",\"@id\":\"https:\\\/\\\/www.ucbaby.ca\\\/#website\",\"url\":\"https:\\\/\\\/www.ucbaby.ca\\\/\",\"name\":\"UC Baby\",\"description\":\"UC Baby is Canada&#039;s #1 Trusted company for 3D, 4D and HD 5D pregnancy ultrasound services\",\"potentialAction\":[{\"@type\":\"SearchAction\",\"target\":{\"@type\":\"EntryPoint\",\"urlTemplate\":\"https:\\\/\\\/www.ucbaby.ca\\\/?s={search_term_string}\"},\"query-input\":{\"@type\":\"PropertyValueSpecification\",\"valueRequired\":true,\"valueName\":\"search_term_string\"}}],\"inLanguage\":\"fr-FR\"}]}<\/script>\n<!-- \/ Yoast SEO plugin. -->","yoast_head_json":{"title":"\u00c9chographie 3D Ottawa Gatineau | \u00c9chographie HD 5D | UC Baby","description":"UC Baby 3D Ultrasound Ottawa offre des \u00e9chographies HD 5D de haute qualit\u00e9, des s\u00e9ances de r\u00e9v\u00e9lation du sexe et des s\u00e9ances d'aper\u00e7u. Dessert les familles de Gatineau et de Kingston.","robots":{"index":"index","follow":"follow","max-snippet":"max-snippet:-1","max-image-preview":"max-image-preview:large","max-video-preview":"max-video-preview:-1"},"canonical":"https:\/\/www.ucbaby.ca\/fr\/3d-4d-ultrasound-ottawa","og_locale":"fr_FR","og_type":"article","og_title":"UC Baby Ottawa - Profitez d'un service d'\u00e9chographie 3D exceptionnel","og_description":"UC Baby offre des services d'\u00e9chographie de grossesse 4D et 3D \u00e0 Ottawa, ON. Un excellent moyen pour les futurs parents de partager leur exp\u00e9rience de l'attachement \u00e0 l'enfant !","og_url":"https:\/\/www.ucbaby.ca\/fr\/3d-4d-ultrasound-ottawa","og_site_name":"UC Baby","article_publisher":"http:\/\/www.facebook.com\/ucbaby","article_modified_time":"2026-01-02T08:04:18+00:00","og_image":[{"url":"https:\/\/www.ucbaby.ca\/wp-content\/uploads\/2019\/12\/UC-BABY-Featured-Image-2020-1.png","type":"","width":"","height":""}],"twitter_misc":{"Dur\u00e9e de lecture estim\u00e9e":"4 minutes"},"schema":{"@context":"https:\/\/schema.org","@graph":[{"@type":"WebPage","@id":"https:\/\/www.ucbaby.ca\/fr\/3d-4d-ultrasound-ottawa","url":"https:\/\/www.ucbaby.ca\/fr\/3d-4d-ultrasound-ottawa","name":"\u00c9chographie 3D Ottawa Gatineau | \u00c9chographie HD 5D | UC Baby","isPartOf":{"@id":"https:\/\/www.ucbaby.ca\/#website"},"primaryImageOfPage":{"@id":"https:\/\/www.ucbaby.ca\/fr\/3d-4d-ultrasound-ottawa#primaryimage"},"image":{"@id":"https:\/\/www.ucbaby.ca\/fr\/3d-4d-ultrasound-ottawa#primaryimage"},"thumbnailUrl":"http:\/\/www.ucbaby.ca\/wp-content\/uploads\/2014\/07\/locationpage_img1.jpg","datePublished":"2026-01-01T17:00:03+00:00","dateModified":"2026-01-02T08:04:18+00:00","description":"UC Baby 3D Ultrasound Ottawa offre des \u00e9chographies HD 5D de haute qualit\u00e9, des s\u00e9ances de r\u00e9v\u00e9lation du sexe et des s\u00e9ances d'aper\u00e7u. Dessert les familles de Gatineau et de Kingston.","breadcrumb":{"@id":"https:\/\/www.ucbaby.ca\/fr\/3d-4d-ultrasound-ottawa#breadcrumb"},"inLanguage":"fr-FR","potentialAction":[{"@type":"ReadAction","target":["https:\/\/www.ucbaby.ca\/fr\/3d-4d-ultrasound-ottawa"]}]},{"@type":"ImageObject","inLanguage":"fr-FR","@id":"https:\/\/www.ucbaby.ca\/fr\/3d-4d-ultrasound-ottawa#primaryimage","url":"http:\/\/www.ucbaby.ca\/wp-content\/uploads\/2014\/07\/locationpage_img1.jpg","contentUrl":"http:\/\/www.ucbaby.ca\/wp-content\/uploads\/2014\/07\/locationpage_img1.jpg"},{"@type":"BreadcrumbList","@id":"https:\/\/www.ucbaby.ca\/fr\/3d-4d-ultrasound-ottawa#breadcrumb","itemListElement":[{"@type":"ListItem","position":1,"name":"Home","item":"https:\/\/www.ucbaby.ca\/"},{"@type":"ListItem","position":2,"name":"UC Baby \u00c9chographie 3D | Ottawa, Ontario"}]},{"@type":"WebSite","@id":"https:\/\/www.ucbaby.ca\/#website","url":"https:\/\/www.ucbaby.ca\/","name":"UC Baby","description":"UC Baby is Canada&#039;s #1 Trusted company for 3D, 4D and HD 5D pregnancy ultrasound services","potentialAction":[{"@type":"SearchAction","target":{"@type":"EntryPoint","urlTemplate":"https:\/\/www.ucbaby.ca\/?s={search_term_string}"},"query-input":{"@type":"PropertyValueSpecification","valueRequired":true,"valueName":"search_term_string"}}],"inLanguage":"fr-FR"}]}},"_links":{"self":[{"href":"https:\/\/www.ucbaby.ca\/fr\/wp-json\/wp\/v2\/pages\/6752","targetHints":{"allow":["GET"]}}],"collection":[{"href":"https:\/\/www.ucbaby.ca\/fr\/wp-json\/wp\/v2\/pages"}],"about":[{"href":"https:\/\/www.ucbaby.ca\/fr\/wp-json\/wp\/v2\/types\/page"}],"author":[{"embeddable":true,"href":"https:\/\/www.ucbaby.ca\/fr\/wp-json\/wp\/v2\/users\/2"}],"replies":[{"embeddable":true,"href":"https:\/\/www.ucbaby.ca\/fr\/wp-json\/wp\/v2\/comments?post=6752"}],"version-history":[{"count":10,"href":"https:\/\/www.ucbaby.ca\/fr\/wp-json\/wp\/v2\/pages\/6752\/revisions"}],"predecessor-version":[{"id":29983,"href":"https:\/\/www.ucbaby.ca\/fr\/wp-json\/wp\/v2\/pages\/6752\/revisions\/29983"}],"wp:attachment":[{"href":"https:\/\/www.ucbaby.ca\/fr\/wp-json\/wp\/v2\/media?parent=6752"}],"curies":[{"name":"wp","href":"https:\/\/api.w.org\/{rel}","templated":true}]}}