{"id":6665,"date":"2026-01-12T08:53:46","date_gmt":"2026-01-12T13:53:46","guid":{"rendered":"http:\/\/beta.ucbaby.ca\/?page_id=6665"},"modified":"2026-03-28T11:38:26","modified_gmt":"2026-03-28T15:38:26","slug":"3d-4d-ultrasound-montreal","status":"publish","type":"page","link":"https:\/\/www.ucbaby.ca\/fr\/3d-4d-ultrasound-montreal","title":{"rendered":"UC Baby \u00c9chographie 3D |  Montr\u00e9al, QC"},"content":{"rendered":"<h3 class=\"featured_article_title padbottom fade animated\">Nous offrons un service d\u2019\u00e9chographie 3D\/4D r\u00e9volutionnaire pour les futures mamans dans la r\u00e9gion m\u00e9tropolitaine de Montr\u00e9al.<\/h3>\n<p><span style=\"color: #80a9d0;\">\u00c9CHOGRAPHIE 3D MONTR\u00c9AL | \u00c9CHOGRAPHIE HD 5D | \u00c9CHOGRAPHIE DE GROSSESSE | R\u00c9V\u00c9LATION DU SEXE DU B\u00c9B\u00c9<\/span><\/p>\n<a id=\"\" href=\"https:\/\/maps.app.goo.gl\/g4SfzbTqkaghYAb87\" target=\"_self\" title=\"UC Baby Montr\u00e9al, QC | 103-5025 Sherbrooke St W, Montreal QC H4A 1S9 | 514-746-5283\" class=\"button_ default medium icon-home margin-t0  align\" data-rt-animate=\"animate\" data-rt-animation-type=\"bounceIn\" data-rt-animation-group=\"single\" >UC Baby Montr\u00e9al, QC | 103-5025 Sherbrooke St W, Montreal QC H4A 1S9 | 514-746-5283<\/a>\n<p>&nbsp;<\/p>\n\n\t\t\t\t<div id=\"random-257033\" class=\"banner false false clearfix\" data-rt-animate=\"animate\" data-rt-animation-type=\"fadeIn\" data-rt-animation-group=\"single\" >\n\t\t\t\t\n\t\t\t\t\t<div class=\"featured_text  small_button \">\n\t\t\t\t\t\t<p class=\"icon-tag icon\">Offres sp\u00e9ciales UC Baby Montr\u00e9al<\/p>\n<\/p>\n\t\t\t\t\t<\/div>\t\t\t\t\n\t\t\t\t<\/div>\n\t\t\t\n<div class=\"pricing_table service\" data-rt-animation-group=\"group\"><div class=\"table_wrap \" data-rt-animate=\"animate\" data-rt-animation-type=\"fadeInDown\"><ul>\n\t\t<li class=\"caption\">\n\t\t\t<div class=\"title\">BATTEMENTS DE COEUR\n\t<small>\n\t\tRABAIS DE 16$ \n\t<\/small>\n\t<\/div>\n\t\t<\/li>\n\t\t\n\t\t<li class=\"price\">\n\t\t\t<div>\n\t\t\t\t<span>69<strong>$<\/strong><\/span>\n\t\t\t<\/div>\n\t\t<\/li>\n\t\t\n\n<li class=\"start_position\"><span style=\"color: #3a4664;\">D\u00e8s <strong>8 semaines<\/strong> de grossesse. S\u00e9ance de 5 \u00e0 10 minutes pour r\u00e9assurance et connexion.<\/span><\/li>\n<li><a id=\"\" href=\"https:\/\/www.ucbaby.ca\/appointmentrequest\" target=\"_self\" title=\"R\u00c9SERVEZ MAINTENANT!\" class=\"button_ default medium icon-basket margin-t5 align\" data-rt-animate=\"animate\" data-rt-animation-type=\"bounceIn\" data-rt-animation-group=\"single\" ><strong>R\u00c9SERVEZ MAINTENANT!<\/strong><\/a><\/li>\n<\/ul>\n<\/div>\n<div class=\"table_wrap highlight\" data-rt-animate=\"animate\" data-rt-animation-type=\"fadeInDown\"><ul>\n\t\t<li class=\"caption\">\n\t\t\t<div class=\"title\">R\u00c9V\u00c9LATION DU SEXE\n\t<small>\n\t\tRABAIS DE 15$ \n\t<\/small>\n\t<\/div>\n\t\t<\/li>\n\t\t\n\t\t<li class=\"price\">\n\t\t\t<div>\n\t\t\t\t<span><strong>110$<\/strong><\/span>\n\t\t\t<\/div>\n\t\t<\/li>\n\t\t\n\n<li class=\"start_position\"><span style=\"color: #3a4664;\">De <strong>16 \u00e0 22 semaines<\/strong> de grossesse. \u00c9chographie de 5 \u00e0 10 minutes pour r\u00e9v\u00e9ler le sexe, sans photos du visage.<\/span><\/li>\n<li><a id=\"\" href=\"https:\/\/www.ucbaby.ca\/appointmentrequest\" target=\"_self\" title=\"R\u00c9SERVEZ MAINTENANT!\" class=\"button_ default medium icon-basket margin-t5 align\" data-rt-animate=\"animate\" data-rt-animation-type=\"bounceIn\" data-rt-animation-group=\"single\" >R\u00c9SERVEZ MAINTENANT!<\/a><\/li>\n<\/ul>\n<\/div>\n<div class=\"table_wrap \" data-rt-animate=\"animate\" data-rt-animation-type=\"fadeInDown\"><ul>\n\t\t<li class=\"caption\">\n\t\t\t<div class=\"title\">FORFAIT BRONZE\n\t<small>\n\t\tRABAIS DE 30$ \n\t<\/small>\n\t<\/div>\n\t\t<\/li>\n\t\t\n\t\t<li class=\"price\">\n\t\t\t<div>\n\t\t\t\t<span><strong>180$<\/strong><\/span>\n\t\t\t<\/div>\n\t\t<\/li>\n\t\t\n\n<li class=\"start_position\">Forfait Bronze + Ours \u00e0 Battement de C\u0153ur. Profitez du streaming en direct et VOD\u00a0GRATUITS<\/li>\n<li><a id=\"\" href=\"https:\/\/www.ucbaby.ca\/appointmentrequest\" target=\"_self\" title=\"R\u00c9SERVEZ MAINTENANT!\" class=\"button_ default medium icon-basket margin-t5 align\" data-rt-animate=\"animate\" data-rt-animation-type=\"bounceIn\" data-rt-animation-group=\"single\" >R\u00c9SERVEZ MAINTENANT!<\/a><\/li>\n<\/ul>\n<\/div>\n<div class=\"table_wrap highlight\" data-rt-animate=\"animate\" data-rt-animation-type=\"fadeInDown\"><ul>\n\t\t<li class=\"caption\">\n\t\t\t<div class=\"title\">FORFAIT ARGENT\n\t<small>\n\t\tRABAIS DE 45$ \n\t<\/small>\n\t<\/div>\n\t\t<\/li>\n\t\t\n\t\t<li class=\"price\">\n\t\t\t<div>\n\t\t\t\t<span><strong>234$<\/strong><\/span>\n\t\t\t<\/div>\n\t\t<\/li>\n\t\t\n\n<li class=\"start_position\"><span style=\"color: #3a4664;\">Forfait Argent + Ours \u00e0 battement de c\u0153ur + copie USB de la s\u00e9ance. Streaming en direct et VOD gratuits.<\/span><\/li>\n<li><a id=\"\" href=\"https:\/\/www.ucbaby.ca\/appointmentrequest\" target=\"_self\" title=\"R\u00c9SERVEZ MAINTENANT!\" class=\"button_ default medium icon-basket margin-t5 align\" data-rt-animate=\"animate\" data-rt-animation-type=\"bounceIn\" data-rt-animation-group=\"single\" ><strong>R\u00c9SERVEZ MAINTENANT!<\/strong><\/a><\/li>\n<\/ul>\n<\/div><\/div>\n<p>&nbsp;<\/p>\n\n\t\t\t\t<div id=\"random-987405\" class=\"banner false false clearfix\" data-rt-animate=\"animate\" data-rt-animation-type=\"fadeIn\" data-rt-animation-group=\"single\" >\n\t\t\t\t\n\t\t\t\t\t<div class=\"featured_text  small_button \">\n\t\t\t\t\t\t<p class=\"icon-star icon\">D\u00e9couvrez l&rsquo;\u00e9chographie HD 5D d&rsquo;UC Baby Montr\u00e9al<\/p>\n<\/p>\n\t\t\t\t\t<\/div>\t\t\t\t\n\t\t\t\t<\/div>\n\t\t\t\n<p>&nbsp;<\/p>\n<p><img decoding=\"async\" class=\"withBorder alignleft wp-image-6191 size-full lazyload\" data-src=\"http:\/\/www.ucbaby.ca\/wp-content\/uploads\/2014\/07\/locationpage_img1.jpg\" alt=\"UC Baby \u00e9chographie 3D Montr\u00e9al\" width=\"275\" height=\"183\" src=\"data:image\/svg+xml;base64,PHN2ZyB3aWR0aD0iMSIgaGVpZ2h0PSIxIiB4bWxucz0iaHR0cDovL3d3dy53My5vcmcvMjAwMC9zdmciPjwvc3ZnPg==\" style=\"--smush-placeholder-width: 275px; --smush-placeholder-aspect-ratio: 275\/183;\" \/>Avec notre \u00e9quipe de professionnels et un environnement confortable, vous aurez l\u2019occasion de voir votre b\u00e9b\u00e9 avant la naissance. La technologie de pointe d\u2019\u00e9chographie 3D vous est offerte pour vous permettre de vivre des moments sp\u00e9ciaux de la grossesse et de tisser un lien avec votre b\u00e9b\u00e9.<\/p>\n<p>L\u2019effet positif des images d\u2019\u00e9chographie 3D sur les parents et les fr\u00e8res et s\u0153urs est prouv\u00e9 par de nombreux essais scientifiques. Lorsque vous regardez les images r\u00e9alistes de votre b\u00e9b\u00e9, vous commencerez \u00e0 tisser un lien avec le b\u00e9b\u00e9 et les garderez en m\u00e9moire pour toujours. Depuis 2005, notre centre d\u2019\u00e9chographie 3D \u00e0 Montr\u00e9al est honor\u00e9 de faire partie de cet pr\u00e9cieux moment pour de nombreuses familles dans la r\u00e9gion m\u00e9tropolitaine de Montr\u00e9al.<br \/>\n<div class=\"buddybot-chat-conversation-alert alert alert-danger small\" data-bb-alert=\"danger\" role=\"alert\" style=\"display:none;\"><\/div><input id=\"buddybot-chat-conversation-assistant-id\" type=\"hidden\" value=\"asst_4xIlmP6OR8LMO78rvWiQcpjY\"><div id=\"buddybot-chat-conversation-list-header\" class=\"d-flex justify-content-start align-items-center\"><div class=\"small fw-bold me-2\">Select Conversation or<\/div><button id=\"buddybot-chat-conversation-start-new\" type=\"button\" class=\"btn btn-dark btn-sm px-3 rounded-2\">Start New<\/button><\/div><div id=\"buddybot-chat-conversation-list-loader\" class=\"text-muted\">Loading conversations...<\/div><div id=\"buddybot-chat-conversation-list-wrapper\"><\/div><div id=\"buddybot-single-conversation-wrapper\" class=\"container-fluid\"><div class=\"Buddybot-alert\"> <div class=\"buddybot-temp-chat-wrap\">Temporary Chat<svg data-popover=\"true\" data-target=\"#buddybot-popover-1\" xmlns=\"http:\/\/www.w3.org\/2000\/svg\" height=\"24px\" viewBox=\"0 -960 960 960\" width=\"24px\" fill=\"#1f1f1f\"><path d=\"M440-280h80v-240h-80v240Zm40-320q17 0 28.5-11.5T520-640q0-17-11.5-28.5T480-680q-17 0-28.5 11.5T440-640q0 17 11.5 28.5T480-600Zm0 520q-83 0-156-31.5T197-197q-54-54-85.5-127T80-480q0-83 31.5-156T197-763q54-54 127-85.5T480-880q83 0 156 31.5T763-763q54 54 85.5 127T880-480q0 83-31.5 156T763-197q-54 54-127 85.5T480-80Zm0-80q134 0 227-93t93-227q0-134-93-227t-227-93q-134 0-227 93t-93 227q0 134 93 227t227 93Zm0-320Z\"\/><\/svg><div id=\"buddybot-popover-1\" class=\"buddybot-popover\">You will not be able to access your chat history permanently because you are not logged in. If you log in, you can save and access your conversations later.<\/div><\/div><\/div><div class=\"d-flex justify-content-between align-items-center\"><div class=\"d-flex\"><button id=\"buddybot-single-conversation-back-btn\" class=\"bg-transparent border-0 shadow-0 text-dark p-0\" role=\"button\"><span class=\"material-symbols-outlined\">arrow_back_ios<\/span><\/button><\/div><div class=\"d-flex align-items-center\"><button id=\"buddybot-single-conversation-load-messages-btn\" class=\"bg-transparent border-0 shadow-0 text-dark p-0 mx-1 mb-3\" role=\"button\"><span class=\"material-symbols-outlined\">refresh<\/span><\/button><button id=\"buddybot-single-conversation-delete-thread-btn\" class=\"bg-transparent border-0 shadow-0 text-dark p-0 mx-1 mb-3\" role=\"button\" data-bs-toggle=\"modal\" data-bs-target=\"#buddybot-single-conversation-delete-modal\"><span class=\"material-symbols-outlined\">delete<\/span><\/button><\/div><\/div><div id=\"buddybot-single-conversation-messages-wrapper\" class=\"mb-4 small\" style=\"max-height:400px;overflow:auto;\"><\/div><div id=\"buddybot-single-conversation-status-bar\"><\/div><div id=\"buddybot-single-conversation-top-spinners\" class=\"d-flex justify-content-center mb-2\"><div class=\"spinner-grow spinner-grow-sm me-1\" role=\"status\"><span class=\"visually-hidden\">Loading...<\/span><\/div><div class=\"spinner-grow spinner-grow-sm me-1\" role=\"status\"><span class=\"visually-hidden\">Loading...<\/span><\/div><div class=\"spinner-grow spinner-grow-sm\" role=\"status\"><span class=\"visually-hidden\">Loading...<\/span><\/div><\/div><div id=\"buddybot-single-conversation-new-messages-wrapper\" class=\"\"><div class=\"\"><textarea id=\"buddybot-single-conversation-user-message\" class=\"form-control rounded-4 p-3 border-bottom border-dark border-2 shadow-0\" rows=\"3\" placeholder=\"Type your question here.\"><\/textarea><\/div><div class=\"text-center mt-3\"><button id=\"buddybot-single-conversation-send-message-btn\" type=\"button\" class=\"btn btn-dark py-3 px-4 rounded-2\">Send<\/button><\/div><\/div><div class=\"offcanvas offcanvas-bottom buddybot-offcanvas-wrap p-3\" tabindex=\"-1\" id=\"cookieConsentOffcanvas\" aria-labelledby=\"cookieConsentOffcanvasLabel\" data-bs-backdrop=\"static\" data-bs-scroll=\"true\"><div class=\"offcanvas-header\"><div class=\"offcanvas-title\" id=\"cookieConsentOffcanvasLabel\">Cookies <img decoding=\"async\" width=\"32px\" data-src=\"https:\/\/www.ucbaby.ca\/wp-content\/plugins\/buddybot-ai-custom-ai-assistant-and-chat-agent\/frontend\/images\/buddybotchat\/bootstrap\/cookie.png\" alt=\"All works fine.\" src=\"data:image\/svg+xml;base64,PHN2ZyB3aWR0aD0iMSIgaGVpZ2h0PSIxIiB4bWxucz0iaHR0cDovL3d3dy53My5vcmcvMjAwMC9zdmciPjwvc3ZnPg==\" class=\"lazyload\" style=\"--smush-placeholder-width: 1024px; --smush-placeholder-aspect-ratio: 1024\/1024;\"><\/div><\/div><div class=\"buddybot-offcanvas-body\"><p>We use cookies to manage your chat session while you interact with our website. These cookies help us store temporary session data, such as your chat history, for predefined number of days. No personal information is stored in these cookies. By continuing to use this site, you consent to the use of cookies. For more details, please refer to our Privacy Policy<\/p><\/div><div class=\"buddybot-offcanvas-footer text-end\"><button type=\"button\" class=\"btn btn-primary\" id=\"buddybot-acceptCookies\">I Accept<\/button><\/div><\/div><\/div><\/p>\n","protected":false},"excerpt":{"rendered":"<p>Nous offrons un service d\u2019\u00e9chographie 3D\/4D r\u00e9volutionnaire pour les futures mamans dans la r\u00e9gion m\u00e9tropolitaine de Montr\u00e9al. \u00c9CHOGRAPHIE 3D MONTR\u00c9AL | \u00c9CHOGRAPHIE HD 5D | \u00c9CHOGRAPHIE DE GROSSESSE | R\u00c9V\u00c9LATION DU SEXE DU B\u00c9B\u00c9 &nbsp; &nbsp; &nbsp; Avec notre \u00e9quipe de professionnels et un environnement confortable, vous aurez l\u2019occasion de voir votre b\u00e9b\u00e9 avant la [&hellip;]<\/p>\n","protected":false},"author":2,"featured_media":0,"parent":0,"menu_order":0,"comment_status":"closed","ping_status":"closed","template":"","meta":{"footnotes":""},"class_list":["post-6665","page","type-page","status-publish","hentry"],"yoast_head":"<!-- This site is optimized with the Yoast SEO plugin v27.3 - https:\/\/yoast.com\/product\/yoast-seo-wordpress\/ -->\n<title>UC Baby \u00e9chographie 3D HD 5D | Hautement recommand\u00e9<\/title>\n<meta name=\"description\" content=\"Clinique d&#039;\u00e9chographie 3D\/4D \u00e0 Montr\u00e9al. Profitez de nos services d&#039;\u00e9chographie 3D\/4D pour voir votre b\u00e9b\u00e9 en d\u00e9tail. Rendez-vous d\u00e8s maintenant!\" \/>\n<meta name=\"robots\" content=\"index, follow, max-snippet:-1, max-image-preview:large, max-video-preview:-1\" \/>\n<link rel=\"canonical\" href=\"https:\/\/www.ucbaby.ca\/fr\/3d-4d-ultrasound-montreal\" \/>\n<meta property=\"og:locale\" content=\"fr_FR\" \/>\n<meta property=\"og:type\" content=\"article\" \/>\n<meta property=\"og:title\" content=\"UC Baby \u00e9chographie 3D | Hautement recommand\u00e9\" \/>\n<meta property=\"og:description\" content=\"Clinique du b\u00e9b\u00e9 3D d&#039;\u00e9chographie \u00e0 Montr\u00e9al, Qu\u00e9bec, offre des services d&#039;\u00e9chographie 3D \/ 4D \u00e0 Montr\u00e9al, Sherbrooke, Laval, Vaudreuil, Brossard.\" \/>\n<meta property=\"og:url\" content=\"https:\/\/www.ucbaby.ca\/fr\/3d-4d-ultrasound-montreal\" \/>\n<meta property=\"og:site_name\" content=\"UC Baby\" \/>\n<meta property=\"article:publisher\" content=\"http:\/\/www.facebook.com\/ucbaby\" \/>\n<meta property=\"article:modified_time\" content=\"2026-03-28T15:38:26+00:00\" \/>\n<meta property=\"og:image\" content=\"https:\/\/www.ucbaby.ca\/wp-content\/uploads\/2014\/09\/90-x-90-face-bood-AD-OCT-2.jpg\" \/>\n\t<meta property=\"og:image:width\" content=\"360\" \/>\n\t<meta property=\"og:image:height\" content=\"360\" \/>\n\t<meta property=\"og:image:type\" content=\"image\/jpeg\" \/>\n<meta name=\"twitter:label1\" content=\"Dur\u00e9e de lecture estim\u00e9e\" \/>\n\t<meta name=\"twitter:data1\" content=\"2 minutes\" \/>\n<script type=\"application\/ld+json\" class=\"yoast-schema-graph\">{\"@context\":\"https:\\\/\\\/schema.org\",\"@graph\":[{\"@type\":\"WebPage\",\"@id\":\"https:\\\/\\\/www.ucbaby.ca\\\/fr\\\/3d-4d-ultrasound-montreal\",\"url\":\"https:\\\/\\\/www.ucbaby.ca\\\/fr\\\/3d-4d-ultrasound-montreal\",\"name\":\"UC Baby \u00e9chographie 3D HD 5D | Hautement recommand\u00e9\",\"isPartOf\":{\"@id\":\"https:\\\/\\\/www.ucbaby.ca\\\/#website\"},\"primaryImageOfPage\":{\"@id\":\"https:\\\/\\\/www.ucbaby.ca\\\/fr\\\/3d-4d-ultrasound-montreal#primaryimage\"},\"image\":{\"@id\":\"https:\\\/\\\/www.ucbaby.ca\\\/fr\\\/3d-4d-ultrasound-montreal#primaryimage\"},\"thumbnailUrl\":\"http:\\\/\\\/www.ucbaby.ca\\\/wp-content\\\/uploads\\\/2014\\\/07\\\/locationpage_img1.jpg\",\"datePublished\":\"2026-01-12T13:53:46+00:00\",\"dateModified\":\"2026-03-28T15:38:26+00:00\",\"description\":\"Clinique d'\u00e9chographie 3D\\\/4D \u00e0 Montr\u00e9al. Profitez de nos services d'\u00e9chographie 3D\\\/4D pour voir votre b\u00e9b\u00e9 en d\u00e9tail. Rendez-vous d\u00e8s maintenant!\",\"breadcrumb\":{\"@id\":\"https:\\\/\\\/www.ucbaby.ca\\\/fr\\\/3d-4d-ultrasound-montreal#breadcrumb\"},\"inLanguage\":\"fr-FR\",\"potentialAction\":[{\"@type\":\"ReadAction\",\"target\":[\"https:\\\/\\\/www.ucbaby.ca\\\/fr\\\/3d-4d-ultrasound-montreal\"]}]},{\"@type\":\"ImageObject\",\"inLanguage\":\"fr-FR\",\"@id\":\"https:\\\/\\\/www.ucbaby.ca\\\/fr\\\/3d-4d-ultrasound-montreal#primaryimage\",\"url\":\"http:\\\/\\\/www.ucbaby.ca\\\/wp-content\\\/uploads\\\/2014\\\/07\\\/locationpage_img1.jpg\",\"contentUrl\":\"http:\\\/\\\/www.ucbaby.ca\\\/wp-content\\\/uploads\\\/2014\\\/07\\\/locationpage_img1.jpg\"},{\"@type\":\"BreadcrumbList\",\"@id\":\"https:\\\/\\\/www.ucbaby.ca\\\/fr\\\/3d-4d-ultrasound-montreal#breadcrumb\",\"itemListElement\":[{\"@type\":\"ListItem\",\"position\":1,\"name\":\"Home\",\"item\":\"https:\\\/\\\/www.ucbaby.ca\\\/\"},{\"@type\":\"ListItem\",\"position\":2,\"name\":\"UC Baby \u00c9chographie 3D | Montr\u00e9al, QC\"}]},{\"@type\":\"WebSite\",\"@id\":\"https:\\\/\\\/www.ucbaby.ca\\\/#website\",\"url\":\"https:\\\/\\\/www.ucbaby.ca\\\/\",\"name\":\"UC Baby\",\"description\":\"UC Baby is Canada&#039;s #1 Trusted company for 3D, 4D and HD 5D pregnancy ultrasound services\",\"potentialAction\":[{\"@type\":\"SearchAction\",\"target\":{\"@type\":\"EntryPoint\",\"urlTemplate\":\"https:\\\/\\\/www.ucbaby.ca\\\/?s={search_term_string}\"},\"query-input\":{\"@type\":\"PropertyValueSpecification\",\"valueRequired\":true,\"valueName\":\"search_term_string\"}}],\"inLanguage\":\"fr-FR\"}]}<\/script>\n<!-- \/ Yoast SEO plugin. -->","yoast_head_json":{"title":"UC Baby \u00e9chographie 3D HD 5D | Hautement recommand\u00e9","description":"Clinique d'\u00e9chographie 3D\/4D \u00e0 Montr\u00e9al. Profitez de nos services d'\u00e9chographie 3D\/4D pour voir votre b\u00e9b\u00e9 en d\u00e9tail. Rendez-vous d\u00e8s maintenant!","robots":{"index":"index","follow":"follow","max-snippet":"max-snippet:-1","max-image-preview":"max-image-preview:large","max-video-preview":"max-video-preview:-1"},"canonical":"https:\/\/www.ucbaby.ca\/fr\/3d-4d-ultrasound-montreal","og_locale":"fr_FR","og_type":"article","og_title":"UC Baby \u00e9chographie 3D | Hautement recommand\u00e9","og_description":"Clinique du b\u00e9b\u00e9 3D d'\u00e9chographie \u00e0 Montr\u00e9al, Qu\u00e9bec, offre des services d'\u00e9chographie 3D \/ 4D \u00e0 Montr\u00e9al, Sherbrooke, Laval, Vaudreuil, Brossard.","og_url":"https:\/\/www.ucbaby.ca\/fr\/3d-4d-ultrasound-montreal","og_site_name":"UC Baby","article_publisher":"http:\/\/www.facebook.com\/ucbaby","article_modified_time":"2026-03-28T15:38:26+00:00","og_image":[{"width":360,"height":360,"url":"https:\/\/www.ucbaby.ca\/wp-content\/uploads\/2014\/09\/90-x-90-face-bood-AD-OCT-2.jpg","type":"image\/jpeg"}],"twitter_misc":{"Dur\u00e9e de lecture estim\u00e9e":"2 minutes"},"schema":{"@context":"https:\/\/schema.org","@graph":[{"@type":"WebPage","@id":"https:\/\/www.ucbaby.ca\/fr\/3d-4d-ultrasound-montreal","url":"https:\/\/www.ucbaby.ca\/fr\/3d-4d-ultrasound-montreal","name":"UC Baby \u00e9chographie 3D HD 5D | Hautement recommand\u00e9","isPartOf":{"@id":"https:\/\/www.ucbaby.ca\/#website"},"primaryImageOfPage":{"@id":"https:\/\/www.ucbaby.ca\/fr\/3d-4d-ultrasound-montreal#primaryimage"},"image":{"@id":"https:\/\/www.ucbaby.ca\/fr\/3d-4d-ultrasound-montreal#primaryimage"},"thumbnailUrl":"http:\/\/www.ucbaby.ca\/wp-content\/uploads\/2014\/07\/locationpage_img1.jpg","datePublished":"2026-01-12T13:53:46+00:00","dateModified":"2026-03-28T15:38:26+00:00","description":"Clinique d'\u00e9chographie 3D\/4D \u00e0 Montr\u00e9al. Profitez de nos services d'\u00e9chographie 3D\/4D pour voir votre b\u00e9b\u00e9 en d\u00e9tail. Rendez-vous d\u00e8s maintenant!","breadcrumb":{"@id":"https:\/\/www.ucbaby.ca\/fr\/3d-4d-ultrasound-montreal#breadcrumb"},"inLanguage":"fr-FR","potentialAction":[{"@type":"ReadAction","target":["https:\/\/www.ucbaby.ca\/fr\/3d-4d-ultrasound-montreal"]}]},{"@type":"ImageObject","inLanguage":"fr-FR","@id":"https:\/\/www.ucbaby.ca\/fr\/3d-4d-ultrasound-montreal#primaryimage","url":"http:\/\/www.ucbaby.ca\/wp-content\/uploads\/2014\/07\/locationpage_img1.jpg","contentUrl":"http:\/\/www.ucbaby.ca\/wp-content\/uploads\/2014\/07\/locationpage_img1.jpg"},{"@type":"BreadcrumbList","@id":"https:\/\/www.ucbaby.ca\/fr\/3d-4d-ultrasound-montreal#breadcrumb","itemListElement":[{"@type":"ListItem","position":1,"name":"Home","item":"https:\/\/www.ucbaby.ca\/"},{"@type":"ListItem","position":2,"name":"UC Baby \u00c9chographie 3D | Montr\u00e9al, QC"}]},{"@type":"WebSite","@id":"https:\/\/www.ucbaby.ca\/#website","url":"https:\/\/www.ucbaby.ca\/","name":"UC Baby","description":"UC Baby is Canada&#039;s #1 Trusted company for 3D, 4D and HD 5D pregnancy ultrasound services","potentialAction":[{"@type":"SearchAction","target":{"@type":"EntryPoint","urlTemplate":"https:\/\/www.ucbaby.ca\/?s={search_term_string}"},"query-input":{"@type":"PropertyValueSpecification","valueRequired":true,"valueName":"search_term_string"}}],"inLanguage":"fr-FR"}]}},"_links":{"self":[{"href":"https:\/\/www.ucbaby.ca\/fr\/wp-json\/wp\/v2\/pages\/6665","targetHints":{"allow":["GET"]}}],"collection":[{"href":"https:\/\/www.ucbaby.ca\/fr\/wp-json\/wp\/v2\/pages"}],"about":[{"href":"https:\/\/www.ucbaby.ca\/fr\/wp-json\/wp\/v2\/types\/page"}],"author":[{"embeddable":true,"href":"https:\/\/www.ucbaby.ca\/fr\/wp-json\/wp\/v2\/users\/2"}],"replies":[{"embeddable":true,"href":"https:\/\/www.ucbaby.ca\/fr\/wp-json\/wp\/v2\/comments?post=6665"}],"version-history":[{"count":10,"href":"https:\/\/www.ucbaby.ca\/fr\/wp-json\/wp\/v2\/pages\/6665\/revisions"}],"predecessor-version":[{"id":30434,"href":"https:\/\/www.ucbaby.ca\/fr\/wp-json\/wp\/v2\/pages\/6665\/revisions\/30434"}],"wp:attachment":[{"href":"https:\/\/www.ucbaby.ca\/fr\/wp-json\/wp\/v2\/media?parent=6665"}],"curies":[{"name":"wp","href":"https:\/\/api.w.org\/{rel}","templated":true}]}}