{"id":5588,"date":"2014-05-25T14:46:31","date_gmt":"2014-05-25T18:46:31","guid":{"rendered":"http:\/\/beta.ucbaby.ca\/3d-4d-ultrasound-moncton-2\/"},"modified":"2025-02-10T18:44:51","modified_gmt":"2025-02-10T23:44:51","slug":"3d-4d-ultrasound-moncton","status":"publish","type":"page","link":"https:\/\/www.ucbaby.ca\/fr\/3d-4d-ultrasound-moncton","title":{"rendered":"UC Baby Moncton \u2013 Au service du Nouveau-Brunswick et de l&rsquo;\u00cele"},"content":{"rendered":"<h3 class=\"featured_article_title padbottom fade animated\">Visitez UC Baby<sup>\u00ae<\/sup> \u2013 Le meilleur centre d\u2019\u00e9chographie 3D \u00e0 Moncton, au Nouveau-Brunswick<\/h3>\n<p><span style=\"color: #80a9d0;\">\u00c9CHOGRAPHIE 3D MONCTON | \u00c9CHOGRAPHIE HD 5D | \u00c9CHOGRAPHIE DE GROSSESSE | R\u00c9V\u00c9LATION DU SEXE DU B\u00c9B\u00c9<\/span><\/p>\n<a id=\"\" href=\"https:\/\/maps.app.goo.gl\/bh8VbRhEsW5jTMF3A\" target=\"_self\" title=\"UC Baby Moncton, NB | 140 Champlain St #102B, Dieppe, NB E1A 1N8 | 506-388-3333\" class=\"button_ default medium icon-home margin-t0  align\" data-rt-animate=\"animate\" data-rt-animation-type=\"bounceIn\" data-rt-animation-group=\"single\" >UC Baby Moncton, NB | 140 Champlain St #102B, Dieppe, NB E1A 1N8 | 506-388-3333<\/a>\n<p>&nbsp;<\/p>\n\n\t\t\t\t<div id=\"random-765445\" class=\"banner false false clearfix\" data-rt-animate=\"animate\" data-rt-animation-type=\"fadeIn\" data-rt-animation-group=\"single\" >\n\t\t\t\t\n\t\t\t\t\t<div class=\"featured_text  small_button \">\n\t\t\t\t\t\t<p class=\"icon-tag icon\">Offres sp\u00e9ciales UC Baby \u00e0 Moncton<br \/>\n<\/p>\n\t\t\t\t\t<\/div>\t\t\t\t\n\t\t\t\t<\/div>\n\t\t\t\n&nbsp;<\/p>\n<div class=\"pricing_table service\" data-rt-animation-group=\"group\"><div class=\"table_wrap \" data-rt-animate=\"animate\" data-rt-animation-type=\"fadeInDown\"><ul>\n\t\t<li class=\"caption\">\n\t\t\t<div class=\"title\">PREMIER APER\u00c7U\n\t<small>\n\t\tRABAIS DE 10$ \n\t<\/small>\n\t<\/div>\n\t\t<\/li>\n\t\t\n\t\t<li class=\"price\">\n\t\t\t<div>\n\t\t\t\t<span><strong>89$<\/strong><\/span>\n\t\t\t<\/div>\n\t\t<\/li>\n\t\t\n\n<li class=\"start_position\"><span style=\"color: #3a4664;\">De <strong>12 \u00e0 16 semaines<\/strong> de grossesse. S\u00e9ance de 15 minutes pour un premier aper\u00e7u du b\u00e9b\u00e9.<\/span><\/li>\n<li><a id=\"\" href=\"https:\/\/www.ucbaby.ca\/appointmentrequest\" target=\"_self\" title=\"R\u00c9SERVEZ MAINTENANT!\" class=\"button_ default medium icon-basket margin-t5 align\" data-rt-animate=\"animate\" data-rt-animation-type=\"bounceIn\" data-rt-animation-group=\"single\" ><strong>R\u00c9SERVEZ MAINTENANT!<\/strong><\/a><\/li>\n<\/ul>\n<\/div>\n<div class=\"table_wrap highlight\" data-rt-animate=\"animate\" data-rt-animation-type=\"fadeInDown\"><ul>\n\t\t<li class=\"caption\">\n\t\t\t<div class=\"title\">FORFAIT BRONZE\n\t<small>\n\t\tRABAIS DE 20$ \n\t<\/small>\n\t<\/div>\n\t\t<\/li>\n\t\t\n\t\t<li class=\"price\">\n\t\t\t<div>\n\t\t\t\t<span><strong>175$<\/strong><\/span>\n\t\t\t<\/div>\n\t\t<\/li>\n\t\t\n\n<li class=\"start_position\"><span style=\"color: #3a4664;\"> Forfait Bronze + Ours \u00e0 Battement de C\u0153ur. Profitez du streaming en direct et VOD <strong>GRATUITS<\/strong>.<\/span><\/li>\n<li><a id=\"\" href=\"https:\/\/www.ucbaby.ca\/appointmentrequest\" target=\"_self\" title=\"R\u00c9SERVEZ MAINTENANT!\" class=\"button_ default medium icon-basket margin-t5 align\" data-rt-animate=\"animate\" data-rt-animation-type=\"bounceIn\" data-rt-animation-group=\"single\" >R\u00c9SERVEZ MAINTENANT!<\/a><\/li>\n<\/ul>\n<\/div>\n<div class=\"table_wrap \" data-rt-animate=\"animate\" data-rt-animation-type=\"fadeInDown\"><ul>\n\t\t<li class=\"caption\">\n\t\t\t<div class=\"title\">FORFAIT ULTIME\n\t<small>\n\t\tRABAIS DE 99$ \n\t<\/small>\n\t<\/div>\n\t\t<\/li>\n\t\t\n\t\t<li class=\"price\">\n\t\t\t<div>\n\t\t\t\t<span><strong>225$<\/strong><\/span>\n\t\t\t<\/div>\n\t\t<\/li>\n\t\t\n\n<li class=\"start_position\"><span style=\"color: #3a4664;\">2 s\u00e9ances: \u00e9chographie (16 \u00e0 24 semaines) + forfait argent pour \u00e9chographie 3D\/5D (25 \u00e0 35 semaines).<\/span><\/li>\n<li><a id=\"\" href=\"https:\/\/www.ucbaby.ca\/appointmentrequest\" target=\"_self\" title=\"R\u00c9SERVEZ MAINTENANT!\" class=\"button_ default medium icon-basket margin-t5 align\" data-rt-animate=\"animate\" data-rt-animation-type=\"bounceIn\" data-rt-animation-group=\"single\" >R\u00c9SERVEZ MAINTENANT!<\/a><\/li>\n<\/ul>\n<\/div>\n<div class=\"table_wrap highlight\" data-rt-animate=\"animate\" data-rt-animation-type=\"fadeInDown\"><ul>\n\t\t<li class=\"caption\">\n\t\t\t<div class=\"title\">FORFAIT ARGENT\n\t<small>\n\t\tRABAIS DE 30$ \n\t<\/small>\n\t<\/div>\n\t\t<\/li>\n\t\t\n\t\t<li class=\"price\">\n\t\t\t<div>\n\t\t\t\t<span><strong>234$<\/strong><\/span>\n\t\t\t<\/div>\n\t\t<\/li>\n\t\t\n\n<li class=\"start_position\"><span style=\"color: #3a4664;\">Forfait Argent + Ours \u00e0 Battement de C\u0153ur + copie USB de la s\u00e9ance. Streaming en direct et VOD gratuits.<\/span><\/li>\n<li><a id=\"\" href=\"https:\/\/www.ucbaby.ca\/appointmentrequest\" target=\"_self\" title=\"R\u00c9SERVEZ MAINTENANT!\" class=\"button_ default medium icon-basket margin-t5 align\" data-rt-animate=\"animate\" data-rt-animation-type=\"bounceIn\" data-rt-animation-group=\"single\" ><strong>R\u00c9SERVEZ MAINTENANT!<\/strong><\/a><\/li>\n<\/ul>\n<\/div><\/div>\n<p>&nbsp;<\/p>\n\n\t\t\t\t<div id=\"random-905046\" class=\"banner false false clearfix\" data-rt-animate=\"animate\" data-rt-animation-type=\"fadeIn\" data-rt-animation-group=\"single\" >\n\t\t\t\t\n\t\t\t\t\t<div class=\"featured_text  small_button \">\n\t\t\t\t\t\t<p class=\"icon-star icon\">D\u00e9couvrez l&rsquo;\u00e9chographie HD 5D d&rsquo;UC Baby Moncton<\/p>\n<\/p>\n\t\t\t\t\t<\/div>\t\t\t\t\n\t\t\t\t<\/div>\n\t\t\t\n<p>&nbsp;<\/p>\n<p><img decoding=\"async\" class=\"alignleft size-full wp-image-6191 withBorder lazyload\" data-src=\"http:\/\/ucbaby.ca\/wp-content\/uploads\/2014\/07\/locationpage_img1.jpg\" alt=\"UC Baby\" width=\"275\" height=\"183\" src=\"data:image\/svg+xml;base64,PHN2ZyB3aWR0aD0iMSIgaGVpZ2h0PSIxIiB4bWxucz0iaHR0cDovL3d3dy53My5vcmcvMjAwMC9zdmciPjwvc3ZnPg==\" style=\"--smush-placeholder-width: 275px; --smush-placeholder-aspect-ratio: 275\/183;\" \/>Nous vous offrons une exp\u00e9rience d\u2019\u00e9chographie 3D personnalis\u00e9e chez UC Baby<sup>\u00ae<\/sup> \u00e0 Moncton, au Nouveau-Brunswick.<\/p>\n<p>Nous nous effor\u00e7ons de vous servir avec une exp\u00e9rience sensationnelle, en combinant les meilleures pratiques avec des technologies de pointe et un travail acharn\u00e9 d\u2019une \u00e9quipe professionnelle. Notre technicien en \u00e9chographie \u00e0 Moncton b\u00e9n\u00e9ficie d\u2019une exp\u00e9rience combin\u00e9e de plus de 35 ans dans les domaines de l\u2019\u00e9chographie et de soins pr\u00e9nataux.<\/p>\n<p>Apr\u00e8s avoir servi plus de 200 000 futures mamans au Canada, UC Baby<sup>\u00ae<\/sup> est chef de file dans les \u00e9chographies 3D au service des femmes enceintes et leurs familles. Le service d\u2019\u00e9chographie 3D UC Baby<sup>\u00ae<\/sup> est recommand\u00e9 et soutenu par de nombreux fournisseurs de soins de sant\u00e9 \u00e0 Moncton, Dieppe, Fredericton, Saint-Jean, Edmundston, Miramichi et Bathurst.<\/p>\n","protected":false},"excerpt":{"rendered":"<p>Visitez UC Baby\u00ae \u2013 Le meilleur centre d\u2019\u00e9chographie 3D \u00e0 Moncton, au Nouveau-Brunswick \u00c9CHOGRAPHIE 3D MONCTON | \u00c9CHOGRAPHIE HD 5D | \u00c9CHOGRAPHIE DE GROSSESSE | R\u00c9V\u00c9LATION DU SEXE DU B\u00c9B\u00c9 &nbsp; &nbsp; &nbsp; &nbsp; Nous vous offrons une exp\u00e9rience d\u2019\u00e9chographie 3D personnalis\u00e9e chez UC Baby\u00ae \u00e0 Moncton, au Nouveau-Brunswick. Nous nous effor\u00e7ons de vous servir [&hellip;]<\/p>\n","protected":false},"author":2,"featured_media":0,"parent":0,"menu_order":0,"comment_status":"closed","ping_status":"closed","template":"","meta":{"footnotes":""},"class_list":["post-5588","page","type-page","status-publish","hentry"],"yoast_head":"<!-- This site is optimized with the Yoast SEO plugin v27.4 - https:\/\/yoast.com\/product\/yoast-seo-wordpress\/ -->\n<title>UC Baby Moncton \u2013 Au service du Nouveau-Brunswick et de l&#039;\u00cele - UC Baby<\/title>\n<meta name=\"description\" content=\"Profitez d&#039;une exp\u00e9rience inoubliable avec l&#039;\u00e9chographie 3D\/4D \u00e0 Moncton. D\u00e9couvrez votre b\u00e9b\u00e9 en d\u00e9tail gr\u00e2ce \u00e0 UC Baby. R\u00e9servez maintenant!\" \/>\n<meta name=\"robots\" content=\"index, follow, max-snippet:-1, max-image-preview:large, max-video-preview:-1\" \/>\n<link rel=\"canonical\" href=\"https:\/\/www.ucbaby.ca\/fr\/3d-4d-ultrasound-moncton\" \/>\n<meta property=\"og:locale\" content=\"fr_FR\" \/>\n<meta property=\"og:type\" content=\"article\" \/>\n<meta property=\"og:title\" content=\"UC Baby Moncton \u2013 Au service du Nouveau-Brunswick et de l&#039;\u00cele - UC Baby\" \/>\n<meta property=\"og:description\" content=\"UC Baby offers pregnancy 4D and 3D ultrasound services in Moncton, NB. A great way for expecting parents to share their child-bonding experience!\" \/>\n<meta property=\"og:url\" content=\"https:\/\/www.ucbaby.ca\/fr\/3d-4d-ultrasound-moncton\" \/>\n<meta property=\"og:site_name\" content=\"UC Baby\" \/>\n<meta property=\"article:publisher\" content=\"http:\/\/www.facebook.com\/ucbaby\" \/>\n<meta property=\"article:modified_time\" content=\"2025-02-10T23:44:51+00:00\" \/>\n<meta property=\"og:image\" content=\"http:\/\/ucbaby.ca\/wp-content\/uploads\/2014\/07\/locationpage_img1.jpg\" \/>\n<meta name=\"twitter:label1\" content=\"Dur\u00e9e de lecture estim\u00e9e\" \/>\n\t<meta name=\"twitter:data1\" content=\"2 minutes\" \/>\n<script type=\"application\/ld+json\" class=\"yoast-schema-graph\">{\"@context\":\"https:\\\/\\\/schema.org\",\"@graph\":[{\"@type\":\"WebPage\",\"@id\":\"https:\\\/\\\/www.ucbaby.ca\\\/fr\\\/3d-4d-ultrasound-moncton\",\"url\":\"https:\\\/\\\/www.ucbaby.ca\\\/fr\\\/3d-4d-ultrasound-moncton\",\"name\":\"UC Baby Moncton \u2013 Au service du Nouveau-Brunswick et de l'\u00cele - UC Baby\",\"isPartOf\":{\"@id\":\"https:\\\/\\\/www.ucbaby.ca\\\/#website\"},\"primaryImageOfPage\":{\"@id\":\"https:\\\/\\\/www.ucbaby.ca\\\/fr\\\/3d-4d-ultrasound-moncton#primaryimage\"},\"image\":{\"@id\":\"https:\\\/\\\/www.ucbaby.ca\\\/fr\\\/3d-4d-ultrasound-moncton#primaryimage\"},\"thumbnailUrl\":\"http:\\\/\\\/ucbaby.ca\\\/wp-content\\\/uploads\\\/2014\\\/07\\\/locationpage_img1.jpg\",\"datePublished\":\"2014-05-25T18:46:31+00:00\",\"dateModified\":\"2025-02-10T23:44:51+00:00\",\"description\":\"Profitez d'une exp\u00e9rience inoubliable avec l'\u00e9chographie 3D\\\/4D \u00e0 Moncton. D\u00e9couvrez votre b\u00e9b\u00e9 en d\u00e9tail gr\u00e2ce \u00e0 UC Baby. R\u00e9servez maintenant!\",\"breadcrumb\":{\"@id\":\"https:\\\/\\\/www.ucbaby.ca\\\/fr\\\/3d-4d-ultrasound-moncton#breadcrumb\"},\"inLanguage\":\"fr-FR\",\"potentialAction\":[{\"@type\":\"ReadAction\",\"target\":[\"https:\\\/\\\/www.ucbaby.ca\\\/fr\\\/3d-4d-ultrasound-moncton\"]}]},{\"@type\":\"ImageObject\",\"inLanguage\":\"fr-FR\",\"@id\":\"https:\\\/\\\/www.ucbaby.ca\\\/fr\\\/3d-4d-ultrasound-moncton#primaryimage\",\"url\":\"http:\\\/\\\/ucbaby.ca\\\/wp-content\\\/uploads\\\/2014\\\/07\\\/locationpage_img1.jpg\",\"contentUrl\":\"http:\\\/\\\/ucbaby.ca\\\/wp-content\\\/uploads\\\/2014\\\/07\\\/locationpage_img1.jpg\"},{\"@type\":\"BreadcrumbList\",\"@id\":\"https:\\\/\\\/www.ucbaby.ca\\\/fr\\\/3d-4d-ultrasound-moncton#breadcrumb\",\"itemListElement\":[{\"@type\":\"ListItem\",\"position\":1,\"name\":\"Home\",\"item\":\"https:\\\/\\\/www.ucbaby.ca\\\/\"},{\"@type\":\"ListItem\",\"position\":2,\"name\":\"UC Baby Moncton \u2013 Au service du Nouveau-Brunswick et de l&#8217;\u00cele\"}]},{\"@type\":\"WebSite\",\"@id\":\"https:\\\/\\\/www.ucbaby.ca\\\/#website\",\"url\":\"https:\\\/\\\/www.ucbaby.ca\\\/\",\"name\":\"UC Baby\",\"description\":\"UC Baby is Canada&#039;s #1 Trusted company for 3D, 4D and HD 5D pregnancy ultrasound services\",\"potentialAction\":[{\"@type\":\"SearchAction\",\"target\":{\"@type\":\"EntryPoint\",\"urlTemplate\":\"https:\\\/\\\/www.ucbaby.ca\\\/?s={search_term_string}\"},\"query-input\":{\"@type\":\"PropertyValueSpecification\",\"valueRequired\":true,\"valueName\":\"search_term_string\"}}],\"inLanguage\":\"fr-FR\"}]}<\/script>\n<!-- \/ Yoast SEO plugin. -->","yoast_head_json":{"title":"UC Baby Moncton \u2013 Au service du Nouveau-Brunswick et de l'\u00cele - UC Baby","description":"Profitez d'une exp\u00e9rience inoubliable avec l'\u00e9chographie 3D\/4D \u00e0 Moncton. D\u00e9couvrez votre b\u00e9b\u00e9 en d\u00e9tail gr\u00e2ce \u00e0 UC Baby. R\u00e9servez maintenant!","robots":{"index":"index","follow":"follow","max-snippet":"max-snippet:-1","max-image-preview":"max-image-preview:large","max-video-preview":"max-video-preview:-1"},"canonical":"https:\/\/www.ucbaby.ca\/fr\/3d-4d-ultrasound-moncton","og_locale":"fr_FR","og_type":"article","og_title":"UC Baby Moncton \u2013 Au service du Nouveau-Brunswick et de l'\u00cele - UC Baby","og_description":"UC Baby offers pregnancy 4D and 3D ultrasound services in Moncton, NB. A great way for expecting parents to share their child-bonding experience!","og_url":"https:\/\/www.ucbaby.ca\/fr\/3d-4d-ultrasound-moncton","og_site_name":"UC Baby","article_publisher":"http:\/\/www.facebook.com\/ucbaby","article_modified_time":"2025-02-10T23:44:51+00:00","og_image":[{"url":"http:\/\/ucbaby.ca\/wp-content\/uploads\/2014\/07\/locationpage_img1.jpg","type":"","width":"","height":""}],"twitter_misc":{"Dur\u00e9e de lecture estim\u00e9e":"2 minutes"},"schema":{"@context":"https:\/\/schema.org","@graph":[{"@type":"WebPage","@id":"https:\/\/www.ucbaby.ca\/fr\/3d-4d-ultrasound-moncton","url":"https:\/\/www.ucbaby.ca\/fr\/3d-4d-ultrasound-moncton","name":"UC Baby Moncton \u2013 Au service du Nouveau-Brunswick et de l'\u00cele - UC Baby","isPartOf":{"@id":"https:\/\/www.ucbaby.ca\/#website"},"primaryImageOfPage":{"@id":"https:\/\/www.ucbaby.ca\/fr\/3d-4d-ultrasound-moncton#primaryimage"},"image":{"@id":"https:\/\/www.ucbaby.ca\/fr\/3d-4d-ultrasound-moncton#primaryimage"},"thumbnailUrl":"http:\/\/ucbaby.ca\/wp-content\/uploads\/2014\/07\/locationpage_img1.jpg","datePublished":"2014-05-25T18:46:31+00:00","dateModified":"2025-02-10T23:44:51+00:00","description":"Profitez d'une exp\u00e9rience inoubliable avec l'\u00e9chographie 3D\/4D \u00e0 Moncton. D\u00e9couvrez votre b\u00e9b\u00e9 en d\u00e9tail gr\u00e2ce \u00e0 UC Baby. R\u00e9servez maintenant!","breadcrumb":{"@id":"https:\/\/www.ucbaby.ca\/fr\/3d-4d-ultrasound-moncton#breadcrumb"},"inLanguage":"fr-FR","potentialAction":[{"@type":"ReadAction","target":["https:\/\/www.ucbaby.ca\/fr\/3d-4d-ultrasound-moncton"]}]},{"@type":"ImageObject","inLanguage":"fr-FR","@id":"https:\/\/www.ucbaby.ca\/fr\/3d-4d-ultrasound-moncton#primaryimage","url":"http:\/\/ucbaby.ca\/wp-content\/uploads\/2014\/07\/locationpage_img1.jpg","contentUrl":"http:\/\/ucbaby.ca\/wp-content\/uploads\/2014\/07\/locationpage_img1.jpg"},{"@type":"BreadcrumbList","@id":"https:\/\/www.ucbaby.ca\/fr\/3d-4d-ultrasound-moncton#breadcrumb","itemListElement":[{"@type":"ListItem","position":1,"name":"Home","item":"https:\/\/www.ucbaby.ca\/"},{"@type":"ListItem","position":2,"name":"UC Baby Moncton \u2013 Au service du Nouveau-Brunswick et de l&#8217;\u00cele"}]},{"@type":"WebSite","@id":"https:\/\/www.ucbaby.ca\/#website","url":"https:\/\/www.ucbaby.ca\/","name":"UC Baby","description":"UC Baby is Canada&#039;s #1 Trusted company for 3D, 4D and HD 5D pregnancy ultrasound services","potentialAction":[{"@type":"SearchAction","target":{"@type":"EntryPoint","urlTemplate":"https:\/\/www.ucbaby.ca\/?s={search_term_string}"},"query-input":{"@type":"PropertyValueSpecification","valueRequired":true,"valueName":"search_term_string"}}],"inLanguage":"fr-FR"}]}},"_links":{"self":[{"href":"https:\/\/www.ucbaby.ca\/fr\/wp-json\/wp\/v2\/pages\/5588","targetHints":{"allow":["GET"]}}],"collection":[{"href":"https:\/\/www.ucbaby.ca\/fr\/wp-json\/wp\/v2\/pages"}],"about":[{"href":"https:\/\/www.ucbaby.ca\/fr\/wp-json\/wp\/v2\/types\/page"}],"author":[{"embeddable":true,"href":"https:\/\/www.ucbaby.ca\/fr\/wp-json\/wp\/v2\/users\/2"}],"replies":[{"embeddable":true,"href":"https:\/\/www.ucbaby.ca\/fr\/wp-json\/wp\/v2\/comments?post=5588"}],"version-history":[{"count":4,"href":"https:\/\/www.ucbaby.ca\/fr\/wp-json\/wp\/v2\/pages\/5588\/revisions"}],"predecessor-version":[{"id":29006,"href":"https:\/\/www.ucbaby.ca\/fr\/wp-json\/wp\/v2\/pages\/5588\/revisions\/29006"}],"wp:attachment":[{"href":"https:\/\/www.ucbaby.ca\/fr\/wp-json\/wp\/v2\/media?parent=5588"}],"curies":[{"name":"wp","href":"https:\/\/api.w.org\/{rel}","templated":true}]}}