{"id":5531,"date":"2014-05-25T20:14:37","date_gmt":"2014-05-26T00:14:37","guid":{"rendered":"http:\/\/beta.ucbaby.ca\/?page_id=5531"},"modified":"2023-10-24T15:13:28","modified_gmt":"2023-10-24T19:13:28","slug":"temoignages-de-nos-clients","status":"publish","type":"page","link":"https:\/\/www.ucbaby.ca\/fr\/pourquoi-uc-baby\/temoignages-de-nos-clients","title":{"rendered":"T\u00e9moignages de nos clients"},"content":{"rendered":"<section id=\"testimonial-993149\" class=\"testimonials clearfix   \" data-rt-animation-group=\"group\"><div class=\"row clearfix\"><div class=\"testimonial box two  first\" data-rt-animate=\"animate\" data-rt-animation-type=\"fadeIn\">\n\n<div class=\"client_image gradient\">\n\t<img decoding=\"async\" data-src=\"https:\/\/www.ucbaby.ca\/wp-content\/uploads\/2014\/08\/babypic_testimonial-20.jpg\" alt=\"UC Baby 3D Ultrasound Photo 20\" src=\"data:image\/svg+xml;base64,PHN2ZyB3aWR0aD0iMSIgaGVpZ2h0PSIxIiB4bWxucz0iaHR0cDovL3d3dy53My5vcmcvMjAwMC9zdmciPjwvc3ZnPg==\" class=\"lazyload\" style=\"--smush-placeholder-width: 100px; --smush-placeholder-aspect-ratio: 100\/100;\" \/><\/div>\n\n<div class=\"text with_image\">\n\t<p>\n\t\t<span class=\"icon-quote-left\"><\/span>\n\t\t\tC'\u00e9tait notre deuxi\u00e8me exp\u00e9rience et on a aim\u00e9 autant que la premi\u00e8re fois!! J'ai trouv\u00e9e agr\u00e9able de pouvoir regarder le petit visage de notre futur fille!! De plus le service est excellent et tr\u00e8s chaleureux! \r\n\t\t<span class=\"icon-quote-right\"><\/span>\n\t<\/p>\n\t<div class=\"client_info\">\n\t\tSophie Q. \n\t\t\t\t\n\t\t<a href=\"http:\/\/ucbaby.ca\/3d-4d-ultrasound-montreal\" target=\"_blank\" title=\"UC Baby Montreal\" class=\"client_link\">UC Baby Montreal<\/a>\t\t\n\t<\/div>\n<\/div><\/div>\n<div class=\"testimonial box two  last\" data-rt-animate=\"animate\" data-rt-animation-type=\"fadeIn\">\n\n<div class=\"client_image gradient\">\n\t<img decoding=\"async\" data-src=\"https:\/\/www.ucbaby.ca\/wp-content\/uploads\/2014\/08\/babypic_testimonial-7.jpg\" alt=\"UC Baby 3D Ultrasound Photo 7\" src=\"data:image\/svg+xml;base64,PHN2ZyB3aWR0aD0iMSIgaGVpZ2h0PSIxIiB4bWxucz0iaHR0cDovL3d3dy53My5vcmcvMjAwMC9zdmciPjwvc3ZnPg==\" class=\"lazyload\" style=\"--smush-placeholder-width: 99px; --smush-placeholder-aspect-ratio: 99\/100;\" \/><\/div>\n\n<div class=\"text with_image\">\n\t<p>\n\t\t<span class=\"icon-quote-left\"><\/span>\n\t\t\tCe que j\u2019aime le plus chez UC Baby est leur service client\u00e8le et les normes \u00e9lev\u00e9es. Peu importe le lieu que vous visitez (je suis all\u00e9 \u00e0 3 et je compte visiter le 4e en quelques semaines seulement), ils sont toujours serviables et gentils. Ils font de leur mieux pour vous permettre de recevoir les photos et la vid\u00e9o dont vous r\u00eavez. Les techniciens se d\u00e9passent toujours pour vous offrir des s\u00e9ances plus longues ou une deuxi\u00e8me visite lorsque votre b\u00e9b\u00e9 refuse de coop\u00e9rer.\t\t<span class=\"icon-quote-right\"><\/span>\n\t<\/p>\n\t<div class=\"client_info\">\n\t\tSarah P. \n\t\t\t\t\n\t\t\t\t\n\t<\/div>\n<\/div><\/div>\n<\/div><hr class=\"style-four\"><div class=\"row clearfix\"><div class=\"testimonial box two  first\" data-rt-animate=\"animate\" data-rt-animation-type=\"fadeIn\">\n\n<div class=\"client_image gradient\">\n\t<img decoding=\"async\" data-src=\"https:\/\/www.ucbaby.ca\/wp-content\/uploads\/2014\/08\/babypic_testimonial-4.jpg\" alt=\"UC Baby 3D Ultrasound Photo 4\" src=\"data:image\/svg+xml;base64,PHN2ZyB3aWR0aD0iMSIgaGVpZ2h0PSIxIiB4bWxucz0iaHR0cDovL3d3dy53My5vcmcvMjAwMC9zdmciPjwvc3ZnPg==\" class=\"lazyload\" style=\"--smush-placeholder-width: 94px; --smush-placeholder-aspect-ratio: 94\/100;\" \/><\/div>\n\n<div class=\"text with_image\">\n\t<p>\n\t\t<span class=\"icon-quote-left\"><\/span>\n\t\t\tJe n\u2019ai jamais pu \u00eatre enceinte mais j\u2019ai \u00e9t\u00e9 stup\u00e9faite par l\u2019exp\u00e9rience d\u2019\u00eatre \u00e0 UC Baby pour la s\u00e9ance d\u2019\u00e9chographie d\u2019une amie... le battement de c\u0153ur... les mouvements... les photos... c\u2019est \u00e9poustouflant de voir ce que la technologie peut faire aujourd\u2019hui... les souvenirs sont incroyables et demeureront imp\u00e9rissables... UC Baby est probablement l\u2019un des plus beaux cadeaux qu\u2019on puisse offrir aux futures mamans.\t\t<span class=\"icon-quote-right\"><\/span>\n\t<\/p>\n\t<div class=\"client_info\">\n\t\tRuth L. \n\t\t\t\t\n\t\t\t\t\n\t<\/div>\n<\/div><\/div>\n<div class=\"testimonial box two  last\" data-rt-animate=\"animate\" data-rt-animation-type=\"fadeIn\">\n\n<div class=\"client_image gradient\">\n\t<img decoding=\"async\" data-src=\"https:\/\/www.ucbaby.ca\/wp-content\/uploads\/2017\/05\/2017-UC-BABY-testimonial-10.jpg\" alt=\"UC Baby 3D Ultrasound Image - tongue out\" src=\"data:image\/svg+xml;base64,PHN2ZyB3aWR0aD0iMSIgaGVpZ2h0PSIxIiB4bWxucz0iaHR0cDovL3d3dy53My5vcmcvMjAwMC9zdmciPjwvc3ZnPg==\" class=\"lazyload\" style=\"--smush-placeholder-width: 395px; --smush-placeholder-aspect-ratio: 395\/395;\" \/><\/div>\n\n<div class=\"text with_image\">\n\t<p>\n\t\t<span class=\"icon-quote-left\"><\/span>\n\t\t\tJ'ai ador\u00e9 ! Tr\u00e8s bel accueil , service tr\u00e8s agr\u00e9able ! B\u00e9b\u00e9 se cachait par moment et la technicienne se montrait tr\u00e8s patiente et toujours souriante ! Merci! - 5 stars! (Facebook Review | 6 Nov 2016)\t\t<span class=\"icon-quote-right\"><\/span>\n\t<\/p>\n\t<div class=\"client_info\">\n\t\tPamela G. \n\t\t\t\t\n\t\t<a href=\"http:\/\/www.ucbaby.ca\/fr\/3d-4d-ultrasound-montreal\" target=\"_blank\" title=\"UC Baby 3D Ultrasound Montreal \" class=\"client_link\">UC Baby 3D Ultrasound Montreal <\/a>\t\t\n\t<\/div>\n<\/div><\/div>\n<\/div><hr class=\"style-four\"><div class=\"row clearfix\"><div class=\"testimonial box two  first\" data-rt-animate=\"animate\" data-rt-animation-type=\"fadeIn\">\n\n<div class=\"client_image gradient\">\n\t<img decoding=\"async\" data-src=\"https:\/\/www.ucbaby.ca\/wp-content\/uploads\/2014\/08\/babypic_testimonial-17.jpg\" alt=\"UC Baby 3D Ultrasound Photo 17\" src=\"data:image\/svg+xml;base64,PHN2ZyB3aWR0aD0iMSIgaGVpZ2h0PSIxIiB4bWxucz0iaHR0cDovL3d3dy53My5vcmcvMjAwMC9zdmciPjwvc3ZnPg==\" class=\"lazyload\" style=\"--smush-placeholder-width: 93px; --smush-placeholder-aspect-ratio: 93\/100;\" \/><\/div>\n\n<div class=\"text with_image\">\n\t<p>\n\t\t<span class=\"icon-quote-left\"><\/span>\n\t\t\tWoww quelle magnifique exp\u00e9rience!!  Accueil chaleureux et excellent service. Je recommande \u00e0 toutes les futures mamans\t\t<span class=\"icon-quote-right\"><\/span>\n\t<\/p>\n\t<div class=\"client_info\">\n\t\tMarjorie J. \n\t\t\t\t\n\t\t<a href=\"http:\/\/ucbaby.ca\/3d-4d-ultrasound-montreal\" target=\"_blank\" title=\"UC Baby Montreal\" class=\"client_link\">UC Baby Montreal<\/a>\t\t\n\t<\/div>\n<\/div><\/div>\n<div class=\"testimonial box two  last\" data-rt-animate=\"animate\" data-rt-animation-type=\"fadeIn\">\n\n<div class=\"client_image gradient\">\n\t<img decoding=\"async\" data-src=\"https:\/\/www.ucbaby.ca\/wp-content\/uploads\/2014\/09\/gallery-13.jpg\" alt=\"UC Baby 3D Ultrasound Image\" src=\"data:image\/svg+xml;base64,PHN2ZyB3aWR0aD0iMSIgaGVpZ2h0PSIxIiB4bWxucz0iaHR0cDovL3d3dy53My5vcmcvMjAwMC9zdmciPjwvc3ZnPg==\" class=\"lazyload\" style=\"--smush-placeholder-width: 312px; --smush-placeholder-aspect-ratio: 312\/312;\" \/><\/div>\n\n<div class=\"text with_image\">\n\t<p>\n\t\t<span class=\"icon-quote-left\"><\/span>\n\t\t\tExcellente exp\u00e9rience!! \u00c0 l\u2019\u00e9coute de la client\u00e8le et n\u2019h\u00e9site pas \u00e0 d\u00e9placer le rendez-vous si le b\u00e9b\u00e9 n\u2019est pas bien plac\u00e9! Je recommande \u00e0 tous! \ud83d\udc95\r\n- (Google Review | 25 August 2021)\r\n\t\t<span class=\"icon-quote-right\"><\/span>\n\t<\/p>\n\t<div class=\"client_info\">\n\t\tLee Ann D. \n\t\t\t\t\n\t\t<a href=\"https:\/\/www.ucbaby.ca\/fr\/3d-4d-echographie-quebec\" target=\"_blank\" title=\"UC Baby 3D Ultrasound Quebec\" class=\"client_link\">UC Baby 3D Ultrasound Quebec<\/a>\t\t\n\t<\/div>\n<\/div><\/div>\n<\/div><hr class=\"style-four\"><div class=\"row clearfix\"><div class=\"testimonial box two  first\" data-rt-animate=\"animate\" data-rt-animation-type=\"fadeIn\">\n\n<div class=\"client_image gradient\">\n\t<img decoding=\"async\" data-src=\"https:\/\/www.ucbaby.ca\/wp-content\/uploads\/2017\/05\/2017-UC-BABY-testimonial-9.jpg\" alt=\"UC Baby 3D Ultrasound Image - face resting on hand\" src=\"data:image\/svg+xml;base64,PHN2ZyB3aWR0aD0iMSIgaGVpZ2h0PSIxIiB4bWxucz0iaHR0cDovL3d3dy53My5vcmcvMjAwMC9zdmciPjwvc3ZnPg==\" class=\"lazyload\" style=\"--smush-placeholder-width: 339px; --smush-placeholder-aspect-ratio: 339\/338;\" \/><\/div>\n\n<div class=\"text with_image\">\n\t<p>\n\t\t<span class=\"icon-quote-left\"><\/span>\n\t\t\tWow merci mille fois notre petite puce avait toujours les pieds\/mains dans le visage mais la dame a tr\u00e8s bien prit son temps et nous a m\u00eame laiss\u00e9 lui mettre de la bachata pour la faire bouger je recommande fortement! \r\n- 5 stars! (Facebook Review | 17 April 2016)\t\t<span class=\"icon-quote-right\"><\/span>\n\t<\/p>\n\t<div class=\"client_info\">\n\t\tCassandre D. \n\t\t\t\t\n\t\t<a href=\"http:\/\/www.ucbaby.ca\/fr\/3d-4d-ultrasound-montreal\" target=\"_blank\" title=\"UC Baby 3D Ultrasound Montreal \" class=\"client_link\">UC Baby 3D Ultrasound Montreal <\/a>\t\t\n\t<\/div>\n<\/div><\/div>\n<div class=\"testimonial box two  last\" data-rt-animate=\"animate\" data-rt-animation-type=\"fadeIn\">\n\n<div class=\"client_image gradient\">\n\t<img decoding=\"async\" data-src=\"https:\/\/www.ucbaby.ca\/wp-content\/uploads\/2017\/05\/2017-UC-BABYtestimonial-6.jpg\" alt=\"UC Baby 3D Ultrasound Image - arms up\" src=\"data:image\/svg+xml;base64,PHN2ZyB3aWR0aD0iMSIgaGVpZ2h0PSIxIiB4bWxucz0iaHR0cDovL3d3dy53My5vcmcvMjAwMC9zdmciPjwvc3ZnPg==\" class=\"lazyload\" style=\"--smush-placeholder-width: 394px; --smush-placeholder-aspect-ratio: 394\/393;\" \/><\/div>\n\n<div class=\"text with_image\">\n\t<p>\n\t\t<span class=\"icon-quote-left\"><\/span>\n\t\t\tNous avons \u00e9t\u00e9 les tout premiers clients de la succursale de la ville de Qu\u00e9bec et nous avons recu un merveileux service malgr\u00e9 le fait qu'ils soient en ouverture. Je recommande fortement a tout futur parent de vivre l'exp\u00e9rience 3D a UC Baby!! Pour nous cela termine bien la famille avec notre petit 5ieme.  5 stars!\r\n- Facebook Review | 9 March 2018\t\t<span class=\"icon-quote-right\"><\/span>\n\t<\/p>\n\t<div class=\"client_info\">\n\t\tMel M. \n\t\t\t\t\n\t\t<a href=\"https:\/\/www.ucbaby.ca\/fr\/3d-4d-echographie-quebec\" target=\"_blank\" title=\"UC Baby Quebec City\" class=\"client_link\">UC Baby Quebec City<\/a>\t\t\n\t<\/div>\n<\/div><\/div>\n<\/div><hr class=\"style-four\"><div class=\"row clearfix\"><div class=\"testimonial box two  first\" data-rt-animate=\"animate\" data-rt-animation-type=\"fadeIn\">\n\n<div class=\"client_image gradient\">\n\t<img decoding=\"async\" data-src=\"https:\/\/www.ucbaby.ca\/wp-content\/uploads\/2014\/08\/gallery-1-400x400.jpg\" alt=\"UC Baby 3D Ultrasound photo 12\" src=\"data:image\/svg+xml;base64,PHN2ZyB3aWR0aD0iMSIgaGVpZ2h0PSIxIiB4bWxucz0iaHR0cDovL3d3dy53My5vcmcvMjAwMC9zdmciPjwvc3ZnPg==\" class=\"lazyload\" style=\"--smush-placeholder-width: 400px; --smush-placeholder-aspect-ratio: 400\/400;\" \/><\/div>\n\n<div class=\"text with_image\">\n\t<p>\n\t\t<span class=\"icon-quote-left\"><\/span>\n\t\t\tJ'ai adorer mon experience!! La dame etait tres sympatique t a prit son temps!! Nous voulions simplement savoir le sexe et malgr\u00e9 que le coreon passait entre les jambres elle a reussi a bien voir!! Merci encore!!\r\n\t\t<span class=\"icon-quote-right\"><\/span>\n\t<\/p>\n\t<div class=\"client_info\">\n\t\tJessica T. \n\t\t\t\t\n\t\t<a href=\"https:\/\/www.ucbaby.ca\/fr\/3d-4d-echographie-quebec\" target=\"_blank\" title=\"UC Baby 3D Ultrasound Quebec\" class=\"client_link\">UC Baby 3D Ultrasound Quebec<\/a>\t\t\n\t<\/div>\n<\/div><\/div>\n<div class=\"testimonial box two  last\" data-rt-animate=\"animate\" data-rt-animation-type=\"fadeIn\">\n\n<div class=\"client_image gradient\">\n\t<img decoding=\"async\" data-src=\"https:\/\/www.ucbaby.ca\/wp-content\/uploads\/2014\/08\/gallery-10-400x400.jpg\" alt=\"UC Baby 3D Ultrasound Image\" src=\"data:image\/svg+xml;base64,PHN2ZyB3aWR0aD0iMSIgaGVpZ2h0PSIxIiB4bWxucz0iaHR0cDovL3d3dy53My5vcmcvMjAwMC9zdmciPjwvc3ZnPg==\" class=\"lazyload\" style=\"--smush-placeholder-width: 400px; --smush-placeholder-aspect-ratio: 400\/400;\" \/><\/div>\n\n<div class=\"text with_image\">\n\t<p>\n\t\t<span class=\"icon-quote-left\"><\/span>\n\t\t\tTr\u00e8s belle exp\u00e9rience ! Nous sommes tr\u00e8s satisfait . Personnel super sympathique\r\n- (Google Review | 20 September 2021)\r\n\t\t<span class=\"icon-quote-right\"><\/span>\n\t<\/p>\n\t<div class=\"client_info\">\n\t\tVal\u00e9rie W. \n\t\t\t\t\n\t\t<a href=\"https:\/\/www.ucbaby.ca\/fr\/3d-4d-echographie-quebec\" target=\"_blank\" title=\"UC Baby 3D Ultrasound Quebec\" class=\"client_link\">UC Baby 3D Ultrasound Quebec<\/a>\t\t\n\t<\/div>\n<\/div><\/div>\n<\/div><\/section><div class=\"paging_wrapper margin-t30 margin-b30\"><ul class='page-numbers'>\n\t<li><span aria-current=\"page\" class=\"page-numbers current\">1<\/span><\/li>\n\t<li><a class=\"page-numbers\" href=\"https:\/\/www.ucbaby.ca\/fr\/wp-json\/wp\/v2\/pages\/5531\/page\/2\">2<\/a><\/li>\n\t<li><a class=\"page-numbers\" href=\"https:\/\/www.ucbaby.ca\/fr\/wp-json\/wp\/v2\/pages\/5531\/page\/3\">3<\/a><\/li>\n\t<li><a class=\"page-numbers\" href=\"https:\/\/www.ucbaby.ca\/fr\/wp-json\/wp\/v2\/pages\/5531\/page\/4\">4<\/a><\/li>\n\t<li><a class=\"next page-numbers\" href=\"https:\/\/www.ucbaby.ca\/fr\/wp-json\/wp\/v2\/pages\/5531\/page\/2\"><span class=\"icon-angle-right\"><\/span><\/a><\/li>\n<\/ul>\n<\/div>\n<p>&nbsp;<\/p>\n\n\t\t\t\t<div id=\"random-999801\" class=\"banner withborder gradient clearfix\" data-rt-animate=\"animate\" data-rt-animation-type=\"fadeIn\" data-rt-animation-group=\"single\" >\n\t\t\t\t\n\t\t\t<a id=\"\" href=\"\/presentationtemoignage\" target=\"_self\" title=\"Cliquez ici pour soumettre votre t\u00e9moignage\" class=\"button_ default large icon-chat-1 margin-t15 alignright\" data-rt-animate=\"animate\" data-rt-animation-type=\"bounceIn\" data-rt-animation-group=\"single\" >Cliquez ici pour soumettre votre t\u00e9moignage<\/a>\n\t\t\n\t\t\t\t\t<div class=\"featured_text withbutton large_button \">\n\t\t\t\t\t\t<p class=\" icon\">Votre exp\u00e9rience UC Baby<small>Ce moment de votre grossesse devrait \u00eatre m\u00e9morable et sp\u00e9cial. Votre satisfaction avec notre service est notre priorit\u00e9. Nous aimerions entendre parler de votre exp\u00e9rience avec l&rsquo;un de nos endroits de la clinique.<\/small><\/p>\n\t\t\t\t\t<\/div>\t\t\t\t\n\t\t\t\t<\/div>\n\t\t\t\n<p>&nbsp;<\/p>\n","protected":false},"excerpt":{"rendered":"<p>&nbsp; &nbsp;<\/p>\n","protected":false},"author":2,"featured_media":0,"parent":5339,"menu_order":0,"comment_status":"closed","ping_status":"closed","template":"","meta":{"footnotes":""},"class_list":["post-5531","page","type-page","status-publish","hentry"],"yoast_head":"<!-- This site is optimized with the Yoast SEO plugin v27.4 - https:\/\/yoast.com\/product\/yoast-seo-wordpress\/ -->\n<title>T\u00e9moignages de nos clients - UC Baby<\/title>\n<meta name=\"description\" content=\"D\u00e9couvrez les t\u00e9moignages de nos clients satisfaits chez UC Baby. Profitez d&#039;une exp\u00e9rience unique avec notre service d&#039;\u00e9chographie 3D\/4D.\" \/>\n<meta name=\"robots\" content=\"index, follow, max-snippet:-1, max-image-preview:large, max-video-preview:-1\" \/>\n<link rel=\"canonical\" href=\"https:\/\/www.ucbaby.ca\/fr\/pourquoi-uc-baby\/temoignages-de-nos-clients\" \/>\n<meta property=\"og:locale\" content=\"fr_FR\" \/>\n<meta property=\"og:type\" content=\"article\" \/>\n<meta property=\"og:title\" content=\"T\u00e9moignages de nos clients - UC Baby\" \/>\n<meta property=\"og:description\" content=\"D\u00e9couvrez les t\u00e9moignages de nos clients satisfaits chez UC Baby. Profitez d&#039;une exp\u00e9rience unique avec notre service d&#039;\u00e9chographie 3D\/4D.\" \/>\n<meta property=\"og:url\" content=\"https:\/\/www.ucbaby.ca\/fr\/pourquoi-uc-baby\/temoignages-de-nos-clients\" \/>\n<meta property=\"og:site_name\" content=\"UC Baby\" \/>\n<meta property=\"article:publisher\" content=\"http:\/\/www.facebook.com\/ucbaby\" \/>\n<meta property=\"article:modified_time\" content=\"2023-10-24T19:13:28+00:00\" \/>\n<meta name=\"twitter:label1\" content=\"Dur\u00e9e de lecture estim\u00e9e\" \/>\n\t<meta name=\"twitter:data1\" content=\"1 minute\" \/>\n<script type=\"application\/ld+json\" class=\"yoast-schema-graph\">{\"@context\":\"https:\\\/\\\/schema.org\",\"@graph\":[{\"@type\":\"WebPage\",\"@id\":\"https:\\\/\\\/www.ucbaby.ca\\\/fr\\\/pourquoi-uc-baby\\\/temoignages-de-nos-clients\",\"url\":\"https:\\\/\\\/www.ucbaby.ca\\\/fr\\\/pourquoi-uc-baby\\\/temoignages-de-nos-clients\",\"name\":\"T\u00e9moignages de nos clients - UC Baby\",\"isPartOf\":{\"@id\":\"https:\\\/\\\/www.ucbaby.ca\\\/#website\"},\"datePublished\":\"2014-05-26T00:14:37+00:00\",\"dateModified\":\"2023-10-24T19:13:28+00:00\",\"description\":\"D\u00e9couvrez les t\u00e9moignages de nos clients satisfaits chez UC Baby. Profitez d'une exp\u00e9rience unique avec notre service d'\u00e9chographie 3D\\\/4D.\",\"breadcrumb\":{\"@id\":\"https:\\\/\\\/www.ucbaby.ca\\\/fr\\\/pourquoi-uc-baby\\\/temoignages-de-nos-clients#breadcrumb\"},\"inLanguage\":\"fr-FR\",\"potentialAction\":[{\"@type\":\"ReadAction\",\"target\":[\"https:\\\/\\\/www.ucbaby.ca\\\/fr\\\/pourquoi-uc-baby\\\/temoignages-de-nos-clients\"]}]},{\"@type\":\"BreadcrumbList\",\"@id\":\"https:\\\/\\\/www.ucbaby.ca\\\/fr\\\/pourquoi-uc-baby\\\/temoignages-de-nos-clients#breadcrumb\",\"itemListElement\":[{\"@type\":\"ListItem\",\"position\":1,\"name\":\"Home\",\"item\":\"https:\\\/\\\/www.ucbaby.ca\\\/\"},{\"@type\":\"ListItem\",\"position\":2,\"name\":\"Pourquoi UC Baby 3D &amp; 5D Ultrasound ?\",\"item\":\"https:\\\/\\\/www.ucbaby.ca\\\/fr\\\/pourquoi-uc-baby\"},{\"@type\":\"ListItem\",\"position\":3,\"name\":\"T\u00e9moignages de nos clients\"}]},{\"@type\":\"WebSite\",\"@id\":\"https:\\\/\\\/www.ucbaby.ca\\\/#website\",\"url\":\"https:\\\/\\\/www.ucbaby.ca\\\/\",\"name\":\"UC Baby\",\"description\":\"UC Baby is Canada&#039;s #1 Trusted company for 3D, 4D and HD 5D pregnancy ultrasound services\",\"potentialAction\":[{\"@type\":\"SearchAction\",\"target\":{\"@type\":\"EntryPoint\",\"urlTemplate\":\"https:\\\/\\\/www.ucbaby.ca\\\/?s={search_term_string}\"},\"query-input\":{\"@type\":\"PropertyValueSpecification\",\"valueRequired\":true,\"valueName\":\"search_term_string\"}}],\"inLanguage\":\"fr-FR\"}]}<\/script>\n<!-- \/ Yoast SEO plugin. -->","yoast_head_json":{"title":"T\u00e9moignages de nos clients - UC Baby","description":"D\u00e9couvrez les t\u00e9moignages de nos clients satisfaits chez UC Baby. Profitez d'une exp\u00e9rience unique avec notre service d'\u00e9chographie 3D\/4D.","robots":{"index":"index","follow":"follow","max-snippet":"max-snippet:-1","max-image-preview":"max-image-preview:large","max-video-preview":"max-video-preview:-1"},"canonical":"https:\/\/www.ucbaby.ca\/fr\/pourquoi-uc-baby\/temoignages-de-nos-clients","og_locale":"fr_FR","og_type":"article","og_title":"T\u00e9moignages de nos clients - UC Baby","og_description":"D\u00e9couvrez les t\u00e9moignages de nos clients satisfaits chez UC Baby. Profitez d'une exp\u00e9rience unique avec notre service d'\u00e9chographie 3D\/4D.","og_url":"https:\/\/www.ucbaby.ca\/fr\/pourquoi-uc-baby\/temoignages-de-nos-clients","og_site_name":"UC Baby","article_publisher":"http:\/\/www.facebook.com\/ucbaby","article_modified_time":"2023-10-24T19:13:28+00:00","twitter_misc":{"Dur\u00e9e de lecture estim\u00e9e":"1 minute"},"schema":{"@context":"https:\/\/schema.org","@graph":[{"@type":"WebPage","@id":"https:\/\/www.ucbaby.ca\/fr\/pourquoi-uc-baby\/temoignages-de-nos-clients","url":"https:\/\/www.ucbaby.ca\/fr\/pourquoi-uc-baby\/temoignages-de-nos-clients","name":"T\u00e9moignages de nos clients - UC Baby","isPartOf":{"@id":"https:\/\/www.ucbaby.ca\/#website"},"datePublished":"2014-05-26T00:14:37+00:00","dateModified":"2023-10-24T19:13:28+00:00","description":"D\u00e9couvrez les t\u00e9moignages de nos clients satisfaits chez UC Baby. Profitez d'une exp\u00e9rience unique avec notre service d'\u00e9chographie 3D\/4D.","breadcrumb":{"@id":"https:\/\/www.ucbaby.ca\/fr\/pourquoi-uc-baby\/temoignages-de-nos-clients#breadcrumb"},"inLanguage":"fr-FR","potentialAction":[{"@type":"ReadAction","target":["https:\/\/www.ucbaby.ca\/fr\/pourquoi-uc-baby\/temoignages-de-nos-clients"]}]},{"@type":"BreadcrumbList","@id":"https:\/\/www.ucbaby.ca\/fr\/pourquoi-uc-baby\/temoignages-de-nos-clients#breadcrumb","itemListElement":[{"@type":"ListItem","position":1,"name":"Home","item":"https:\/\/www.ucbaby.ca\/"},{"@type":"ListItem","position":2,"name":"Pourquoi UC Baby 3D &amp; 5D Ultrasound ?","item":"https:\/\/www.ucbaby.ca\/fr\/pourquoi-uc-baby"},{"@type":"ListItem","position":3,"name":"T\u00e9moignages de nos clients"}]},{"@type":"WebSite","@id":"https:\/\/www.ucbaby.ca\/#website","url":"https:\/\/www.ucbaby.ca\/","name":"UC Baby","description":"UC Baby is Canada&#039;s #1 Trusted company for 3D, 4D and HD 5D pregnancy ultrasound services","potentialAction":[{"@type":"SearchAction","target":{"@type":"EntryPoint","urlTemplate":"https:\/\/www.ucbaby.ca\/?s={search_term_string}"},"query-input":{"@type":"PropertyValueSpecification","valueRequired":true,"valueName":"search_term_string"}}],"inLanguage":"fr-FR"}]}},"_links":{"self":[{"href":"https:\/\/www.ucbaby.ca\/fr\/wp-json\/wp\/v2\/pages\/5531","targetHints":{"allow":["GET"]}}],"collection":[{"href":"https:\/\/www.ucbaby.ca\/fr\/wp-json\/wp\/v2\/pages"}],"about":[{"href":"https:\/\/www.ucbaby.ca\/fr\/wp-json\/wp\/v2\/types\/page"}],"author":[{"embeddable":true,"href":"https:\/\/www.ucbaby.ca\/fr\/wp-json\/wp\/v2\/users\/2"}],"replies":[{"embeddable":true,"href":"https:\/\/www.ucbaby.ca\/fr\/wp-json\/wp\/v2\/comments?post=5531"}],"version-history":[{"count":0,"href":"https:\/\/www.ucbaby.ca\/fr\/wp-json\/wp\/v2\/pages\/5531\/revisions"}],"up":[{"embeddable":true,"href":"https:\/\/www.ucbaby.ca\/fr\/wp-json\/wp\/v2\/pages\/5339"}],"wp:attachment":[{"href":"https:\/\/www.ucbaby.ca\/fr\/wp-json\/wp\/v2\/media?parent=5531"}],"curies":[{"name":"wp","href":"https:\/\/api.w.org\/{rel}","templated":true}]}}