{"id":5528,"date":"2023-07-20T11:30:27","date_gmt":"2023-07-20T15:30:27","guid":{"rendered":"http:\/\/beta.ucbaby.ca\/?page_id=5528"},"modified":"2023-10-24T15:16:43","modified_gmt":"2023-10-24T19:16:43","slug":"profil-de-lentreprise","status":"publish","type":"page","link":"https:\/\/www.ucbaby.ca\/fr\/profil-de-lentreprise","title":{"rendered":"Profil de l&rsquo;entreprise"},"content":{"rendered":"<p>UC Baby est la <strong>\u00a0premi\u00e8re<\/strong>\u00a0 entreprise sp\u00e9cialis\u00e9e en \u00e9chographie pr\u00e9natale 3D fond\u00e9e et dirig\u00e9e par une docteure qui cumule plus de 20 ans d\u2019exp\u00e9rience en imagerie m\u00e9dicale. C\u2019est elle qui a \u00e9tabli les normes d\u2019excellence qui en rendent son entreprise la plus fiable en mati\u00e8re d\u2019\u00e9chographie.<\/p>\n<p>Lorsque nous avons ouvert nos portes en 2003, nous \u00e9tions la premi\u00e8re entreprise au Canada \u00e0 offrir des services d\u2019\u00e9chographie en 3D\/4D pour les futurs parents. Aujourd\u2019hui, notre entreprise compte \u00e0 son actif <a title=\"Locations\" href=\"https:\/\/www.ucbaby.ca\/fr\/locations\">28 cliniques partout au Canada et plus de 20 000 clientes annuellement<\/a>, faisant d\u2019UC Baby un chef de file dans son domaine. Aucune autre entreprise n&rsquo;offre autant d\u2019expertise et de services sp\u00e9cialis\u00e9s. Vous et votre b\u00e9b\u00e9 m\u00e9ritez ce qu&rsquo;il y a de mieux.<\/p>\n<p>UC Baby s\u2019est forg\u00e9e une r\u00e9putation enviable en mati\u00e8re d\u2019\u00e9chographie en 3D en se m\u00e9ritant le respect d\u2019obst\u00e9triciens, de m\u00e9decins de famille et autres professionnels de la sant\u00e9. Nous sommes tr\u00e8s fiers de notre r\u00e9putation d\u2019excellence dans le domaine. Gr\u00e2ce \u00e0 ses \u00e9quipements de pointe, UC Baby obtient une excellente performance en imagerie et des \u00e9chographies pr\u00e9natales de qualit\u00e9 sup\u00e9rieure.<\/p>\n<p>Notre but est de procurer une exp\u00e9rience \u00e9poustouflante aux futures mamans et \u00e0 leur famille. Ainsi, nos diff\u00e9rents forfaits d\u2019\u00e9chographie en 3D offrent la possibilit\u00e9 de tisser des liens tr\u00e8s t\u00f4t avec le b\u00e9b\u00e9 avec des images de haute qualit\u00e9, \u00e0 la fine pointe de la technologie et en accord avec toutes les normes professionnelles et techniques en vigueur. En outre, notre service de diffusion en direct vous permet de convier ceux que vous aimez \u00e0 cette exp\u00e9rience exceptionnelle, peu importe o\u00f9 ils se trouvent sur la plan\u00e8te.<\/p>\n<p>Veuillez appeler\u00a01-877-6UC BABY pour vous renseigner sur nos <a href=\"https:\/\/www.ucbaby.ca\/fr\/forfaits-ultrasons\">services d\u2019\u00e9chographie 3D<\/a>, notre programme de r\u00e9compenses UC Baby et nos <a href=\"https:\/\/www.ucbaby.ca\/fr\/bons-cadeaux\">bons-cadeaux<\/a>.<\/p>\n<p>T\u00e9moignez du miracle de la vie avec UC Baby!<\/p>\n<hr class=\"style-eight margin-t20 margin-b20 \"  data-rt-animate=\"animate\" data-rt-animation-type=\"fadeInDown\" data-rt-animation-group=\"single\" >\n<h2>Tina I Ureten MD, RDMS, RDCS<\/h2>\n<p>Tina I. Ureten, fondatrice et pr\u00e9sidente d\u2019UC Baby, est un docteur en m\u00e9decine de calibre international comptant \u00e0 son actif 25 articles publi\u00e9s dans diff\u00e9rentes revues m\u00e9dicales. Elle a obtenu un dipl\u00f4me de professeur associ\u00e9 dans son pays d\u2019origine, est licenci\u00e9e du Conseil m\u00e9dical du Canada et a obtenu sa formation m\u00e9dicale en Suisse, aux \u00c9tats-Unis, au Canada et en Turquie.<\/p>\n<p>Elle \u0153uvre dans le domaine de l\u2019imagerie m\u00e9dicale depuis 1986. En tant que m\u00e8re de deux enfants, elle conna\u00eet et comprend les multiples avantages de visualiser l\u2019enfant \u00e0 na\u00eetre. Au-del\u00e0 de la curiosit\u00e9 naturelle ou du besoin des futurs parents d\u2019\u00eatre rassur\u00e9s, elle croit que la technologie d\u2019\u00e9chographie en 3D\/4D a un impact puissant sur la capacit\u00e9 de tisser des liens affectifs pr\u00e9coces et d\u2019aimer l\u2019enfant \u00e0 na\u00eetre pendant la grossesse.<\/p>\n<p>Avec le d\u00e9vouement in\u00e9galable de Tina \u00e0 la r\u00e9putation de son entreprise, UC Baby procure un service d\u2019\u00e9chographie en 3D exceptionnel aux normes d\u2019exploitation sup\u00e9rieures. En concentrant son attention sur les liens qui se d\u00e9veloppent entre les futurs parents et l\u2019enfant \u00e0 na\u00eetre, Tina a fait d\u2019UC Baby le chef de file en mati\u00e8re d\u2019\u00e9chographie en 3D au Canada. UC Baby est fi\u00e8re de faciliter le partage d\u2019aussi pr\u00e9cieux moments avec des milliers de familles.<\/p>\n<hr class=\"style-eight margin-t20 margin-b20 \"  data-rt-animate=\"animate\" data-rt-animation-type=\"fadeInDown\" data-rt-animation-group=\"single\" >\n<h3>Couverture m\u00e9diatique:<\/h3>\n<div class=\"row clearfix\">\n<div class=\"box three \">\n<ul>\n<li>24 News Magazine<\/li>\n<li>Breakfast TV Toronto<\/li>\n<li>Breakfast TV Edmonton<\/li>\n<li>Burlington Post<\/li>\n<li>CBC Radio<\/li>\n<li>CBC TV<\/li>\n<li>City TV Vancouver<\/li>\n<li>CTV<\/li>\n<li>Globe and Mail<\/li>\n<li>Hamilton Spectator<\/li>\n<li>Mississauga News<\/li>\n<li>National Post<\/li>\n<li>OMNI TV<\/li>\n<\/ul>\n<\/div>\n<div class=\"box three \">\n<ul>\n<li>Rogers TV<\/li>\n<li>The Langley Times<\/li>\n<li>The Province<\/li>\n<li>The Suburban<\/li>\n<li>Turkuaz TV<\/li>\n<li>Vancouver Sun<\/li>\n<li>The Chronicle Herald<\/li>\n<li>The Daily News<\/li>\n<li>The Coast<\/li>\n<li>Q104<\/li>\n<li>Global TV<\/li>\n<li>CTV Live at 5<\/li>\n<li>Eastlink Television<\/li>\n<\/ul>\n<\/div>\n<div class=\"box three \">\n<ul>\n<li>Langley Advance<\/li>\n<li>Edmonton Examiner<\/li>\n<li>Rogers North York<\/li>\n<li>Le journal de Montr\u00e9al<\/li>\n<li>TVA &#8211; JE<\/li>\n<li>Nine Months<\/li>\n<li>Rogers Local &#8211; Vaughan<\/li>\n<li>Peterborough examiner<\/li>\n<li>Northhumberland Today<\/li>\n<li>Energy 99.7 FM<\/li>\n<li>Peterborough This Week<\/li>\n<li>Rogers Global<\/li>\n<li>CHEX TV<\/li>\n<\/ul>\n<\/div>\n<\/div>\n<p>&nbsp;<\/p>\n","protected":false},"excerpt":{"rendered":"<p>UC Baby est la \u00a0premi\u00e8re\u00a0 entreprise sp\u00e9cialis\u00e9e en \u00e9chographie pr\u00e9natale 3D fond\u00e9e et dirig\u00e9e par une docteure qui cumule plus de 20 ans d\u2019exp\u00e9rience en imagerie m\u00e9dicale. C\u2019est elle qui a \u00e9tabli les normes d\u2019excellence qui en rendent son entreprise la plus fiable en mati\u00e8re d\u2019\u00e9chographie. Lorsque nous avons ouvert nos portes en 2003, nous [&hellip;]<\/p>\n","protected":false},"author":2,"featured_media":0,"parent":0,"menu_order":0,"comment_status":"closed","ping_status":"closed","template":"","meta":{"footnotes":""},"class_list":["post-5528","page","type-page","status-publish","hentry"],"yoast_head":"<!-- This site is optimized with the Yoast SEO plugin v27.5 - https:\/\/yoast.com\/product\/yoast-seo-wordpress\/ -->\n<title>Profil de l&#039;entreprise - UC Baby<\/title>\n<meta name=\"description\" content=\"D\u00e9couvrez UC Baby, leader dans l&#039;\u00e9chographie avant la naissance. Profitez d&#039;une exp\u00e9rience inoubliable pour rencontrer votre b\u00e9b\u00e9 avant sa venue au monde.\" \/>\n<meta name=\"robots\" content=\"index, follow, max-snippet:-1, max-image-preview:large, max-video-preview:-1\" \/>\n<link rel=\"canonical\" href=\"https:\/\/www.ucbaby.ca\/fr\/profil-de-lentreprise\" \/>\n<meta property=\"og:locale\" content=\"fr_FR\" \/>\n<meta property=\"og:type\" content=\"article\" \/>\n<meta property=\"og:title\" content=\"Profil de l&#039;entreprise - UC Baby\" \/>\n<meta property=\"og:description\" content=\"D\u00e9couvrez UC Baby, leader dans l&#039;\u00e9chographie avant la naissance. Profitez d&#039;une exp\u00e9rience inoubliable pour rencontrer votre b\u00e9b\u00e9 avant sa venue au monde.\" \/>\n<meta property=\"og:url\" content=\"https:\/\/www.ucbaby.ca\/fr\/profil-de-lentreprise\" \/>\n<meta property=\"og:site_name\" content=\"UC Baby\" \/>\n<meta property=\"article:publisher\" content=\"http:\/\/www.facebook.com\/ucbaby\" \/>\n<meta property=\"article:modified_time\" content=\"2023-10-24T19:16:43+00:00\" \/>\n<meta name=\"twitter:label1\" content=\"Dur\u00e9e de lecture estim\u00e9e\" \/>\n\t<meta name=\"twitter:data1\" content=\"3 minutes\" \/>\n<script type=\"application\/ld+json\" class=\"yoast-schema-graph\">{\"@context\":\"https:\\\/\\\/schema.org\",\"@graph\":[{\"@type\":\"WebPage\",\"@id\":\"https:\\\/\\\/www.ucbaby.ca\\\/fr\\\/profil-de-lentreprise\",\"url\":\"https:\\\/\\\/www.ucbaby.ca\\\/fr\\\/profil-de-lentreprise\",\"name\":\"Profil de l'entreprise - UC Baby\",\"isPartOf\":{\"@id\":\"https:\\\/\\\/www.ucbaby.ca\\\/#website\"},\"datePublished\":\"2023-07-20T15:30:27+00:00\",\"dateModified\":\"2023-10-24T19:16:43+00:00\",\"description\":\"D\u00e9couvrez UC Baby, leader dans l'\u00e9chographie avant la naissance. Profitez d'une exp\u00e9rience inoubliable pour rencontrer votre b\u00e9b\u00e9 avant sa venue au monde.\",\"breadcrumb\":{\"@id\":\"https:\\\/\\\/www.ucbaby.ca\\\/fr\\\/profil-de-lentreprise#breadcrumb\"},\"inLanguage\":\"fr-FR\",\"potentialAction\":[{\"@type\":\"ReadAction\",\"target\":[\"https:\\\/\\\/www.ucbaby.ca\\\/fr\\\/profil-de-lentreprise\"]}]},{\"@type\":\"BreadcrumbList\",\"@id\":\"https:\\\/\\\/www.ucbaby.ca\\\/fr\\\/profil-de-lentreprise#breadcrumb\",\"itemListElement\":[{\"@type\":\"ListItem\",\"position\":1,\"name\":\"Home\",\"item\":\"https:\\\/\\\/www.ucbaby.ca\\\/\"},{\"@type\":\"ListItem\",\"position\":2,\"name\":\"Profil de l&#8217;entreprise\"}]},{\"@type\":\"WebSite\",\"@id\":\"https:\\\/\\\/www.ucbaby.ca\\\/#website\",\"url\":\"https:\\\/\\\/www.ucbaby.ca\\\/\",\"name\":\"UC Baby\",\"description\":\"UC Baby is Canada&#039;s #1 Trusted company for 3D, 4D and HD 5D pregnancy ultrasound services\",\"potentialAction\":[{\"@type\":\"SearchAction\",\"target\":{\"@type\":\"EntryPoint\",\"urlTemplate\":\"https:\\\/\\\/www.ucbaby.ca\\\/?s={search_term_string}\"},\"query-input\":{\"@type\":\"PropertyValueSpecification\",\"valueRequired\":true,\"valueName\":\"search_term_string\"}}],\"inLanguage\":\"fr-FR\"}]}<\/script>\n<!-- \/ Yoast SEO plugin. -->","yoast_head_json":{"title":"Profil de l'entreprise - UC Baby","description":"D\u00e9couvrez UC Baby, leader dans l'\u00e9chographie avant la naissance. Profitez d'une exp\u00e9rience inoubliable pour rencontrer votre b\u00e9b\u00e9 avant sa venue au monde.","robots":{"index":"index","follow":"follow","max-snippet":"max-snippet:-1","max-image-preview":"max-image-preview:large","max-video-preview":"max-video-preview:-1"},"canonical":"https:\/\/www.ucbaby.ca\/fr\/profil-de-lentreprise","og_locale":"fr_FR","og_type":"article","og_title":"Profil de l'entreprise - UC Baby","og_description":"D\u00e9couvrez UC Baby, leader dans l'\u00e9chographie avant la naissance. Profitez d'une exp\u00e9rience inoubliable pour rencontrer votre b\u00e9b\u00e9 avant sa venue au monde.","og_url":"https:\/\/www.ucbaby.ca\/fr\/profil-de-lentreprise","og_site_name":"UC Baby","article_publisher":"http:\/\/www.facebook.com\/ucbaby","article_modified_time":"2023-10-24T19:16:43+00:00","twitter_misc":{"Dur\u00e9e de lecture estim\u00e9e":"3 minutes"},"schema":{"@context":"https:\/\/schema.org","@graph":[{"@type":"WebPage","@id":"https:\/\/www.ucbaby.ca\/fr\/profil-de-lentreprise","url":"https:\/\/www.ucbaby.ca\/fr\/profil-de-lentreprise","name":"Profil de l'entreprise - UC Baby","isPartOf":{"@id":"https:\/\/www.ucbaby.ca\/#website"},"datePublished":"2023-07-20T15:30:27+00:00","dateModified":"2023-10-24T19:16:43+00:00","description":"D\u00e9couvrez UC Baby, leader dans l'\u00e9chographie avant la naissance. Profitez d'une exp\u00e9rience inoubliable pour rencontrer votre b\u00e9b\u00e9 avant sa venue au monde.","breadcrumb":{"@id":"https:\/\/www.ucbaby.ca\/fr\/profil-de-lentreprise#breadcrumb"},"inLanguage":"fr-FR","potentialAction":[{"@type":"ReadAction","target":["https:\/\/www.ucbaby.ca\/fr\/profil-de-lentreprise"]}]},{"@type":"BreadcrumbList","@id":"https:\/\/www.ucbaby.ca\/fr\/profil-de-lentreprise#breadcrumb","itemListElement":[{"@type":"ListItem","position":1,"name":"Home","item":"https:\/\/www.ucbaby.ca\/"},{"@type":"ListItem","position":2,"name":"Profil de l&#8217;entreprise"}]},{"@type":"WebSite","@id":"https:\/\/www.ucbaby.ca\/#website","url":"https:\/\/www.ucbaby.ca\/","name":"UC Baby","description":"UC Baby is Canada&#039;s #1 Trusted company for 3D, 4D and HD 5D pregnancy ultrasound services","potentialAction":[{"@type":"SearchAction","target":{"@type":"EntryPoint","urlTemplate":"https:\/\/www.ucbaby.ca\/?s={search_term_string}"},"query-input":{"@type":"PropertyValueSpecification","valueRequired":true,"valueName":"search_term_string"}}],"inLanguage":"fr-FR"}]}},"_links":{"self":[{"href":"https:\/\/www.ucbaby.ca\/fr\/wp-json\/wp\/v2\/pages\/5528","targetHints":{"allow":["GET"]}}],"collection":[{"href":"https:\/\/www.ucbaby.ca\/fr\/wp-json\/wp\/v2\/pages"}],"about":[{"href":"https:\/\/www.ucbaby.ca\/fr\/wp-json\/wp\/v2\/types\/page"}],"author":[{"embeddable":true,"href":"https:\/\/www.ucbaby.ca\/fr\/wp-json\/wp\/v2\/users\/2"}],"replies":[{"embeddable":true,"href":"https:\/\/www.ucbaby.ca\/fr\/wp-json\/wp\/v2\/comments?post=5528"}],"version-history":[{"count":0,"href":"https:\/\/www.ucbaby.ca\/fr\/wp-json\/wp\/v2\/pages\/5528\/revisions"}],"wp:attachment":[{"href":"https:\/\/www.ucbaby.ca\/fr\/wp-json\/wp\/v2\/media?parent=5528"}],"curies":[{"name":"wp","href":"https:\/\/api.w.org\/{rel}","templated":true}]}}