{"id":5513,"date":"2014-04-20T18:04:47","date_gmt":"2014-04-20T18:04:47","guid":{"rendered":"http:\/\/beta.ucbaby.ca\/locations-3\/"},"modified":"2023-10-24T13:57:01","modified_gmt":"2023-10-24T17:57:01","slug":"locations","status":"publish","type":"page","link":"https:\/\/www.ucbaby.ca\/fr\/locations","title":{"rendered":"UC Baby endroits de la clinique"},"content":{"rendered":"<div class=\"store_locator_plus rttheme18\"><div id=\"sl_div\">\r\n<div class=\"sl_search\"><form id=\"searchForm\" class=\"slp_search_form\" action=\"\" onsubmit='cslmap.searchLocations(); return false;'  ><div class=\"slp_search_container\"><div id=\"address_search\" class=\"slp search_box\">                        <div id='addy_in_address' class='search_item'><label for='addressInput' class='text length_13'>Address \/ Zip<\/label><input class='label_text length_13' type='text' id='addressInput' name='addressInput'  size='50' value='' \/><\/div>                                                                <div class=\"search_item\">            <div id='addy_in_radius'><label for='radiusSelect' class='text length_6'>Within<\/label><select id='radiusSelect'><option value='10' >10 km<\/option><option value='25' >25 km<\/option><option value='50'  selected='selected' >50 km<\/option><option value='100' >100 km<\/option><option value='200' >200 km<\/option><option value='500' >500 km<\/option><\/select><\/div>            <div id='radius_in_submit'><input type=\"submit\" class=\"slp_ui_button\" value='Find Locations' id='addressSubmit'\/><\/div>        <\/div>                    <\/div><\/div><\/form><\/div>\r\n<div class=\"mapbox\"><div id=\"map\" class=\"slp_map\"><\/div><\/div>\r\n<div class=\"results\"><div id=\"map_sidebar\" class=\"slp_results_container\"><div class=\"text_below_map\">Enter an address or zip code and click the find locations button.<\/div><\/div><\/div>\r\n<\/div><\/div>\n","protected":false},"excerpt":{"rendered":"","protected":false},"author":2,"featured_media":0,"parent":0,"menu_order":0,"comment_status":"closed","ping_status":"closed","template":"","meta":{"footnotes":""},"class_list":["post-5513","page","type-page","status-publish","hentry"],"yoast_head":"<!-- This site is optimized with the Yoast SEO plugin v27.4 - https:\/\/yoast.com\/product\/yoast-seo-wordpress\/ -->\n<title>UC Baby endroits de la clinique - UC Baby<\/title>\n<meta name=\"description\" content=\"Explorez nos cliniques UC Baby et r\u00e9servez votre s\u00e9ance d&#039;\u00e9chographie 3D\/4D pour vivre une exp\u00e9rience unique et \u00e9motionnelle de votre b\u00e9b\u00e9 en direct.\" \/>\n<meta name=\"robots\" content=\"index, follow, max-snippet:-1, max-image-preview:large, max-video-preview:-1\" \/>\n<link rel=\"canonical\" href=\"https:\/\/www.ucbaby.ca\/fr\/locations\" \/>\n<meta property=\"og:locale\" content=\"fr_FR\" \/>\n<meta property=\"og:type\" content=\"article\" \/>\n<meta property=\"og:title\" content=\"UC Baby endroits de la clinique - UC Baby\" \/>\n<meta property=\"og:description\" content=\"Explorez nos cliniques UC Baby et r\u00e9servez votre s\u00e9ance d&#039;\u00e9chographie 3D\/4D pour vivre une exp\u00e9rience unique et \u00e9motionnelle de votre b\u00e9b\u00e9 en direct.\" \/>\n<meta property=\"og:url\" content=\"https:\/\/www.ucbaby.ca\/fr\/locations\" \/>\n<meta property=\"og:site_name\" content=\"UC Baby\" \/>\n<meta property=\"article:publisher\" content=\"http:\/\/www.facebook.com\/ucbaby\" \/>\n<meta property=\"article:modified_time\" content=\"2023-10-24T17:57:01+00:00\" \/>\n<meta name=\"twitter:label1\" content=\"Dur\u00e9e de lecture estim\u00e9e\" \/>\n\t<meta name=\"twitter:data1\" content=\"1 minute\" \/>\n<script type=\"application\/ld+json\" class=\"yoast-schema-graph\">{\"@context\":\"https:\\\/\\\/schema.org\",\"@graph\":[{\"@type\":\"WebPage\",\"@id\":\"https:\\\/\\\/www.ucbaby.ca\\\/fr\\\/locations\",\"url\":\"https:\\\/\\\/www.ucbaby.ca\\\/fr\\\/locations\",\"name\":\"UC Baby endroits de la clinique - UC Baby\",\"isPartOf\":{\"@id\":\"https:\\\/\\\/www.ucbaby.ca\\\/#website\"},\"datePublished\":\"2014-04-20T18:04:47+00:00\",\"dateModified\":\"2023-10-24T17:57:01+00:00\",\"description\":\"Explorez nos cliniques UC Baby et r\u00e9servez votre s\u00e9ance d'\u00e9chographie 3D\\\/4D pour vivre une exp\u00e9rience unique et \u00e9motionnelle de votre b\u00e9b\u00e9 en direct.\",\"breadcrumb\":{\"@id\":\"https:\\\/\\\/www.ucbaby.ca\\\/fr\\\/locations#breadcrumb\"},\"inLanguage\":\"fr-FR\",\"potentialAction\":[{\"@type\":\"ReadAction\",\"target\":[\"https:\\\/\\\/www.ucbaby.ca\\\/fr\\\/locations\"]}]},{\"@type\":\"BreadcrumbList\",\"@id\":\"https:\\\/\\\/www.ucbaby.ca\\\/fr\\\/locations#breadcrumb\",\"itemListElement\":[{\"@type\":\"ListItem\",\"position\":1,\"name\":\"Home\",\"item\":\"https:\\\/\\\/www.ucbaby.ca\\\/\"},{\"@type\":\"ListItem\",\"position\":2,\"name\":\"UC Baby endroits de la clinique\"}]},{\"@type\":\"WebSite\",\"@id\":\"https:\\\/\\\/www.ucbaby.ca\\\/#website\",\"url\":\"https:\\\/\\\/www.ucbaby.ca\\\/\",\"name\":\"UC Baby\",\"description\":\"UC Baby is Canada&#039;s #1 Trusted company for 3D, 4D and HD 5D pregnancy ultrasound services\",\"potentialAction\":[{\"@type\":\"SearchAction\",\"target\":{\"@type\":\"EntryPoint\",\"urlTemplate\":\"https:\\\/\\\/www.ucbaby.ca\\\/?s={search_term_string}\"},\"query-input\":{\"@type\":\"PropertyValueSpecification\",\"valueRequired\":true,\"valueName\":\"search_term_string\"}}],\"inLanguage\":\"fr-FR\"}]}<\/script>\n<!-- \/ Yoast SEO plugin. -->","yoast_head_json":{"title":"UC Baby endroits de la clinique - UC Baby","description":"Explorez nos cliniques UC Baby et r\u00e9servez votre s\u00e9ance d'\u00e9chographie 3D\/4D pour vivre une exp\u00e9rience unique et \u00e9motionnelle de votre b\u00e9b\u00e9 en direct.","robots":{"index":"index","follow":"follow","max-snippet":"max-snippet:-1","max-image-preview":"max-image-preview:large","max-video-preview":"max-video-preview:-1"},"canonical":"https:\/\/www.ucbaby.ca\/fr\/locations","og_locale":"fr_FR","og_type":"article","og_title":"UC Baby endroits de la clinique - UC Baby","og_description":"Explorez nos cliniques UC Baby et r\u00e9servez votre s\u00e9ance d'\u00e9chographie 3D\/4D pour vivre une exp\u00e9rience unique et \u00e9motionnelle de votre b\u00e9b\u00e9 en direct.","og_url":"https:\/\/www.ucbaby.ca\/fr\/locations","og_site_name":"UC Baby","article_publisher":"http:\/\/www.facebook.com\/ucbaby","article_modified_time":"2023-10-24T17:57:01+00:00","twitter_misc":{"Dur\u00e9e de lecture estim\u00e9e":"1 minute"},"schema":{"@context":"https:\/\/schema.org","@graph":[{"@type":"WebPage","@id":"https:\/\/www.ucbaby.ca\/fr\/locations","url":"https:\/\/www.ucbaby.ca\/fr\/locations","name":"UC Baby endroits de la clinique - UC Baby","isPartOf":{"@id":"https:\/\/www.ucbaby.ca\/#website"},"datePublished":"2014-04-20T18:04:47+00:00","dateModified":"2023-10-24T17:57:01+00:00","description":"Explorez nos cliniques UC Baby et r\u00e9servez votre s\u00e9ance d'\u00e9chographie 3D\/4D pour vivre une exp\u00e9rience unique et \u00e9motionnelle de votre b\u00e9b\u00e9 en direct.","breadcrumb":{"@id":"https:\/\/www.ucbaby.ca\/fr\/locations#breadcrumb"},"inLanguage":"fr-FR","potentialAction":[{"@type":"ReadAction","target":["https:\/\/www.ucbaby.ca\/fr\/locations"]}]},{"@type":"BreadcrumbList","@id":"https:\/\/www.ucbaby.ca\/fr\/locations#breadcrumb","itemListElement":[{"@type":"ListItem","position":1,"name":"Home","item":"https:\/\/www.ucbaby.ca\/"},{"@type":"ListItem","position":2,"name":"UC Baby endroits de la clinique"}]},{"@type":"WebSite","@id":"https:\/\/www.ucbaby.ca\/#website","url":"https:\/\/www.ucbaby.ca\/","name":"UC Baby","description":"UC Baby is Canada&#039;s #1 Trusted company for 3D, 4D and HD 5D pregnancy ultrasound services","potentialAction":[{"@type":"SearchAction","target":{"@type":"EntryPoint","urlTemplate":"https:\/\/www.ucbaby.ca\/?s={search_term_string}"},"query-input":{"@type":"PropertyValueSpecification","valueRequired":true,"valueName":"search_term_string"}}],"inLanguage":"fr-FR"}]}},"_links":{"self":[{"href":"https:\/\/www.ucbaby.ca\/fr\/wp-json\/wp\/v2\/pages\/5513","targetHints":{"allow":["GET"]}}],"collection":[{"href":"https:\/\/www.ucbaby.ca\/fr\/wp-json\/wp\/v2\/pages"}],"about":[{"href":"https:\/\/www.ucbaby.ca\/fr\/wp-json\/wp\/v2\/types\/page"}],"author":[{"embeddable":true,"href":"https:\/\/www.ucbaby.ca\/fr\/wp-json\/wp\/v2\/users\/2"}],"replies":[{"embeddable":true,"href":"https:\/\/www.ucbaby.ca\/fr\/wp-json\/wp\/v2\/comments?post=5513"}],"version-history":[{"count":0,"href":"https:\/\/www.ucbaby.ca\/fr\/wp-json\/wp\/v2\/pages\/5513\/revisions"}],"wp:attachment":[{"href":"https:\/\/www.ucbaby.ca\/fr\/wp-json\/wp\/v2\/media?parent=5513"}],"curies":[{"name":"wp","href":"https:\/\/api.w.org\/{rel}","templated":true}]}}