{"id":5339,"date":"2024-03-18T01:38:20","date_gmt":"2024-03-18T05:38:20","guid":{"rendered":"http:\/\/localhost\/ucbaby\/?page_id=5210"},"modified":"2024-03-18T12:29:55","modified_gmt":"2024-03-18T16:29:55","slug":"pourquoi-uc-baby","status":"publish","type":"page","link":"https:\/\/www.ucbaby.ca\/fr\/pourquoi-uc-baby","title":{"rendered":"Pourquoi UC Baby 3D &amp; 5D Ultrasound ?"},"content":{"rendered":"<p><img decoding=\"async\" class=\"alignright size-full wp-image-6197 lazyload\" data-src=\"http:\/\/ucbaby.ca\/wp-content\/uploads\/2014\/04\/why_uc.jpg\" alt=\"\" width=\"300\" height=\"200\" src=\"data:image\/svg+xml;base64,PHN2ZyB3aWR0aD0iMSIgaGVpZ2h0PSIxIiB4bWxucz0iaHR0cDovL3d3dy53My5vcmcvMjAwMC9zdmciPjwvc3ZnPg==\" style=\"--smush-placeholder-width: 300px; --smush-placeholder-aspect-ratio: 300\/200;\" \/><\/p>\n<ul>\n<li style=\"list-style-type: none;\">\n<ul class=\"withIcon\">\n<li><strong>UC Baby<sup>\u00ae<\/sup><\/strong> est la <strong>plus grande soci\u00e9t\u00e9 d&rsquo;\u00e9chographie 3D\/5D<\/strong> au monde !<\/li>\n<li><strong>UC Baby<sup>\u00ae<\/sup> est la <\/strong> <strong>premi\u00e8re, l&rsquo;originale et la principale<\/strong> soci\u00e9t\u00e9 d&rsquo;\u00e9chographie 3D \/ 4D et HD au Canada.<\/li>\n<li><strong>UC Baby&lt;sup\u00ae <\/strong> est le premier choix des familles qui attendent un enfant depuis 2003.<\/li>\n<li><strong>UC Baby<sup>\u00ae<\/sup> est <\/strong> fond\u00e9 et dirig\u00e9 par un <strong>m\u00e9decin<\/strong>.<\/li>\n<li>Les <strong>\u00e9chographistes d&rsquo;UC <sup>Baby\u00ae<\/sup> <\/strong> sont <strong>certifi\u00e9s et exp\u00e9riment\u00e9s <\/strong>dans leur domaine.<\/li>\n<li>L&rsquo;<strong>\u00e9quipe d&rsquo;UC Baby <\/strong> compte <strong>6 obst\u00e9triciens, 4 radiologues, 2 p\u00e9diatres et 5 m\u00e9decins<\/strong> qui sont tous des professionnels form\u00e9s \u00e0 l&rsquo;\u00e9tranger.<\/li>\n<li><strong>UC Baby<sup>\u00ae<\/sup> compte <\/strong> <strong>28 cliniques<\/strong> r\u00e9parties dans tout le Canada.<\/li>\n<li><strong>UC Baby,sup&gt;\u00ae a <\/strong> gagn\u00e9 le respect de nombreux obst\u00e9triciens, sages-femmes, m\u00e9decins et autres professionnels de la sant\u00e9.<\/li>\n<li><strong>UC Baby<sup>\u00ae<\/sup> enregistre <\/strong> toutes vos images et vid\u00e9os d&rsquo;\u00e9chographie 3D sur un compte personnel en ligne pour acc\u00e9der facilement \u00e0 vos images.<\/li>\n<li><strong>UC Baby<sup>\u00ae <\/sup><\/strong>offre \u00e0 vos proches la possibilit\u00e9 de regarder votre s\u00e9ance n&rsquo;importe o\u00f9 (en direct ou apr\u00e8s la s\u00e9ance) sur des smartphones ou des appareils mobiles.<\/li>\n<li>Les ours d&rsquo;<strong>UC Baby<sup>\u00ae<\/sup> <\/strong><a title=\"Oursons \u00e0 c\u0153ur battant\" href=\"http:\/\/ucbaby.ca\/heartbeat-bear\/\"><strong>Oursons Hearbeat<\/strong><br \/>\n<\/a> sont des souvenirs tr\u00e8s appr\u00e9ci\u00e9s des parents, des fr\u00e8res et s\u0153urs et des grands-parents.<\/li>\n<li><strong>UC Baby<sup>\u00ae<\/sup> &lsquo;<\/strong>s <a title=\"Ch\u00e8ques-cadeaux UC Baby\" href=\"http:\/\/ucbaby.ca\/gift-certificates\/\"><strong>Certificats Cadeaux<\/strong> <\/a>sont les cadeaux parfaits pour les futures mamans.<\/li>\n<li><strong>UC Baby<sup>\u00ae<\/sup> offre <\/strong> <a title=\"Diffusion en direct et vid\u00e9o \u00e0 la demande\" href=\"http:\/\/ucbaby.ca\/live-broadcasting\/\"><strong>diffusion en direct gratuite<\/strong><\/a> aux clients.<\/li>\n<li><strong>UC Baby<sup>\u00ae<\/sup> &lsquo;<\/strong>s <a title=\"Diffusion en direct et vid\u00e9o \u00e0 la demande\" href=\"http:\/\/ucbaby.ca\/live-broadcasting\/\"><strong>vid\u00e9o \u00e0 la demande<\/strong><\/a> est unique sur le march\u00e9.<\/li>\n<li><strong>Programme de r\u00e9compenses <\/strong><strong>UC Baby<sup>\u00ae<\/sup> <\/strong> pour obtenir des \u00e9chantillons et des coupons.<\/li>\n<li><strong>UC Baby<sup>\u00ae<\/sup> offre d&rsquo;<\/strong> <strong>excellentes performances d&rsquo;imagerie<\/strong> et des \u00e9chographies de grossesse de la meilleure qualit\u00e9.<\/li>\n<li><strong>UC Baby<sup>\u00ae<\/sup> garantit la <\/strong> <strong>satisfaction de <\/strong>ses clients en offrant des s\u00e9ances de r\u00e9p\u00e9tition gratuites, si n\u00e9cessaire.<\/li>\n<li><strong>UC Baby<sup>\u00ae <\/sup><\/strong>dispose de sites <strong>accessibles<\/strong> dans les principales villes canadiennes, offrant des rendez-vous pratiques les <strong>week-ends et les soirs <\/strong>.<\/li>\n<li>Les \u00e9tablissements <strong>UC Baby<sup>\u00ae<\/sup> <\/strong> offrent un <strong>environnement chaleureux et stimulant<\/strong> aux m\u00e8res et \u00e0 leurs invit\u00e9s.<\/li>\n<li><strong>UC Baby<sup>\u00ae<\/sup> offre aux <\/strong>futures familles la possibilit\u00e9 de <strong>gagner un forfait d&rsquo;\u00e9chographie 3D\/5D.<\/strong> Consultez notre site web et notre page Instagram @ucbaby.ca pour plus de d\u00e9tails.<\/li>\n<li><strong>UC Baby<sup>\u00ae<\/sup> jou <\/strong>it d&rsquo;une r\u00e9putation impeccable pour ses services d&rsquo;\u00e9chographie de grossesse et nos sites ont tous re\u00e7u des critiques 5 \u00e9toiles.<\/li>\n<li><strong>UC Baby<sup>\u00ae<\/sup> c\u00e9l\u00e8bre <\/strong>plus de 20 ann\u00e9es m\u00e9morables au service de plus de 400 000 familles canadiennes.<\/li>\n<\/ul>\n<\/li>\n<\/ul>\n<div class=\"video-container\"><iframe title=\"C\u00e9l\u00e9brons les 20 ans d\u2019UC Baby\" width=\"1060\" height=\"596\" data-src=\"https:\/\/www.youtube.com\/embed\/h83N1x0iyYw?feature=oembed\" frameborder=\"0\" allow=\"accelerometer; autoplay; clipboard-write; encrypted-media; gyroscope; picture-in-picture; web-share\" allowfullscreen src=\"data:image\/svg+xml;base64,PHN2ZyB3aWR0aD0iMSIgaGVpZ2h0PSIxIiB4bWxucz0iaHR0cDovL3d3dy53My5vcmcvMjAwMC9zdmciPjwvc3ZnPg==\" class=\"lazyload\" data-load-mode=\"1\"><\/iframe><\/div>\n","protected":false},"excerpt":{"rendered":"<p>UC Baby\u00ae est la plus grande soci\u00e9t\u00e9 d&rsquo;\u00e9chographie 3D\/5D au monde ! UC Baby\u00ae est la premi\u00e8re, l&rsquo;originale et la principale soci\u00e9t\u00e9 d&rsquo;\u00e9chographie 3D \/ 4D et HD au Canada. UC Baby&lt;sup\u00ae est le premier choix des familles qui attendent un enfant depuis 2003. UC Baby\u00ae est fond\u00e9 et dirig\u00e9 par un m\u00e9decin. Les \u00e9chographistes [&hellip;]<\/p>\n","protected":false},"author":2,"featured_media":0,"parent":0,"menu_order":0,"comment_status":"closed","ping_status":"closed","template":"","meta":{"footnotes":""},"class_list":["post-5339","page","type-page","status-publish","hentry"],"yoast_head":"<!-- This site is optimized with the Yoast SEO plugin v27.3 - https:\/\/yoast.com\/product\/yoast-seo-wordpress\/ -->\n<title>Pourquoi choisir l&#039;\u00e9chographie 3D et 4D d&#039;UC Baby ?<\/title>\n<meta name=\"description\" content=\"UC Baby\u00a9 - La premi\u00e8re et originale soci\u00e9t\u00e9 d&#039;\u00e9chographie de grossesse en 3D 4D HD au Canada. Faites-nous confiance pour une exp\u00e9rience inoubliable et des souvenirs pr\u00e9cieux.\" \/>\n<meta name=\"robots\" content=\"index, follow, max-snippet:-1, max-image-preview:large, max-video-preview:-1\" \/>\n<link rel=\"canonical\" href=\"https:\/\/www.ucbaby.ca\/fr\/pourquoi-uc-baby\" \/>\n<meta property=\"og:locale\" content=\"fr_FR\" \/>\n<meta property=\"og:type\" content=\"article\" \/>\n<meta property=\"og:title\" content=\"Pourquoi choisir UC Baby ?\" \/>\n<meta property=\"og:description\" content=\"UC Baby\u00a9 est la premi\u00e8re et originale soci\u00e9t\u00e9 d&#039;\u00e9chographie 3D\/4D au Canada. Notre r\u00e9putation de confiance fait de nous le premier choix des familles dans tout le pays.\" \/>\n<meta property=\"og:url\" content=\"https:\/\/www.ucbaby.ca\/fr\/pourquoi-uc-baby\" \/>\n<meta property=\"og:site_name\" content=\"UC Baby\" \/>\n<meta property=\"article:publisher\" content=\"http:\/\/www.facebook.com\/ucbaby\" \/>\n<meta property=\"article:modified_time\" content=\"2024-03-18T16:29:55+00:00\" \/>\n<meta property=\"og:image\" content=\"http:\/\/www.ucbaby.ca\/wp-content\/uploads\/2014\/09\/90-x-90-face-bood-AD-OCT-2.jpg\" \/>\n<meta name=\"twitter:label1\" content=\"Dur\u00e9e de lecture estim\u00e9e\" \/>\n\t<meta name=\"twitter:data1\" content=\"2 minutes\" \/>\n<script type=\"application\/ld+json\" class=\"yoast-schema-graph\">{\"@context\":\"https:\\\/\\\/schema.org\",\"@graph\":[{\"@type\":\"WebPage\",\"@id\":\"https:\\\/\\\/www.ucbaby.ca\\\/fr\\\/pourquoi-uc-baby\",\"url\":\"https:\\\/\\\/www.ucbaby.ca\\\/fr\\\/pourquoi-uc-baby\",\"name\":\"Pourquoi choisir l'\u00e9chographie 3D et 4D d'UC Baby ?\",\"isPartOf\":{\"@id\":\"https:\\\/\\\/www.ucbaby.ca\\\/#website\"},\"primaryImageOfPage\":{\"@id\":\"https:\\\/\\\/www.ucbaby.ca\\\/fr\\\/pourquoi-uc-baby#primaryimage\"},\"image\":{\"@id\":\"https:\\\/\\\/www.ucbaby.ca\\\/fr\\\/pourquoi-uc-baby#primaryimage\"},\"thumbnailUrl\":\"http:\\\/\\\/ucbaby.ca\\\/wp-content\\\/uploads\\\/2014\\\/04\\\/why_uc.jpg\",\"datePublished\":\"2024-03-18T05:38:20+00:00\",\"dateModified\":\"2024-03-18T16:29:55+00:00\",\"description\":\"UC Baby\u00a9 - La premi\u00e8re et originale soci\u00e9t\u00e9 d'\u00e9chographie de grossesse en 3D 4D HD au Canada. Faites-nous confiance pour une exp\u00e9rience inoubliable et des souvenirs pr\u00e9cieux.\",\"breadcrumb\":{\"@id\":\"https:\\\/\\\/www.ucbaby.ca\\\/fr\\\/pourquoi-uc-baby#breadcrumb\"},\"inLanguage\":\"fr-FR\",\"potentialAction\":[{\"@type\":\"ReadAction\",\"target\":[\"https:\\\/\\\/www.ucbaby.ca\\\/fr\\\/pourquoi-uc-baby\"]}]},{\"@type\":\"ImageObject\",\"inLanguage\":\"fr-FR\",\"@id\":\"https:\\\/\\\/www.ucbaby.ca\\\/fr\\\/pourquoi-uc-baby#primaryimage\",\"url\":\"http:\\\/\\\/ucbaby.ca\\\/wp-content\\\/uploads\\\/2014\\\/04\\\/why_uc.jpg\",\"contentUrl\":\"http:\\\/\\\/ucbaby.ca\\\/wp-content\\\/uploads\\\/2014\\\/04\\\/why_uc.jpg\"},{\"@type\":\"BreadcrumbList\",\"@id\":\"https:\\\/\\\/www.ucbaby.ca\\\/fr\\\/pourquoi-uc-baby#breadcrumb\",\"itemListElement\":[{\"@type\":\"ListItem\",\"position\":1,\"name\":\"Home\",\"item\":\"https:\\\/\\\/www.ucbaby.ca\\\/\"},{\"@type\":\"ListItem\",\"position\":2,\"name\":\"Pourquoi UC Baby 3D &amp; 5D Ultrasound ?\"}]},{\"@type\":\"WebSite\",\"@id\":\"https:\\\/\\\/www.ucbaby.ca\\\/#website\",\"url\":\"https:\\\/\\\/www.ucbaby.ca\\\/\",\"name\":\"UC Baby\",\"description\":\"UC Baby is Canada&#039;s #1 Trusted company for 3D, 4D and HD 5D pregnancy ultrasound services\",\"potentialAction\":[{\"@type\":\"SearchAction\",\"target\":{\"@type\":\"EntryPoint\",\"urlTemplate\":\"https:\\\/\\\/www.ucbaby.ca\\\/?s={search_term_string}\"},\"query-input\":{\"@type\":\"PropertyValueSpecification\",\"valueRequired\":true,\"valueName\":\"search_term_string\"}}],\"inLanguage\":\"fr-FR\"}]}<\/script>\n<!-- \/ Yoast SEO plugin. -->","yoast_head_json":{"title":"Pourquoi choisir l'\u00e9chographie 3D et 4D d'UC Baby ?","description":"UC Baby\u00a9 - La premi\u00e8re et originale soci\u00e9t\u00e9 d'\u00e9chographie de grossesse en 3D 4D HD au Canada. Faites-nous confiance pour une exp\u00e9rience inoubliable et des souvenirs pr\u00e9cieux.","robots":{"index":"index","follow":"follow","max-snippet":"max-snippet:-1","max-image-preview":"max-image-preview:large","max-video-preview":"max-video-preview:-1"},"canonical":"https:\/\/www.ucbaby.ca\/fr\/pourquoi-uc-baby","og_locale":"fr_FR","og_type":"article","og_title":"Pourquoi choisir UC Baby ?","og_description":"UC Baby\u00a9 est la premi\u00e8re et originale soci\u00e9t\u00e9 d'\u00e9chographie 3D\/4D au Canada. Notre r\u00e9putation de confiance fait de nous le premier choix des familles dans tout le pays.","og_url":"https:\/\/www.ucbaby.ca\/fr\/pourquoi-uc-baby","og_site_name":"UC Baby","article_publisher":"http:\/\/www.facebook.com\/ucbaby","article_modified_time":"2024-03-18T16:29:55+00:00","og_image":[{"url":"http:\/\/www.ucbaby.ca\/wp-content\/uploads\/2014\/09\/90-x-90-face-bood-AD-OCT-2.jpg","type":"","width":"","height":""}],"twitter_misc":{"Dur\u00e9e de lecture estim\u00e9e":"2 minutes"},"schema":{"@context":"https:\/\/schema.org","@graph":[{"@type":"WebPage","@id":"https:\/\/www.ucbaby.ca\/fr\/pourquoi-uc-baby","url":"https:\/\/www.ucbaby.ca\/fr\/pourquoi-uc-baby","name":"Pourquoi choisir l'\u00e9chographie 3D et 4D d'UC Baby ?","isPartOf":{"@id":"https:\/\/www.ucbaby.ca\/#website"},"primaryImageOfPage":{"@id":"https:\/\/www.ucbaby.ca\/fr\/pourquoi-uc-baby#primaryimage"},"image":{"@id":"https:\/\/www.ucbaby.ca\/fr\/pourquoi-uc-baby#primaryimage"},"thumbnailUrl":"http:\/\/ucbaby.ca\/wp-content\/uploads\/2014\/04\/why_uc.jpg","datePublished":"2024-03-18T05:38:20+00:00","dateModified":"2024-03-18T16:29:55+00:00","description":"UC Baby\u00a9 - La premi\u00e8re et originale soci\u00e9t\u00e9 d'\u00e9chographie de grossesse en 3D 4D HD au Canada. Faites-nous confiance pour une exp\u00e9rience inoubliable et des souvenirs pr\u00e9cieux.","breadcrumb":{"@id":"https:\/\/www.ucbaby.ca\/fr\/pourquoi-uc-baby#breadcrumb"},"inLanguage":"fr-FR","potentialAction":[{"@type":"ReadAction","target":["https:\/\/www.ucbaby.ca\/fr\/pourquoi-uc-baby"]}]},{"@type":"ImageObject","inLanguage":"fr-FR","@id":"https:\/\/www.ucbaby.ca\/fr\/pourquoi-uc-baby#primaryimage","url":"http:\/\/ucbaby.ca\/wp-content\/uploads\/2014\/04\/why_uc.jpg","contentUrl":"http:\/\/ucbaby.ca\/wp-content\/uploads\/2014\/04\/why_uc.jpg"},{"@type":"BreadcrumbList","@id":"https:\/\/www.ucbaby.ca\/fr\/pourquoi-uc-baby#breadcrumb","itemListElement":[{"@type":"ListItem","position":1,"name":"Home","item":"https:\/\/www.ucbaby.ca\/"},{"@type":"ListItem","position":2,"name":"Pourquoi UC Baby 3D &amp; 5D Ultrasound ?"}]},{"@type":"WebSite","@id":"https:\/\/www.ucbaby.ca\/#website","url":"https:\/\/www.ucbaby.ca\/","name":"UC Baby","description":"UC Baby is Canada&#039;s #1 Trusted company for 3D, 4D and HD 5D pregnancy ultrasound services","potentialAction":[{"@type":"SearchAction","target":{"@type":"EntryPoint","urlTemplate":"https:\/\/www.ucbaby.ca\/?s={search_term_string}"},"query-input":{"@type":"PropertyValueSpecification","valueRequired":true,"valueName":"search_term_string"}}],"inLanguage":"fr-FR"}]}},"_links":{"self":[{"href":"https:\/\/www.ucbaby.ca\/fr\/wp-json\/wp\/v2\/pages\/5339","targetHints":{"allow":["GET"]}}],"collection":[{"href":"https:\/\/www.ucbaby.ca\/fr\/wp-json\/wp\/v2\/pages"}],"about":[{"href":"https:\/\/www.ucbaby.ca\/fr\/wp-json\/wp\/v2\/types\/page"}],"author":[{"embeddable":true,"href":"https:\/\/www.ucbaby.ca\/fr\/wp-json\/wp\/v2\/users\/2"}],"replies":[{"embeddable":true,"href":"https:\/\/www.ucbaby.ca\/fr\/wp-json\/wp\/v2\/comments?post=5339"}],"version-history":[{"count":0,"href":"https:\/\/www.ucbaby.ca\/fr\/wp-json\/wp\/v2\/pages\/5339\/revisions"}],"wp:attachment":[{"href":"https:\/\/www.ucbaby.ca\/fr\/wp-json\/wp\/v2\/media?parent=5339"}],"curies":[{"name":"wp","href":"https:\/\/api.w.org\/{rel}","templated":true}]}}