{"id":5337,"date":"2014-05-15T17:32:26","date_gmt":"2014-05-15T21:32:26","guid":{"rendered":"http:\/\/localhost\/ucbaby\/?page_id=5204"},"modified":"2023-10-24T15:14:55","modified_gmt":"2023-10-24T19:14:55","slug":"presentationtemoignage","status":"publish","type":"page","link":"https:\/\/www.ucbaby.ca\/fr\/presentationtemoignage","title":{"rendered":"Envoyez-nous votre t\u00e9moignage"},"content":{"rendered":"<div role=\"form\" class=\"wpcf7\" id=\"wpcf7-f1730-o1\" lang=\"en-US\" dir=\"ltr\">\n<div class=\"screen-reader-response\"><p role=\"status\" aria-live=\"polite\" aria-atomic=\"true\"><\/p> <ul><\/ul><\/div>\n<form action=\"\/fr\/wp-json\/wp\/v2\/pages\/5337#wpcf7-f1730-o1\" method=\"post\" class=\"wpcf7-form init\" novalidate=\"novalidate\" data-status=\"init\">\n<div style=\"display: none;\">\n<input type=\"hidden\" name=\"_wpcf7\" value=\"1730\" \/>\n<input type=\"hidden\" name=\"_wpcf7_version\" value=\"5.5\" \/>\n<input type=\"hidden\" name=\"_wpcf7_locale\" value=\"en_US\" \/>\n<input type=\"hidden\" name=\"_wpcf7_unit_tag\" value=\"wpcf7-f1730-o1\" \/>\n<input type=\"hidden\" name=\"_wpcf7_container_post\" value=\"0\" \/>\n<input type=\"hidden\" name=\"_wpcf7_posted_data_hash\" value=\"\" \/>\n<input type=\"hidden\" name=\"_wpcf7_recaptcha_response\" value=\"\" \/>\n<\/div>\n<div class=\"wpcf7-response-output\" aria-hidden=\"true\"><\/div>\n<p>Testimoniale pour l'emplacement suivant *<br \/>\n<span class=\"wpcf7-form-control-wrap location\"><select name=\"location\" class=\"wpcf7-form-control wpcf7-select wpcf7-validates-as-required\" aria-required=\"true\" aria-invalid=\"false\"><option value=\"\">---<\/option><option value=\"Abbotsford\">Abbotsford<\/option><option value=\"Barrie\">Barrie<\/option><option value=\"Brampton\">Brampton<\/option><option value=\"Burnaby - Vancouver\">Burnaby - Vancouver<\/option><option value=\"Calgary\">Calgary<\/option><option value=\"Cambridge\">Cambridge<\/option><option value=\"Edmonton\">Edmonton<\/option><option value=\"Halifax Bedford\">Halifax Bedford<\/option><option value=\"Halifax Center\">Halifax Center<\/option><option value=\"Hamilton\">Hamilton<\/option><option value=\"London\">London<\/option><option value=\"Mississauga\">Mississauga<\/option><option value=\"Moncton\">Moncton<\/option><option value=\"Montreal\">Montreal<\/option><option value=\"Newmarket\">Newmarket<\/option><option value=\"Ottawa\">Ottawa<\/option><option value=\"Quebec City\">Quebec City<\/option><option value=\"Red Deer\">Red Deer<\/option><option value=\"Regina\">Regina<\/option><option value=\"Richmond - Vancouver\">Richmond - Vancouver<\/option><option value=\"Saskatoon\">Saskatoon<\/option><option value=\"St.Johns\">St.Johns<\/option><option value=\"Surrey\">Surrey<\/option><option value=\"Sydney\">Sydney<\/option><option value=\"Toronto\">Toronto<\/option><option value=\"Vaughan\">Vaughan<\/option><option value=\"Victoria\">Victoria<\/option><option value=\"Whitby\">Whitby<\/option><option value=\"Winnipeg\">Winnipeg<\/option><\/select><\/span><\/p>\n<p>Votre nom et pr\u00e9nom *<br \/><span class=\"wpcf7-form-control-wrap your-name\"><input type=\"text\" name=\"your-name\" value=\"\" size=\"40\" class=\"wpcf7-form-control wpcf7-text wpcf7-validates-as-required\" aria-required=\"true\" aria-invalid=\"false\" \/><\/span><\/p>\n<p>Email *<br \/><span class=\"wpcf7-form-control-wrap your-email\"><input type=\"email\" name=\"your-email\" value=\"\" size=\"40\" class=\"wpcf7-form-control wpcf7-text wpcf7-email wpcf7-validates-as-required wpcf7-validates-as-email\" aria-required=\"true\" aria-invalid=\"false\" \/><\/span><\/p>\n<p>Num\u00e9ro de t\u00e9l\u00e9phone (en option)<br \/><span class=\"wpcf7-form-control-wrap contactNumber\"><input type=\"tel\" name=\"contactNumber\" value=\"\" size=\"40\" class=\"wpcf7-form-control wpcf7-text wpcf7-tel wpcf7-validates-as-tel\" aria-invalid=\"false\" placeholder=\"123-456-4890\" \/><\/span><\/p>\n<p>Votre t\u00e9moignage<br \/>\n    <span class=\"wpcf7-form-control-wrap your-message\"><textarea name=\"your-message\" cols=\"40\" rows=\"10\" class=\"wpcf7-form-control wpcf7-textarea wpcf7-validates-as-required\" aria-required=\"true\" aria-invalid=\"false\"><\/textarea><\/span> <\/p>\n<p><br\/><input type=\"submit\" value=\"Envoyer\" class=\"wpcf7-form-control has-spinner wpcf7-submit\" \/><\/p>\n<div class=\"wpcf7-response-output\" aria-hidden=\"true\"><\/div>\n<\/form><\/div>\n","protected":false},"excerpt":{"rendered":"","protected":false},"author":2,"featured_media":0,"parent":0,"menu_order":0,"comment_status":"closed","ping_status":"open","template":"","meta":{"footnotes":""},"class_list":["post-5337","page","type-page","status-publish","hentry"],"yoast_head":"<!-- This site is optimized with the Yoast SEO plugin v27.4 - https:\/\/yoast.com\/product\/yoast-seo-wordpress\/ -->\n<title>Envoyez-nous votre t\u00e9moignage - UC Baby<\/title>\n<meta name=\"description\" content=\"D\u00e9couvrez les t\u00e9moignages \u00e9mouvants de nos clients satisfaits chez UC Baby. Partagez leur exp\u00e9rience unique avec nos \u00e9chographies 3D\/4D en temps r\u00e9el.\" \/>\n<meta name=\"robots\" content=\"index, follow, max-snippet:-1, max-image-preview:large, max-video-preview:-1\" \/>\n<link rel=\"canonical\" href=\"https:\/\/www.ucbaby.ca\/fr\/presentationtemoignage\" \/>\n<meta property=\"og:locale\" content=\"fr_FR\" \/>\n<meta property=\"og:type\" content=\"article\" \/>\n<meta property=\"og:title\" content=\"Envoyez-nous votre t\u00e9moignage - UC Baby\" \/>\n<meta property=\"og:description\" content=\"D\u00e9couvrez les t\u00e9moignages \u00e9mouvants de nos clients satisfaits chez UC Baby. Partagez leur exp\u00e9rience unique avec nos \u00e9chographies 3D\/4D en temps r\u00e9el.\" \/>\n<meta property=\"og:url\" content=\"https:\/\/www.ucbaby.ca\/fr\/presentationtemoignage\" \/>\n<meta property=\"og:site_name\" content=\"UC Baby\" \/>\n<meta property=\"article:publisher\" content=\"http:\/\/www.facebook.com\/ucbaby\" \/>\n<meta property=\"article:modified_time\" content=\"2023-10-24T19:14:55+00:00\" \/>\n<meta name=\"twitter:label1\" content=\"Dur\u00e9e de lecture estim\u00e9e\" \/>\n\t<meta name=\"twitter:data1\" content=\"1 minute\" \/>\n<script type=\"application\/ld+json\" class=\"yoast-schema-graph\">{\"@context\":\"https:\\\/\\\/schema.org\",\"@graph\":[{\"@type\":\"WebPage\",\"@id\":\"https:\\\/\\\/www.ucbaby.ca\\\/fr\\\/presentationtemoignage\",\"url\":\"https:\\\/\\\/www.ucbaby.ca\\\/fr\\\/presentationtemoignage\",\"name\":\"Envoyez-nous votre t\u00e9moignage - UC Baby\",\"isPartOf\":{\"@id\":\"https:\\\/\\\/www.ucbaby.ca\\\/#website\"},\"datePublished\":\"2014-05-15T21:32:26+00:00\",\"dateModified\":\"2023-10-24T19:14:55+00:00\",\"description\":\"D\u00e9couvrez les t\u00e9moignages \u00e9mouvants de nos clients satisfaits chez UC Baby. Partagez leur exp\u00e9rience unique avec nos \u00e9chographies 3D\\\/4D en temps r\u00e9el.\",\"breadcrumb\":{\"@id\":\"https:\\\/\\\/www.ucbaby.ca\\\/fr\\\/presentationtemoignage#breadcrumb\"},\"inLanguage\":\"fr-FR\",\"potentialAction\":[{\"@type\":\"ReadAction\",\"target\":[\"https:\\\/\\\/www.ucbaby.ca\\\/fr\\\/presentationtemoignage\"]}]},{\"@type\":\"BreadcrumbList\",\"@id\":\"https:\\\/\\\/www.ucbaby.ca\\\/fr\\\/presentationtemoignage#breadcrumb\",\"itemListElement\":[{\"@type\":\"ListItem\",\"position\":1,\"name\":\"Home\",\"item\":\"https:\\\/\\\/www.ucbaby.ca\\\/\"},{\"@type\":\"ListItem\",\"position\":2,\"name\":\"Envoyez-nous votre t\u00e9moignage\"}]},{\"@type\":\"WebSite\",\"@id\":\"https:\\\/\\\/www.ucbaby.ca\\\/#website\",\"url\":\"https:\\\/\\\/www.ucbaby.ca\\\/\",\"name\":\"UC Baby\",\"description\":\"UC Baby is Canada&#039;s #1 Trusted company for 3D, 4D and HD 5D pregnancy ultrasound services\",\"potentialAction\":[{\"@type\":\"SearchAction\",\"target\":{\"@type\":\"EntryPoint\",\"urlTemplate\":\"https:\\\/\\\/www.ucbaby.ca\\\/?s={search_term_string}\"},\"query-input\":{\"@type\":\"PropertyValueSpecification\",\"valueRequired\":true,\"valueName\":\"search_term_string\"}}],\"inLanguage\":\"fr-FR\"}]}<\/script>\n<!-- \/ Yoast SEO plugin. -->","yoast_head_json":{"title":"Envoyez-nous votre t\u00e9moignage - UC Baby","description":"D\u00e9couvrez les t\u00e9moignages \u00e9mouvants de nos clients satisfaits chez UC Baby. Partagez leur exp\u00e9rience unique avec nos \u00e9chographies 3D\/4D en temps r\u00e9el.","robots":{"index":"index","follow":"follow","max-snippet":"max-snippet:-1","max-image-preview":"max-image-preview:large","max-video-preview":"max-video-preview:-1"},"canonical":"https:\/\/www.ucbaby.ca\/fr\/presentationtemoignage","og_locale":"fr_FR","og_type":"article","og_title":"Envoyez-nous votre t\u00e9moignage - UC Baby","og_description":"D\u00e9couvrez les t\u00e9moignages \u00e9mouvants de nos clients satisfaits chez UC Baby. Partagez leur exp\u00e9rience unique avec nos \u00e9chographies 3D\/4D en temps r\u00e9el.","og_url":"https:\/\/www.ucbaby.ca\/fr\/presentationtemoignage","og_site_name":"UC Baby","article_publisher":"http:\/\/www.facebook.com\/ucbaby","article_modified_time":"2023-10-24T19:14:55+00:00","twitter_misc":{"Dur\u00e9e de lecture estim\u00e9e":"1 minute"},"schema":{"@context":"https:\/\/schema.org","@graph":[{"@type":"WebPage","@id":"https:\/\/www.ucbaby.ca\/fr\/presentationtemoignage","url":"https:\/\/www.ucbaby.ca\/fr\/presentationtemoignage","name":"Envoyez-nous votre t\u00e9moignage - UC Baby","isPartOf":{"@id":"https:\/\/www.ucbaby.ca\/#website"},"datePublished":"2014-05-15T21:32:26+00:00","dateModified":"2023-10-24T19:14:55+00:00","description":"D\u00e9couvrez les t\u00e9moignages \u00e9mouvants de nos clients satisfaits chez UC Baby. Partagez leur exp\u00e9rience unique avec nos \u00e9chographies 3D\/4D en temps r\u00e9el.","breadcrumb":{"@id":"https:\/\/www.ucbaby.ca\/fr\/presentationtemoignage#breadcrumb"},"inLanguage":"fr-FR","potentialAction":[{"@type":"ReadAction","target":["https:\/\/www.ucbaby.ca\/fr\/presentationtemoignage"]}]},{"@type":"BreadcrumbList","@id":"https:\/\/www.ucbaby.ca\/fr\/presentationtemoignage#breadcrumb","itemListElement":[{"@type":"ListItem","position":1,"name":"Home","item":"https:\/\/www.ucbaby.ca\/"},{"@type":"ListItem","position":2,"name":"Envoyez-nous votre t\u00e9moignage"}]},{"@type":"WebSite","@id":"https:\/\/www.ucbaby.ca\/#website","url":"https:\/\/www.ucbaby.ca\/","name":"UC Baby","description":"UC Baby is Canada&#039;s #1 Trusted company for 3D, 4D and HD 5D pregnancy ultrasound services","potentialAction":[{"@type":"SearchAction","target":{"@type":"EntryPoint","urlTemplate":"https:\/\/www.ucbaby.ca\/?s={search_term_string}"},"query-input":{"@type":"PropertyValueSpecification","valueRequired":true,"valueName":"search_term_string"}}],"inLanguage":"fr-FR"}]}},"_links":{"self":[{"href":"https:\/\/www.ucbaby.ca\/fr\/wp-json\/wp\/v2\/pages\/5337","targetHints":{"allow":["GET"]}}],"collection":[{"href":"https:\/\/www.ucbaby.ca\/fr\/wp-json\/wp\/v2\/pages"}],"about":[{"href":"https:\/\/www.ucbaby.ca\/fr\/wp-json\/wp\/v2\/types\/page"}],"author":[{"embeddable":true,"href":"https:\/\/www.ucbaby.ca\/fr\/wp-json\/wp\/v2\/users\/2"}],"replies":[{"embeddable":true,"href":"https:\/\/www.ucbaby.ca\/fr\/wp-json\/wp\/v2\/comments?post=5337"}],"version-history":[{"count":0,"href":"https:\/\/www.ucbaby.ca\/fr\/wp-json\/wp\/v2\/pages\/5337\/revisions"}],"wp:attachment":[{"href":"https:\/\/www.ucbaby.ca\/fr\/wp-json\/wp\/v2\/media?parent=5337"}],"curies":[{"name":"wp","href":"https:\/\/api.w.org\/{rel}","templated":true}]}}