{"id":5288,"date":"2014-05-07T20:08:21","date_gmt":"2014-05-08T00:08:21","guid":{"rendered":"http:\/\/beta.ucbaby.ca\/?page_id=5288"},"modified":"2023-11-01T12:57:45","modified_gmt":"2023-11-01T16:57:45","slug":"home-page-fr-2","status":"publish","type":"page","link":"https:\/\/www.ucbaby.ca\/fr\/home-page-fr-2","title":{"rendered":"Home Page [FR]"},"content":{"rendered":"","protected":false},"excerpt":{"rendered":"","protected":false},"author":2,"featured_media":0,"parent":0,"menu_order":0,"comment_status":"open","ping_status":"open","template":"","meta":{"footnotes":""},"class_list":["post-5288","page","type-page","status-publish","hentry"],"yoast_head":"<!-- This site is optimized with the Yoast SEO plugin v27.3 - https:\/\/yoast.com\/product\/yoast-seo-wordpress\/ -->\n<title>Home Page [FR] - UC Baby<\/title>\n<meta name=\"description\" content=\"D\u00e9couvrez la magie de la grossesse en 3D\/4D gr\u00e2ce \u00e0 UC Baby. Profitez de notre technologie de pointe pour voir votre b\u00e9b\u00e9 bouger et grandir avant sa naissance.\" \/>\n<meta name=\"robots\" content=\"index, follow, max-snippet:-1, max-image-preview:large, max-video-preview:-1\" \/>\n<link rel=\"canonical\" href=\"https:\/\/www.ucbaby.ca\/fr\" \/>\n<meta property=\"og:locale\" content=\"fr_FR\" \/>\n<meta property=\"og:type\" content=\"article\" \/>\n<meta property=\"og:title\" content=\"Home Page [FR] - UC Baby\" \/>\n<meta property=\"og:description\" content=\"D\u00e9couvrez la magie de la grossesse en 3D\/4D gr\u00e2ce \u00e0 UC Baby. Profitez de notre technologie de pointe pour voir votre b\u00e9b\u00e9 bouger et grandir avant sa naissance.\" \/>\n<meta property=\"og:url\" content=\"https:\/\/www.ucbaby.ca\/fr\" \/>\n<meta property=\"og:site_name\" content=\"UC Baby\" \/>\n<meta property=\"article:publisher\" content=\"http:\/\/www.facebook.com\/ucbaby\" \/>\n<meta property=\"article:modified_time\" content=\"2023-11-01T16:57:45+00:00\" \/>\n<script type=\"application\/ld+json\" class=\"yoast-schema-graph\">{\"@context\":\"https:\\\/\\\/schema.org\",\"@graph\":[{\"@type\":\"WebPage\",\"@id\":\"https:\\\/\\\/www.ucbaby.ca\\\/fr\",\"url\":\"https:\\\/\\\/www.ucbaby.ca\\\/fr\",\"name\":\"Home Page [FR] - UC Baby\",\"isPartOf\":{\"@id\":\"https:\\\/\\\/www.ucbaby.ca\\\/#website\"},\"datePublished\":\"2014-05-08T00:08:21+00:00\",\"dateModified\":\"2023-11-01T16:57:45+00:00\",\"description\":\"D\u00e9couvrez la magie de la grossesse en 3D\\\/4D gr\u00e2ce \u00e0 UC Baby. Profitez de notre technologie de pointe pour voir votre b\u00e9b\u00e9 bouger et grandir avant sa naissance.\",\"breadcrumb\":{\"@id\":\"https:\\\/\\\/www.ucbaby.ca\\\/fr#breadcrumb\"},\"inLanguage\":\"fr-FR\",\"potentialAction\":[{\"@type\":\"ReadAction\",\"target\":[\"https:\\\/\\\/www.ucbaby.ca\\\/fr\"]}]},{\"@type\":\"BreadcrumbList\",\"@id\":\"https:\\\/\\\/www.ucbaby.ca\\\/fr#breadcrumb\",\"itemListElement\":[{\"@type\":\"ListItem\",\"position\":1,\"name\":\"Home\",\"item\":\"https:\\\/\\\/www.ucbaby.ca\\\/\"},{\"@type\":\"ListItem\",\"position\":2,\"name\":\"Home Page [FR]\"}]},{\"@type\":\"WebSite\",\"@id\":\"https:\\\/\\\/www.ucbaby.ca\\\/#website\",\"url\":\"https:\\\/\\\/www.ucbaby.ca\\\/\",\"name\":\"UC Baby\",\"description\":\"UC Baby is Canada&#039;s #1 Trusted company for 3D, 4D and HD 5D pregnancy ultrasound services\",\"potentialAction\":[{\"@type\":\"SearchAction\",\"target\":{\"@type\":\"EntryPoint\",\"urlTemplate\":\"https:\\\/\\\/www.ucbaby.ca\\\/?s={search_term_string}\"},\"query-input\":{\"@type\":\"PropertyValueSpecification\",\"valueRequired\":true,\"valueName\":\"search_term_string\"}}],\"inLanguage\":\"fr-FR\"}]}<\/script>\n<!-- \/ Yoast SEO plugin. -->","yoast_head_json":{"title":"Home Page [FR] - UC Baby","description":"D\u00e9couvrez la magie de la grossesse en 3D\/4D gr\u00e2ce \u00e0 UC Baby. Profitez de notre technologie de pointe pour voir votre b\u00e9b\u00e9 bouger et grandir avant sa naissance.","robots":{"index":"index","follow":"follow","max-snippet":"max-snippet:-1","max-image-preview":"max-image-preview:large","max-video-preview":"max-video-preview:-1"},"canonical":"https:\/\/www.ucbaby.ca\/fr","og_locale":"fr_FR","og_type":"article","og_title":"Home Page [FR] - UC Baby","og_description":"D\u00e9couvrez la magie de la grossesse en 3D\/4D gr\u00e2ce \u00e0 UC Baby. Profitez de notre technologie de pointe pour voir votre b\u00e9b\u00e9 bouger et grandir avant sa naissance.","og_url":"https:\/\/www.ucbaby.ca\/fr","og_site_name":"UC Baby","article_publisher":"http:\/\/www.facebook.com\/ucbaby","article_modified_time":"2023-11-01T16:57:45+00:00","schema":{"@context":"https:\/\/schema.org","@graph":[{"@type":"WebPage","@id":"https:\/\/www.ucbaby.ca\/fr","url":"https:\/\/www.ucbaby.ca\/fr","name":"Home Page [FR] - UC Baby","isPartOf":{"@id":"https:\/\/www.ucbaby.ca\/#website"},"datePublished":"2014-05-08T00:08:21+00:00","dateModified":"2023-11-01T16:57:45+00:00","description":"D\u00e9couvrez la magie de la grossesse en 3D\/4D gr\u00e2ce \u00e0 UC Baby. Profitez de notre technologie de pointe pour voir votre b\u00e9b\u00e9 bouger et grandir avant sa naissance.","breadcrumb":{"@id":"https:\/\/www.ucbaby.ca\/fr#breadcrumb"},"inLanguage":"fr-FR","potentialAction":[{"@type":"ReadAction","target":["https:\/\/www.ucbaby.ca\/fr"]}]},{"@type":"BreadcrumbList","@id":"https:\/\/www.ucbaby.ca\/fr#breadcrumb","itemListElement":[{"@type":"ListItem","position":1,"name":"Home","item":"https:\/\/www.ucbaby.ca\/"},{"@type":"ListItem","position":2,"name":"Home Page [FR]"}]},{"@type":"WebSite","@id":"https:\/\/www.ucbaby.ca\/#website","url":"https:\/\/www.ucbaby.ca\/","name":"UC Baby","description":"UC Baby is Canada&#039;s #1 Trusted company for 3D, 4D and HD 5D pregnancy ultrasound services","potentialAction":[{"@type":"SearchAction","target":{"@type":"EntryPoint","urlTemplate":"https:\/\/www.ucbaby.ca\/?s={search_term_string}"},"query-input":{"@type":"PropertyValueSpecification","valueRequired":true,"valueName":"search_term_string"}}],"inLanguage":"fr-FR"}]}},"_links":{"self":[{"href":"https:\/\/www.ucbaby.ca\/fr\/wp-json\/wp\/v2\/pages\/5288","targetHints":{"allow":["GET"]}}],"collection":[{"href":"https:\/\/www.ucbaby.ca\/fr\/wp-json\/wp\/v2\/pages"}],"about":[{"href":"https:\/\/www.ucbaby.ca\/fr\/wp-json\/wp\/v2\/types\/page"}],"author":[{"embeddable":true,"href":"https:\/\/www.ucbaby.ca\/fr\/wp-json\/wp\/v2\/users\/2"}],"replies":[{"embeddable":true,"href":"https:\/\/www.ucbaby.ca\/fr\/wp-json\/wp\/v2\/comments?post=5288"}],"version-history":[{"count":0,"href":"https:\/\/www.ucbaby.ca\/fr\/wp-json\/wp\/v2\/pages\/5288\/revisions"}],"wp:attachment":[{"href":"https:\/\/www.ucbaby.ca\/fr\/wp-json\/wp\/v2\/media?parent=5288"}],"curies":[{"name":"wp","href":"https:\/\/api.w.org\/{rel}","templated":true}]}}