{"id":5282,"date":"2014-05-07T20:06:09","date_gmt":"2014-05-08T00:06:09","guid":{"rendered":"http:\/\/beta.ucbaby.ca\/?page_id=5282"},"modified":"2023-10-24T15:24:24","modified_gmt":"2023-10-24T19:24:24","slug":"formulaire-de-renseignements-pour-une-franchise","status":"publish","type":"page","link":"https:\/\/www.ucbaby.ca\/fr\/opportunites-de-franchise\/formulaire-de-renseignements-pour-une-franchise","title":{"rendered":"Formulaire de renseignements pour une franchise"},"content":{"rendered":"<div role=\"form\" class=\"wpcf7\" id=\"wpcf7-f1617-o1\" lang=\"en-US\" dir=\"ltr\">\n<div class=\"screen-reader-response\"><p role=\"status\" aria-live=\"polite\" aria-atomic=\"true\"><\/p> <ul><\/ul><\/div>\n<form action=\"\/fr\/wp-json\/wp\/v2\/pages\/5282#wpcf7-f1617-o1\" method=\"post\" class=\"wpcf7-form init\" novalidate=\"novalidate\" data-status=\"init\">\n<div style=\"display: none;\">\n<input type=\"hidden\" name=\"_wpcf7\" value=\"1617\" \/>\n<input type=\"hidden\" name=\"_wpcf7_version\" value=\"5.5\" \/>\n<input type=\"hidden\" name=\"_wpcf7_locale\" value=\"en_US\" \/>\n<input type=\"hidden\" name=\"_wpcf7_unit_tag\" value=\"wpcf7-f1617-o1\" \/>\n<input type=\"hidden\" name=\"_wpcf7_container_post\" value=\"0\" \/>\n<input type=\"hidden\" name=\"_wpcf7_posted_data_hash\" value=\"\" \/>\n<input type=\"hidden\" name=\"_wpcf7_recaptcha_response\" value=\"\" \/>\n<\/div>\n<p>Pr\u00e9nom:*<br \/>\n   <span class=\"wpcf7-form-control-wrap FirstName\"><input type=\"text\" name=\"FirstName\" value=\"\" size=\"40\" class=\"wpcf7-form-control wpcf7-text wpcf7-validates-as-required\" aria-required=\"true\" aria-invalid=\"false\" \/><\/span><\/p>\n<p>Nom:*<br \/>\n<span class=\"wpcf7-form-control-wrap LastName\"><input type=\"text\" name=\"LastName\" value=\"\" size=\"40\" class=\"wpcf7-form-control wpcf7-text wpcf7-validates-as-required\" aria-required=\"true\" aria-invalid=\"false\" \/><\/span><\/p>\n<p>Email:*<br \/>\n<span class=\"wpcf7-form-control-wrap Email\"><input type=\"email\" name=\"Email\" value=\"\" size=\"40\" class=\"wpcf7-form-control wpcf7-text wpcf7-email wpcf7-validates-as-required wpcf7-validates-as-email\" aria-required=\"true\" aria-invalid=\"false\" \/><\/span><\/p>\n<p>T\u00e9l\u00e9phone (r\u00e9sidence)*:<br \/>\n<span class=\"wpcf7-form-control-wrap PhoneNumber\"><input type=\"text\" name=\"PhoneNumber\" value=\"\" size=\"40\" class=\"wpcf7-form-control wpcf7-text wpcf7-validates-as-required\" aria-required=\"true\" aria-invalid=\"false\" \/><\/span><\/p>\n<p>T\u00e9l\u00e9phone (bureau):<br \/>\n<span class=\"wpcf7-form-control-wrap AlternatePhoneNumber\"><input type=\"text\" name=\"AlternatePhoneNumber\" value=\"\" size=\"40\" class=\"wpcf7-form-control wpcf7-text\" aria-invalid=\"false\" \/><\/span><\/p>\n<p>Meilleur moment pour appeler* (Weekend, apr\u00e8s-midi, matin etc.):<br \/>\n<span class=\"wpcf7-form-control-wrap Besttimetocall\"><input type=\"text\" name=\"Besttimetocall\" value=\"\" size=\"40\" class=\"wpcf7-form-control wpcf7-text\" aria-invalid=\"false\" \/><\/span><\/p>\n<p>Adresse:*<br \/>\n <span class=\"wpcf7-form-control-wrap Address\"><input type=\"text\" name=\"Address\" value=\"\" size=\"40\" class=\"wpcf7-form-control wpcf7-text wpcf7-validates-as-required\" aria-required=\"true\" aria-invalid=\"false\" \/><\/span><\/p>\n<p>Ville:*<br \/>\n<span class=\"wpcf7-form-control-wrap City\"><input type=\"text\" name=\"City\" value=\"\" size=\"40\" class=\"wpcf7-form-control wpcf7-text wpcf7-validates-as-required\" aria-required=\"true\" aria-invalid=\"false\" \/><\/span><\/p>\n<p>Province\/\u00c9tat:*<br \/>\n<span class=\"wpcf7-form-control-wrap Province\"><input type=\"text\" name=\"Province\" value=\"\" size=\"40\" class=\"wpcf7-form-control wpcf7-text wpcf7-validates-as-required\" aria-required=\"true\" aria-invalid=\"false\" \/><\/span><\/p>\n<p>Code Postal\/Zip Code:<br \/>\n<span class=\"wpcf7-form-control-wrap PostalZipCode\"><input type=\"text\" name=\"PostalZipCode\" value=\"\" size=\"40\" class=\"wpcf7-form-control wpcf7-text wpcf7-validates-as-required\" aria-required=\"true\" aria-invalid=\"false\" \/><\/span><\/p>\n<p>Quelle r\u00e9gion ou ville vous int\u00e9resse?*<br \/>\n<span class=\"wpcf7-form-control-wrap WhatareaorCityareyouinterestedin\"><input type=\"text\" name=\"WhatareaorCityareyouinterestedin\" value=\"\" size=\"40\" class=\"wpcf7-form-control wpcf7-text wpcf7-validates-as-required\" aria-required=\"true\" aria-invalid=\"false\" \/><\/span><\/p>\n<p>\u0152uvrez-vous dans le domaine des soins de la sant\u00e9 ?*<br \/>\n<span class=\"wpcf7-form-control-wrap Nameofyouremployerorbusiness\"><input type=\"text\" name=\"Nameofyouremployerorbusiness\" value=\"\" size=\"40\" class=\"wpcf7-form-control wpcf7-text wpcf7-validates-as-required\" aria-required=\"true\" aria-invalid=\"false\" \/><\/span><\/p>\n<p>Depuis combien de temps travaillez-vous ou avez mont\u00e9 votre affaire?*<br \/>\n<span class=\"wpcf7-form-control-wrap Howmanyyearsareyouwithyourcurrentemployerorbusiness\"><input type=\"text\" name=\"Howmanyyearsareyouwithyourcurrentemployerorbusiness\" value=\"\" size=\"40\" class=\"wpcf7-form-control wpcf7-text wpcf7-validates-as-required\" aria-required=\"true\" aria-invalid=\"false\" \/><\/span><\/p>\n<p>\u00cates-vous certifi\u00e9 en \u00e9chographie ?*<br \/>\n<span class=\"wpcf7-form-control-wrap Doyouownanexistingbusinessinanotherfield\"><select name=\"Doyouownanexistingbusinessinanotherfield\" class=\"wpcf7-form-control wpcf7-select wpcf7-validates-as-required\" aria-required=\"true\" aria-invalid=\"false\"><option value=\"NO\">NO<\/option><option value=\"YES\">YES<\/option><\/select><\/span><\/p>\n<p>Comment vous voyez vous travailler dans le cadre de UC Baby?*<br \/>\n<span class=\"wpcf7-form-control-wrap HowdoyouseeyourselfoperatingUCBabybusiness\"><select name=\"HowdoyouseeyourselfoperatingUCBabybusiness\" class=\"wpcf7-form-control wpcf7-select wpcf7-validates-as-required\" aria-required=\"true\" aria-invalid=\"false\"><option value=\"Investor \/ Absent Owner\">Investor \/ Absent Owner<\/option><option value=\"Work at the UC Baby location\">Work at the UC Baby location<\/option><\/select><\/span><\/p>\n<p>Somme disponible pour cet investissement?*<br \/>\n<span class=\"wpcf7-form-control-wrap Amountavailableforthisinvestment\"><select name=\"Amountavailableforthisinvestment\" class=\"wpcf7-form-control wpcf7-select wpcf7-validates-as-required\" aria-required=\"true\" aria-invalid=\"false\"><option value=\"$25,000\">$25,000<\/option><option value=\"$50,000\">$50,000<\/option><option value=\"$75,000\">$75,000<\/option><option value=\"100,000\">100,000<\/option><option value=\"more\">more<\/option><\/select><\/span><\/p>\n<p>Financerez vous vous m\u00eame ou par le biais d'un pr\u00eat?*<br \/>\n<span class=\"wpcf7-form-control-wrap Willyoubefundingthisyourselforneedingasmallbusinessloan\"><select name=\"Willyoubefundingthisyourselforneedingasmallbusinessloan\" class=\"wpcf7-form-control wpcf7-select wpcf7-validates-as-required\" aria-required=\"true\" aria-invalid=\"false\"><option value=\"Loan\">Loan<\/option><option value=\"Self\">Self<\/option><\/select><\/span><\/p>\n<p>\u00cates vous dans le secteur de la sant\u00e9?* <span class=\"wpcf7-form-control-wrap Areyouinthehealthcareservice\"><select name=\"Areyouinthehealthcareservice\" class=\"wpcf7-form-control wpcf7-select wpcf7-validates-as-required\" aria-required=\"true\" aria-invalid=\"false\"><option value=\"NO\">NO<\/option><option value=\"YES\">YES<\/option><\/select><\/span><\/p>\n<p>\u00cates vous un \u00e9chographiste certifi\u00e9?*<span class=\"wpcf7-form-control-wrap Areyouacertifiedsonographer\"><select name=\"Areyouacertifiedsonographer\" class=\"wpcf7-form-control wpcf7-select wpcf7-validates-as-required\" aria-required=\"true\" aria-invalid=\"false\"><option value=\"NO\">NO<\/option><option value=\"YES\">YES<\/option><\/select><\/span><\/p>\n<p><br\/><input type=\"submit\" value=\"Envoyer\" class=\"wpcf7-form-control has-spinner wpcf7-submit\" \/><\/p>\n<div class=\"wpcf7-response-output\" aria-hidden=\"true\"><\/div><\/form><\/div>\n","protected":false},"excerpt":{"rendered":"","protected":false},"author":2,"featured_media":0,"parent":5285,"menu_order":0,"comment_status":"open","ping_status":"closed","template":"","meta":{"footnotes":""},"class_list":["post-5282","page","type-page","status-publish","hentry"],"yoast_head":"<!-- This site is optimized with the Yoast SEO plugin v27.6 - https:\/\/yoast.com\/product\/yoast-seo-wordpress\/ -->\n<title>Formulaire de renseignements pour une franchise - UC Baby<\/title>\n<meta name=\"description\" content=\"D\u00e9sirez-vous ouvrir une franchise UC Baby ? Compl\u00e9tez notre formulaire pour obtenir toutes les informations. Rejoignez notre entreprise en plein essor.\" \/>\n<meta name=\"robots\" content=\"index, follow, max-snippet:-1, max-image-preview:large, max-video-preview:-1\" \/>\n<link rel=\"canonical\" href=\"https:\/\/www.ucbaby.ca\/fr\/opportunites-de-franchise\/formulaire-de-renseignements-pour-une-franchise\" \/>\n<meta property=\"og:locale\" content=\"fr_FR\" \/>\n<meta property=\"og:type\" content=\"article\" \/>\n<meta property=\"og:title\" content=\"Formulaire de renseignements pour une franchise - UC Baby\" \/>\n<meta property=\"og:description\" content=\"D\u00e9sirez-vous ouvrir une franchise UC Baby ? Compl\u00e9tez notre formulaire pour obtenir toutes les informations. Rejoignez notre entreprise en plein essor.\" \/>\n<meta property=\"og:url\" content=\"https:\/\/www.ucbaby.ca\/fr\/opportunites-de-franchise\/formulaire-de-renseignements-pour-une-franchise\" \/>\n<meta property=\"og:site_name\" content=\"UC Baby\" \/>\n<meta property=\"article:publisher\" content=\"http:\/\/www.facebook.com\/ucbaby\" \/>\n<meta property=\"article:modified_time\" content=\"2023-10-24T19:24:24+00:00\" \/>\n<meta name=\"twitter:label1\" content=\"Dur\u00e9e de lecture estim\u00e9e\" \/>\n\t<meta name=\"twitter:data1\" content=\"1 minute\" \/>\n<script type=\"application\/ld+json\" class=\"yoast-schema-graph\">{\"@context\":\"https:\\\/\\\/schema.org\",\"@graph\":[{\"@type\":\"WebPage\",\"@id\":\"https:\\\/\\\/www.ucbaby.ca\\\/fr\\\/opportunites-de-franchise\\\/formulaire-de-renseignements-pour-une-franchise\",\"url\":\"https:\\\/\\\/www.ucbaby.ca\\\/fr\\\/opportunites-de-franchise\\\/formulaire-de-renseignements-pour-une-franchise\",\"name\":\"Formulaire de renseignements pour une franchise - UC Baby\",\"isPartOf\":{\"@id\":\"https:\\\/\\\/www.ucbaby.ca\\\/#website\"},\"datePublished\":\"2014-05-08T00:06:09+00:00\",\"dateModified\":\"2023-10-24T19:24:24+00:00\",\"description\":\"D\u00e9sirez-vous ouvrir une franchise UC Baby ? Compl\u00e9tez notre formulaire pour obtenir toutes les informations. Rejoignez notre entreprise en plein essor.\",\"breadcrumb\":{\"@id\":\"https:\\\/\\\/www.ucbaby.ca\\\/fr\\\/opportunites-de-franchise\\\/formulaire-de-renseignements-pour-une-franchise#breadcrumb\"},\"inLanguage\":\"fr-FR\",\"potentialAction\":[{\"@type\":\"ReadAction\",\"target\":[\"https:\\\/\\\/www.ucbaby.ca\\\/fr\\\/opportunites-de-franchise\\\/formulaire-de-renseignements-pour-une-franchise\"]}]},{\"@type\":\"BreadcrumbList\",\"@id\":\"https:\\\/\\\/www.ucbaby.ca\\\/fr\\\/opportunites-de-franchise\\\/formulaire-de-renseignements-pour-une-franchise#breadcrumb\",\"itemListElement\":[{\"@type\":\"ListItem\",\"position\":1,\"name\":\"Home\",\"item\":\"https:\\\/\\\/www.ucbaby.ca\\\/\"},{\"@type\":\"ListItem\",\"position\":2,\"name\":\"Opportunit\u00e9s de franchise\",\"item\":\"https:\\\/\\\/www.ucbaby.ca\\\/fr\\\/opportunites-de-franchise\"},{\"@type\":\"ListItem\",\"position\":3,\"name\":\"Formulaire de renseignements pour une franchise\"}]},{\"@type\":\"WebSite\",\"@id\":\"https:\\\/\\\/www.ucbaby.ca\\\/#website\",\"url\":\"https:\\\/\\\/www.ucbaby.ca\\\/\",\"name\":\"UC Baby\",\"description\":\"UC Baby is Canada&#039;s #1 Trusted company for 3D, 4D and HD 5D pregnancy ultrasound services\",\"potentialAction\":[{\"@type\":\"SearchAction\",\"target\":{\"@type\":\"EntryPoint\",\"urlTemplate\":\"https:\\\/\\\/www.ucbaby.ca\\\/?s={search_term_string}\"},\"query-input\":{\"@type\":\"PropertyValueSpecification\",\"valueRequired\":true,\"valueName\":\"search_term_string\"}}],\"inLanguage\":\"fr-FR\"}]}<\/script>\n<!-- \/ Yoast SEO plugin. -->","yoast_head_json":{"title":"Formulaire de renseignements pour une franchise - UC Baby","description":"D\u00e9sirez-vous ouvrir une franchise UC Baby ? Compl\u00e9tez notre formulaire pour obtenir toutes les informations. Rejoignez notre entreprise en plein essor.","robots":{"index":"index","follow":"follow","max-snippet":"max-snippet:-1","max-image-preview":"max-image-preview:large","max-video-preview":"max-video-preview:-1"},"canonical":"https:\/\/www.ucbaby.ca\/fr\/opportunites-de-franchise\/formulaire-de-renseignements-pour-une-franchise","og_locale":"fr_FR","og_type":"article","og_title":"Formulaire de renseignements pour une franchise - UC Baby","og_description":"D\u00e9sirez-vous ouvrir une franchise UC Baby ? Compl\u00e9tez notre formulaire pour obtenir toutes les informations. Rejoignez notre entreprise en plein essor.","og_url":"https:\/\/www.ucbaby.ca\/fr\/opportunites-de-franchise\/formulaire-de-renseignements-pour-une-franchise","og_site_name":"UC Baby","article_publisher":"http:\/\/www.facebook.com\/ucbaby","article_modified_time":"2023-10-24T19:24:24+00:00","twitter_misc":{"Dur\u00e9e de lecture estim\u00e9e":"1 minute"},"schema":{"@context":"https:\/\/schema.org","@graph":[{"@type":"WebPage","@id":"https:\/\/www.ucbaby.ca\/fr\/opportunites-de-franchise\/formulaire-de-renseignements-pour-une-franchise","url":"https:\/\/www.ucbaby.ca\/fr\/opportunites-de-franchise\/formulaire-de-renseignements-pour-une-franchise","name":"Formulaire de renseignements pour une franchise - UC Baby","isPartOf":{"@id":"https:\/\/www.ucbaby.ca\/#website"},"datePublished":"2014-05-08T00:06:09+00:00","dateModified":"2023-10-24T19:24:24+00:00","description":"D\u00e9sirez-vous ouvrir une franchise UC Baby ? Compl\u00e9tez notre formulaire pour obtenir toutes les informations. Rejoignez notre entreprise en plein essor.","breadcrumb":{"@id":"https:\/\/www.ucbaby.ca\/fr\/opportunites-de-franchise\/formulaire-de-renseignements-pour-une-franchise#breadcrumb"},"inLanguage":"fr-FR","potentialAction":[{"@type":"ReadAction","target":["https:\/\/www.ucbaby.ca\/fr\/opportunites-de-franchise\/formulaire-de-renseignements-pour-une-franchise"]}]},{"@type":"BreadcrumbList","@id":"https:\/\/www.ucbaby.ca\/fr\/opportunites-de-franchise\/formulaire-de-renseignements-pour-une-franchise#breadcrumb","itemListElement":[{"@type":"ListItem","position":1,"name":"Home","item":"https:\/\/www.ucbaby.ca\/"},{"@type":"ListItem","position":2,"name":"Opportunit\u00e9s de franchise","item":"https:\/\/www.ucbaby.ca\/fr\/opportunites-de-franchise"},{"@type":"ListItem","position":3,"name":"Formulaire de renseignements pour une franchise"}]},{"@type":"WebSite","@id":"https:\/\/www.ucbaby.ca\/#website","url":"https:\/\/www.ucbaby.ca\/","name":"UC Baby","description":"UC Baby is Canada&#039;s #1 Trusted company for 3D, 4D and HD 5D pregnancy ultrasound services","potentialAction":[{"@type":"SearchAction","target":{"@type":"EntryPoint","urlTemplate":"https:\/\/www.ucbaby.ca\/?s={search_term_string}"},"query-input":{"@type":"PropertyValueSpecification","valueRequired":true,"valueName":"search_term_string"}}],"inLanguage":"fr-FR"}]}},"_links":{"self":[{"href":"https:\/\/www.ucbaby.ca\/fr\/wp-json\/wp\/v2\/pages\/5282","targetHints":{"allow":["GET"]}}],"collection":[{"href":"https:\/\/www.ucbaby.ca\/fr\/wp-json\/wp\/v2\/pages"}],"about":[{"href":"https:\/\/www.ucbaby.ca\/fr\/wp-json\/wp\/v2\/types\/page"}],"author":[{"embeddable":true,"href":"https:\/\/www.ucbaby.ca\/fr\/wp-json\/wp\/v2\/users\/2"}],"replies":[{"embeddable":true,"href":"https:\/\/www.ucbaby.ca\/fr\/wp-json\/wp\/v2\/comments?post=5282"}],"version-history":[{"count":0,"href":"https:\/\/www.ucbaby.ca\/fr\/wp-json\/wp\/v2\/pages\/5282\/revisions"}],"up":[{"embeddable":true,"href":"https:\/\/www.ucbaby.ca\/fr\/wp-json\/wp\/v2\/pages\/5285"}],"wp:attachment":[{"href":"https:\/\/www.ucbaby.ca\/fr\/wp-json\/wp\/v2\/media?parent=5282"}],"curies":[{"name":"wp","href":"https:\/\/api.w.org\/{rel}","templated":true}]}}