{"id":5276,"date":"2014-04-20T20:07:06","date_gmt":"2014-04-21T00:07:06","guid":{"rendered":"http:\/\/beta.ucbaby.ca\/?page_id=5276"},"modified":"2023-10-24T13:49:06","modified_gmt":"2023-10-24T17:49:06","slug":"forfaits-ultrasons","status":"publish","type":"page","link":"https:\/\/www.ucbaby.ca\/fr\/forfaits-ultrasons","title":{"rendered":"Forfaits Ultrasons"},"content":{"rendered":"<p>&nbsp;<\/p>\n\n\t\t\t\t<div id=\"bnr_pkg\" class=\"banner withborder gradient clearfix\" data-rt-animate=\"animate\" data-rt-animation-type=\"fadeIn\" data-rt-animation-group=\"single\" >\n\t\t\t\t\n\t\t\t<a id=\"\" href=\"\/locations\" target=\"_self\" title=\"Cliquez ici pour trouver la clinique la plus proche\" class=\"button_ default medium icon-globe margin-t15 alignright\" data-rt-animate=\"animate\" data-rt-animation-type=\"bounceIn\" data-rt-animation-group=\"single\" >Cliquez ici pour trouver la clinique la plus proche<\/a>\n\t\t\n\t\t\t\t\t<div class=\"featured_text withbutton medium_button \">\n\t\t\t\t\t\t<p class=\"icon-star-1 icon\">Les offres sp\u00e9ciales peuvent varier en fonction du lieu<small>Veuillez contacter votre clinique UC Baby la plus proche<\/small><\/p>\n\t\t\t\t\t<\/div>\t\t\t\t\n\t\t\t\t<\/div>\n\t\t\t\n<p>&nbsp;<\/p>\n<div class=\"pricing_table compare\" data-rt-animation-group=\"group\"><div class=\"table_wrap features\" data-rt-animate=\"animate\" data-rt-animation-type=\"fadeInDown\"><ul><li class=\"caption empty\"><\/li><li class=\"price empty\"><\/li>\n\n<li class=\"features_start_position\">S\u00e9ance d\u2019\u00e9chographie 3D\/4D<\/li>\n<li>D\u00e9termination du sexe du b\u00e9b\u00e9 sur demande<\/li>\n<li>Regarder les mouvements du b\u00e9b\u00e9<\/li>\n<li>\u00c9couter les battements de c\u0153ur du b\u00e9b\u00e9<\/li>\n<li>\u00c9chographie du visage et du corps<\/li>\n<li>Images 3D dans un compte en ligne client s\u00e9curis\u00e9<\/li>\n<li>Photo imprim\u00e9e (4 x 6)<\/li>\n<li>GRATUIT \u2013 Diffusion en direct<\/li>\n<li>GRATUIT \u2013 Reprise de s\u00e9ance d\u2019\u00e9chographie si le sexe ou le visage \u00e9tait dissimul\u00e9 au cours de la s\u00e9ance initiale<\/li>\n<li>GRATUIT \u2013 Vid\u00e9o \u00e0 la demande<\/li>\n<\/ul>\n<\/div>\n<div class=\"table_wrap \" data-rt-animate=\"animate\" data-rt-animation-type=\"fadeInDown\"><ul>\n\t\t<li class=\"caption\">\n\t\t\t<div class=\"title\">FORFAIT BRONZE\n\t<small>\n\t\tRegardez le b\u00e9b\u00e9, d\u00e9couvrez son sexe et recevez des photos. C\u2019est un moment extr\u00eamement pr\u00e9cieux. \n\t<\/small>\n\t<\/div>\n\t\t<\/li>\n\t\t<li class=\"price empty\"><\/li>\n\n<li class=\"start_position\">Balayage de 15 minutes<\/li>\n<li><span class=\"icon-ok\" data-rt-animate=\"animate\" data-rt-animation-type=\"fadeInDown\" data-rt-animation-group=\"single\"><\/span><\/li>\n<li><span class=\"icon-ok\" data-rt-animate=\"animate\" data-rt-animation-type=\"fadeInDown\" data-rt-animation-group=\"single\"><\/span><\/li>\n<li><span class=\"icon-ok\" data-rt-animate=\"animate\" data-rt-animation-type=\"fadeInDown\" data-rt-animation-group=\"single\"><\/span><\/li>\n<li><span class=\"icon-ok\" data-rt-animate=\"animate\" data-rt-animation-type=\"fadeInDown\" data-rt-animation-group=\"single\"><\/span><\/li>\n<li><span class=\"icon-ok\" data-rt-animate=\"animate\" data-rt-animation-type=\"fadeInDown\" data-rt-animation-group=\"single\"><\/span><\/li>\n<li>1 photo imprim\u00e9e<\/li>\n<li><span class=\"icon-cancel\" data-rt-animate=\"animate\" data-rt-animation-type=\"fadeInDown\" data-rt-animation-group=\"single\"><\/span><\/li>\n<li>Pour la determination du sexe seulement<\/li>\n<li><span class=\"icon-cancel\" data-rt-animate=\"animate\" data-rt-animation-type=\"fadeInDown\" data-rt-animation-group=\"single\"><\/span><\/li>\n<li><a id=\"\" href=\"\/locations\" target=\"_self\" title=\"Trouver la clinique la plus proche\" class=\"button_ default small icon-globe margin-t5 align\" data-rt-animate=\"animate\" data-rt-animation-type=\"bounceIn\" data-rt-animation-group=\"single\" >Trouver la clinique la plus proche<\/a><\/li>\n<li>*Ce forfait peut varier en fonction du lieu. Veuillez contacter votre clinique UC Baby<sup>\u00ae<\/sup> la plus proche pour vous renseigner au sujet des caract\u00e9ristiques et des tarifs.<\/li>\n<\/ul>\n<\/div>\n<div class=\"table_wrap highlight\" data-rt-animate=\"animate\" data-rt-animation-type=\"fadeInDown\"><ul>\n\t\t<li class=\"caption\">\n\t\t\t<div class=\"title\">FORFAIT ARGENT\n\t<small>\n\t\tVivez, appr\u00e9ciez et partagez cette exp\u00e9rience unique du b\u00e9b\u00e9 qui grandit en vous en temps r\u00e9el. \n\t<\/small>\n\t<\/div>\n\t\t<\/li>\n\t\t<li class=\"price empty\"><\/li>\n\n<li class=\"start_position\">Balayage de 30 minutes<\/li>\n<li><span class=\"icon-ok\" data-rt-animate=\"animate\" data-rt-animation-type=\"fadeInDown\" data-rt-animation-group=\"single\"><\/span><\/li>\n<li><span class=\"icon-ok\" data-rt-animate=\"animate\" data-rt-animation-type=\"fadeInDown\" data-rt-animation-group=\"single\"><\/span><\/li>\n<li><span class=\"icon-ok\" data-rt-animate=\"animate\" data-rt-animation-type=\"fadeInDown\" data-rt-animation-group=\"single\"><\/span><\/li>\n<li><span class=\"icon-ok\" data-rt-animate=\"animate\" data-rt-animation-type=\"fadeInDown\" data-rt-animation-group=\"single\"><\/span><\/li>\n<li><span class=\"icon-ok\" data-rt-animate=\"animate\" data-rt-animation-type=\"fadeInDown\" data-rt-animation-group=\"single\"><\/span><\/li>\n<li>2 photos imprim\u00e9es<\/li>\n<li><span class=\"icon-ok\" data-rt-animate=\"animate\" data-rt-animation-type=\"fadeInDown\" data-rt-animation-group=\"single\"><\/span><\/li>\n<li><span class=\"icon-ok\" data-rt-animate=\"animate\" data-rt-animation-type=\"fadeInDown\" data-rt-animation-group=\"single\"><\/span><\/li>\n<li>\u00e0 l&rsquo;achat de DVD\/USB<\/li>\n<li><a id=\"\" href=\"\/locations\" target=\"_self\" title=\"Trouver la clinique la plus proche\" class=\"button_ default small icon-globe margin-t5 align\" data-rt-animate=\"animate\" data-rt-animation-type=\"bounceIn\" data-rt-animation-group=\"single\" >Trouver la clinique la plus proche<\/a><\/li>\n<\/ul>\n<\/div>\n<div class=\"table_wrap \" data-rt-animate=\"animate\" data-rt-animation-type=\"fadeInDown\"><ul>\n\t\t<li class=\"caption\">\n\t\t\t<div class=\"title\">FORFAIT OR\n\t<small>\n\t\tAssistez au d\u00e9veloppement de votre b\u00e9b\u00e9 en deux \u00e9tapes. \n\t<\/small>\n\t<\/div>\n\t\t<\/li>\n\t\t<li class=\"price empty\"><\/li>\n\n<li class=\"start_position\">Balayage de 2 x 20 minutes\n<small>Votre 1re visite se situe entre 20 et 25 semaines<br \/>\net la 2e est entre 25 et 32 semaines.<\/small><\/li>\n<li><span class=\"icon-ok\" data-rt-animate=\"animate\" data-rt-animation-type=\"fadeInDown\" data-rt-animation-group=\"single\"><\/span><\/li>\n<li><span class=\"icon-ok\" data-rt-animate=\"animate\" data-rt-animation-type=\"fadeInDown\" data-rt-animation-group=\"single\"><\/span><\/li>\n<li><span class=\"icon-ok\" data-rt-animate=\"animate\" data-rt-animation-type=\"fadeInDown\" data-rt-animation-group=\"single\"><\/span><\/li>\n<li><span class=\"icon-ok\" data-rt-animate=\"animate\" data-rt-animation-type=\"fadeInDown\" data-rt-animation-group=\"single\"><\/span><\/li>\n<li><span class=\"icon-ok\" data-rt-animate=\"animate\" data-rt-animation-type=\"fadeInDown\" data-rt-animation-group=\"single\"><\/span><\/li>\n<li>2 photos imprim\u00e9es pour chaque s\u00e9ance<\/li>\n<li><span class=\"icon-ok\" data-rt-animate=\"animate\" data-rt-animation-type=\"fadeInDown\" data-rt-animation-group=\"single\"><\/span><\/li>\n<li><span class=\"icon-ok\" data-rt-animate=\"animate\" data-rt-animation-type=\"fadeInDown\" data-rt-animation-group=\"single\"><\/span><\/li>\n<li>\u00e0 l&rsquo;achat de DVD\/USB<\/li>\n<li><a id=\"\" href=\"\/locations\" target=\"_self\" title=\"Trouver la clinique la plus proche\" class=\"button_ default small icon-globe margin-t5 align\" data-rt-animate=\"animate\" data-rt-animation-type=\"bounceIn\" data-rt-animation-group=\"single\" >Trouver la clinique la plus proche<\/a><\/li>\n<\/ul>\n<\/div><\/div>\n<p>&nbsp;<\/p>\n<div class=\"title_line margin-b20\"><h3 class=\"featured_article_title\" data-rt-animate=\"animate\" data-rt-animation-type=\"fade\" data-rt-animation-group=\"single\"> Construisez votre propre forfait<\/h3><\/div>\n\t \n\t \n\t\t\n\t\t<ul class=\"with_icons default default_size\" data-rt-animation-group=\"group\">\n\t\t\n <li class=\"box two first\" data-rt-animate=\"animate\" data-rt-animation-type=\"fadeInDown\"><span class=\"icon-ok-circle icon\"><\/span> <p>\u00c9chographie de 20 minutes (sans d\u00e9termination du sexe)<\/p><\/li>\n <li class=\"box two last\" data-rt-animate=\"animate\" data-rt-animation-type=\"fadeInDown\"><span class=\"icon-ok-circle icon\"><\/span> <p>\u00c9chographie de 30 minutes (sans d\u00e9termination du sexe)<\/p><\/li>\n <li class=\"box two first\" data-rt-animate=\"animate\" data-rt-animation-type=\"fadeInDown\"><span class=\"icon-ok-circle icon\"><\/span> <p>D\u00e9termination du sexe (5-10 min)<\/p><\/li>\n <li class=\"box two last\" data-rt-animate=\"animate\" data-rt-animation-type=\"fadeInDown\"><span class=\"icon-ok-circle icon\"><\/span> <p>\u00c9couter les battements de c\u0153ur du b\u00e9b\u00e9<\/p><\/li>\n <li class=\"box two first\" data-rt-animate=\"animate\" data-rt-animation-type=\"fadeInDown\"><span class=\"icon-ok-circle icon\"><\/span> <p>Photos et vid\u00e9o sur cl\u00e9 USB<\/p><\/li>\n <li class=\"box two last\" data-rt-animate=\"animate\" data-rt-animation-type=\"fadeInDown\"><span class=\"icon-ok-circle icon\"><\/span> <p>Copie de CD d\u2019images de b\u00e9b\u00e9 en format JPEG<\/p><\/li>\n <li class=\"box two first\" data-rt-animate=\"animate\" data-rt-animation-type=\"fadeInDown\"><span class=\"icon-ok-circle icon\"><\/span> <p>DVD avec enregistrement de l\u2019\u00e9chographie<\/p><\/li>\n <li class=\"box two last\" data-rt-animate=\"animate\" data-rt-animation-type=\"fadeInDown\"><span class=\"icon-ok-circle icon\"><\/span> <p>Photo imprim\u00e9e (4\u00d76)<\/p><\/li>\n <li class=\"box two first\" data-rt-animate=\"animate\" data-rt-animation-type=\"fadeInDown\"><span class=\"icon-ok-circle icon\"><\/span> <p>Vid\u00e9o \u00e0 la demande pendant 1 mois \u00e0 l\u2019achat d\u2019une cl\u00e9 USB \/ DVD<\/p><\/li>\n <li class=\"box two last\" data-rt-animate=\"animate\" data-rt-animation-type=\"fadeInDown\"><span class=\"icon-ok-circle icon\"><\/span> <p>Vid\u00e9o \u00e0 la demande pendant 1 mois<\/p><\/li>\n <li class=\"box two first\" data-rt-animate=\"animate\" data-rt-animation-type=\"fadeInDown\"><span class=\"icon-ok-circle icon\"><\/span> <p>Oursons Coup de c\u0153ur (avec s\u00e9ance \u00e9chographie)<\/p><\/li>\n <li class=\"box two last\" data-rt-animate=\"animate\" data-rt-animation-type=\"fadeInDown\"><span class=\"icon-ok-circle icon\"><\/span> <p>Oursons Coup de c\u0153ur (sans s\u00e9ance d\u2019\u00e9chographie)<\/p><\/li>\n\n\t\t<\/ul>\n\t\n\n\t\t<div class=\"info_box margin-b20 clearfix info\" data-rt-animate=\"animate\" data-rt-animation-type=\"fadeInDown\" data-rt-animation-group=\"single\">\n\t\t\t<span class=\"icon-cancel\"><\/span>\n\t\t\t<p class=\"icon-info-circled\">\n\t\t\t\tNous offrons des rabais sur les visites suivantes au cours de la <strong>m\u00eame grossesse<\/strong>. Une deuxi\u00e8me visite b\u00e9n\u00e9ficie de 20 % de rabais et une troisi\u00e8me visite b\u00e9n\u00e9ficie d\u2019un rabais de 30 %. Ce rabais s\u2019applique \u00e0 nos 3 forfaits uniquement et non pas aux ajouts.\n\t\t\t<\/p>\n\t\t<\/div>\n\t\n","protected":false},"excerpt":{"rendered":"<p>&nbsp; &nbsp; &nbsp;<\/p>\n","protected":false},"author":2,"featured_media":0,"parent":0,"menu_order":0,"comment_status":"closed","ping_status":"closed","template":"","meta":{"footnotes":""},"class_list":["post-5276","page","type-page","status-publish","hentry"],"yoast_head":"<!-- This site is optimized with the Yoast SEO plugin v27.4 - https:\/\/yoast.com\/product\/yoast-seo-wordpress\/ -->\n<title>Forfaits Ultrasons - UC Baby<\/title>\n<meta name=\"description\" content=\"Profitez de nos forfaits d&#039;\u00e9chographie 3D\/4D pour capturer les moments magiques de votre grossesse. R\u00e9servez d\u00e8s aujourd&#039;hui chez UC Baby!\" \/>\n<meta name=\"robots\" content=\"index, follow, max-snippet:-1, max-image-preview:large, max-video-preview:-1\" \/>\n<link rel=\"canonical\" href=\"https:\/\/www.ucbaby.ca\/fr\/forfaits-ultrasons\" \/>\n<meta property=\"og:locale\" content=\"fr_FR\" \/>\n<meta property=\"og:type\" content=\"article\" \/>\n<meta property=\"og:title\" content=\"Forfaits Ultrasons - UC Baby\" \/>\n<meta property=\"og:description\" content=\"Profitez de nos forfaits d&#039;\u00e9chographie 3D\/4D pour capturer les moments magiques de votre grossesse. R\u00e9servez d\u00e8s aujourd&#039;hui chez UC Baby!\" \/>\n<meta property=\"og:url\" content=\"https:\/\/www.ucbaby.ca\/fr\/forfaits-ultrasons\" \/>\n<meta property=\"og:site_name\" content=\"UC Baby\" \/>\n<meta property=\"article:publisher\" content=\"http:\/\/www.facebook.com\/ucbaby\" \/>\n<meta property=\"article:modified_time\" content=\"2023-10-24T17:49:06+00:00\" \/>\n<meta name=\"twitter:label1\" content=\"Dur\u00e9e de lecture estim\u00e9e\" \/>\n\t<meta name=\"twitter:data1\" content=\"3 minutes\" \/>\n<script type=\"application\/ld+json\" class=\"yoast-schema-graph\">{\"@context\":\"https:\\\/\\\/schema.org\",\"@graph\":[{\"@type\":\"WebPage\",\"@id\":\"https:\\\/\\\/www.ucbaby.ca\\\/fr\\\/forfaits-ultrasons\",\"url\":\"https:\\\/\\\/www.ucbaby.ca\\\/fr\\\/forfaits-ultrasons\",\"name\":\"Forfaits Ultrasons - UC Baby\",\"isPartOf\":{\"@id\":\"https:\\\/\\\/www.ucbaby.ca\\\/#website\"},\"datePublished\":\"2014-04-21T00:07:06+00:00\",\"dateModified\":\"2023-10-24T17:49:06+00:00\",\"description\":\"Profitez de nos forfaits d'\u00e9chographie 3D\\\/4D pour capturer les moments magiques de votre grossesse. R\u00e9servez d\u00e8s aujourd'hui chez UC Baby!\",\"breadcrumb\":{\"@id\":\"https:\\\/\\\/www.ucbaby.ca\\\/fr\\\/forfaits-ultrasons#breadcrumb\"},\"inLanguage\":\"fr-FR\",\"potentialAction\":[{\"@type\":\"ReadAction\",\"target\":[\"https:\\\/\\\/www.ucbaby.ca\\\/fr\\\/forfaits-ultrasons\"]}]},{\"@type\":\"BreadcrumbList\",\"@id\":\"https:\\\/\\\/www.ucbaby.ca\\\/fr\\\/forfaits-ultrasons#breadcrumb\",\"itemListElement\":[{\"@type\":\"ListItem\",\"position\":1,\"name\":\"Home\",\"item\":\"https:\\\/\\\/www.ucbaby.ca\\\/\"},{\"@type\":\"ListItem\",\"position\":2,\"name\":\"Forfaits Ultrasons\"}]},{\"@type\":\"WebSite\",\"@id\":\"https:\\\/\\\/www.ucbaby.ca\\\/#website\",\"url\":\"https:\\\/\\\/www.ucbaby.ca\\\/\",\"name\":\"UC Baby\",\"description\":\"UC Baby is Canada&#039;s #1 Trusted company for 3D, 4D and HD 5D pregnancy ultrasound services\",\"potentialAction\":[{\"@type\":\"SearchAction\",\"target\":{\"@type\":\"EntryPoint\",\"urlTemplate\":\"https:\\\/\\\/www.ucbaby.ca\\\/?s={search_term_string}\"},\"query-input\":{\"@type\":\"PropertyValueSpecification\",\"valueRequired\":true,\"valueName\":\"search_term_string\"}}],\"inLanguage\":\"fr-FR\"}]}<\/script>\n<!-- \/ Yoast SEO plugin. -->","yoast_head_json":{"title":"Forfaits Ultrasons - UC Baby","description":"Profitez de nos forfaits d'\u00e9chographie 3D\/4D pour capturer les moments magiques de votre grossesse. R\u00e9servez d\u00e8s aujourd'hui chez UC Baby!","robots":{"index":"index","follow":"follow","max-snippet":"max-snippet:-1","max-image-preview":"max-image-preview:large","max-video-preview":"max-video-preview:-1"},"canonical":"https:\/\/www.ucbaby.ca\/fr\/forfaits-ultrasons","og_locale":"fr_FR","og_type":"article","og_title":"Forfaits Ultrasons - UC Baby","og_description":"Profitez de nos forfaits d'\u00e9chographie 3D\/4D pour capturer les moments magiques de votre grossesse. R\u00e9servez d\u00e8s aujourd'hui chez UC Baby!","og_url":"https:\/\/www.ucbaby.ca\/fr\/forfaits-ultrasons","og_site_name":"UC Baby","article_publisher":"http:\/\/www.facebook.com\/ucbaby","article_modified_time":"2023-10-24T17:49:06+00:00","twitter_misc":{"Dur\u00e9e de lecture estim\u00e9e":"3 minutes"},"schema":{"@context":"https:\/\/schema.org","@graph":[{"@type":"WebPage","@id":"https:\/\/www.ucbaby.ca\/fr\/forfaits-ultrasons","url":"https:\/\/www.ucbaby.ca\/fr\/forfaits-ultrasons","name":"Forfaits Ultrasons - UC Baby","isPartOf":{"@id":"https:\/\/www.ucbaby.ca\/#website"},"datePublished":"2014-04-21T00:07:06+00:00","dateModified":"2023-10-24T17:49:06+00:00","description":"Profitez de nos forfaits d'\u00e9chographie 3D\/4D pour capturer les moments magiques de votre grossesse. R\u00e9servez d\u00e8s aujourd'hui chez UC Baby!","breadcrumb":{"@id":"https:\/\/www.ucbaby.ca\/fr\/forfaits-ultrasons#breadcrumb"},"inLanguage":"fr-FR","potentialAction":[{"@type":"ReadAction","target":["https:\/\/www.ucbaby.ca\/fr\/forfaits-ultrasons"]}]},{"@type":"BreadcrumbList","@id":"https:\/\/www.ucbaby.ca\/fr\/forfaits-ultrasons#breadcrumb","itemListElement":[{"@type":"ListItem","position":1,"name":"Home","item":"https:\/\/www.ucbaby.ca\/"},{"@type":"ListItem","position":2,"name":"Forfaits Ultrasons"}]},{"@type":"WebSite","@id":"https:\/\/www.ucbaby.ca\/#website","url":"https:\/\/www.ucbaby.ca\/","name":"UC Baby","description":"UC Baby is Canada&#039;s #1 Trusted company for 3D, 4D and HD 5D pregnancy ultrasound services","potentialAction":[{"@type":"SearchAction","target":{"@type":"EntryPoint","urlTemplate":"https:\/\/www.ucbaby.ca\/?s={search_term_string}"},"query-input":{"@type":"PropertyValueSpecification","valueRequired":true,"valueName":"search_term_string"}}],"inLanguage":"fr-FR"}]}},"_links":{"self":[{"href":"https:\/\/www.ucbaby.ca\/fr\/wp-json\/wp\/v2\/pages\/5276","targetHints":{"allow":["GET"]}}],"collection":[{"href":"https:\/\/www.ucbaby.ca\/fr\/wp-json\/wp\/v2\/pages"}],"about":[{"href":"https:\/\/www.ucbaby.ca\/fr\/wp-json\/wp\/v2\/types\/page"}],"author":[{"embeddable":true,"href":"https:\/\/www.ucbaby.ca\/fr\/wp-json\/wp\/v2\/users\/2"}],"replies":[{"embeddable":true,"href":"https:\/\/www.ucbaby.ca\/fr\/wp-json\/wp\/v2\/comments?post=5276"}],"version-history":[{"count":0,"href":"https:\/\/www.ucbaby.ca\/fr\/wp-json\/wp\/v2\/pages\/5276\/revisions"}],"wp:attachment":[{"href":"https:\/\/www.ucbaby.ca\/fr\/wp-json\/wp\/v2\/media?parent=5276"}],"curies":[{"name":"wp","href":"https:\/\/api.w.org\/{rel}","templated":true}]}}