{"id":5267,"date":"2014-05-07T19:07:41","date_gmt":"2014-05-07T23:07:41","guid":{"rendered":"http:\/\/beta.ucbaby.ca\/?page_id=5267"},"modified":"2023-10-24T15:07:29","modified_gmt":"2023-10-24T19:07:29","slug":"demande-de-licence-uc-baby-en-dehors-du-canada","status":"publish","type":"page","link":"https:\/\/www.ucbaby.ca\/fr\/opportunites-de-franchise\/demande-de-licence-uc-baby-en-dehors-du-canada","title":{"rendered":"Demande de licence UC Baby en dehors du Canada"},"content":{"rendered":"<div role=\"form\" class=\"wpcf7\" id=\"wpcf7-f2228-o1\" lang=\"en-US\" dir=\"ltr\">\n<div class=\"screen-reader-response\"><p role=\"status\" aria-live=\"polite\" aria-atomic=\"true\"><\/p> <ul><\/ul><\/div>\n<form action=\"\/fr\/wp-json\/wp\/v2\/pages\/5267#wpcf7-f2228-o1\" method=\"post\" class=\"wpcf7-form init\" novalidate=\"novalidate\" data-status=\"init\">\n<div style=\"display: none;\">\n<input type=\"hidden\" name=\"_wpcf7\" value=\"2228\" \/>\n<input type=\"hidden\" name=\"_wpcf7_version\" value=\"5.5\" \/>\n<input type=\"hidden\" name=\"_wpcf7_locale\" value=\"en_US\" \/>\n<input type=\"hidden\" name=\"_wpcf7_unit_tag\" value=\"wpcf7-f2228-o1\" \/>\n<input type=\"hidden\" name=\"_wpcf7_container_post\" value=\"0\" \/>\n<input type=\"hidden\" name=\"_wpcf7_posted_data_hash\" value=\"\" \/>\n<input type=\"hidden\" name=\"_wpcf7_recaptcha_response\" value=\"\" \/>\n<\/div>\n<p>Pr\u00e9nom:*<br \/>\n   <span class=\"wpcf7-form-control-wrap FirstName\"><input type=\"text\" name=\"FirstName\" value=\"\" size=\"40\" class=\"wpcf7-form-control wpcf7-text wpcf7-validates-as-required\" aria-required=\"true\" aria-invalid=\"false\" \/><\/span><\/p>\n<p>Nom:*<br \/>\n<span class=\"wpcf7-form-control-wrap LastName\"><input type=\"text\" name=\"LastName\" value=\"\" size=\"40\" class=\"wpcf7-form-control wpcf7-text wpcf7-validates-as-required\" aria-required=\"true\" aria-invalid=\"false\" \/><\/span><\/p>\n<p>Courriel:*<br \/>\n<span class=\"wpcf7-form-control-wrap Email\"><input type=\"email\" name=\"Email\" value=\"\" size=\"40\" class=\"wpcf7-form-control wpcf7-text wpcf7-email wpcf7-validates-as-required wpcf7-validates-as-email\" aria-required=\"true\" aria-invalid=\"false\" \/><\/span><\/p>\n<p>T\u00e9l\u00e9phone: *<br \/>\n<span class=\"wpcf7-form-control-wrap PhoneNumber\"><input type=\"text\" name=\"PhoneNumber\" value=\"\" size=\"40\" class=\"wpcf7-form-control wpcf7-text wpcf7-validates-as-required\" aria-required=\"true\" aria-invalid=\"false\" \/><\/span><\/p>\n<p>T\u00e9l\u00e9phone (bureau):<br \/>\n<span class=\"wpcf7-form-control-wrap AlternatePhoneNumber\"><input type=\"text\" name=\"AlternatePhoneNumber\" value=\"\" size=\"40\" class=\"wpcf7-form-control wpcf7-text\" aria-invalid=\"false\" \/><\/span><\/p>\n<p>Meilleur moment pour appeler (weekend, apr\u00e8s-midi, matin, etc.):<br \/>\n<span class=\"wpcf7-form-control-wrap Besttimetocall\"><input type=\"text\" name=\"Besttimetocall\" value=\"\" size=\"40\" class=\"wpcf7-form-control wpcf7-text\" aria-invalid=\"false\" \/><\/span><\/p>\n<p>Addresse:*<br \/>\n <span class=\"wpcf7-form-control-wrap Address\"><input type=\"text\" name=\"Address\" value=\"\" size=\"40\" class=\"wpcf7-form-control wpcf7-text wpcf7-validates-as-required\" aria-required=\"true\" aria-invalid=\"false\" \/><\/span><\/p>\n<p>Ville:*<br \/>\n<span class=\"wpcf7-form-control-wrap City\"><input type=\"text\" name=\"City\" value=\"\" size=\"40\" class=\"wpcf7-form-control wpcf7-text wpcf7-validates-as-required\" aria-required=\"true\" aria-invalid=\"false\" \/><\/span><\/p>\n<p>Province:*<br \/>\n<span class=\"wpcf7-form-control-wrap Province\"><input type=\"text\" name=\"Province\" value=\"\" size=\"40\" class=\"wpcf7-form-control wpcf7-text wpcf7-validates-as-required\" aria-required=\"true\" aria-invalid=\"false\" \/><\/span><\/p>\n<p>Code Postal:*<br \/>\n<span class=\"wpcf7-form-control-wrap PostalZipCode\"><input type=\"text\" name=\"PostalZipCode\" value=\"\" size=\"40\" class=\"wpcf7-form-control wpcf7-text wpcf7-validates-as-required\" aria-required=\"true\" aria-invalid=\"false\" \/><\/span><\/p>\n<p>Quelle r\u00e9gion ou ville vous int\u00e9resse?*<br \/>\n<span class=\"wpcf7-form-control-wrap WhatareaorCityareyouinterestedin\"><input type=\"text\" name=\"WhatareaorCityareyouinterestedin\" value=\"\" size=\"40\" class=\"wpcf7-form-control wpcf7-text wpcf7-validates-as-required\" aria-required=\"true\" aria-invalid=\"false\" \/><\/span><\/p>\n<p>Nom de votre employeur ou commerce?*<br \/>\n<span class=\"wpcf7-form-control-wrap Nameofyouremployerorbusiness\"><input type=\"text\" name=\"Nameofyouremployerorbusiness\" value=\"\" size=\"40\" class=\"wpcf7-form-control wpcf7-text wpcf7-validates-as-required\" aria-required=\"true\" aria-invalid=\"false\" \/><\/span><\/p>\n<p>Depuis combien d'ann\u00e9es travaillez vous avec votre employeur ou avez vous \u00e9tabli votre commerce?*<br \/>\n<span class=\"wpcf7-form-control-wrap Howmanyyearsareyouwithyourcurrentemployerorbusiness\"><input type=\"text\" name=\"Howmanyyearsareyouwithyourcurrentemployerorbusiness\" value=\"\" size=\"40\" class=\"wpcf7-form-control wpcf7-text wpcf7-validates-as-required\" aria-required=\"true\" aria-invalid=\"false\" \/><\/span><\/p>\n<p>\u00cates-vous propri\u00e9taire d'un commerce dans un autre domaine?*<br \/>\n<span class=\"wpcf7-form-control-wrap Doyouownanexistingbusinessinanotherfield\"><select name=\"Doyouownanexistingbusinessinanotherfield\" class=\"wpcf7-form-control wpcf7-select wpcf7-validates-as-required\" aria-required=\"true\" aria-invalid=\"false\"><option value=\"NO\">NO<\/option><option value=\"YES\">YES<\/option><\/select><\/span><\/p>\n<p>Comment pr\u00e9voyez-vous travailler avec UC Baby?*<br \/>\n<span class=\"wpcf7-form-control-wrap HowdoyouseeyourselfoperatingUCBabybusiness\"><select name=\"HowdoyouseeyourselfoperatingUCBabybusiness\" class=\"wpcf7-form-control wpcf7-select wpcf7-validates-as-required\" aria-required=\"true\" aria-invalid=\"false\"><option value=\"Investor \/ Absent Owner\">Investor \/ Absent Owner<\/option><option value=\"Work at the UC Baby location\">Work at the UC Baby location<\/option><\/select><\/span><\/p>\n<p>Somme disponible pour cet investissement*<br \/>\n<span class=\"wpcf7-form-control-wrap Amountavailableforthisinvestment\"><select name=\"Amountavailableforthisinvestment\" class=\"wpcf7-form-control wpcf7-select wpcf7-validates-as-required\" aria-required=\"true\" aria-invalid=\"false\"><option value=\"$25,000\">$25,000<\/option><option value=\"$50,000\">$50,000<\/option><option value=\"$75,000\">$75,000<\/option><option value=\"$100,000\">$100,000<\/option><option value=\"more\">more<\/option><\/select><\/span><\/p>\n<p>Pr\u00e9voyez-vous financer la clinique  vous m\u00eame ou aurez vous besoin d'un pr\u00eat commercial?*<br \/>\n<span class=\"wpcf7-form-control-wrap Willyoubefundingthisyourselforneedingasmallbusinessloan\"><select name=\"Willyoubefundingthisyourselforneedingasmallbusinessloan\" class=\"wpcf7-form-control wpcf7-select wpcf7-validates-as-required\" aria-required=\"true\" aria-invalid=\"false\"><option value=\"Loan\">Loan<\/option><option value=\"Self\">Self<\/option><\/select><\/span><\/p>\n<p>\u00cates-vous dans le domaine de la sant\u00e9?* <span class=\"wpcf7-form-control-wrap Areyouinthehealthcareservice\"><select name=\"Areyouinthehealthcareservice\" class=\"wpcf7-form-control wpcf7-select wpcf7-validates-as-required\" aria-required=\"true\" aria-invalid=\"false\"><option value=\"NO\">NO<\/option><option value=\"YES\">YES<\/option><\/select><\/span><\/p>\n<p>\u00cates-vous titulaire d'une certification en \u00e9chographie?*<span class=\"wpcf7-form-control-wrap Areyouacertifiedsonographer\"><select name=\"Areyouacertifiedsonographer\" class=\"wpcf7-form-control wpcf7-select wpcf7-validates-as-required\" aria-required=\"true\" aria-invalid=\"false\"><option value=\"NO\">NO<\/option><option value=\"YES\">YES<\/option><\/select><\/span><\/p>\n<p><br\/><input type=\"submit\" value=\"Envoyer\" class=\"wpcf7-form-control has-spinner wpcf7-submit\" \/><\/p>\n<div class=\"wpcf7-response-output\" aria-hidden=\"true\"><\/div><\/form><\/div>\n","protected":false},"excerpt":{"rendered":"","protected":false},"author":2,"featured_media":0,"parent":5285,"menu_order":0,"comment_status":"closed","ping_status":"closed","template":"","meta":{"footnotes":""},"class_list":["post-5267","page","type-page","status-publish","hentry"],"yoast_head":"<!-- This site is optimized with the Yoast SEO plugin v27.5 - https:\/\/yoast.com\/product\/yoast-seo-wordpress\/ -->\n<title>Demande de licence UC Baby en dehors du Canada - UC Baby<\/title>\n<meta name=\"description\" content=\"Obtenez une licence UC Baby pour \u00e9tendre votre franchise \u00e0 l&#039;international. Profitez de cette opportunit\u00e9 exceptionnelle et rejoignez notre r\u00e9seau prosp\u00e8re.\" \/>\n<meta name=\"robots\" content=\"index, follow, max-snippet:-1, max-image-preview:large, max-video-preview:-1\" \/>\n<link rel=\"canonical\" href=\"https:\/\/www.ucbaby.ca\/fr\/opportunites-de-franchise\/demande-de-licence-uc-baby-en-dehors-du-canada\" \/>\n<meta property=\"og:locale\" content=\"fr_FR\" \/>\n<meta property=\"og:type\" content=\"article\" \/>\n<meta property=\"og:title\" content=\"Demande de licence UC Baby en dehors du Canada - UC Baby\" \/>\n<meta property=\"og:description\" content=\"Obtenez une licence UC Baby pour \u00e9tendre votre franchise \u00e0 l&#039;international. Profitez de cette opportunit\u00e9 exceptionnelle et rejoignez notre r\u00e9seau prosp\u00e8re.\" \/>\n<meta property=\"og:url\" content=\"https:\/\/www.ucbaby.ca\/fr\/opportunites-de-franchise\/demande-de-licence-uc-baby-en-dehors-du-canada\" \/>\n<meta property=\"og:site_name\" content=\"UC Baby\" \/>\n<meta property=\"article:publisher\" content=\"http:\/\/www.facebook.com\/ucbaby\" \/>\n<meta property=\"article:modified_time\" content=\"2023-10-24T19:07:29+00:00\" \/>\n<meta name=\"twitter:label1\" content=\"Dur\u00e9e de lecture estim\u00e9e\" \/>\n\t<meta name=\"twitter:data1\" content=\"1 minute\" \/>\n<script type=\"application\/ld+json\" class=\"yoast-schema-graph\">{\"@context\":\"https:\\\/\\\/schema.org\",\"@graph\":[{\"@type\":\"WebPage\",\"@id\":\"https:\\\/\\\/www.ucbaby.ca\\\/fr\\\/opportunites-de-franchise\\\/demande-de-licence-uc-baby-en-dehors-du-canada\",\"url\":\"https:\\\/\\\/www.ucbaby.ca\\\/fr\\\/opportunites-de-franchise\\\/demande-de-licence-uc-baby-en-dehors-du-canada\",\"name\":\"Demande de licence UC Baby en dehors du Canada - UC Baby\",\"isPartOf\":{\"@id\":\"https:\\\/\\\/www.ucbaby.ca\\\/#website\"},\"datePublished\":\"2014-05-07T23:07:41+00:00\",\"dateModified\":\"2023-10-24T19:07:29+00:00\",\"description\":\"Obtenez une licence UC Baby pour \u00e9tendre votre franchise \u00e0 l'international. Profitez de cette opportunit\u00e9 exceptionnelle et rejoignez notre r\u00e9seau prosp\u00e8re.\",\"breadcrumb\":{\"@id\":\"https:\\\/\\\/www.ucbaby.ca\\\/fr\\\/opportunites-de-franchise\\\/demande-de-licence-uc-baby-en-dehors-du-canada#breadcrumb\"},\"inLanguage\":\"fr-FR\",\"potentialAction\":[{\"@type\":\"ReadAction\",\"target\":[\"https:\\\/\\\/www.ucbaby.ca\\\/fr\\\/opportunites-de-franchise\\\/demande-de-licence-uc-baby-en-dehors-du-canada\"]}]},{\"@type\":\"BreadcrumbList\",\"@id\":\"https:\\\/\\\/www.ucbaby.ca\\\/fr\\\/opportunites-de-franchise\\\/demande-de-licence-uc-baby-en-dehors-du-canada#breadcrumb\",\"itemListElement\":[{\"@type\":\"ListItem\",\"position\":1,\"name\":\"Home\",\"item\":\"https:\\\/\\\/www.ucbaby.ca\\\/\"},{\"@type\":\"ListItem\",\"position\":2,\"name\":\"Opportunit\u00e9s de franchise\",\"item\":\"https:\\\/\\\/www.ucbaby.ca\\\/fr\\\/opportunites-de-franchise\"},{\"@type\":\"ListItem\",\"position\":3,\"name\":\"Demande de licence UC Baby en dehors du Canada\"}]},{\"@type\":\"WebSite\",\"@id\":\"https:\\\/\\\/www.ucbaby.ca\\\/#website\",\"url\":\"https:\\\/\\\/www.ucbaby.ca\\\/\",\"name\":\"UC Baby\",\"description\":\"UC Baby is Canada&#039;s #1 Trusted company for 3D, 4D and HD 5D pregnancy ultrasound services\",\"potentialAction\":[{\"@type\":\"SearchAction\",\"target\":{\"@type\":\"EntryPoint\",\"urlTemplate\":\"https:\\\/\\\/www.ucbaby.ca\\\/?s={search_term_string}\"},\"query-input\":{\"@type\":\"PropertyValueSpecification\",\"valueRequired\":true,\"valueName\":\"search_term_string\"}}],\"inLanguage\":\"fr-FR\"}]}<\/script>\n<!-- \/ Yoast SEO plugin. -->","yoast_head_json":{"title":"Demande de licence UC Baby en dehors du Canada - UC Baby","description":"Obtenez une licence UC Baby pour \u00e9tendre votre franchise \u00e0 l'international. Profitez de cette opportunit\u00e9 exceptionnelle et rejoignez notre r\u00e9seau prosp\u00e8re.","robots":{"index":"index","follow":"follow","max-snippet":"max-snippet:-1","max-image-preview":"max-image-preview:large","max-video-preview":"max-video-preview:-1"},"canonical":"https:\/\/www.ucbaby.ca\/fr\/opportunites-de-franchise\/demande-de-licence-uc-baby-en-dehors-du-canada","og_locale":"fr_FR","og_type":"article","og_title":"Demande de licence UC Baby en dehors du Canada - UC Baby","og_description":"Obtenez une licence UC Baby pour \u00e9tendre votre franchise \u00e0 l'international. Profitez de cette opportunit\u00e9 exceptionnelle et rejoignez notre r\u00e9seau prosp\u00e8re.","og_url":"https:\/\/www.ucbaby.ca\/fr\/opportunites-de-franchise\/demande-de-licence-uc-baby-en-dehors-du-canada","og_site_name":"UC Baby","article_publisher":"http:\/\/www.facebook.com\/ucbaby","article_modified_time":"2023-10-24T19:07:29+00:00","twitter_misc":{"Dur\u00e9e de lecture estim\u00e9e":"1 minute"},"schema":{"@context":"https:\/\/schema.org","@graph":[{"@type":"WebPage","@id":"https:\/\/www.ucbaby.ca\/fr\/opportunites-de-franchise\/demande-de-licence-uc-baby-en-dehors-du-canada","url":"https:\/\/www.ucbaby.ca\/fr\/opportunites-de-franchise\/demande-de-licence-uc-baby-en-dehors-du-canada","name":"Demande de licence UC Baby en dehors du Canada - UC Baby","isPartOf":{"@id":"https:\/\/www.ucbaby.ca\/#website"},"datePublished":"2014-05-07T23:07:41+00:00","dateModified":"2023-10-24T19:07:29+00:00","description":"Obtenez une licence UC Baby pour \u00e9tendre votre franchise \u00e0 l'international. Profitez de cette opportunit\u00e9 exceptionnelle et rejoignez notre r\u00e9seau prosp\u00e8re.","breadcrumb":{"@id":"https:\/\/www.ucbaby.ca\/fr\/opportunites-de-franchise\/demande-de-licence-uc-baby-en-dehors-du-canada#breadcrumb"},"inLanguage":"fr-FR","potentialAction":[{"@type":"ReadAction","target":["https:\/\/www.ucbaby.ca\/fr\/opportunites-de-franchise\/demande-de-licence-uc-baby-en-dehors-du-canada"]}]},{"@type":"BreadcrumbList","@id":"https:\/\/www.ucbaby.ca\/fr\/opportunites-de-franchise\/demande-de-licence-uc-baby-en-dehors-du-canada#breadcrumb","itemListElement":[{"@type":"ListItem","position":1,"name":"Home","item":"https:\/\/www.ucbaby.ca\/"},{"@type":"ListItem","position":2,"name":"Opportunit\u00e9s de franchise","item":"https:\/\/www.ucbaby.ca\/fr\/opportunites-de-franchise"},{"@type":"ListItem","position":3,"name":"Demande de licence UC Baby en dehors du Canada"}]},{"@type":"WebSite","@id":"https:\/\/www.ucbaby.ca\/#website","url":"https:\/\/www.ucbaby.ca\/","name":"UC Baby","description":"UC Baby is Canada&#039;s #1 Trusted company for 3D, 4D and HD 5D pregnancy ultrasound services","potentialAction":[{"@type":"SearchAction","target":{"@type":"EntryPoint","urlTemplate":"https:\/\/www.ucbaby.ca\/?s={search_term_string}"},"query-input":{"@type":"PropertyValueSpecification","valueRequired":true,"valueName":"search_term_string"}}],"inLanguage":"fr-FR"}]}},"_links":{"self":[{"href":"https:\/\/www.ucbaby.ca\/fr\/wp-json\/wp\/v2\/pages\/5267","targetHints":{"allow":["GET"]}}],"collection":[{"href":"https:\/\/www.ucbaby.ca\/fr\/wp-json\/wp\/v2\/pages"}],"about":[{"href":"https:\/\/www.ucbaby.ca\/fr\/wp-json\/wp\/v2\/types\/page"}],"author":[{"embeddable":true,"href":"https:\/\/www.ucbaby.ca\/fr\/wp-json\/wp\/v2\/users\/2"}],"replies":[{"embeddable":true,"href":"https:\/\/www.ucbaby.ca\/fr\/wp-json\/wp\/v2\/comments?post=5267"}],"version-history":[{"count":0,"href":"https:\/\/www.ucbaby.ca\/fr\/wp-json\/wp\/v2\/pages\/5267\/revisions"}],"up":[{"embeddable":true,"href":"https:\/\/www.ucbaby.ca\/fr\/wp-json\/wp\/v2\/pages\/5285"}],"wp:attachment":[{"href":"https:\/\/www.ucbaby.ca\/fr\/wp-json\/wp\/v2\/media?parent=5267"}],"curies":[{"name":"wp","href":"https:\/\/api.w.org\/{rel}","templated":true}]}}