{"id":5264,"date":"2014-05-07T19:05:53","date_gmt":"2014-05-07T23:05:53","guid":{"rendered":"http:\/\/beta.ucbaby.ca\/?page_id=5264"},"modified":"2023-10-24T14:00:06","modified_gmt":"2023-10-24T18:00:06","slug":"coordonnees","status":"publish","type":"page","link":"https:\/\/www.ucbaby.ca\/fr\/opportunites-de-franchise\/coordonnees","title":{"rendered":"Coordonn\u00e9es"},"content":{"rendered":"<h3>T\u00e9l.:\u00a0<span style=\"color: #0000ff;\"><a href=\"tel:9056159732\"><span style=\"color: #0000ff;\">905-615-9732<\/span><\/a><\/span><\/h3>\n<h3>Courriel:\u00a0<span style=\"color: #0000ff;\"><a href=\"mailto:admin@ucbaby.net\"><span style=\"color: #0000ff;\">admin@ucbaby.net<\/span><\/a><\/span><\/h3>\n","protected":false},"excerpt":{"rendered":"<p>T\u00e9l.:\u00a0905-615-9732 Courriel:\u00a0admin@ucbaby.net<\/p>\n","protected":false},"author":2,"featured_media":0,"parent":5285,"menu_order":0,"comment_status":"closed","ping_status":"closed","template":"","meta":{"footnotes":""},"class_list":["post-5264","page","type-page","status-publish","hentry"],"yoast_head":"<!-- This site is optimized with the Yoast SEO plugin v27.5 - https:\/\/yoast.com\/product\/yoast-seo-wordpress\/ -->\n<title>Coordonn\u00e9es - UC Baby<\/title>\n<meta name=\"description\" content=\"UC Baby offre des opportunit\u00e9s de franchise dans le domaine de l&#039;\u00e9chographie 3D\/4D. Contactez-nous pour plus d&#039;informations sur nos coordonn\u00e9es.\" \/>\n<meta name=\"robots\" content=\"index, follow, max-snippet:-1, max-image-preview:large, max-video-preview:-1\" \/>\n<link rel=\"canonical\" href=\"https:\/\/www.ucbaby.ca\/fr\/opportunites-de-franchise\/coordonnees\" \/>\n<meta property=\"og:locale\" content=\"fr_FR\" \/>\n<meta property=\"og:type\" content=\"article\" \/>\n<meta property=\"og:title\" content=\"Coordonn\u00e9es - UC Baby\" \/>\n<meta property=\"og:description\" content=\"UC Baby offre des opportunit\u00e9s de franchise dans le domaine de l&#039;\u00e9chographie 3D\/4D. Contactez-nous pour plus d&#039;informations sur nos coordonn\u00e9es.\" \/>\n<meta property=\"og:url\" content=\"https:\/\/www.ucbaby.ca\/fr\/opportunites-de-franchise\/coordonnees\" \/>\n<meta property=\"og:site_name\" content=\"UC Baby\" \/>\n<meta property=\"article:publisher\" content=\"http:\/\/www.facebook.com\/ucbaby\" \/>\n<meta property=\"article:modified_time\" content=\"2023-10-24T18:00:06+00:00\" \/>\n<meta name=\"twitter:label1\" content=\"Dur\u00e9e de lecture estim\u00e9e\" \/>\n\t<meta name=\"twitter:data1\" content=\"1 minute\" \/>\n<script type=\"application\/ld+json\" class=\"yoast-schema-graph\">{\"@context\":\"https:\\\/\\\/schema.org\",\"@graph\":[{\"@type\":\"WebPage\",\"@id\":\"https:\\\/\\\/www.ucbaby.ca\\\/fr\\\/opportunites-de-franchise\\\/coordonnees\",\"url\":\"https:\\\/\\\/www.ucbaby.ca\\\/fr\\\/opportunites-de-franchise\\\/coordonnees\",\"name\":\"Coordonn\u00e9es - UC Baby\",\"isPartOf\":{\"@id\":\"https:\\\/\\\/www.ucbaby.ca\\\/#website\"},\"datePublished\":\"2014-05-07T23:05:53+00:00\",\"dateModified\":\"2023-10-24T18:00:06+00:00\",\"description\":\"UC Baby offre des opportunit\u00e9s de franchise dans le domaine de l'\u00e9chographie 3D\\\/4D. Contactez-nous pour plus d'informations sur nos coordonn\u00e9es.\",\"breadcrumb\":{\"@id\":\"https:\\\/\\\/www.ucbaby.ca\\\/fr\\\/opportunites-de-franchise\\\/coordonnees#breadcrumb\"},\"inLanguage\":\"fr-FR\",\"potentialAction\":[{\"@type\":\"ReadAction\",\"target\":[\"https:\\\/\\\/www.ucbaby.ca\\\/fr\\\/opportunites-de-franchise\\\/coordonnees\"]}]},{\"@type\":\"BreadcrumbList\",\"@id\":\"https:\\\/\\\/www.ucbaby.ca\\\/fr\\\/opportunites-de-franchise\\\/coordonnees#breadcrumb\",\"itemListElement\":[{\"@type\":\"ListItem\",\"position\":1,\"name\":\"Home\",\"item\":\"https:\\\/\\\/www.ucbaby.ca\\\/\"},{\"@type\":\"ListItem\",\"position\":2,\"name\":\"Opportunit\u00e9s de franchise\",\"item\":\"https:\\\/\\\/www.ucbaby.ca\\\/fr\\\/opportunites-de-franchise\"},{\"@type\":\"ListItem\",\"position\":3,\"name\":\"Coordonn\u00e9es\"}]},{\"@type\":\"WebSite\",\"@id\":\"https:\\\/\\\/www.ucbaby.ca\\\/#website\",\"url\":\"https:\\\/\\\/www.ucbaby.ca\\\/\",\"name\":\"UC Baby\",\"description\":\"UC Baby is Canada&#039;s #1 Trusted company for 3D, 4D and HD 5D pregnancy ultrasound services\",\"potentialAction\":[{\"@type\":\"SearchAction\",\"target\":{\"@type\":\"EntryPoint\",\"urlTemplate\":\"https:\\\/\\\/www.ucbaby.ca\\\/?s={search_term_string}\"},\"query-input\":{\"@type\":\"PropertyValueSpecification\",\"valueRequired\":true,\"valueName\":\"search_term_string\"}}],\"inLanguage\":\"fr-FR\"}]}<\/script>\n<!-- \/ Yoast SEO plugin. -->","yoast_head_json":{"title":"Coordonn\u00e9es - UC Baby","description":"UC Baby offre des opportunit\u00e9s de franchise dans le domaine de l'\u00e9chographie 3D\/4D. Contactez-nous pour plus d'informations sur nos coordonn\u00e9es.","robots":{"index":"index","follow":"follow","max-snippet":"max-snippet:-1","max-image-preview":"max-image-preview:large","max-video-preview":"max-video-preview:-1"},"canonical":"https:\/\/www.ucbaby.ca\/fr\/opportunites-de-franchise\/coordonnees","og_locale":"fr_FR","og_type":"article","og_title":"Coordonn\u00e9es - UC Baby","og_description":"UC Baby offre des opportunit\u00e9s de franchise dans le domaine de l'\u00e9chographie 3D\/4D. Contactez-nous pour plus d'informations sur nos coordonn\u00e9es.","og_url":"https:\/\/www.ucbaby.ca\/fr\/opportunites-de-franchise\/coordonnees","og_site_name":"UC Baby","article_publisher":"http:\/\/www.facebook.com\/ucbaby","article_modified_time":"2023-10-24T18:00:06+00:00","twitter_misc":{"Dur\u00e9e de lecture estim\u00e9e":"1 minute"},"schema":{"@context":"https:\/\/schema.org","@graph":[{"@type":"WebPage","@id":"https:\/\/www.ucbaby.ca\/fr\/opportunites-de-franchise\/coordonnees","url":"https:\/\/www.ucbaby.ca\/fr\/opportunites-de-franchise\/coordonnees","name":"Coordonn\u00e9es - UC Baby","isPartOf":{"@id":"https:\/\/www.ucbaby.ca\/#website"},"datePublished":"2014-05-07T23:05:53+00:00","dateModified":"2023-10-24T18:00:06+00:00","description":"UC Baby offre des opportunit\u00e9s de franchise dans le domaine de l'\u00e9chographie 3D\/4D. Contactez-nous pour plus d'informations sur nos coordonn\u00e9es.","breadcrumb":{"@id":"https:\/\/www.ucbaby.ca\/fr\/opportunites-de-franchise\/coordonnees#breadcrumb"},"inLanguage":"fr-FR","potentialAction":[{"@type":"ReadAction","target":["https:\/\/www.ucbaby.ca\/fr\/opportunites-de-franchise\/coordonnees"]}]},{"@type":"BreadcrumbList","@id":"https:\/\/www.ucbaby.ca\/fr\/opportunites-de-franchise\/coordonnees#breadcrumb","itemListElement":[{"@type":"ListItem","position":1,"name":"Home","item":"https:\/\/www.ucbaby.ca\/"},{"@type":"ListItem","position":2,"name":"Opportunit\u00e9s de franchise","item":"https:\/\/www.ucbaby.ca\/fr\/opportunites-de-franchise"},{"@type":"ListItem","position":3,"name":"Coordonn\u00e9es"}]},{"@type":"WebSite","@id":"https:\/\/www.ucbaby.ca\/#website","url":"https:\/\/www.ucbaby.ca\/","name":"UC Baby","description":"UC Baby is Canada&#039;s #1 Trusted company for 3D, 4D and HD 5D pregnancy ultrasound services","potentialAction":[{"@type":"SearchAction","target":{"@type":"EntryPoint","urlTemplate":"https:\/\/www.ucbaby.ca\/?s={search_term_string}"},"query-input":{"@type":"PropertyValueSpecification","valueRequired":true,"valueName":"search_term_string"}}],"inLanguage":"fr-FR"}]}},"_links":{"self":[{"href":"https:\/\/www.ucbaby.ca\/fr\/wp-json\/wp\/v2\/pages\/5264","targetHints":{"allow":["GET"]}}],"collection":[{"href":"https:\/\/www.ucbaby.ca\/fr\/wp-json\/wp\/v2\/pages"}],"about":[{"href":"https:\/\/www.ucbaby.ca\/fr\/wp-json\/wp\/v2\/types\/page"}],"author":[{"embeddable":true,"href":"https:\/\/www.ucbaby.ca\/fr\/wp-json\/wp\/v2\/users\/2"}],"replies":[{"embeddable":true,"href":"https:\/\/www.ucbaby.ca\/fr\/wp-json\/wp\/v2\/comments?post=5264"}],"version-history":[{"count":0,"href":"https:\/\/www.ucbaby.ca\/fr\/wp-json\/wp\/v2\/pages\/5264\/revisions"}],"up":[{"embeddable":true,"href":"https:\/\/www.ucbaby.ca\/fr\/wp-json\/wp\/v2\/pages\/5285"}],"wp:attachment":[{"href":"https:\/\/www.ucbaby.ca\/fr\/wp-json\/wp\/v2\/media?parent=5264"}],"curies":[{"name":"wp","href":"https:\/\/api.w.org\/{rel}","templated":true}]}}