{"id":5260,"date":"2025-03-20T12:03:55","date_gmt":"2025-03-20T16:03:55","guid":{"rendered":"http:\/\/beta.ucbaby.ca\/?page_id=5260"},"modified":"2025-03-20T13:25:56","modified_gmt":"2025-03-20T17:25:56","slug":"oursons-coups-de-coeur","status":"publish","type":"page","link":"https:\/\/www.ucbaby.ca\/fr\/oursons-coups-de-coeur","title":{"rendered":"Oursons \u00e0 c\u0153ur battant"},"content":{"rendered":"<p><img decoding=\"async\" class=\"alignright wp-image-6249 size-full lazyload\" data-src=\"http:\/\/www.ucbaby.ca\/wp-content\/uploads\/2014\/04\/HBB.jpg\" alt=\"Ourson UC Baby 3D \u00c9chographie avec Battements de C\u0153ur\u00ae\" width=\"253\" height=\"286\" src=\"data:image\/svg+xml;base64,PHN2ZyB3aWR0aD0iMSIgaGVpZ2h0PSIxIiB4bWxucz0iaHR0cDovL3d3dy53My5vcmcvMjAwMC9zdmciPjwvc3ZnPg==\" style=\"--smush-placeholder-width: 253px; --smush-placeholder-aspect-ratio: 253\/286;\" \/><\/p>\n<h2>Capturez le Plus Beau Son \u2013 Les Battements de C\u0153ur de Votre B\u00e9b\u00e9<\/h2>\n<p>Vivez la magie des battements de c\u0153ur de votre b\u00e9b\u00e9 comme jamais auparavant avec les <strong>Oursons \u00e0 Battements de C\u0153ur UC BABY\u00ae<\/strong>. Ce rythme apaisant qui emplit votre c\u0153ur peut \u00eatre captur\u00e9 et ch\u00e9ri pour toujours. Gr\u00e2ce \u00e0 notre technologie avanc\u00e9e, vous pouvez pr\u00e9server cette \u00e9motion indescriptible et ressentir un lien unique avec votre b\u00e9b\u00e9 avant m\u00eame sa naissance.<\/p>\n<p>Avec <a href=\"https:\/\/www.ucbaby.ca\/profile\"><strong>UC BABY\u00ae<\/strong><\/a>, choisissez parmi une s\u00e9lection d&rsquo;oursons doux et adorables, con\u00e7us pour garder pr\u00e9cieusement ces souvenirs inestimables pr\u00e8s de votre c\u0153ur.<\/p>\n<p>Que ce soit pour vous-m\u00eame ou comme cadeau id\u00e9al pour une future maman, nos <strong>Oursons \u00e0 Battements de C\u0153ur UC BABY\u00ae<\/strong> sont un choix unique et rempli de sens. \u00c0 chaque pression sur leur corps moelleux, vous revivrez la magie du miracle qui grandit en vous.<\/p>\n<div class=\"video-container\"><iframe title=\"Le Battement de C\u0153ur de Votre B\u00e9b\u00e9, Captur\u00e9 pour Toujours | UC Baby\" width=\"1060\" height=\"596\" data-src=\"https:\/\/www.youtube.com\/embed\/oPUwlGWnIdM?feature=oembed\" frameborder=\"0\" allow=\"accelerometer; autoplay; clipboard-write; encrypted-media; gyroscope; picture-in-picture; web-share\" referrerpolicy=\"strict-origin-when-cross-origin\" allowfullscreen src=\"data:image\/svg+xml;base64,PHN2ZyB3aWR0aD0iMSIgaGVpZ2h0PSIxIiB4bWxucz0iaHR0cDovL3d3dy53My5vcmcvMjAwMC9zdmciPjwvc3ZnPg==\" class=\"lazyload\" data-load-mode=\"1\"><\/iframe><\/div>\n<p>&nbsp;<\/p>\n<h3>Un Cadeau de Bonheur pour les Grands-Parents<\/h3>\n<p>Ces adorables <strong>Oursons UC BABY\u00ae<\/strong> ne sont pas seulement des souvenirs pr\u00e9cieux pour les futurs parents. Ils sont aussi une merveilleuse surprise pour les futurs grands-parents. Imaginez leur \u00e9motion lorsqu\u2019ils entendront pour la premi\u00e8re fois les battements de c\u0153ur de leur petit-enfant. Offrez-leur cette exp\u00e9rience unique et apportez encore plus de bonheur dans leur vie.<\/p>\n<h3>Un Souvenir Pr\u00e9cieux de Votre Grossesse<\/h3>\n<p>Entendre les battements de c\u0153ur de votre b\u00e9b\u00e9, immortalis\u00e9s dans un ourson doux et affectueux, c\u2019est comme figer le temps. Ce souvenir exceptionnel vous remplira d\u2019\u00e9motion chaque fois que vous le serrerez contre vous, vous rappelant le merveilleux voyage que vous partagez avec votre b\u00e9b\u00e9. Conservez ces instants magiques pour toujours avec un <strong>Ourson \u00e0 Battements de C\u0153ur\u00ae<\/strong>.<\/p>\n<h3>Un Cadeau Sp\u00e9cial pour Votre Enfant<\/h3>\n<p>Ce souvenir unique capture les battements de c\u0153ur de votre b\u00e9b\u00e9 lorsqu&rsquo;il \u00e9tait encore dans le ventre de sa maman. Un tr\u00e9sor qui sera ch\u00e9ri durant toute une vie, rappelant le lien extraordinaire entre une m\u00e8re et son enfant.<\/p>\n<h3>Enregistrement des Battements de C\u0153ur d\u00e8s les Premi\u00e8res Semaines<\/h3>\n<p>Nous commen\u00e7ons \u00e0 capturer ces moments remplis d\u2019\u00e9motion d\u00e8s la neuvi\u00e8me semaine de grossesse. C\u2019est une occasion unique d\u2019\u00e9tablir un lien profond avec votre b\u00e9b\u00e9, d\u2019une mani\u00e8re que les mots ne peuvent exprimer.<\/p>\n<p>D\u00e8s 9 semaines de grossesse, nous enregistrons ces sons si pr\u00e9cieux qui vous laisseront sans voix. Ces instants magiques vous permettent de ressentir une connexion inoubliable avec votre tout-petit.<\/p>\n<h3>Enregistrement des Battements de C\u0153ur pour la Famille et les Proches<\/h3>\n<p>Ne vous contentez pas d\u2019entendre les battements de c\u0153ur de votre b\u00e9b\u00e9. Gr\u00e2ce \u00e0 notre technologie avanc\u00e9e d\u2019\u00e9chographie 3D, nous pouvons \u00e9galement enregistrer les battements de c\u0153ur des personnes qui vous sont ch\u00e8res. Que ce soit vos enfants, votre conjoint ou m\u00eame vous-m\u00eame, cr\u00e9ez des souvenirs uniques et personnalis\u00e9s.<\/p>\n<h2>Le Cadeau Id\u00e9al pour Immortaliser Votre Grossesse<\/h2>\n<p>Les <strong>Oursons \u00e0 Battements de C\u0153ur UC BABY\u00ae<\/strong> sont des cadeaux attentionn\u00e9s qui vont bien au-del\u00e0 des souvenirs ordinaires. Que ce soit pour les grands-parents, les fr\u00e8res et s\u0153urs ou comme surprise lors d&rsquo;une f\u00eate pr\u00e9natale, offrir un <strong>Ourson \u00e0 Battements de C\u0153ur\u00ae<\/strong> est un geste rempli d\u2019amour qui trouvera une place pr\u00e9cieuse dans le c\u0153ur de vos proches.<\/p>\n<p>Ces oursons ne sont pas seulement des souvenirs, mais de v\u00e9ritables tr\u00e9sors qui seront aim\u00e9s et gard\u00e9s pr\u00e9cieusement pour toujours. Chez <strong>UC BABY\u00ae<\/strong>, nous vous aidons \u00e0 cr\u00e9er des souvenirs inoubliables de votre grossesse, et nos <strong>Oursons \u00e0 Battements de C\u0153ur\u00ae<\/strong> sont un magnifique moyen d\u2019y parvenir.<\/p>\n<p>&nbsp;<\/p>\n<div class=\"title_line margin-b20\"><h3 class=\"featured_article_title\" data-rt-animate=\"animate\" data-rt-animation-type=\"fade\" data-rt-animation-group=\"single\"> Prix des Oursons \u00e0 Battements de C\u0153ur<sup><sup>\u00ae<\/sup><\/sup><\/h3><\/div>\n\t \n\t \n\t\t\n\t\t<ul class=\"with_icons colored big_icons default_size\" data-rt-animation-group=\"group\">\n\t\t\n <li class=\"box three first\" data-rt-animate=\"animate\" data-rt-animation-type=\"fadeInDown\"><span class=\"icon-heart-1 icon\"><\/span> <p>\n<h3>35$<\/h3>\n<p>Avec s\u00e9ance d\u2019\u00e9chographie (battements de c\u0153ur inclus)<\/p><\/li>\n <li class=\"box three\" data-rt-animate=\"animate\" data-rt-animation-type=\"fadeInDown\"><span class=\"icon-heart-1 icon\"><\/span> <p>\n<h3>45$<\/h3>\n<p>Kit Ourson \u00e0 Battements de C\u0153ur<sup><sup>\u00ae<\/sup><\/sup> sans enregistrement sonore<\/p><\/li>\n <li class=\"box three last\" data-rt-animate=\"animate\" data-rt-animation-type=\"fadeInDown\"><span class=\"icon-heart-1 icon\"><\/span> <p>\n<h3>75$<\/h3>\n<p>Kit Ourson \u00e0 Battements de C\u0153ur<sup>\u00ae<\/sup> avec enregistrement des battements de c\u0153ur (sans autre service)<\/p><\/li>\n\n\t\t<\/ul>\n\t\n","protected":false},"excerpt":{"rendered":"<p>Capturez le Plus Beau Son \u2013 Les Battements de C\u0153ur de Votre B\u00e9b\u00e9 Vivez la magie des battements de c\u0153ur de votre b\u00e9b\u00e9 comme jamais auparavant avec les Oursons \u00e0 Battements de C\u0153ur UC BABY\u00ae. Ce rythme apaisant qui emplit votre c\u0153ur peut \u00eatre captur\u00e9 et ch\u00e9ri pour toujours. Gr\u00e2ce \u00e0 notre technologie avanc\u00e9e, vous [&hellip;]<\/p>\n","protected":false},"author":2,"featured_media":0,"parent":0,"menu_order":0,"comment_status":"closed","ping_status":"closed","template":"","meta":{"footnotes":""},"class_list":["post-5260","page","type-page","status-publish","hentry"],"yoast_head":"<!-- This site is optimized with the Yoast SEO plugin v27.6 - https:\/\/yoast.com\/product\/yoast-seo-wordpress\/ -->\n<title>Oursons \u00e0 c\u0153ur battant - UC Baby<\/title>\n<meta name=\"description\" content=\"D\u00e9couvrez notre collection d&#039;oursons adorables pour les moments les plus pr\u00e9cieux de la vie. Des cadeaux parfaits pour les petits et les grands. Achetez maintenant!\" \/>\n<meta name=\"robots\" content=\"index, follow, max-snippet:-1, max-image-preview:large, max-video-preview:-1\" \/>\n<link rel=\"canonical\" href=\"https:\/\/www.ucbaby.ca\/fr\/oursons-coups-de-coeur\" \/>\n<meta property=\"og:locale\" content=\"fr_FR\" \/>\n<meta property=\"og:type\" content=\"article\" \/>\n<meta property=\"og:title\" content=\"Oursons \u00e0 c\u0153ur battant - UC Baby\" \/>\n<meta property=\"og:description\" content=\"D\u00e9couvrez notre collection d&#039;oursons adorables pour les moments les plus pr\u00e9cieux de la vie. Des cadeaux parfaits pour les petits et les grands. Achetez maintenant!\" \/>\n<meta property=\"og:url\" content=\"https:\/\/www.ucbaby.ca\/fr\/oursons-coups-de-coeur\" \/>\n<meta property=\"og:site_name\" content=\"UC Baby\" \/>\n<meta property=\"article:publisher\" content=\"http:\/\/www.facebook.com\/ucbaby\" \/>\n<meta property=\"article:modified_time\" content=\"2025-03-20T17:25:56+00:00\" \/>\n<meta property=\"og:image\" content=\"http:\/\/www.ucbaby.ca\/wp-content\/uploads\/2014\/04\/HBB.jpg\" \/>\n<meta name=\"twitter:label1\" content=\"Dur\u00e9e de lecture estim\u00e9e\" \/>\n\t<meta name=\"twitter:data1\" content=\"3 minutes\" \/>\n<script type=\"application\/ld+json\" class=\"yoast-schema-graph\">{\"@context\":\"https:\\\/\\\/schema.org\",\"@graph\":[{\"@type\":\"WebPage\",\"@id\":\"https:\\\/\\\/www.ucbaby.ca\\\/fr\\\/oursons-coups-de-coeur\",\"url\":\"https:\\\/\\\/www.ucbaby.ca\\\/fr\\\/oursons-coups-de-coeur\",\"name\":\"Oursons \u00e0 c\u0153ur battant - UC Baby\",\"isPartOf\":{\"@id\":\"https:\\\/\\\/www.ucbaby.ca\\\/#website\"},\"primaryImageOfPage\":{\"@id\":\"https:\\\/\\\/www.ucbaby.ca\\\/fr\\\/oursons-coups-de-coeur#primaryimage\"},\"image\":{\"@id\":\"https:\\\/\\\/www.ucbaby.ca\\\/fr\\\/oursons-coups-de-coeur#primaryimage\"},\"thumbnailUrl\":\"http:\\\/\\\/www.ucbaby.ca\\\/wp-content\\\/uploads\\\/2014\\\/04\\\/HBB.jpg\",\"datePublished\":\"2025-03-20T16:03:55+00:00\",\"dateModified\":\"2025-03-20T17:25:56+00:00\",\"description\":\"D\u00e9couvrez notre collection d'oursons adorables pour les moments les plus pr\u00e9cieux de la vie. Des cadeaux parfaits pour les petits et les grands. Achetez maintenant!\",\"breadcrumb\":{\"@id\":\"https:\\\/\\\/www.ucbaby.ca\\\/fr\\\/oursons-coups-de-coeur#breadcrumb\"},\"inLanguage\":\"fr-FR\",\"potentialAction\":[{\"@type\":\"ReadAction\",\"target\":[\"https:\\\/\\\/www.ucbaby.ca\\\/fr\\\/oursons-coups-de-coeur\"]}]},{\"@type\":\"ImageObject\",\"inLanguage\":\"fr-FR\",\"@id\":\"https:\\\/\\\/www.ucbaby.ca\\\/fr\\\/oursons-coups-de-coeur#primaryimage\",\"url\":\"http:\\\/\\\/www.ucbaby.ca\\\/wp-content\\\/uploads\\\/2014\\\/04\\\/HBB.jpg\",\"contentUrl\":\"http:\\\/\\\/www.ucbaby.ca\\\/wp-content\\\/uploads\\\/2014\\\/04\\\/HBB.jpg\"},{\"@type\":\"BreadcrumbList\",\"@id\":\"https:\\\/\\\/www.ucbaby.ca\\\/fr\\\/oursons-coups-de-coeur#breadcrumb\",\"itemListElement\":[{\"@type\":\"ListItem\",\"position\":1,\"name\":\"Home\",\"item\":\"https:\\\/\\\/www.ucbaby.ca\\\/\"},{\"@type\":\"ListItem\",\"position\":2,\"name\":\"Oursons \u00e0 c\u0153ur battant\"}]},{\"@type\":\"WebSite\",\"@id\":\"https:\\\/\\\/www.ucbaby.ca\\\/#website\",\"url\":\"https:\\\/\\\/www.ucbaby.ca\\\/\",\"name\":\"UC Baby\",\"description\":\"UC Baby is Canada&#039;s #1 Trusted company for 3D, 4D and HD 5D pregnancy ultrasound services\",\"potentialAction\":[{\"@type\":\"SearchAction\",\"target\":{\"@type\":\"EntryPoint\",\"urlTemplate\":\"https:\\\/\\\/www.ucbaby.ca\\\/?s={search_term_string}\"},\"query-input\":{\"@type\":\"PropertyValueSpecification\",\"valueRequired\":true,\"valueName\":\"search_term_string\"}}],\"inLanguage\":\"fr-FR\"}]}<\/script>\n<!-- \/ Yoast SEO plugin. -->","yoast_head_json":{"title":"Oursons \u00e0 c\u0153ur battant - UC Baby","description":"D\u00e9couvrez notre collection d'oursons adorables pour les moments les plus pr\u00e9cieux de la vie. Des cadeaux parfaits pour les petits et les grands. Achetez maintenant!","robots":{"index":"index","follow":"follow","max-snippet":"max-snippet:-1","max-image-preview":"max-image-preview:large","max-video-preview":"max-video-preview:-1"},"canonical":"https:\/\/www.ucbaby.ca\/fr\/oursons-coups-de-coeur","og_locale":"fr_FR","og_type":"article","og_title":"Oursons \u00e0 c\u0153ur battant - UC Baby","og_description":"D\u00e9couvrez notre collection d'oursons adorables pour les moments les plus pr\u00e9cieux de la vie. Des cadeaux parfaits pour les petits et les grands. Achetez maintenant!","og_url":"https:\/\/www.ucbaby.ca\/fr\/oursons-coups-de-coeur","og_site_name":"UC Baby","article_publisher":"http:\/\/www.facebook.com\/ucbaby","article_modified_time":"2025-03-20T17:25:56+00:00","og_image":[{"url":"http:\/\/www.ucbaby.ca\/wp-content\/uploads\/2014\/04\/HBB.jpg","type":"","width":"","height":""}],"twitter_misc":{"Dur\u00e9e de lecture estim\u00e9e":"3 minutes"},"schema":{"@context":"https:\/\/schema.org","@graph":[{"@type":"WebPage","@id":"https:\/\/www.ucbaby.ca\/fr\/oursons-coups-de-coeur","url":"https:\/\/www.ucbaby.ca\/fr\/oursons-coups-de-coeur","name":"Oursons \u00e0 c\u0153ur battant - UC Baby","isPartOf":{"@id":"https:\/\/www.ucbaby.ca\/#website"},"primaryImageOfPage":{"@id":"https:\/\/www.ucbaby.ca\/fr\/oursons-coups-de-coeur#primaryimage"},"image":{"@id":"https:\/\/www.ucbaby.ca\/fr\/oursons-coups-de-coeur#primaryimage"},"thumbnailUrl":"http:\/\/www.ucbaby.ca\/wp-content\/uploads\/2014\/04\/HBB.jpg","datePublished":"2025-03-20T16:03:55+00:00","dateModified":"2025-03-20T17:25:56+00:00","description":"D\u00e9couvrez notre collection d'oursons adorables pour les moments les plus pr\u00e9cieux de la vie. Des cadeaux parfaits pour les petits et les grands. Achetez maintenant!","breadcrumb":{"@id":"https:\/\/www.ucbaby.ca\/fr\/oursons-coups-de-coeur#breadcrumb"},"inLanguage":"fr-FR","potentialAction":[{"@type":"ReadAction","target":["https:\/\/www.ucbaby.ca\/fr\/oursons-coups-de-coeur"]}]},{"@type":"ImageObject","inLanguage":"fr-FR","@id":"https:\/\/www.ucbaby.ca\/fr\/oursons-coups-de-coeur#primaryimage","url":"http:\/\/www.ucbaby.ca\/wp-content\/uploads\/2014\/04\/HBB.jpg","contentUrl":"http:\/\/www.ucbaby.ca\/wp-content\/uploads\/2014\/04\/HBB.jpg"},{"@type":"BreadcrumbList","@id":"https:\/\/www.ucbaby.ca\/fr\/oursons-coups-de-coeur#breadcrumb","itemListElement":[{"@type":"ListItem","position":1,"name":"Home","item":"https:\/\/www.ucbaby.ca\/"},{"@type":"ListItem","position":2,"name":"Oursons \u00e0 c\u0153ur battant"}]},{"@type":"WebSite","@id":"https:\/\/www.ucbaby.ca\/#website","url":"https:\/\/www.ucbaby.ca\/","name":"UC Baby","description":"UC Baby is Canada&#039;s #1 Trusted company for 3D, 4D and HD 5D pregnancy ultrasound services","potentialAction":[{"@type":"SearchAction","target":{"@type":"EntryPoint","urlTemplate":"https:\/\/www.ucbaby.ca\/?s={search_term_string}"},"query-input":{"@type":"PropertyValueSpecification","valueRequired":true,"valueName":"search_term_string"}}],"inLanguage":"fr-FR"}]}},"_links":{"self":[{"href":"https:\/\/www.ucbaby.ca\/fr\/wp-json\/wp\/v2\/pages\/5260","targetHints":{"allow":["GET"]}}],"collection":[{"href":"https:\/\/www.ucbaby.ca\/fr\/wp-json\/wp\/v2\/pages"}],"about":[{"href":"https:\/\/www.ucbaby.ca\/fr\/wp-json\/wp\/v2\/types\/page"}],"author":[{"embeddable":true,"href":"https:\/\/www.ucbaby.ca\/fr\/wp-json\/wp\/v2\/users\/2"}],"replies":[{"embeddable":true,"href":"https:\/\/www.ucbaby.ca\/fr\/wp-json\/wp\/v2\/comments?post=5260"}],"version-history":[{"count":5,"href":"https:\/\/www.ucbaby.ca\/fr\/wp-json\/wp\/v2\/pages\/5260\/revisions"}],"predecessor-version":[{"id":30183,"href":"https:\/\/www.ucbaby.ca\/fr\/wp-json\/wp\/v2\/pages\/5260\/revisions\/30183"}],"wp:attachment":[{"href":"https:\/\/www.ucbaby.ca\/fr\/wp-json\/wp\/v2\/media?parent=5260"}],"curies":[{"name":"wp","href":"https:\/\/api.w.org\/{rel}","templated":true}]}}