{"id":5257,"date":"2014-05-07T19:02:02","date_gmt":"2014-05-07T23:02:02","guid":{"rendered":"http:\/\/beta.ucbaby.ca\/?page_id=5257"},"modified":"2024-06-24T17:32:18","modified_gmt":"2024-06-24T21:32:18","slug":"demander-un-rendez-vous","status":"publish","type":"page","link":"https:\/\/www.ucbaby.ca\/fr\/demander-un-rendez-vous","title":{"rendered":"Demander un rendez-vous"},"content":{"rendered":"<h3>Veuillez entrer vos informations ci-dessous et un repr\u00e9sentant de UC Baby communiquera avec vous dans les plus brefs d\u00e9lais.<\/h3>\n<p><strong>Remarque :<\/strong><\/p>\n<ul>\n<li>Ce formulaire est une <strong><em>demande de rendez-vous uniquement<\/em><\/strong>. La date exacte sera fix\u00e9e par la clinique que vous avez choisie.<\/li>\n<li>Tous les champs marqu\u00e9s d\u2019une <strong>*<\/strong> sont obligatoires<\/li>\n<\/ul>\n<hr class=\"style-eight margin-t30 margin-b20 \"  data-rt-animate=\"animate\" data-rt-animation-type=\"fadeInDown\" data-rt-animation-group=\"single\" >\n<div role=\"form\" class=\"wpcf7\" id=\"wpcf7-f28355-o1\" lang=\"en-US\" dir=\"ltr\">\n<div class=\"screen-reader-response\"><p role=\"status\" aria-live=\"polite\" aria-atomic=\"true\"><\/p> <ul><\/ul><\/div>\n<form action=\"\/fr\/wp-json\/wp\/v2\/pages\/5257#wpcf7-f28355-o1\" method=\"post\" class=\"wpcf7-form init\" novalidate=\"novalidate\" data-status=\"init\">\n<div style=\"display: none;\">\n<input type=\"hidden\" name=\"_wpcf7\" value=\"28355\" \/>\n<input type=\"hidden\" name=\"_wpcf7_version\" value=\"5.5\" \/>\n<input type=\"hidden\" name=\"_wpcf7_locale\" value=\"en_US\" \/>\n<input type=\"hidden\" name=\"_wpcf7_unit_tag\" value=\"wpcf7-f28355-o1\" \/>\n<input type=\"hidden\" name=\"_wpcf7_container_post\" value=\"0\" \/>\n<input type=\"hidden\" name=\"_wpcf7_posted_data_hash\" value=\"\" \/>\n<input type=\"hidden\" name=\"_wpcf7_recaptcha_response\" value=\"\" \/>\n<\/div>\n<div class=\"wpcf7-response-output\" aria-hidden=\"true\"><\/div><br \/>\n<table border=0 width=100% cellspacing=10>\n<tr>\n<td colspan=2>\nLieu demand\u00e9*<br \/>\n<span class=\"wpcf7-form-control-wrap location\"><select name=\"location\" class=\"wpcf7-form-control wpcf7-select wpcf7-validates-as-required\" id=\"location\" aria-required=\"true\" aria-invalid=\"false\"><option value=\"\">---<\/option><option value=\"Abbotsford\">Abbotsford<\/option><option value=\"Barrie\">Barrie<\/option><option value=\"Brampton\">Brampton<\/option><option value=\"Burnaby - Vancouver\">Burnaby - Vancouver<\/option><option value=\"Calgary\">Calgary<\/option><option value=\"Cambridge\">Cambridge<\/option><option value=\"Collingwood\">Collingwood<\/option><option value=\"Edmonton\">Edmonton<\/option><option value=\"Halifax Bedford\">Halifax Bedford<\/option><option value=\"Halifax Center\">Halifax Center<\/option><option value=\"Hamilton\">Hamilton<\/option><option value=\"London\">London<\/option><option value=\"Mississauga\">Mississauga<\/option><option value=\"Moncton\">Moncton<\/option><option value=\"Montreal\">Montreal<\/option><option value=\"Newmarket\">Newmarket<\/option><option value=\"Ottawa\">Ottawa<\/option><option value=\"Quebec City\">Quebec City<\/option><option value=\"Red Deer\">Red Deer<\/option><option value=\"Regina\">Regina<\/option><option value=\"Richmond - Vancouver\">Richmond - Vancouver<\/option><option value=\"Saskatoon\">Saskatoon<\/option><option value=\"St.Johns\">St.Johns<\/option><option value=\"Surrey\">Surrey<\/option><option value=\"Sydney\">Sydney<\/option><option value=\"Toronto\">Toronto<\/option><option value=\"Vaughan\">Vaughan<\/option><option value=\"Victoria\">Victoria<\/option><option value=\"Whitby\">Whitby<\/option><option value=\"Winnipeg\">Winnipeg<\/option><\/select><\/span>\n<\/p>\n<\/td>\n<\/tr>\n<tr>\n<tr>\n<td>\n<p>Nom complet*<br \/><span class=\"wpcf7-form-control-wrap YourFullName\"><input type=\"text\" name=\"YourFullName\" value=\"\" size=\"40\" class=\"wpcf7-form-control wpcf7-text wpcf7-validates-as-required\" aria-required=\"true\" aria-invalid=\"false\" \/><\/span><\/p>\n<\/td>\n<td>\n<p>Courriel*<br \/><span class=\"wpcf7-form-control-wrap EmailAddress\"><input type=\"email\" name=\"EmailAddress\" value=\"\" size=\"40\" class=\"wpcf7-form-control wpcf7-text wpcf7-email wpcf7-validates-as-required wpcf7-validates-as-email\" aria-required=\"true\" aria-invalid=\"false\" \/><\/span><\/p>\n<\/td>\n<\/tr>\n<tr>\n<td>\n<p>Num\u00e9ro de contact*<br \/><span class=\"wpcf7-form-control-wrap contactNumber\"><input type=\"tel\" name=\"contactNumber\" value=\"\" size=\"40\" class=\"wpcf7-form-control wpcf7-text wpcf7-tel wpcf7-validates-as-required wpcf7-validates-as-tel\" aria-required=\"true\" aria-invalid=\"false\" placeholder=\"123-456-4890\" \/><\/span><\/p>\n<\/td>\n<td colspan=2>\n<p>Date d&#39;accouchement pr\u00e9vue*:<br \/>\n<input type='date' name='exdatepickercustom' id='exdatepickercustom' min='2026-05-30' max='2027-05-15'\n<\/p>\n<\/td>\n<\/tr>\n<tr>\n<td>\n<p>Date de rendez-vous demand\u00e9e (Vous devez d&#39;abord choisir l&#39;emplacement)*:<br \/>\n<input type='date' name='datepickercustom' id='datepickercustom' min='2026-05-16' max='2027-05-15'\n<\/p>\n<\/td>\n<td>\n<p>Cr\u00e9neau horaire s\u00e9lectionn\u00e9 (Veuillez d&#39;abord choisir la date)*:<br \/>\n<span class=\"wpcf7-form-control-wrap dyntime\"><select name=\"dyntime\" class=\"wpcf7-form-control wpcf7-select wpcf7-validates-as-required\" id=\"dyntime\" aria-required=\"true\" aria-invalid=\"false\"><option value=\"\">---<\/option><\/select><\/span><\/p>\n<\/td>\n<\/tr>\n<tr>\n<td>\n<p>Forfait s\u00e9lectionn\u00e9*<br \/><span class=\"wpcf7-form-control-wrap SelectedPackage\"><select name=\"SelectedPackage\" class=\"wpcf7-form-control wpcf7-select wpcf7-validates-as-required\" aria-required=\"true\" aria-invalid=\"false\"><option value=\"\">---<\/option><option value=\"Forfait Argent avec Ourson Coup de c\u0153ur, obtenez une cl\u00e9 USB GRATUITE\">Forfait Argent avec Ourson Coup de c\u0153ur, obtenez une cl\u00e9 USB GRATUITE<\/option><option value=\"Forfait ultime (Genre + Argent)\">Forfait ultime (Genre + Argent)<\/option><option value=\"Coup d&#039;\u0153il (12-16 semaines, \u00e9chographie 2D)\">Coup d&#039;\u0153il (12-16 semaines, \u00e9chographie 2D)<\/option><option value=\"\u00c9valuation de l&#039;\u00e2ge f\u0153tal (7-14 semaines)\">\u00c9valuation de l&#039;\u00e2ge f\u0153tal (7-14 semaines)<\/option><option value=\"R\u00e9v\u00e9lation du sexe par \u00e9chographie\">R\u00e9v\u00e9lation du sexe par \u00e9chographie<\/option><option value=\"Early Reveal Test de Sexe (sans aiguille)\">Early Reveal Test de Sexe (sans aiguille)<\/option><option value=\"Vitalit\u00e9 du battement de coeur\">Vitalit\u00e9 du battement de coeur<\/option><option value=\"Scan de position f\u0153tale\">Scan de position f\u0153tale<\/option><option value=\"Forfait Bronze\">Forfait Bronze<\/option><option value=\"Forfait Argent\">Forfait Argent<\/option><option value=\"Forfait Or\">Forfait Or<\/option><option value=\"Autre (Veuillez pr\u00e9ciser dans les commentaires)\">Autre (Veuillez pr\u00e9ciser dans les commentaires)<\/option><\/select><\/span><\/p>\n<\/td>\n<td>\n<p>Comment avez-vous entendu parler de nous?*<br \/><span class=\"wpcf7-form-control-wrap hearAboutUs\"><select name=\"hearAboutUs\" class=\"wpcf7-form-control wpcf7-select wpcf7-validates-as-required\" aria-required=\"true\" aria-invalid=\"false\"><option value=\"\">---<\/option><option value=\"Recherche\/Annonce sur Internet\">Recherche\/Annonce sur Internet<\/option><option value=\"Annonce sur Facebook\">Annonce sur Facebook<\/option><option value=\"R\u00e9f\u00e9rence\">R\u00e9f\u00e9rence<\/option><option value=\"Exposition Commerciale\">Exposition Commerciale<\/option><option value=\"Coupon d&#039;une entreprise partenaire de UC Baby\">Coupon d&#039;une entreprise partenaire de UC Baby<\/option><option value=\"Autre (Veuillez pr\u00e9ciser dans les commentaires)\">Autre (Veuillez pr\u00e9ciser dans les commentaires)<\/option><\/select><\/span><\/p>\n<\/td>\n<\/tr>\n<tr>\n<td colspan=2>\n<p>Questions ou commentaires<br \/><span class=\"wpcf7-form-control-wrap questionsComments\"><textarea name=\"questionsComments\" cols=\"40\" rows=\"10\" class=\"wpcf7-form-control wpcf7-textarea\" aria-invalid=\"false\"><\/textarea><\/span><\/p>\n<\/td>\n<\/tr>\n<tr>\n<td align=\"center\" colspan=2>\n\n<p><br\/><input type=\"submit\" value=\"Soumettre la demande de rendez-vous\" class=\"wpcf7-form-control has-spinner wpcf7-submit\" \/><\/p>\n<div class=\"wpcf7-response-output\" aria-hidden=\"true\"><\/div>\n<\/td>\n<\/tr>\n<\/table>\n<\/form><\/div>\n","protected":false},"excerpt":{"rendered":"<p>Veuillez entrer vos informations ci-dessous et un repr\u00e9sentant de UC Baby communiquera avec vous dans les plus brefs d\u00e9lais. Remarque : Ce formulaire est une demande de rendez-vous uniquement. La date exacte sera fix\u00e9e par la clinique que vous avez choisie. Tous les champs marqu\u00e9s d\u2019une * sont obligatoires<\/p>\n","protected":false},"author":2,"featured_media":0,"parent":0,"menu_order":0,"comment_status":"closed","ping_status":"closed","template":"","meta":{"footnotes":""},"class_list":["post-5257","page","type-page","status-publish","hentry"],"yoast_head":"<!-- This site is optimized with the Yoast SEO plugin v27.6 - https:\/\/yoast.com\/product\/yoast-seo-wordpress\/ -->\n<title>Demander un rendez-vous - UC Baby<\/title>\n<meta name=\"description\" content=\"R\u00e9servez votre \u00e9chographie 3D\/4D en ligne avec UC Baby. Profitez d&#039;une exp\u00e9rience unique pour rencontrer votre b\u00e9b\u00e9 avant sa naissance. R\u00e9servez maintenant !\" \/>\n<meta name=\"robots\" content=\"index, follow, max-snippet:-1, max-image-preview:large, max-video-preview:-1\" \/>\n<link rel=\"canonical\" href=\"https:\/\/www.ucbaby.ca\/fr\/demander-un-rendez-vous\" \/>\n<meta property=\"og:locale\" content=\"fr_FR\" \/>\n<meta property=\"og:type\" content=\"article\" \/>\n<meta property=\"og:title\" content=\"Demander un rendez-vous - UC Baby\" \/>\n<meta property=\"og:description\" content=\"R\u00e9servez votre \u00e9chographie 3D\/4D en ligne avec UC Baby. Profitez d&#039;une exp\u00e9rience unique pour rencontrer votre b\u00e9b\u00e9 avant sa naissance. R\u00e9servez maintenant !\" \/>\n<meta property=\"og:url\" content=\"https:\/\/www.ucbaby.ca\/fr\/demander-un-rendez-vous\" \/>\n<meta property=\"og:site_name\" content=\"UC Baby\" \/>\n<meta property=\"article:publisher\" content=\"http:\/\/www.facebook.com\/ucbaby\" \/>\n<meta property=\"article:modified_time\" content=\"2024-06-24T21:32:18+00:00\" \/>\n<meta name=\"twitter:label1\" content=\"Dur\u00e9e de lecture estim\u00e9e\" \/>\n\t<meta name=\"twitter:data1\" content=\"1 minute\" \/>\n<script type=\"application\/ld+json\" class=\"yoast-schema-graph\">{\"@context\":\"https:\\\/\\\/schema.org\",\"@graph\":[{\"@type\":\"WebPage\",\"@id\":\"https:\\\/\\\/www.ucbaby.ca\\\/fr\\\/demander-un-rendez-vous\",\"url\":\"https:\\\/\\\/www.ucbaby.ca\\\/fr\\\/demander-un-rendez-vous\",\"name\":\"Demander un rendez-vous - UC Baby\",\"isPartOf\":{\"@id\":\"https:\\\/\\\/www.ucbaby.ca\\\/#website\"},\"datePublished\":\"2014-05-07T23:02:02+00:00\",\"dateModified\":\"2024-06-24T21:32:18+00:00\",\"description\":\"R\u00e9servez votre \u00e9chographie 3D\\\/4D en ligne avec UC Baby. Profitez d'une exp\u00e9rience unique pour rencontrer votre b\u00e9b\u00e9 avant sa naissance. R\u00e9servez maintenant !\",\"breadcrumb\":{\"@id\":\"https:\\\/\\\/www.ucbaby.ca\\\/fr\\\/demander-un-rendez-vous#breadcrumb\"},\"inLanguage\":\"fr-FR\",\"potentialAction\":[{\"@type\":\"ReadAction\",\"target\":[\"https:\\\/\\\/www.ucbaby.ca\\\/fr\\\/demander-un-rendez-vous\"]}]},{\"@type\":\"BreadcrumbList\",\"@id\":\"https:\\\/\\\/www.ucbaby.ca\\\/fr\\\/demander-un-rendez-vous#breadcrumb\",\"itemListElement\":[{\"@type\":\"ListItem\",\"position\":1,\"name\":\"Home\",\"item\":\"https:\\\/\\\/www.ucbaby.ca\\\/\"},{\"@type\":\"ListItem\",\"position\":2,\"name\":\"Demander un rendez-vous\"}]},{\"@type\":\"WebSite\",\"@id\":\"https:\\\/\\\/www.ucbaby.ca\\\/#website\",\"url\":\"https:\\\/\\\/www.ucbaby.ca\\\/\",\"name\":\"UC Baby\",\"description\":\"UC Baby is Canada&#039;s #1 Trusted company for 3D, 4D and HD 5D pregnancy ultrasound services\",\"potentialAction\":[{\"@type\":\"SearchAction\",\"target\":{\"@type\":\"EntryPoint\",\"urlTemplate\":\"https:\\\/\\\/www.ucbaby.ca\\\/?s={search_term_string}\"},\"query-input\":{\"@type\":\"PropertyValueSpecification\",\"valueRequired\":true,\"valueName\":\"search_term_string\"}}],\"inLanguage\":\"fr-FR\"}]}<\/script>\n<!-- \/ Yoast SEO plugin. -->","yoast_head_json":{"title":"Demander un rendez-vous - UC Baby","description":"R\u00e9servez votre \u00e9chographie 3D\/4D en ligne avec UC Baby. Profitez d'une exp\u00e9rience unique pour rencontrer votre b\u00e9b\u00e9 avant sa naissance. R\u00e9servez maintenant !","robots":{"index":"index","follow":"follow","max-snippet":"max-snippet:-1","max-image-preview":"max-image-preview:large","max-video-preview":"max-video-preview:-1"},"canonical":"https:\/\/www.ucbaby.ca\/fr\/demander-un-rendez-vous","og_locale":"fr_FR","og_type":"article","og_title":"Demander un rendez-vous - UC Baby","og_description":"R\u00e9servez votre \u00e9chographie 3D\/4D en ligne avec UC Baby. Profitez d'une exp\u00e9rience unique pour rencontrer votre b\u00e9b\u00e9 avant sa naissance. R\u00e9servez maintenant !","og_url":"https:\/\/www.ucbaby.ca\/fr\/demander-un-rendez-vous","og_site_name":"UC Baby","article_publisher":"http:\/\/www.facebook.com\/ucbaby","article_modified_time":"2024-06-24T21:32:18+00:00","twitter_misc":{"Dur\u00e9e de lecture estim\u00e9e":"1 minute"},"schema":{"@context":"https:\/\/schema.org","@graph":[{"@type":"WebPage","@id":"https:\/\/www.ucbaby.ca\/fr\/demander-un-rendez-vous","url":"https:\/\/www.ucbaby.ca\/fr\/demander-un-rendez-vous","name":"Demander un rendez-vous - UC Baby","isPartOf":{"@id":"https:\/\/www.ucbaby.ca\/#website"},"datePublished":"2014-05-07T23:02:02+00:00","dateModified":"2024-06-24T21:32:18+00:00","description":"R\u00e9servez votre \u00e9chographie 3D\/4D en ligne avec UC Baby. Profitez d'une exp\u00e9rience unique pour rencontrer votre b\u00e9b\u00e9 avant sa naissance. R\u00e9servez maintenant !","breadcrumb":{"@id":"https:\/\/www.ucbaby.ca\/fr\/demander-un-rendez-vous#breadcrumb"},"inLanguage":"fr-FR","potentialAction":[{"@type":"ReadAction","target":["https:\/\/www.ucbaby.ca\/fr\/demander-un-rendez-vous"]}]},{"@type":"BreadcrumbList","@id":"https:\/\/www.ucbaby.ca\/fr\/demander-un-rendez-vous#breadcrumb","itemListElement":[{"@type":"ListItem","position":1,"name":"Home","item":"https:\/\/www.ucbaby.ca\/"},{"@type":"ListItem","position":2,"name":"Demander un rendez-vous"}]},{"@type":"WebSite","@id":"https:\/\/www.ucbaby.ca\/#website","url":"https:\/\/www.ucbaby.ca\/","name":"UC Baby","description":"UC Baby is Canada&#039;s #1 Trusted company for 3D, 4D and HD 5D pregnancy ultrasound services","potentialAction":[{"@type":"SearchAction","target":{"@type":"EntryPoint","urlTemplate":"https:\/\/www.ucbaby.ca\/?s={search_term_string}"},"query-input":{"@type":"PropertyValueSpecification","valueRequired":true,"valueName":"search_term_string"}}],"inLanguage":"fr-FR"}]}},"_links":{"self":[{"href":"https:\/\/www.ucbaby.ca\/fr\/wp-json\/wp\/v2\/pages\/5257","targetHints":{"allow":["GET"]}}],"collection":[{"href":"https:\/\/www.ucbaby.ca\/fr\/wp-json\/wp\/v2\/pages"}],"about":[{"href":"https:\/\/www.ucbaby.ca\/fr\/wp-json\/wp\/v2\/types\/page"}],"author":[{"embeddable":true,"href":"https:\/\/www.ucbaby.ca\/fr\/wp-json\/wp\/v2\/users\/2"}],"replies":[{"embeddable":true,"href":"https:\/\/www.ucbaby.ca\/fr\/wp-json\/wp\/v2\/comments?post=5257"}],"version-history":[{"count":0,"href":"https:\/\/www.ucbaby.ca\/fr\/wp-json\/wp\/v2\/pages\/5257\/revisions"}],"wp:attachment":[{"href":"https:\/\/www.ucbaby.ca\/fr\/wp-json\/wp\/v2\/media?parent=5257"}],"curies":[{"name":"wp","href":"https:\/\/api.w.org\/{rel}","templated":true}]}}