{"id":5254,"date":"2014-05-07T18:59:57","date_gmt":"2014-05-07T22:59:57","guid":{"rendered":"http:\/\/beta.ucbaby.ca\/?page_id=5254"},"modified":"2023-10-18T16:28:06","modified_gmt":"2023-10-18T20:28:06","slug":"bons-cadeaux","status":"publish","type":"page","link":"https:\/\/www.ucbaby.ca\/fr\/bons-cadeaux","title":{"rendered":"Bons-cadeaux"},"content":{"rendered":"<h2>Souhaitez-vous trouver un cadeau sp\u00e9cial pour une amie ou un membre de votre famille qui attend un b\u00e9b\u00e9?<\/h2>\n<h4>Notre bon-cadeau UC Baby propose d\u2019offrir l\u2019inusit\u00e9, un cadeau sans pareil pour l\u2019occasion : une exp\u00e9rience m\u00e9morable entre la maman et son b\u00e9b\u00e9 \u00e0 na\u00eetre qui promet de tisser des liens.<\/h4>\n<p><img decoding=\"async\" class=\"alignright size-full wp-image-6195 lazyload\" data-src=\"http:\/\/ucbaby.ca\/wp-content\/uploads\/2014\/04\/gift_certificates.jpg\" alt=\"UC Baby Bons-cadeaux\" width=\"300\" height=\"202\" src=\"data:image\/svg+xml;base64,PHN2ZyB3aWR0aD0iMSIgaGVpZ2h0PSIxIiB4bWxucz0iaHR0cDovL3d3dy53My5vcmcvMjAwMC9zdmciPjwvc3ZnPg==\" style=\"--smush-placeholder-width: 300px; --smush-placeholder-aspect-ratio: 300\/202;\" \/>UC Baby propose une vari\u00e9t\u00e9 de bons-cadeaux. Remplissez le formulaire ci-dessous et nous communiquerons avec vous sous peu afin de r\u00e9gler les modalit\u00e9s de paiement (carte de cr\u00e9dit requise).<\/p>\n<p>Vous pouvez \u00e9galement obtenir des bons-cadeaux en personne \u00e0 l\u2019une de nos <a href=\"https:\/\/www.ucbaby.ca\/fr\/locations\">cliniques<\/a> ou par t\u00e9l\u00e9phone en composant notre num\u00e9ro sans frais : 1-877-682-2229<\/p>\n<hr class=\"style-eight margin-t40 margin-b40 \"  data-rt-animate=\"animate\" data-rt-animation-type=\"fadeInDown\" data-rt-animation-group=\"single\" >\n<div role=\"form\" class=\"wpcf7\" id=\"wpcf7-f1619-o1\" lang=\"en-US\" dir=\"ltr\">\n<div class=\"screen-reader-response\"><p role=\"status\" aria-live=\"polite\" aria-atomic=\"true\"><\/p> <ul><\/ul><\/div>\n<form action=\"\/fr\/wp-json\/wp\/v2\/pages\/5254#wpcf7-f1619-o1\" method=\"post\" class=\"wpcf7-form init\" novalidate=\"novalidate\" data-status=\"init\">\n<div style=\"display: none;\">\n<input type=\"hidden\" name=\"_wpcf7\" value=\"1619\" \/>\n<input type=\"hidden\" name=\"_wpcf7_version\" value=\"5.5\" \/>\n<input type=\"hidden\" name=\"_wpcf7_locale\" value=\"en_US\" \/>\n<input type=\"hidden\" name=\"_wpcf7_unit_tag\" value=\"wpcf7-f1619-o1\" \/>\n<input type=\"hidden\" name=\"_wpcf7_container_post\" value=\"0\" \/>\n<input type=\"hidden\" name=\"_wpcf7_posted_data_hash\" value=\"\" \/>\n<input type=\"hidden\" name=\"_wpcf7_recaptcha_response\" value=\"\" \/>\n<\/div>\n<div class=\"wpcf7-response-output\" aria-hidden=\"true\"><\/div><br \/>\n<h5>Renseignements sur l\u2019acheteur<\/h5>\n<p>Pr\u00e9nom<br \/>\n<span class=\"wpcf7-form-control-wrap FirstName\"><input type=\"text\" name=\"FirstName\" value=\"\" size=\"40\" class=\"wpcf7-form-control wpcf7-text wpcf7-validates-as-required\" aria-required=\"true\" aria-invalid=\"false\" \/><\/span><\/p>\n<p>Nom<br \/>\n<span class=\"wpcf7-form-control-wrap LastName\"><input type=\"text\" name=\"LastName\" value=\"\" size=\"40\" class=\"wpcf7-form-control wpcf7-text wpcf7-validates-as-required\" aria-required=\"true\" aria-invalid=\"false\" \/><\/span><\/p>\n<p>T\u00e9l\u00e9phone<br \/>\n<span class=\"wpcf7-form-control-wrap Telephone\"><input type=\"text\" name=\"Telephone\" value=\"\" size=\"40\" class=\"wpcf7-form-control wpcf7-text wpcf7-validates-as-required\" aria-required=\"true\" aria-invalid=\"false\" placeholder=\"123-456-4890\" \/><\/span><\/p>\n<p>Email<br \/>\n<span class=\"wpcf7-form-control-wrap Email\"><input type=\"email\" name=\"Email\" value=\"\" size=\"40\" class=\"wpcf7-form-control wpcf7-text wpcf7-email wpcf7-validates-as-required wpcf7-validates-as-email\" aria-required=\"true\" aria-invalid=\"false\" \/><\/span><\/p>\n<hr class=\"style-eight margin-t30 margin-b20  fadeInDown animated\" data-rt-animate=\"animate\" data-rt-animation-type=\"fadeInDown\" data-rt-animation-group=\"single\" style=\"-webkit-animation: 0s;\">\n<h5>Renseignements sur la r\u00e9cipiendaire<\/h5>\n<p>Pr\u00e9nom<br \/>\n<span class=\"wpcf7-form-control-wrap FirstNameReceiver\"><input type=\"text\" name=\"FirstNameReceiver\" value=\"\" size=\"40\" class=\"wpcf7-form-control wpcf7-text wpcf7-validates-as-required\" aria-required=\"true\" aria-invalid=\"false\" \/><\/span><\/p>\n<p>Nom<br \/>\n<span class=\"wpcf7-form-control-wrap LastNameReceiver\"><input type=\"text\" name=\"LastNameReceiver\" value=\"\" size=\"40\" class=\"wpcf7-form-control wpcf7-text wpcf7-validates-as-required\" aria-required=\"true\" aria-invalid=\"false\" \/><\/span><\/p>\n<hr class=\"style-eight margin-t30 margin-b20  fadeInDown animated\" data-rt-animate=\"animate\" data-rt-animation-type=\"fadeInDown\" data-rt-animation-group=\"single\" style=\"-webkit-animation: 0s;\">\n<h5>Choisissez l\u2019\u00e9tablissement o\u00f9 la r\u00e9cipiendaire \u00e9changera son bon-cadeau :<\/h5>\n<p>\n<span class=\"wpcf7-form-control-wrap Location\"><select name=\"Location\" class=\"wpcf7-form-control wpcf7-select wpcf7-validates-as-required\" aria-required=\"true\" aria-invalid=\"false\"><option value=\"\">---<\/option><option value=\"Abbotsford\">Abbotsford<\/option><option value=\"Barrie\">Barrie<\/option><option value=\"Brampton\">Brampton<\/option><option value=\"Burnaby - Vancouver\">Burnaby - Vancouver<\/option><option value=\"Calgary\">Calgary<\/option><option value=\"Cambridge\">Cambridge<\/option><option value=\"Edmonton\">Edmonton<\/option><option value=\"Halifax Bedford\">Halifax Bedford<\/option><option value=\"Halifax Center\">Halifax Center<\/option><option value=\"Hamilton\">Hamilton<\/option><option value=\"London\">London<\/option><option value=\"Mississauga\">Mississauga<\/option><option value=\"Moncton\">Moncton<\/option><option value=\"Montreal\">Montreal<\/option><option value=\"Newmarket\">Newmarket<\/option><option value=\"Ottawa\">Ottawa<\/option><option value=\"Quebec City\">Quebec City<\/option><option value=\"Red Deer\">Red Deer<\/option><option value=\"Regina\">Regina<\/option><option value=\"Richmond - Vancouver\">Richmond - Vancouver<\/option><option value=\"Saskatoon\">Saskatoon<\/option><option value=\"St.Johns\">St.Johns<\/option><option value=\"Surrey\">Surrey<\/option><option value=\"Sydney\">Sydney<\/option><option value=\"Toronto\">Toronto<\/option><option value=\"Vancouver\">Vancouver<\/option><option value=\"Vaughan\">Vaughan<\/option><option value=\"Victoria\">Victoria<\/option><option value=\"Whitby\">Whitby<\/option><option value=\"Winnipeg\">Winnipeg<\/option><\/select><\/span><\/p>\n<h5>S\u00e9lectionnez le mode de livraison de votre bon-cadeau :<\/h5>\n<p><span class=\"wpcf7-form-control-wrap delivery\"><span class=\"wpcf7-form-control wpcf7-radio\" id=\"delivery\"><span class=\"wpcf7-list-item first\"><input type=\"radio\" name=\"delivery\" value=\"Le bon-cadeau sera r\u00e9cup\u00e9r\u00e9 \u00e0 l\u2019\u00e9tablissement UC Baby ci-dessus.\" checked=\"checked\" \/><span class=\"wpcf7-list-item-label\">Le bon-cadeau sera r\u00e9cup\u00e9r\u00e9 \u00e0 l\u2019\u00e9tablissement UC Baby ci-dessus.<\/span><\/span><span class=\"wpcf7-list-item last has-free-text\"><input type=\"radio\" name=\"delivery\" value=\"Postez le bon-cadeau \u00e0 l\u2019adresse suivante :\" \/><span class=\"wpcf7-list-item-label\">Postez le bon-cadeau \u00e0 l\u2019adresse suivante :<\/span> <input type=\"text\" name=\"delivery_free_text\" class=\"wpcf7-free-text\" \/><\/span><\/span><\/span><\/p>\n<h5>S\u00e9lectionnez la valeur du bob-cadeau :<\/h5>\n<p><span class=\"wpcf7-form-control-wrap denomination\"><span class=\"wpcf7-form-control wpcf7-radio\" id=\"denomination\"><span class=\"wpcf7-list-item first\"><input type=\"radio\" name=\"denomination\" value=\"Forfait Bronze\" \/><span class=\"wpcf7-list-item-label\">Forfait Bronze<\/span><\/span><span class=\"wpcf7-list-item\"><input type=\"radio\" name=\"denomination\" value=\"Forfait Argent\" checked=\"checked\" \/><span class=\"wpcf7-list-item-label\">Forfait Argent<\/span><\/span><span class=\"wpcf7-list-item\"><input type=\"radio\" name=\"denomination\" value=\"Forfait Or\" \/><span class=\"wpcf7-list-item-label\">Forfait Or<\/span><\/span><span class=\"wpcf7-list-item\"><input type=\"radio\" name=\"denomination\" value=\"$25\" \/><span class=\"wpcf7-list-item-label\">$25<\/span><\/span><span class=\"wpcf7-list-item\"><input type=\"radio\" name=\"denomination\" value=\"$50\" \/><span class=\"wpcf7-list-item-label\">$50<\/span><\/span><span class=\"wpcf7-list-item\"><input type=\"radio\" name=\"denomination\" value=\"$75\" \/><span class=\"wpcf7-list-item-label\">$75<\/span><\/span><span class=\"wpcf7-list-item\"><input type=\"radio\" name=\"denomination\" value=\"$100\" \/><span class=\"wpcf7-list-item-label\">$100<\/span><\/span><span class=\"wpcf7-list-item\"><input type=\"radio\" name=\"denomination\" value=\"$175\" \/><span class=\"wpcf7-list-item-label\">$175<\/span><\/span><span class=\"wpcf7-list-item\"><input type=\"radio\" name=\"denomination\" value=\"$299\" \/><span class=\"wpcf7-list-item-label\">$299<\/span><\/span><span class=\"wpcf7-list-item last has-free-text\"><input type=\"radio\" name=\"denomination\" value=\"Autre montant $\" \/><span class=\"wpcf7-list-item-label\">Autre montant $<\/span> <input type=\"text\" name=\"denomination_free_text\" class=\"wpcf7-free-text\" \/><\/span><\/span><\/span><\/p>\n<hr class=\"style-eight margin-t30 margin-b20  fadeInDown animated\" data-rt-animate=\"animate\" data-rt-animation-type=\"fadeInDown\" data-rt-animation-group=\"single\" style=\"-webkit-animation: 0s;\">\n<h5>Commentaires:<br \/><span class=\"wpcf7-form-control-wrap comments\"><textarea name=\"comments\" cols=\"40\" rows=\"10\" class=\"wpcf7-form-control wpcf7-textarea\" aria-invalid=\"false\"><\/textarea><\/span><\/h5>\n<p><br\/><input type=\"submit\" value=\"Envoyer\" class=\"wpcf7-form-control has-spinner wpcf7-submit\" \/><\/p>\n<div class=\"wpcf7-response-output\" aria-hidden=\"true\"><\/div>\n<\/form><\/div>\n<p>&nbsp;<\/p>\n\n\t\t<div class=\"info_box margin-b20 clearfix attention\" data-rt-animate=\"animate\" data-rt-animation-type=\"fadeInDown\" data-rt-animation-group=\"single\">\n\t\t\t<span class=\"icon-cancel\"><\/span>\n\t\t\t<p class=\"icon-attention\">\n\t\t\t\tCeci est un bon de commande. Vous n\u2019avez pas \u00e0 inclure l\u2019information relative au paiement sur ce formulaire. Un repr\u00e9sentants d\u2019UC Baby communiquera avec vous sous peu pour finaliser la transaction.\n\t\t\t<\/p>\n\t\t<\/div>\n\t\n","protected":false},"excerpt":{"rendered":"<p>Souhaitez-vous trouver un cadeau sp\u00e9cial pour une amie ou un membre de votre famille qui attend un b\u00e9b\u00e9? Notre bon-cadeau UC Baby propose d\u2019offrir l\u2019inusit\u00e9, un cadeau sans pareil pour l\u2019occasion : une exp\u00e9rience m\u00e9morable entre la maman et son b\u00e9b\u00e9 \u00e0 na\u00eetre qui promet de tisser des liens. UC Baby propose une vari\u00e9t\u00e9 de [&hellip;]<\/p>\n","protected":false},"author":2,"featured_media":0,"parent":0,"menu_order":0,"comment_status":"closed","ping_status":"closed","template":"","meta":{"footnotes":""},"class_list":["post-5254","page","type-page","status-publish","hentry"],"yoast_head":"<!-- This site is optimized with the Yoast SEO plugin v27.3 - https:\/\/yoast.com\/product\/yoast-seo-wordpress\/ -->\n<title>Bons-cadeaux - UC Baby<\/title>\n<meta name=\"description\" content=\"Offrez une exp\u00e9rience inoubliable avec nos bons cadeaux UC Baby. Des souvenirs pr\u00e9cieux \u00e0 partager en famille. R\u00e9servez d\u00e8s maintenant!\" \/>\n<meta name=\"robots\" content=\"index, follow, max-snippet:-1, max-image-preview:large, max-video-preview:-1\" \/>\n<link rel=\"canonical\" href=\"https:\/\/www.ucbaby.ca\/fr\/bons-cadeaux\" \/>\n<meta property=\"og:locale\" content=\"fr_FR\" \/>\n<meta property=\"og:type\" content=\"article\" \/>\n<meta property=\"og:title\" content=\"Bons-cadeaux - UC Baby\" \/>\n<meta property=\"og:description\" content=\"Offrez une exp\u00e9rience inoubliable avec nos bons cadeaux UC Baby. Des souvenirs pr\u00e9cieux \u00e0 partager en famille. R\u00e9servez d\u00e8s maintenant!\" \/>\n<meta property=\"og:url\" content=\"https:\/\/www.ucbaby.ca\/fr\/bons-cadeaux\" \/>\n<meta property=\"og:site_name\" content=\"UC Baby\" \/>\n<meta property=\"article:publisher\" content=\"http:\/\/www.facebook.com\/ucbaby\" \/>\n<meta property=\"article:modified_time\" content=\"2023-10-18T20:28:06+00:00\" \/>\n<meta property=\"og:image\" content=\"http:\/\/ucbaby.ca\/wp-content\/uploads\/2014\/04\/gift_certificates.jpg\" \/>\n<meta name=\"twitter:label1\" content=\"Dur\u00e9e de lecture estim\u00e9e\" \/>\n\t<meta name=\"twitter:data1\" content=\"1 minute\" \/>\n<script type=\"application\/ld+json\" class=\"yoast-schema-graph\">{\"@context\":\"https:\\\/\\\/schema.org\",\"@graph\":[{\"@type\":\"WebPage\",\"@id\":\"https:\\\/\\\/www.ucbaby.ca\\\/fr\\\/bons-cadeaux\",\"url\":\"https:\\\/\\\/www.ucbaby.ca\\\/fr\\\/bons-cadeaux\",\"name\":\"Bons-cadeaux - UC Baby\",\"isPartOf\":{\"@id\":\"https:\\\/\\\/www.ucbaby.ca\\\/#website\"},\"primaryImageOfPage\":{\"@id\":\"https:\\\/\\\/www.ucbaby.ca\\\/fr\\\/bons-cadeaux#primaryimage\"},\"image\":{\"@id\":\"https:\\\/\\\/www.ucbaby.ca\\\/fr\\\/bons-cadeaux#primaryimage\"},\"thumbnailUrl\":\"http:\\\/\\\/ucbaby.ca\\\/wp-content\\\/uploads\\\/2014\\\/04\\\/gift_certificates.jpg\",\"datePublished\":\"2014-05-07T22:59:57+00:00\",\"dateModified\":\"2023-10-18T20:28:06+00:00\",\"description\":\"Offrez une exp\u00e9rience inoubliable avec nos bons cadeaux UC Baby. Des souvenirs pr\u00e9cieux \u00e0 partager en famille. R\u00e9servez d\u00e8s maintenant!\",\"breadcrumb\":{\"@id\":\"https:\\\/\\\/www.ucbaby.ca\\\/fr\\\/bons-cadeaux#breadcrumb\"},\"inLanguage\":\"fr-FR\",\"potentialAction\":[{\"@type\":\"ReadAction\",\"target\":[\"https:\\\/\\\/www.ucbaby.ca\\\/fr\\\/bons-cadeaux\"]}]},{\"@type\":\"ImageObject\",\"inLanguage\":\"fr-FR\",\"@id\":\"https:\\\/\\\/www.ucbaby.ca\\\/fr\\\/bons-cadeaux#primaryimage\",\"url\":\"http:\\\/\\\/ucbaby.ca\\\/wp-content\\\/uploads\\\/2014\\\/04\\\/gift_certificates.jpg\",\"contentUrl\":\"http:\\\/\\\/ucbaby.ca\\\/wp-content\\\/uploads\\\/2014\\\/04\\\/gift_certificates.jpg\"},{\"@type\":\"BreadcrumbList\",\"@id\":\"https:\\\/\\\/www.ucbaby.ca\\\/fr\\\/bons-cadeaux#breadcrumb\",\"itemListElement\":[{\"@type\":\"ListItem\",\"position\":1,\"name\":\"Home\",\"item\":\"https:\\\/\\\/www.ucbaby.ca\\\/\"},{\"@type\":\"ListItem\",\"position\":2,\"name\":\"Bons-cadeaux\"}]},{\"@type\":\"WebSite\",\"@id\":\"https:\\\/\\\/www.ucbaby.ca\\\/#website\",\"url\":\"https:\\\/\\\/www.ucbaby.ca\\\/\",\"name\":\"UC Baby\",\"description\":\"UC Baby is Canada&#039;s #1 Trusted company for 3D, 4D and HD 5D pregnancy ultrasound services\",\"potentialAction\":[{\"@type\":\"SearchAction\",\"target\":{\"@type\":\"EntryPoint\",\"urlTemplate\":\"https:\\\/\\\/www.ucbaby.ca\\\/?s={search_term_string}\"},\"query-input\":{\"@type\":\"PropertyValueSpecification\",\"valueRequired\":true,\"valueName\":\"search_term_string\"}}],\"inLanguage\":\"fr-FR\"}]}<\/script>\n<!-- \/ Yoast SEO plugin. -->","yoast_head_json":{"title":"Bons-cadeaux - UC Baby","description":"Offrez une exp\u00e9rience inoubliable avec nos bons cadeaux UC Baby. Des souvenirs pr\u00e9cieux \u00e0 partager en famille. R\u00e9servez d\u00e8s maintenant!","robots":{"index":"index","follow":"follow","max-snippet":"max-snippet:-1","max-image-preview":"max-image-preview:large","max-video-preview":"max-video-preview:-1"},"canonical":"https:\/\/www.ucbaby.ca\/fr\/bons-cadeaux","og_locale":"fr_FR","og_type":"article","og_title":"Bons-cadeaux - UC Baby","og_description":"Offrez une exp\u00e9rience inoubliable avec nos bons cadeaux UC Baby. Des souvenirs pr\u00e9cieux \u00e0 partager en famille. R\u00e9servez d\u00e8s maintenant!","og_url":"https:\/\/www.ucbaby.ca\/fr\/bons-cadeaux","og_site_name":"UC Baby","article_publisher":"http:\/\/www.facebook.com\/ucbaby","article_modified_time":"2023-10-18T20:28:06+00:00","og_image":[{"url":"http:\/\/ucbaby.ca\/wp-content\/uploads\/2014\/04\/gift_certificates.jpg","type":"","width":"","height":""}],"twitter_misc":{"Dur\u00e9e de lecture estim\u00e9e":"1 minute"},"schema":{"@context":"https:\/\/schema.org","@graph":[{"@type":"WebPage","@id":"https:\/\/www.ucbaby.ca\/fr\/bons-cadeaux","url":"https:\/\/www.ucbaby.ca\/fr\/bons-cadeaux","name":"Bons-cadeaux - UC Baby","isPartOf":{"@id":"https:\/\/www.ucbaby.ca\/#website"},"primaryImageOfPage":{"@id":"https:\/\/www.ucbaby.ca\/fr\/bons-cadeaux#primaryimage"},"image":{"@id":"https:\/\/www.ucbaby.ca\/fr\/bons-cadeaux#primaryimage"},"thumbnailUrl":"http:\/\/ucbaby.ca\/wp-content\/uploads\/2014\/04\/gift_certificates.jpg","datePublished":"2014-05-07T22:59:57+00:00","dateModified":"2023-10-18T20:28:06+00:00","description":"Offrez une exp\u00e9rience inoubliable avec nos bons cadeaux UC Baby. Des souvenirs pr\u00e9cieux \u00e0 partager en famille. R\u00e9servez d\u00e8s maintenant!","breadcrumb":{"@id":"https:\/\/www.ucbaby.ca\/fr\/bons-cadeaux#breadcrumb"},"inLanguage":"fr-FR","potentialAction":[{"@type":"ReadAction","target":["https:\/\/www.ucbaby.ca\/fr\/bons-cadeaux"]}]},{"@type":"ImageObject","inLanguage":"fr-FR","@id":"https:\/\/www.ucbaby.ca\/fr\/bons-cadeaux#primaryimage","url":"http:\/\/ucbaby.ca\/wp-content\/uploads\/2014\/04\/gift_certificates.jpg","contentUrl":"http:\/\/ucbaby.ca\/wp-content\/uploads\/2014\/04\/gift_certificates.jpg"},{"@type":"BreadcrumbList","@id":"https:\/\/www.ucbaby.ca\/fr\/bons-cadeaux#breadcrumb","itemListElement":[{"@type":"ListItem","position":1,"name":"Home","item":"https:\/\/www.ucbaby.ca\/"},{"@type":"ListItem","position":2,"name":"Bons-cadeaux"}]},{"@type":"WebSite","@id":"https:\/\/www.ucbaby.ca\/#website","url":"https:\/\/www.ucbaby.ca\/","name":"UC Baby","description":"UC Baby is Canada&#039;s #1 Trusted company for 3D, 4D and HD 5D pregnancy ultrasound services","potentialAction":[{"@type":"SearchAction","target":{"@type":"EntryPoint","urlTemplate":"https:\/\/www.ucbaby.ca\/?s={search_term_string}"},"query-input":{"@type":"PropertyValueSpecification","valueRequired":true,"valueName":"search_term_string"}}],"inLanguage":"fr-FR"}]}},"_links":{"self":[{"href":"https:\/\/www.ucbaby.ca\/fr\/wp-json\/wp\/v2\/pages\/5254","targetHints":{"allow":["GET"]}}],"collection":[{"href":"https:\/\/www.ucbaby.ca\/fr\/wp-json\/wp\/v2\/pages"}],"about":[{"href":"https:\/\/www.ucbaby.ca\/fr\/wp-json\/wp\/v2\/types\/page"}],"author":[{"embeddable":true,"href":"https:\/\/www.ucbaby.ca\/fr\/wp-json\/wp\/v2\/users\/2"}],"replies":[{"embeddable":true,"href":"https:\/\/www.ucbaby.ca\/fr\/wp-json\/wp\/v2\/comments?post=5254"}],"version-history":[{"count":0,"href":"https:\/\/www.ucbaby.ca\/fr\/wp-json\/wp\/v2\/pages\/5254\/revisions"}],"wp:attachment":[{"href":"https:\/\/www.ucbaby.ca\/fr\/wp-json\/wp\/v2\/media?parent=5254"}],"curies":[{"name":"wp","href":"https:\/\/api.w.org\/{rel}","templated":true}]}}