{"id":29860,"date":"2025-11-21T12:57:27","date_gmt":"2025-11-21T17:57:27","guid":{"rendered":"https:\/\/www.ucbaby.ca\/pregnancy-ultrasound-packages-services"},"modified":"2025-11-22T02:44:09","modified_gmt":"2025-11-22T07:44:09","slug":"forfaits-et-services-echographie","status":"publish","type":"page","link":"https:\/\/www.ucbaby.ca\/fr\/forfaits-et-services-echographie","title":{"rendered":"D\u00e9couvrez les forfaits et services d\u2019\u00e9chographie de grossesse UC Baby"},"content":{"rendered":"<p>&nbsp;<\/p>\n<p style=\"font-weight: 400;\">Chez <strong>UC Baby<\/strong>, nous offrons une gamme compl\u00e8te de services d\u2019\u00e9chographie de grossesse adapt\u00e9s \u00e0 chaque \u00e9tape de votre parcours \u2014 des \u00e9valuations pr\u00e9coces du f\u0153tus aux s\u00e9ances d\u2019\u00e9chographie haute d\u00e9finition 3D et 5D. Que vous souhaitiez entendre les battements du c\u0153ur de votre b\u00e9b\u00e9 pour la premi\u00e8re fois ou capturer de magnifiques images de son visage, nos forfaits sont con\u00e7us pour cr\u00e9er une exp\u00e9rience de rapprochement inoubliable pour les futurs parents.<\/p>\n<p>&nbsp;<\/p>\n<h2 style=\"font-weight: 400;\"><strong>Pourquoi choisir UC Baby pour votre \u00e9chographie de grossesse?<\/strong><\/h2>\n<p style=\"font-weight: 400;\">UC Baby est le nom le plus fiable au Canada pour les \u00e9chographies pr\u00e9natales \u00e9lectives. Nos cliniques offrent une technologie avanc\u00e9e, incluant l\u2019\u00e9chographie 3D et 5D, afin de vous permettre de voir votre b\u00e9b\u00e9 clairement dans votre ventre. Toutes les s\u00e9ances sont effectu\u00e9es par des techniciens en \u00e9chographie licenci\u00e9s et exp\u00e9riment\u00e9s, assurant s\u00e9curit\u00e9 et pr\u00e9cision. Nos services incluent \u00e9galement des photos souvenirs, des vid\u00e9os et des options de diffusion en direct pour permettre \u00e0 vos proches de partager ce moment \u2014 o\u00f9 qu\u2019ils soient.<\/p>\n<p style=\"font-weight: 400;\"><strong><div class=\"title_line margin-b20\"><h3 class=\"featured_article_title\" data-rt-animate=\"animate\" data-rt-animation-type=\"fade\" data-rt-animation-group=\"single\"><span class=\"icon-heart-1 heading_icon\"><\/span> Forfaits flexibles pour chaque futur parent<\/h3><\/div><\/strong><\/p>\n<p style=\"font-weight: 400;\">Que vous soyez au d\u00e9but de votre grossesse ou pr\u00e8s de votre date d\u2019accouchement, UC Baby a le forfait d\u2019\u00e9chographie parfait pour vous :<\/p>\n<ul style=\"font-weight: 400;\">\n<li><strong>Vous venez d\u2019apprendre que vous \u00eates enceinte?<\/strong> Commencez avec notre <strong><a href=\"https:\/\/www.ucbaby.ca\/fr\/fetal-age-assessment\"><em>\u00c9valuation de l\u2019\u00e2ge f\u0153tal<\/em><\/a><\/strong> ou le <a href=\"https:\/\/www.ucbaby.ca\/fr\/evaluation-de-vitalite-battement-de-coeur\"><strong><em>V\u00e9rification des battements de c\u0153ur<\/em><\/strong><\/a> d\u00e8s 7\u20138 semaines.<\/li>\n<li><strong>Vous souhaitez conna\u00eetre le sexe de votre b\u00e9b\u00e9?<\/strong> Choisissez notre <a href=\"https:\/\/www.ucbaby.ca\/fr\/earlyreveal-test-de-sexe-uc-baby\"><strong><em>Test sanguin R\u00e9v\u00e9lation de Sexe<\/em><\/strong><\/a> (d\u00e8s 7 semaines) ou notre <strong><a href=\"https:\/\/www.ucbaby.ca\/fr\/services-de-revelation-du-sexe-par-baby\"><em>\u00c9chographie R\u00e9v\u00e9lation de Sexe<\/em><\/a><\/strong> (d\u00e8s 16 semaines).<\/li>\n<li><strong>Pr\u00eate \u00e0 voir votre b\u00e9b\u00e9 en haute d\u00e9finition?<\/strong> Nos <a href=\"https:\/\/www.ucbaby.ca\/fr\/forfaits-ultrasons\"><strong><em>Forfaits Bronze, Silver, Golden et Ultimate<\/em><\/strong><\/a> offrent des exp\u00e9riences immersives en \u00e9chographie 3D\/5D, avec options pour visites multiples, photos imprim\u00e9es et vid\u00e9os.<\/li>\n<\/ul>\n<p style=\"font-weight: 400;\">Chaque visite est plus qu\u2019un simple scan \u2014 c\u2019est un moment pour cr\u00e9er un lien avec votre b\u00e9b\u00e9 avant la naissance.<\/p>\n<p style=\"font-weight: 400;\">\n<h2 style=\"font-weight: 400;\"><strong>Forfaits et services d\u2019\u00e9chographie UC Baby<\/strong><\/h2>\n<style>\n  .ucbaby-table {<br \/>\n    width: 100%;<br \/>\n    border-collapse: collapse;<br \/>\n    font-family: inherit;<br \/>\n    font-size: 16px;<br \/>\n  }<br \/>\n  .ucbaby-table th {<br \/>\n    background-color: #EF008D;<br \/>\n    color: #fff;<br \/>\n    padding: 12px;<br \/>\n    border: 1px solid #ddd;<br \/>\n    text-align: center;<br \/>\n  }<br \/>\n  .ucbaby-table td {<br \/>\n    border: 1px solid #ddd;<br \/>\n    padding: 12px;<br \/>\n    vertical-align: top;<br \/>\n  }<br \/>\n  .ucbaby-table tbody tr:nth-child(even) {<br \/>\n    background-color: #FDF2F8;<br \/>\n  }<br \/>\n  .ucbaby-table tbody tr:hover {<br \/>\n    background-color: #C0D4E8;<br \/>\n    color: #000;<br \/>\n  }<br \/>\n<\/style>\n<table class=\"ucbaby-table\">\n<thead>\n<tr>\n<th>Forfait \/ Service UC Baby<\/th>\n<th>\u00c2ge gestationnel sugg\u00e9r\u00e9<\/th>\n<th>Inclus<\/th>\n<th>Prix r\u00e9gulier (CAD)<\/th>\n<\/tr>\n<\/thead>\n<tbody>\n<tr>\n<td><strong>\u00c9valuation de l\u2019\u00e2ge f\u0153tal<\/strong><\/td>\n<td style=\"text-align: center;\">7 \u2013 14 semaines<\/td>\n<td>Mesure cr\u00e2no-caudale, estimation de la date pr\u00e9vue d\u2019accouchement, photo souvenir<\/td>\n<td style=\"text-align: center;\">99 $<\/td>\n<\/tr>\n<tr>\n<td><strong>Test sanguin R\u00e9v\u00e9lation de Sexe<\/strong><\/td>\n<td style=\"text-align: center;\">D\u00e8s 7 semaines<\/td>\n<td>Test sanguin non \u00e9chographique pour r\u00e9v\u00e9ler le sexe avec grande pr\u00e9cision; r\u00e9sultats en 72 h<\/td>\n<td style=\"text-align: center;\">185 $<\/td>\n<\/tr>\n<tr>\n<td><strong>V\u00e9rification des battements de c\u0153ur<\/strong><\/td>\n<td style=\"text-align: center;\">D\u00e8s 8 semaines<\/td>\n<td>\u00c9cho 2D (5\u201310 min), audio\/graphique des battements du c\u0153ur; ne d\u00e9termine pas le sexe<\/td>\n<td style=\"text-align: center;\">85 $<\/td>\n<\/tr>\n<tr>\n<td><strong>Sneak Peek<\/strong><\/td>\n<td style=\"text-align: center;\">12 \u2013 16 semaines<\/td>\n<td>\u00c9chographie 2D; ne d\u00e9termine pas le sexe<\/td>\n<td style=\"text-align: center;\">99 $<\/td>\n<\/tr>\n<tr>\n<td><strong>\u00c9chographie R\u00e9v\u00e9lation de Sexe<\/strong><\/td>\n<td style=\"text-align: center;\">D\u00e8s 16 semaines<\/td>\n<td>\u00c9cho rapide centr\u00e9e sur la d\u00e9termination du sexe; pas de photos du visage<\/td>\n<td style=\"text-align: center;\">125 $<\/td>\n<\/tr>\n<tr>\n<td><strong>Forfait Bronze<\/strong><\/td>\n<td style=\"text-align: center;\">D\u00e8s 18 semaines<\/td>\n<td>15 minutes d\u2019\u00e9chographie 3D\/5D, r\u00e9v\u00e9lation de sexe, 2 photos imprim\u00e9es, acc\u00e8s en ligne, diffusion en direct, vid\u00e9o sur demande<\/td>\n<td style=\"text-align: center;\">145 $<\/td>\n<\/tr>\n<tr>\n<td><strong>Forfait Silver<\/strong><\/td>\n<td style=\"text-align: center;\">D\u00e8s 20 semaines<\/td>\n<td>30 minutes d\u2019\u00e9chographie 3D\/5D, r\u00e9v\u00e9lation de sexe, 2 photos imprim\u00e9es, acc\u00e8s en ligne, diffusion en direct, vid\u00e9o sur demande<\/td>\n<td style=\"text-align: center;\">199 $<\/td>\n<\/tr>\n<tr>\n<td><strong>Forfait Golden<\/strong><\/td>\n<td style=\"text-align: center;\">D\u00e8s 20 semaines<\/td>\n<td>2 visites du forfait Silver.<br \/>\nPremi\u00e8re visite : 20\u201325 semaines<br \/>\nDeuxi\u00e8me visite : 25\u201332 semaines<\/td>\n<td style=\"text-align: center;\">325 $<br \/>\n(\u00e9conomie de 73 $)<\/td>\n<\/tr>\n<tr>\n<td><strong>Forfait Ultimate<\/strong><\/td>\n<td style=\"text-align: center;\">D\u00e8s 16 semaines<\/td>\n<td>Premi\u00e8re visite : R\u00e9v\u00e9lation de Sexe (16\u201324 sem)<br \/>\n+ Deuxi\u00e8me visite : Silver (25\u201330 sem)<\/td>\n<td style=\"text-align: center;\">225 $<br \/>\n(\u00e9conomie de 99 $)<\/td>\n<\/tr>\n<\/tbody>\n<\/table>\n<h2><\/h2>\n<h2><strong>\ud83c\udf81 Ajoutez des souvenirs pour rendre votre moment encore plus sp\u00e9cial<\/strong><\/h2>\n<p style=\"font-weight: 400;\"><strong><div class=\"title_line margin-b20\"><h3 class=\"featured_article_title\" data-rt-animate=\"animate\" data-rt-animation-type=\"fade\" data-rt-animation-group=\"single\"><span class=\"icon-star-1 heading_icon\"><\/span> Diffusion en direct GRATUITE avec le forfait Silver<\/h3><\/div><\/strong><\/p>\n<p>Partagez le moment en direct avec votre famille! Lorsque vous r\u00e9servez un <strong>Forfait Silver<\/strong> (ou sup\u00e9rieur), la <strong>diffusion en direct<\/strong> est incluse sans frais \u2014 id\u00e9al pour impliquer vos proches, o\u00f9 qu\u2019ils soient.<\/p>\n<a id=\"\" href=\"https:\/\/www.ucbaby.ca\/live-broadcasting\" target=\"_self\" title=\"En savoir plus \u2014 Diffusion en direct et Vid\u00e9o sur Demande\" class=\"button_ default small  margin-t0  align\" data-rt-animate=\"animate\" data-rt-animation-type=\"bounceIn\" data-rt-animation-group=\"single\" >En savoir plus \u2014 Diffusion en direct et Vid\u00e9o sur Demande<\/a>\n<p>&nbsp;<\/p>\n<p><strong><div class=\"title_line margin-b20\"><h3 class=\"featured_article_title\" data-rt-animate=\"animate\" data-rt-animation-type=\"fade\" data-rt-animation-group=\"single\"><span class=\"icon-star-1 heading_icon\"><\/span> Ajoutez un Ours Battement de C\u0153ur<\/h3><\/div><\/strong><\/p>\n<p>Capturez les battements du c\u0153ur de votre b\u00e9b\u00e9 dans un adorable <strong>Ours Battement de C\u0153ur<\/strong> \u2014 un souvenir pr\u00e9cieux que vous garderez toute votre vie. Ajoutez-le \u00e0 n\u2019importe quelle s\u00e9ance admissible ou profitez de notre <strong>offre combin\u00e9e<\/strong> ci-dessous.<\/p>\n<a id=\"\" href=\"https:\/\/www.ucbaby.ca\/heartbeat-bear\" target=\"_self\" title=\"En savoir plus \u2014 Ours Battement de C\u0153ur\" class=\"button_ default small  margin-t0  align\" data-rt-animate=\"animate\" data-rt-animation-type=\"bounceIn\" data-rt-animation-group=\"single\" >En savoir plus \u2014 Ours Battement de C\u0153ur<\/a>\n<p>&nbsp;<\/p>\n<p><strong><div class=\"title_line margin-b20\"><h3 class=\"featured_article_title\" data-rt-animate=\"animate\" data-rt-animation-type=\"fade\" data-rt-animation-group=\"single\"><span class=\"icon-star-1 heading_icon\"><\/span> Combinez et \u00e9conomisez : Silver + Ours Battement de C\u0153ur<\/h3><\/div><\/strong><\/p>\n<p style=\"font-weight: 400;\">Vous souhaitez une exp\u00e9rience encore plus compl\u00e8te? R\u00e9servez le <a href=\"https:\/\/www.ucbaby.ca\/fr\/offre-speciale-echo-3d-hd-ourson-battement-de-coeur\"><strong>Forfait Silver + Ours Battement de C\u0153ur<\/strong><\/a> et <strong>\u00e9conomisez 30 $<\/strong>. Profitez d\u2019une s\u00e9ance 3D\/5D de 30 minutes, r\u00e9v\u00e9lation de sexe, photos imprim\u00e9es, acc\u00e8s en ligne, diffusion en direct et un ourson souvenir \u2014 le tout dans une visite inoubliable.<\/p>\n<a id=\"\" href=\"https:\/\/www.ucbaby.ca\/3d-hd-ultrasound-package-heartbeat-bear-save-30\" target=\"_self\" title=\"En savoir plus \u2014 Silver + Ours Battement de C\u0153ur\" class=\"button_ default small  margin-t0  align\" data-rt-animate=\"animate\" data-rt-animation-type=\"bounceIn\" data-rt-animation-group=\"single\" >En savoir plus \u2014 Silver + Ours Battement de C\u0153ur<\/a>\n<p>&nbsp;<\/p>\n<p style=\"font-weight: 400;\"><strong><div class=\"title_line margin-b20\"><h3 class=\"featured_article_title\" data-rt-animate=\"animate\" data-rt-animation-type=\"fade\" data-rt-animation-group=\"single\"><span class=\"icon-star-1 heading_icon\"><\/span> Revenez et \u00e9conomisez avec notre offre Fid\u00e9lit\u00e9<\/h3><\/div><\/strong><\/p>\n<p style=\"font-weight: 400;\">Votre b\u00e9b\u00e9 grandit \u2014 et votre prochaine visite pourrait \u00eatre encore plus magique. Les familles qui reviennent profitent de <strong>25 % de rabais<\/strong> sur leur deuxi\u00e8me rendez-vous gr\u00e2ce \u00e0 notre <a href=\"https:\/\/www.ucbaby.ca\/fr\/rabais-fidelite-uc-baby-25\"><strong>Programme de fid\u00e9lit\u00e9<\/strong><\/a>.<\/p>\n<p>Que vous ayez commenc\u00e9 avec une \u00c9valuation de l\u2019\u00e2ge f\u0153tal ou une R\u00e9v\u00e9lation de Sexe, revenez plus tard dans votre grossesse pour une <strong>\u00e9chographie 5D HD Live<\/strong> et profitez d\u2019\u00e9conomies exclusives.<\/p>\n<a id=\"\" href=\"https:\/\/www.ucbaby.ca\/loyalty-discount-unlock-25-off-at-uc-baby\" target=\"_self\" title=\"En savoir plus \u2014 Rabais de 25% sur la deuxi\u00e8me visite\" class=\"button_ default small  margin-t0  align\" data-rt-animate=\"animate\" data-rt-animation-type=\"bounceIn\" data-rt-animation-group=\"single\" >En savoir plus \u2014 Rabais de 25% sur la deuxi\u00e8me visite<\/a>\n<p>&nbsp;<\/p>\n<h2>\ud83d\udcc5 R\u00e9servez votre \u00e9chographie 3D ou 5D d\u00e8s aujourd\u2019hui<\/h2>\n<p style=\"font-weight: 400;\">De votre premi\u00e8re v\u00e9rification des battements de c\u0153ur \u00e0 une exp\u00e9rience compl\u00e8te d\u2019\u00e9chographie HD 5D, UC Baby est l\u00e0 pour c\u00e9l\u00e9brer chaque \u00e9tape de votre grossesse. Choisissez votre forfait, v\u00e9rifiez votre \u00e2ge gestationnel, obtenez une r\u00e9v\u00e9lation de sexe et r\u00e9servez votre rendez-vous en ligne d\u00e8s aujourd\u2019hui. Nos cliniques partout au Canada offrent une atmosph\u00e8re chaleureuse et familiale et respectent les normes les plus \u00e9lev\u00e9es en mati\u00e8re de soins d\u2019\u00e9chographie pour les futures mamans.<\/p>\n<a id=\"\" href=\"https:\/\/www.ucbaby.ca\/appointmentrequest\" target=\"_self\" title=\"R\u00e9servez maintenant \u00e0 votre centre UC Baby le plus pr\u00e8s ou contactez-nous pour plus d\u2019information\" class=\"button_ default large  margin-t0  align\" data-rt-animate=\"animate\" data-rt-animation-type=\"bounceIn\" data-rt-animation-group=\"single\" >R\u00e9servez maintenant \u00e0 votre centre UC Baby le plus pr\u00e8s ou contactez-nous pour plus d\u2019information<\/a>\n<p>&nbsp;<\/p>\n<div id=\"wp-ai-bot-floating\" class=\"uc-baby-floating-chat\"><div class=\"wp-ai-bot-header\"><div class=\"wp-ai-bot-header-content\"><img decoding=\"async\" src=\"https:\/\/ucbaby.ca\/wp-content\/uploads\/2014\/05\/logo_normal.png\" alt=\"UC Baby\" class=\"wp-ai-bot-header-logo\" \/><button class=\"wp-ai-bot-close\" onclick=\"toggleFloatingChatbot()\">\u00d7<\/button><\/div><\/div><div class=\"wp-ai-bot-messages\" id=\"wp-ai-bot-messages\"><div id=\"uc-baby-welcome-container\" class=\"uc-baby-welcome-message\"><\/div><div id=\"uc-baby-messages-container\" class=\"uc-baby-messages-container\"><\/div><\/div><div class=\"wp-ai-bot-input uc-baby-input-container\"><input type=\"text\" id=\"uc-baby-input-field\" class=\"uc-baby-input\" placeholder=\"Type your message...\" \/><button onclick=\"sendUCBabyMessage()\" id=\"uc-baby-send-btn\" class=\"uc-baby-send-button\"><svg width=\"20\" height=\"20\" viewBox=\"0 0 24 24\" fill=\"none\" xmlns=\"http:\/\/www.w3.org\/2000\/svg\"><path d=\"M22 2L11 13M22 2L15 22L11 13M22 2L2 9L11 13\" stroke=\"currentColor\" stroke-width=\"2\" stroke-linecap=\"round\" stroke-linejoin=\"round\"\/><\/svg><\/button><\/div><\/div><button id=\"wp-ai-bot-toggle\" class=\"wp-ai-bot-toggle\" onclick=\"toggleFloatingChatbot()\"><div class=\"wp-ai-bot-toggle-icon\"><svg width=\"24\" height=\"24\" viewBox=\"0 0 24 24\" fill=\"none\" xmlns=\"http:\/\/www.w3.org\/2000\/svg\"><path d=\"M21 15C21 15.5304 20.7893 16.0391 20.4142 16.4142C20.0391 16.7893 19.5304 17 19 17H7L3 21V5C3 4.46957 3.21071 3.96086 3.58579 3.58579C3.96086 3.21071 4.46957 3 5 3H19C19.5304 3 20.0391 3.21071 20.4142 3.58579C20.7893 3.96086 21 4.46957 21 5V15Z\" stroke=\"currentColor\" stroke-width=\"2\" stroke-linecap=\"round\" stroke-linejoin=\"round\"\/><\/svg><\/div><span class=\"wp-ai-bot-toggle-text\">Chat with UC Baby<\/span><\/button><script>const ajaxurl = \"https:\/\/www.ucbaby.ca\/wp-admin\/admin-ajax.php\";const bbTimeZone = Intl.DateTimeFormat().resolvedOptions().timeZone;const sendMessageNonce = \"4071bfd5fb\";const streamNonce = \"2835b4faee\";const onboardingDataNonce = \"3988ad52c5\";<\/script><div class=\"buddybot-chat-conversation-alert alert alert-danger small\" data-bb-alert=\"danger\" role=\"alert\" style=\"display:none;\"><\/div><input id=\"buddybot-chat-conversation-assistant-id\" type=\"hidden\" value=\"asst_4xIlmP6OR8LMO78rvWiQcpjY\">\n","protected":false},"excerpt":{"rendered":"<p>&nbsp; Chez UC Baby, nous offrons une gamme compl\u00e8te de services d\u2019\u00e9chographie de grossesse adapt\u00e9s \u00e0 chaque \u00e9tape de votre parcours \u2014 des \u00e9valuations pr\u00e9coces du f\u0153tus aux s\u00e9ances d\u2019\u00e9chographie haute d\u00e9finition 3D et 5D. Que vous souhaitiez entendre les battements du c\u0153ur de votre b\u00e9b\u00e9 pour la premi\u00e8re fois ou capturer de magnifiques images [&hellip;]<\/p>\n","protected":false},"author":7,"featured_media":29525,"parent":0,"menu_order":0,"comment_status":"closed","ping_status":"closed","template":"","meta":{"footnotes":""},"class_list":["post-29860","page","type-page","status-publish","has-post-thumbnail","hentry"],"yoast_head":"<!-- This site is optimized with the Yoast SEO plugin v27.4 - https:\/\/yoast.com\/product\/yoast-seo-wordpress\/ -->\n<title>Forfaits d\u2019\u00e9chographie UC Baby | \u00c9chographies 3D, 5D et R\u00e9v\u00e9lation de Sexe au Canada<\/title>\n<meta name=\"description\" content=\"D\u00e9couvrez les forfaits d\u2019\u00e9chographie UC Baby : 3D, 5D, R\u00e9v\u00e9lation de Sexe, battements de c\u0153ur et souvenirs. Des services s\u00e9curitaires offerts partout au Canada\" \/>\n<meta name=\"robots\" content=\"index, follow, max-snippet:-1, max-image-preview:large, max-video-preview:-1\" \/>\n<link rel=\"canonical\" href=\"https:\/\/www.ucbaby.ca\/fr\/forfaits-et-services-echographie\" \/>\n<meta property=\"og:locale\" content=\"fr_FR\" \/>\n<meta property=\"og:type\" content=\"article\" \/>\n<meta property=\"og:title\" content=\"Forfaits d\u2019\u00e9chographie UC Baby | \u00c9chographies 3D, 5D et R\u00e9v\u00e9lation de Sexe au Canada\" \/>\n<meta property=\"og:description\" content=\"D\u00e9couvrez les forfaits d\u2019\u00e9chographie UC Baby : 3D, 5D, R\u00e9v\u00e9lation de Sexe, battements de c\u0153ur et souvenirs. Des services s\u00e9curitaires offerts partout au Canada\" \/>\n<meta property=\"og:url\" content=\"https:\/\/www.ucbaby.ca\/fr\/forfaits-et-services-echographie\" \/>\n<meta property=\"og:site_name\" content=\"UC Baby\" \/>\n<meta property=\"article:publisher\" content=\"http:\/\/www.facebook.com\/ucbaby\" \/>\n<meta property=\"article:modified_time\" content=\"2025-11-22T07:44:09+00:00\" \/>\n<meta property=\"og:image\" content=\"https:\/\/www.ucbaby.ca\/wp-content\/uploads\/2025\/08\/UC-Baby-Blog-UC-Ba.png\" \/>\n\t<meta property=\"og:image:width\" content=\"810\" \/>\n\t<meta property=\"og:image:height\" content=\"450\" \/>\n\t<meta property=\"og:image:type\" content=\"image\/png\" \/>\n<meta name=\"twitter:label1\" content=\"Dur\u00e9e de lecture estim\u00e9e\" \/>\n\t<meta name=\"twitter:data1\" content=\"5 minutes\" \/>\n<script type=\"application\/ld+json\" class=\"yoast-schema-graph\">{\"@context\":\"https:\\\/\\\/schema.org\",\"@graph\":[{\"@type\":\"WebPage\",\"@id\":\"https:\\\/\\\/www.ucbaby.ca\\\/fr\\\/forfaits-et-services-echographie\",\"url\":\"https:\\\/\\\/www.ucbaby.ca\\\/fr\\\/forfaits-et-services-echographie\",\"name\":\"Forfaits d\u2019\u00e9chographie UC Baby | \u00c9chographies 3D, 5D et R\u00e9v\u00e9lation de Sexe au Canada\",\"isPartOf\":{\"@id\":\"https:\\\/\\\/www.ucbaby.ca\\\/#website\"},\"primaryImageOfPage\":{\"@id\":\"https:\\\/\\\/www.ucbaby.ca\\\/fr\\\/forfaits-et-services-echographie#primaryimage\"},\"image\":{\"@id\":\"https:\\\/\\\/www.ucbaby.ca\\\/fr\\\/forfaits-et-services-echographie#primaryimage\"},\"thumbnailUrl\":\"https:\\\/\\\/www.ucbaby.ca\\\/wp-content\\\/uploads\\\/2025\\\/08\\\/UC-Baby-Blog-UC-Ba.png\",\"datePublished\":\"2025-11-21T17:57:27+00:00\",\"dateModified\":\"2025-11-22T07:44:09+00:00\",\"description\":\"D\u00e9couvrez les forfaits d\u2019\u00e9chographie UC Baby : 3D, 5D, R\u00e9v\u00e9lation de Sexe, battements de c\u0153ur et souvenirs. Des services s\u00e9curitaires offerts partout au Canada\",\"breadcrumb\":{\"@id\":\"https:\\\/\\\/www.ucbaby.ca\\\/fr\\\/forfaits-et-services-echographie#breadcrumb\"},\"inLanguage\":\"fr-FR\",\"potentialAction\":[{\"@type\":\"ReadAction\",\"target\":[\"https:\\\/\\\/www.ucbaby.ca\\\/fr\\\/forfaits-et-services-echographie\"]}]},{\"@type\":\"ImageObject\",\"inLanguage\":\"fr-FR\",\"@id\":\"https:\\\/\\\/www.ucbaby.ca\\\/fr\\\/forfaits-et-services-echographie#primaryimage\",\"url\":\"https:\\\/\\\/www.ucbaby.ca\\\/wp-content\\\/uploads\\\/2025\\\/08\\\/UC-Baby-Blog-UC-Ba.png\",\"contentUrl\":\"https:\\\/\\\/www.ucbaby.ca\\\/wp-content\\\/uploads\\\/2025\\\/08\\\/UC-Baby-Blog-UC-Ba.png\",\"width\":810,\"height\":450},{\"@type\":\"BreadcrumbList\",\"@id\":\"https:\\\/\\\/www.ucbaby.ca\\\/fr\\\/forfaits-et-services-echographie#breadcrumb\",\"itemListElement\":[{\"@type\":\"ListItem\",\"position\":1,\"name\":\"Home\",\"item\":\"https:\\\/\\\/www.ucbaby.ca\\\/\"},{\"@type\":\"ListItem\",\"position\":2,\"name\":\"D\u00e9couvrez les forfaits et services d\u2019\u00e9chographie de grossesse UC Baby\"}]},{\"@type\":\"WebSite\",\"@id\":\"https:\\\/\\\/www.ucbaby.ca\\\/#website\",\"url\":\"https:\\\/\\\/www.ucbaby.ca\\\/\",\"name\":\"UC Baby\",\"description\":\"UC Baby is Canada&#039;s #1 Trusted company for 3D, 4D and HD 5D pregnancy ultrasound services\",\"potentialAction\":[{\"@type\":\"SearchAction\",\"target\":{\"@type\":\"EntryPoint\",\"urlTemplate\":\"https:\\\/\\\/www.ucbaby.ca\\\/?s={search_term_string}\"},\"query-input\":{\"@type\":\"PropertyValueSpecification\",\"valueRequired\":true,\"valueName\":\"search_term_string\"}}],\"inLanguage\":\"fr-FR\"}]}<\/script>\n<!-- \/ Yoast SEO plugin. -->","yoast_head_json":{"title":"Forfaits d\u2019\u00e9chographie UC Baby | \u00c9chographies 3D, 5D et R\u00e9v\u00e9lation de Sexe au Canada","description":"D\u00e9couvrez les forfaits d\u2019\u00e9chographie UC Baby : 3D, 5D, R\u00e9v\u00e9lation de Sexe, battements de c\u0153ur et souvenirs. Des services s\u00e9curitaires offerts partout au Canada","robots":{"index":"index","follow":"follow","max-snippet":"max-snippet:-1","max-image-preview":"max-image-preview:large","max-video-preview":"max-video-preview:-1"},"canonical":"https:\/\/www.ucbaby.ca\/fr\/forfaits-et-services-echographie","og_locale":"fr_FR","og_type":"article","og_title":"Forfaits d\u2019\u00e9chographie UC Baby | \u00c9chographies 3D, 5D et R\u00e9v\u00e9lation de Sexe au Canada","og_description":"D\u00e9couvrez les forfaits d\u2019\u00e9chographie UC Baby : 3D, 5D, R\u00e9v\u00e9lation de Sexe, battements de c\u0153ur et souvenirs. Des services s\u00e9curitaires offerts partout au Canada","og_url":"https:\/\/www.ucbaby.ca\/fr\/forfaits-et-services-echographie","og_site_name":"UC Baby","article_publisher":"http:\/\/www.facebook.com\/ucbaby","article_modified_time":"2025-11-22T07:44:09+00:00","og_image":[{"width":810,"height":450,"url":"https:\/\/www.ucbaby.ca\/wp-content\/uploads\/2025\/08\/UC-Baby-Blog-UC-Ba.png","type":"image\/png"}],"twitter_misc":{"Dur\u00e9e de lecture estim\u00e9e":"5 minutes"},"schema":{"@context":"https:\/\/schema.org","@graph":[{"@type":"WebPage","@id":"https:\/\/www.ucbaby.ca\/fr\/forfaits-et-services-echographie","url":"https:\/\/www.ucbaby.ca\/fr\/forfaits-et-services-echographie","name":"Forfaits d\u2019\u00e9chographie UC Baby | \u00c9chographies 3D, 5D et R\u00e9v\u00e9lation de Sexe au Canada","isPartOf":{"@id":"https:\/\/www.ucbaby.ca\/#website"},"primaryImageOfPage":{"@id":"https:\/\/www.ucbaby.ca\/fr\/forfaits-et-services-echographie#primaryimage"},"image":{"@id":"https:\/\/www.ucbaby.ca\/fr\/forfaits-et-services-echographie#primaryimage"},"thumbnailUrl":"https:\/\/www.ucbaby.ca\/wp-content\/uploads\/2025\/08\/UC-Baby-Blog-UC-Ba.png","datePublished":"2025-11-21T17:57:27+00:00","dateModified":"2025-11-22T07:44:09+00:00","description":"D\u00e9couvrez les forfaits d\u2019\u00e9chographie UC Baby : 3D, 5D, R\u00e9v\u00e9lation de Sexe, battements de c\u0153ur et souvenirs. Des services s\u00e9curitaires offerts partout au Canada","breadcrumb":{"@id":"https:\/\/www.ucbaby.ca\/fr\/forfaits-et-services-echographie#breadcrumb"},"inLanguage":"fr-FR","potentialAction":[{"@type":"ReadAction","target":["https:\/\/www.ucbaby.ca\/fr\/forfaits-et-services-echographie"]}]},{"@type":"ImageObject","inLanguage":"fr-FR","@id":"https:\/\/www.ucbaby.ca\/fr\/forfaits-et-services-echographie#primaryimage","url":"https:\/\/www.ucbaby.ca\/wp-content\/uploads\/2025\/08\/UC-Baby-Blog-UC-Ba.png","contentUrl":"https:\/\/www.ucbaby.ca\/wp-content\/uploads\/2025\/08\/UC-Baby-Blog-UC-Ba.png","width":810,"height":450},{"@type":"BreadcrumbList","@id":"https:\/\/www.ucbaby.ca\/fr\/forfaits-et-services-echographie#breadcrumb","itemListElement":[{"@type":"ListItem","position":1,"name":"Home","item":"https:\/\/www.ucbaby.ca\/"},{"@type":"ListItem","position":2,"name":"D\u00e9couvrez les forfaits et services d\u2019\u00e9chographie de grossesse UC Baby"}]},{"@type":"WebSite","@id":"https:\/\/www.ucbaby.ca\/#website","url":"https:\/\/www.ucbaby.ca\/","name":"UC Baby","description":"UC Baby is Canada&#039;s #1 Trusted company for 3D, 4D and HD 5D pregnancy ultrasound services","potentialAction":[{"@type":"SearchAction","target":{"@type":"EntryPoint","urlTemplate":"https:\/\/www.ucbaby.ca\/?s={search_term_string}"},"query-input":{"@type":"PropertyValueSpecification","valueRequired":true,"valueName":"search_term_string"}}],"inLanguage":"fr-FR"}]}},"_links":{"self":[{"href":"https:\/\/www.ucbaby.ca\/fr\/wp-json\/wp\/v2\/pages\/29860","targetHints":{"allow":["GET"]}}],"collection":[{"href":"https:\/\/www.ucbaby.ca\/fr\/wp-json\/wp\/v2\/pages"}],"about":[{"href":"https:\/\/www.ucbaby.ca\/fr\/wp-json\/wp\/v2\/types\/page"}],"author":[{"embeddable":true,"href":"https:\/\/www.ucbaby.ca\/fr\/wp-json\/wp\/v2\/users\/7"}],"replies":[{"embeddable":true,"href":"https:\/\/www.ucbaby.ca\/fr\/wp-json\/wp\/v2\/comments?post=29860"}],"version-history":[{"count":2,"href":"https:\/\/www.ucbaby.ca\/fr\/wp-json\/wp\/v2\/pages\/29860\/revisions"}],"predecessor-version":[{"id":29862,"href":"https:\/\/www.ucbaby.ca\/fr\/wp-json\/wp\/v2\/pages\/29860\/revisions\/29862"}],"wp:featuredmedia":[{"embeddable":true,"href":"https:\/\/www.ucbaby.ca\/fr\/wp-json\/wp\/v2\/media\/29525"}],"wp:attachment":[{"href":"https:\/\/www.ucbaby.ca\/fr\/wp-json\/wp\/v2\/media?parent=29860"}],"curies":[{"name":"wp","href":"https:\/\/api.w.org\/{rel}","templated":true}]}}