{"id":29420,"date":"2025-05-05T14:58:33","date_gmt":"2025-05-05T18:58:33","guid":{"rendered":"https:\/\/www.ucbaby.ca\/fetal-age-assessment"},"modified":"2025-05-31T15:45:07","modified_gmt":"2025-05-31T19:45:07","slug":"fetal-age-assessment","status":"publish","type":"page","link":"https:\/\/www.ucbaby.ca\/fr\/fetal-age-assessment","title":{"rendered":"\u00c9valuation de l&rsquo;\u00e2ge f\u0153tal"},"content":{"rendered":"<p>&nbsp;<\/p>\n<p>Vous vous demandez \u00e0 quel stade de votre grossesse vous \u00eates rendue? Une <a href=\"https:\/\/www.healthline.com\/health\/pregnancy\/7-week-ultrasound#what-youll-see\" target=\"_blank\" rel=\"noopener\"><strong data-start=\"251\" data-end=\"282\">\u00e9chographie de datation de grossesse<\/strong><\/a> est un examen pr\u00e9coce courant permettant d\u2019estimer l\u2019\u00e2ge gestationnel et de pr\u00e9voir la date d\u2019accouchement. Chez UC Baby, notre service d\u2019<strong><em data-start=\"393\" data-end=\"415\">\u00c9valuation de l\u2019\u00e2ge f\u0153tal<\/em><\/strong> offre une exp\u00e9rience semblable dans un environnement chaleureux et adapt\u00e9 aux familles.<\/p>\n<p>Gr\u00e2ce \u00e0 une technologie d\u2019\u00e9chographie 2D non diagnostique, ce service permet de prendre des mesures pr\u00e9cises du f\u0153tus pour mieux comprendre son stade de d\u00e9veloppement. Bien qu\u2019il ne remplace pas une \u00e9chographie de datation prescrite par un m\u00e9decin ou une sage-femme, ce service procure une tranquillit\u00e9 d\u2019esprit et un moment privil\u00e9gi\u00e9 pour cr\u00e9er un lien avec b\u00e9b\u00e9 d\u00e8s le premier trimestre.<\/p>\n<div class=\"title_line margin-b20\"><h3 class=\"featured_article_title\" data-rt-animate=\"animate\" data-rt-animation-type=\"fade\" data-rt-animation-group=\"single\"><span class=\"icon-heart-1 heading_icon\"><\/span> D\u00e9couvrez le stade de d\u00e9veloppement de votre b\u00e9b\u00e9 en toute confiance<\/h3><\/div>\n<p style=\"font-weight: 400;\">Chaque grossesse est unique \u2014 tout comme le parcours de croissance de chaque b\u00e9b\u00e9. Que vous ne connaissiez pas la date exacte de conception, ayez des cycles irr\u00e9guliers ou souhaitiez simplement mieux comprendre le d\u00e9veloppement de votre b\u00e9b\u00e9, l\u2019<strong><em>\u00c9valuation de l\u2019\u00e2ge f\u0153tal<\/em><\/strong> d\u2019UC Baby vous apportera la s\u00e9r\u00e9nit\u00e9.<\/p>\n<p style=\"font-weight: 400;\">Cette s\u00e9ance \u00e9chographique de grossesse \u00e9lective est con\u00e7ue pour offrir aux familles des indications sur l\u2019\u00e2ge gestationnel de leur b\u00e9b\u00e9. C\u2019est une excellente premi\u00e8re \u00e9tape avant de planifier d\u2019autres \u00e9chographies ou simplement pour \u00eatre rassur\u00e9e en d\u00e9but de grossesse.<\/p>\n<div class=\"title_line margin-b20\"><h3 class=\"featured_article_title\" data-rt-animate=\"animate\" data-rt-animation-type=\"fade\" data-rt-animation-group=\"single\"><span class=\"icon-heart-1 heading_icon\"><\/span> Qu\u2019est-ce qu\u2019une \u00c9valuation de l\u2019\u00e2ge f\u0153tal?<\/h3><\/div>\n<p style=\"font-weight: 400;\">Notre service d\u2019<strong><em>\u00c9valuation de l\u2019\u00e2ge f\u0153tal<\/em><\/strong> utilise une technologie d\u2019\u00e9chographie 2D avanc\u00e9e afin de mesurer la longueur cr\u00e2nio-caudale (CRL) du b\u00e9b\u00e9 \u2014 l\u2019indicateur le plus fiable de l\u2019\u00e2ge gestationnel en d\u00e9but de grossesse. Ce service est particuli\u00e8rement utile si :<\/p>\n<ul style=\"font-weight: 400;\">\n<li>Vos cycles menstruels sont irr\u00e9guliers<\/li>\n<li>Vous n\u2019\u00eates pas certaine de la date de vos derni\u00e8res r\u00e8gles<\/li>\n<li>Vous n\u2019avez pas encore pass\u00e9 d\u2019\u00e9chographie de datation<\/li>\n<li>Vous \u00eates curieuse de suivre le d\u00e9veloppement de b\u00e9b\u00e9 avant l\u2019\u00e9chographie anatomique<\/li>\n<\/ul>\n<p class=\"\" data-start=\"650\" data-end=\"986\">Cette s\u00e9ance est tr\u00e8s similaire \u00e0 ce que l\u2019on appelle m\u00e9dicalement une <strong data-start=\"710\" data-end=\"741\">\u00e9chographie de datation<\/strong>. Bien qu\u2019elle ne soit pas diagnostique, elle suit les m\u00eames principes : mesurer le b\u00e9b\u00e9 pour estimer l\u2019\u00e2ge gestationnel et la date pr\u00e9vue d\u2019accouchement. Elle apporte une clart\u00e9 bienvenue aux familles, surtout lorsque les \u00e9chographies m\u00e9dicales ne sont pas encore planifi\u00e9es ou effectu\u00e9es.<\/p>\n<p style=\"font-weight: 400;\"><strong><em>Bien que cette s\u00e9ance ne remplace pas une \u00e9chographie prescrite par un professionnel de la sant\u00e9<\/em><\/strong>, elle fournit de l\u2019information pr\u00e9cieuse sur l\u2019\u00e9volution de la grossesse et permet de renforcer le lien avec votre b\u00e9b\u00e9 en d\u00e9veloppement.<\/p>\n<div class=\"pricing_table service\" data-rt-animation-group=\"group\"><div class=\"table_wrap \" data-rt-animate=\"animate\" data-rt-animation-type=\"fadeInDown\"><ul>\n\t\t<li class=\"caption\">\n\t\t\t<div class=\"title\">CARACT\u00c9RISTIQUES DU FORFAIT &amp; INCLUSIONS\n\t<small>\n\t\t \n\t<\/small>\n\t<\/div>\n\t\t<\/li>\n\t\t<li class=\"price empty\"><\/li>\n\n<li class=\"start_position\">Objectif<\/li>\n<li>Effectu\u00e9e par<\/li>\n<li>Technologie utilis\u00e9e<\/li>\n<li>P\u00e9riode gestationnelle couverte<\/li>\n<li>Mesures effectu\u00e9es<\/li>\n<li>Diagnostic m\u00e9dical (oui\/non?)<\/li>\n<li>Images souvenirs incluses<\/li>\n<li>Options suppl\u00e9mentaires<\/li>\n<li>Rendez-vous requis<\/li>\n<li>Disponibilit\u00e9 le jour m\u00eame<\/li>\n<li>Disponibilit\u00e9 du service<\/li>\n<\/ul>\n<\/div>\n<div class=\"table_wrap highlight\" data-rt-animate=\"animate\" data-rt-animation-type=\"fadeInDown\"><ul>\n\t\t<li class=\"caption\">\n\t\t\t<div class=\"title\">\u00c9VALUATION DE L\u2019\u00c2GE F\u0152TAL\n\t<small>\n\t\t \n\t<\/small>\n\t<\/div>\n\t\t<\/li>\n\t\t<li class=\"price empty\"><\/li>\n\n<li class=\"start_position\">Estimer l\u2019\u00e2ge f\u0153tal et offrir un r\u00e9confort pr\u00e9coce<\/li>\n<li>Techniciennes en \u00e9chographie UC Baby<\/li>\n<li>\u00c9chographie 2D<\/li>\n<li>7 \u00e0 14 semaines<\/li>\n<li>CRL, battement cardiaque f\u0153tal, sac gestationnel<\/li>\n<li>\u274c Non diagnostique (\u00e0 titre informatif seulement)<\/li>\n<li>\u2705 Oui<\/li>\n<li>Enregistrement USB, Ourson C\u0153ur, photos imprim\u00e9es<\/li>\n<li>\u2705 Oui (prise de rendez-vous en ligne disponible)<\/li>\n<li>Souvent disponible<\/li>\n<li>\u2705 Disponible dans les centres UC Baby<\/li>\n<li><a id=\"\" href=\"https:\/\/www.ucbaby.ca\/appointmentrequest\" target=\"_self\" title=\"R\u00c9SERVEZ MAINTENANT\" class=\"button_ default medium icon-calendar margin-t5 align\" data-rt-animate=\"animate\" data-rt-animation-type=\"bounceIn\" data-rt-animation-group=\"single\" >R\u00c9SERVEZ MAINTENANT<\/a><\/li>\n<\/ul>\n<\/div>\n<div class=\"table_wrap \" data-rt-animate=\"animate\" data-rt-animation-type=\"fadeInDown\"><ul>\n\t\t<li class=\"caption\">\n\t\t\t<div class=\"title\">\u00c9CHOGRAPHIE DE DATATION\n\t<small>\n\t\t \n\t<\/small>\n\t<\/div>\n\t\t<\/li>\n\t\t<li class=\"price empty\"><\/li>\n\n<li class=\"start_position\">Estimer l\u2019\u00e2ge f\u0153tal, confirmer la viabilit\u00e9 de la grossesse<\/li>\n<li>\u00c9chographiste m\u00e9dical(e) sous prescription m\u00e9dicale<\/li>\n<li>\u00c9chographie 2D<\/li>\n<li>6 \u00e0 14 semaines<\/li>\n<li>CRL, battement cardiaque f\u0153tal, sac gestationnel<\/li>\n<li>\u2705 Diagnostique (\u00e0 des fins m\u00e9dicales)<\/li>\n<li>\u274c Habituellement non incluse<\/li>\n<li>\u274c Non offerte<\/li>\n<li>\u2705 Oui (par r\u00e9f\u00e9rence m\u00e9dicale)<\/li>\n<li>D\u00e9pend de la disponibilit\u00e9 en clinique<\/li>\n<li>\u274c Non offerte dans les centres UC Baby<\/li>\n<\/ul>\n<\/div><\/div>\n<p>&nbsp;<\/p>\n<p>&nbsp;<\/p>\n<div class=\"title_line margin-b20\"><h3 class=\"featured_article_title\" data-rt-animate=\"animate\" data-rt-animation-type=\"fade\" data-rt-animation-group=\"single\"><span class=\"icon-heart-1 heading_icon\"><\/span> \u00c0 quoi s\u2019attendre lors de la s\u00e9ance<\/h3><\/div>\n<ul style=\"font-weight: 400;\">\n<li><strong>Dur\u00e9e de la s\u00e9ance<\/strong> : Environ 10 \u00e0 15 minutes<\/li>\n<li><strong>Technologie utilis\u00e9e<\/strong> : \u00c9chographie 2D<\/li>\n<li><strong>P\u00e9riode gestationnelle<\/strong> : Id\u00e9alement entre 7 et 14 semaines<\/li>\n<li><strong>Inclusions<\/strong> :\n<ul>\n<li>Mesure de la taille de b\u00e9b\u00e9 et estimation de son \u00e2ge gestationnel<\/li>\n<li>Possibilit\u00e9 d\u2019observer les premiers mouvements de b\u00e9b\u00e9 selon l\u2019avancement<\/li>\n<li>Images souvenirs (imprim\u00e9es ou num\u00e9riques selon votre pr\u00e9f\u00e9rence)<\/li>\n<li>Enregistrement facultatif des ondes sonores du c\u0153ur de b\u00e9b\u00e9 (si audibles)<\/li>\n<\/ul>\n<\/li>\n<\/ul>\n<p style=\"font-weight: 400;\"><em>Note : Ce service non m\u00e9dical ne remplace pas les soins ou \u00e9valuations diagnostiques prescrits par un professionnel de la sant\u00e9.<\/em><\/p>\n<div class=\"title_line margin-b20\"><h3 class=\"featured_article_title\" data-rt-animate=\"animate\" data-rt-animation-type=\"fade\" data-rt-animation-group=\"single\"><span class=\"icon-heart-1 heading_icon\"><\/span> Quand devrais-je r\u00e9server?<\/h3><\/div>\n<p style=\"font-weight: 400;\">Nous recommandons de r\u00e9server votre \u00c9valuation de l\u2019\u00e2ge f\u0153tal entre <strong>7 et 14 semaines de grossesse<\/strong>. Les s\u00e9ances plus pr\u00e9coces (autour de 7 \u00e0 12 semaines) peuvent n\u00e9cessiter une vessie pleine pour une meilleure clart\u00e9 d\u2019image.<\/p>\n<div class=\"title_line margin-b20\"><h3 class=\"featured_article_title\" data-rt-animate=\"animate\" data-rt-animation-type=\"fade\" data-rt-animation-group=\"single\"><span class=\"icon-heart-1 heading_icon\"><\/span> Pourquoi choisir UC Baby?<\/h3><\/div>\n<p style=\"font-weight: 400;\">Avec plus de <strong>22 ans d\u2019exp\u00e9rience<\/strong> en \u00e9chographie pr\u00e9natale, <strong>UC Baby<\/strong> est le nom de confiance au Canada pour les \u00e9chographies \u00e9lectives et priv\u00e9es. Nous allions expertise professionnelle et atmosph\u00e8re familiale \u2014 pour vous aider \u00e0 cr\u00e9er un lien avec votre b\u00e9b\u00e9, m\u00eame d\u00e8s les premi\u00e8res semaines. Nous avons servi plus d\u2019un demi-million de familles canadiennes, cr\u00e9ant des souvenirs inoubliables.<\/p>\n<div class=\"title_line margin-b20\"><h3 class=\"featured_article_title\" data-rt-animate=\"animate\" data-rt-animation-type=\"fade\" data-rt-animation-group=\"single\"><span class=\"icon-heart-1 heading_icon\"><\/span> D\u00e9couvrez nos autres services pour le d\u00e9but de la grossesse<\/h3><\/div>\n<p style=\"font-weight: 400;\">Vous souhaitez cr\u00e9er un lien encore plus fort avec b\u00e9b\u00e9 durant les premi\u00e8res semaines? <strong>UC Baby<\/strong> propose plusieurs services con\u00e7us pour vous rassurer et vous offrir des moments magiques :<\/p>\n<ul style=\"font-weight: 400;\">\n<li><a href=\"https:\/\/www.ucbaby.ca\/fr\/evaluation-de-vitalite-battement-de-coeur\"><strong>\u00c9valuation de vitalit\u00e9 \u2013 Battement de c\u0153ur<\/strong><\/a> \u2013 \u00c9coutez le c\u0153ur de votre b\u00e9b\u00e9 et observez ses premiers mouvements en temps r\u00e9el.<\/li>\n<li><strong>\u00c9chographie Sneak Peek<\/strong> \u2013 Obtenez un premier aper\u00e7u tout en douceur entre 12 et 16 semaines.<\/li>\n<li><a href=\"https:\/\/www.ucbaby.ca\/fr\/services-de-revelation-du-sexe-par-baby\"><strong>\u00c9chographie de r\u00e9v\u00e9lation du sexe<\/strong><\/a> \u2013 D\u00e9couvrez le sexe de votre b\u00e9b\u00e9 avec notre \u00e9quipe exp\u00e9riment\u00e9e, \u00e0 partir de 16 semaines.<\/li>\n<li><a href=\"https:\/\/www.ucbaby.ca\/fr\/earlyreveal-test-de-sexe-uc-baby\"><strong>Test sanguin Early Reveal<\/strong><\/a> \u2013 Conna\u00eetre le sexe de votre b\u00e9b\u00e9 d\u00e8s 7 semaines gr\u00e2ce \u00e0 une simple prise de sang.<\/li>\n<\/ul>\n<p style=\"font-weight: 400;\"><em>Chaque service est con\u00e7u pour votre famille grandissante \u2014 parce que chaque moment compte.<\/em><\/p>\n<div class=\"title_line margin-b20\"><h3 class=\"featured_article_title\" data-rt-animate=\"animate\" data-rt-animation-type=\"fade\" data-rt-animation-group=\"single\"><span class=\"icon-calendar heading_icon\"><\/span> R\u00e9servez votre \u00c9valuation de l\u2019\u00e2ge f\u0153tal d\u00e8s aujourd\u2019hui<\/h3><\/div>\n<p style=\"font-weight: 400;\">Commencez votre parcours de grossesse avec plus de clart\u00e9 et de connexion.<br \/>\n\ud83d\udcc5 <strong>Planifiez votre rendez-vous<\/strong><br \/>\n\ud83d\udccd Disponible dans les centres UC Baby participants \u00e0 travers le Canada.<\/p>\n<p style=\"font-weight: 400;\"><em>Laissez-nous vous aider \u00e0 en d\u00e9couvrir davantage sur votre petit tr\u00e9sor \u2014 un battement de c\u0153ur, une mesure, un moment inoubliable \u00e0 la fois.<\/em><\/p>\n<a id=\"\" href=\"https:\/\/www.ucbaby.ca\/appointmentrequest\" target=\"_self\" title=\"\ud83d\udcc5 R\u00e9servez votre rendez-vous UC Baby d\u00e8s aujourd\u2019hui\" class=\"button_ default large  margin-t0  align\" data-rt-animate=\"animate\" data-rt-animation-type=\"bounceIn\" data-rt-animation-group=\"single\" >\ud83d\udcc5 R\u00e9servez votre rendez-vous UC Baby d\u00e8s aujourd\u2019hui<\/a>\n","protected":false},"excerpt":{"rendered":"<p>&nbsp; Vous vous demandez \u00e0 quel stade de votre grossesse vous \u00eates rendue? Une \u00e9chographie de datation de grossesse est un examen pr\u00e9coce courant permettant d\u2019estimer l\u2019\u00e2ge gestationnel et de pr\u00e9voir la date d\u2019accouchement. Chez UC Baby, notre service d\u2019\u00c9valuation de l\u2019\u00e2ge f\u0153tal offre une exp\u00e9rience semblable dans un environnement chaleureux et adapt\u00e9 aux familles. [&hellip;]<\/p>\n","protected":false},"author":7,"featured_media":29352,"parent":0,"menu_order":0,"comment_status":"closed","ping_status":"closed","template":"","meta":{"footnotes":""},"class_list":["post-29420","page","type-page","status-publish","has-post-thumbnail","hentry"],"yoast_head":"<!-- This site is optimized with the Yoast SEO plugin v27.4 - https:\/\/yoast.com\/product\/yoast-seo-wordpress\/ -->\n<title>Pregnancy Dating Ultrasound | Fetal Age Assessment | UC Baby<\/title>\n<meta name=\"description\" content=\"Get early insights into your pregnancy with UC Baby\u2019s Fetal Age Assessment. Similar to a pregnancy dating ultrasound, it estimates fetal age and due date\u2014but in a non-diagnostic, family-friendly setting.\" \/>\n<meta name=\"robots\" content=\"index, follow, max-snippet:-1, max-image-preview:large, max-video-preview:-1\" \/>\n<link rel=\"canonical\" href=\"https:\/\/www.ucbaby.ca\/fr\/fetal-age-assessment\" \/>\n<meta property=\"og:locale\" content=\"fr_FR\" \/>\n<meta property=\"og:type\" content=\"article\" \/>\n<meta property=\"og:title\" content=\"Pregnancy Dating Ultrasound | Fetal Age Assessment | UC Baby\" \/>\n<meta property=\"og:description\" content=\"Get early insights into your pregnancy with UC Baby\u2019s Fetal Age Assessment. Similar to a pregnancy dating ultrasound, it estimates fetal age and due date\u2014but in a non-diagnostic, family-friendly setting.\" \/>\n<meta property=\"og:url\" content=\"https:\/\/www.ucbaby.ca\/fr\/fetal-age-assessment\" \/>\n<meta property=\"og:site_name\" content=\"UC Baby\" \/>\n<meta property=\"article:publisher\" content=\"http:\/\/www.facebook.com\/ucbaby\" \/>\n<meta property=\"article:modified_time\" content=\"2025-05-31T19:45:07+00:00\" \/>\n<meta property=\"og:image\" content=\"https:\/\/www.ucbaby.ca\/wp-content\/uploads\/2025\/05\/UC-Baby-Page-_-Fetal-Growth-Assessment.png\" \/>\n\t<meta property=\"og:image:width\" content=\"810\" \/>\n\t<meta property=\"og:image:height\" content=\"450\" \/>\n\t<meta property=\"og:image:type\" content=\"image\/png\" \/>\n<meta name=\"twitter:label1\" content=\"Dur\u00e9e de lecture estim\u00e9e\" \/>\n\t<meta name=\"twitter:data1\" content=\"4 minutes\" \/>\n<script type=\"application\/ld+json\" class=\"yoast-schema-graph\">{\"@context\":\"https:\\\/\\\/schema.org\",\"@graph\":[{\"@type\":\"WebPage\",\"@id\":\"https:\\\/\\\/www.ucbaby.ca\\\/fr\\\/fetal-age-assessment\",\"url\":\"https:\\\/\\\/www.ucbaby.ca\\\/fr\\\/fetal-age-assessment\",\"name\":\"Pregnancy Dating Ultrasound | Fetal Age Assessment | UC Baby\",\"isPartOf\":{\"@id\":\"https:\\\/\\\/www.ucbaby.ca\\\/#website\"},\"primaryImageOfPage\":{\"@id\":\"https:\\\/\\\/www.ucbaby.ca\\\/fr\\\/fetal-age-assessment#primaryimage\"},\"image\":{\"@id\":\"https:\\\/\\\/www.ucbaby.ca\\\/fr\\\/fetal-age-assessment#primaryimage\"},\"thumbnailUrl\":\"https:\\\/\\\/www.ucbaby.ca\\\/wp-content\\\/uploads\\\/2025\\\/05\\\/UC-Baby-Page-_-Fetal-Growth-Assessment.png\",\"datePublished\":\"2025-05-05T18:58:33+00:00\",\"dateModified\":\"2025-05-31T19:45:07+00:00\",\"description\":\"Get early insights into your pregnancy with UC Baby\u2019s Fetal Age Assessment. Similar to a pregnancy dating ultrasound, it estimates fetal age and due date\u2014but in a non-diagnostic, family-friendly setting.\",\"breadcrumb\":{\"@id\":\"https:\\\/\\\/www.ucbaby.ca\\\/fr\\\/fetal-age-assessment#breadcrumb\"},\"inLanguage\":\"fr-FR\",\"potentialAction\":[{\"@type\":\"ReadAction\",\"target\":[\"https:\\\/\\\/www.ucbaby.ca\\\/fr\\\/fetal-age-assessment\"]}]},{\"@type\":\"ImageObject\",\"inLanguage\":\"fr-FR\",\"@id\":\"https:\\\/\\\/www.ucbaby.ca\\\/fr\\\/fetal-age-assessment#primaryimage\",\"url\":\"https:\\\/\\\/www.ucbaby.ca\\\/wp-content\\\/uploads\\\/2025\\\/05\\\/UC-Baby-Page-_-Fetal-Growth-Assessment.png\",\"contentUrl\":\"https:\\\/\\\/www.ucbaby.ca\\\/wp-content\\\/uploads\\\/2025\\\/05\\\/UC-Baby-Page-_-Fetal-Growth-Assessment.png\",\"width\":810,\"height\":450,\"caption\":\"Dating Ultrasound\"},{\"@type\":\"BreadcrumbList\",\"@id\":\"https:\\\/\\\/www.ucbaby.ca\\\/fr\\\/fetal-age-assessment#breadcrumb\",\"itemListElement\":[{\"@type\":\"ListItem\",\"position\":1,\"name\":\"Home\",\"item\":\"https:\\\/\\\/www.ucbaby.ca\\\/\"},{\"@type\":\"ListItem\",\"position\":2,\"name\":\"\u00c9valuation de l&#8217;\u00e2ge f\u0153tal\"}]},{\"@type\":\"WebSite\",\"@id\":\"https:\\\/\\\/www.ucbaby.ca\\\/#website\",\"url\":\"https:\\\/\\\/www.ucbaby.ca\\\/\",\"name\":\"UC Baby\",\"description\":\"UC Baby is Canada&#039;s #1 Trusted company for 3D, 4D and HD 5D pregnancy ultrasound services\",\"potentialAction\":[{\"@type\":\"SearchAction\",\"target\":{\"@type\":\"EntryPoint\",\"urlTemplate\":\"https:\\\/\\\/www.ucbaby.ca\\\/?s={search_term_string}\"},\"query-input\":{\"@type\":\"PropertyValueSpecification\",\"valueRequired\":true,\"valueName\":\"search_term_string\"}}],\"inLanguage\":\"fr-FR\"}]}<\/script>\n<!-- \/ Yoast SEO plugin. -->","yoast_head_json":{"title":"Pregnancy Dating Ultrasound | Fetal Age Assessment | UC Baby","description":"Get early insights into your pregnancy with UC Baby\u2019s Fetal Age Assessment. Similar to a pregnancy dating ultrasound, it estimates fetal age and due date\u2014but in a non-diagnostic, family-friendly setting.","robots":{"index":"index","follow":"follow","max-snippet":"max-snippet:-1","max-image-preview":"max-image-preview:large","max-video-preview":"max-video-preview:-1"},"canonical":"https:\/\/www.ucbaby.ca\/fr\/fetal-age-assessment","og_locale":"fr_FR","og_type":"article","og_title":"Pregnancy Dating Ultrasound | Fetal Age Assessment | UC Baby","og_description":"Get early insights into your pregnancy with UC Baby\u2019s Fetal Age Assessment. Similar to a pregnancy dating ultrasound, it estimates fetal age and due date\u2014but in a non-diagnostic, family-friendly setting.","og_url":"https:\/\/www.ucbaby.ca\/fr\/fetal-age-assessment","og_site_name":"UC Baby","article_publisher":"http:\/\/www.facebook.com\/ucbaby","article_modified_time":"2025-05-31T19:45:07+00:00","og_image":[{"width":810,"height":450,"url":"https:\/\/www.ucbaby.ca\/wp-content\/uploads\/2025\/05\/UC-Baby-Page-_-Fetal-Growth-Assessment.png","type":"image\/png"}],"twitter_misc":{"Dur\u00e9e de lecture estim\u00e9e":"4 minutes"},"schema":{"@context":"https:\/\/schema.org","@graph":[{"@type":"WebPage","@id":"https:\/\/www.ucbaby.ca\/fr\/fetal-age-assessment","url":"https:\/\/www.ucbaby.ca\/fr\/fetal-age-assessment","name":"Pregnancy Dating Ultrasound | Fetal Age Assessment | UC Baby","isPartOf":{"@id":"https:\/\/www.ucbaby.ca\/#website"},"primaryImageOfPage":{"@id":"https:\/\/www.ucbaby.ca\/fr\/fetal-age-assessment#primaryimage"},"image":{"@id":"https:\/\/www.ucbaby.ca\/fr\/fetal-age-assessment#primaryimage"},"thumbnailUrl":"https:\/\/www.ucbaby.ca\/wp-content\/uploads\/2025\/05\/UC-Baby-Page-_-Fetal-Growth-Assessment.png","datePublished":"2025-05-05T18:58:33+00:00","dateModified":"2025-05-31T19:45:07+00:00","description":"Get early insights into your pregnancy with UC Baby\u2019s Fetal Age Assessment. Similar to a pregnancy dating ultrasound, it estimates fetal age and due date\u2014but in a non-diagnostic, family-friendly setting.","breadcrumb":{"@id":"https:\/\/www.ucbaby.ca\/fr\/fetal-age-assessment#breadcrumb"},"inLanguage":"fr-FR","potentialAction":[{"@type":"ReadAction","target":["https:\/\/www.ucbaby.ca\/fr\/fetal-age-assessment"]}]},{"@type":"ImageObject","inLanguage":"fr-FR","@id":"https:\/\/www.ucbaby.ca\/fr\/fetal-age-assessment#primaryimage","url":"https:\/\/www.ucbaby.ca\/wp-content\/uploads\/2025\/05\/UC-Baby-Page-_-Fetal-Growth-Assessment.png","contentUrl":"https:\/\/www.ucbaby.ca\/wp-content\/uploads\/2025\/05\/UC-Baby-Page-_-Fetal-Growth-Assessment.png","width":810,"height":450,"caption":"Dating Ultrasound"},{"@type":"BreadcrumbList","@id":"https:\/\/www.ucbaby.ca\/fr\/fetal-age-assessment#breadcrumb","itemListElement":[{"@type":"ListItem","position":1,"name":"Home","item":"https:\/\/www.ucbaby.ca\/"},{"@type":"ListItem","position":2,"name":"\u00c9valuation de l&#8217;\u00e2ge f\u0153tal"}]},{"@type":"WebSite","@id":"https:\/\/www.ucbaby.ca\/#website","url":"https:\/\/www.ucbaby.ca\/","name":"UC Baby","description":"UC Baby is Canada&#039;s #1 Trusted company for 3D, 4D and HD 5D pregnancy ultrasound services","potentialAction":[{"@type":"SearchAction","target":{"@type":"EntryPoint","urlTemplate":"https:\/\/www.ucbaby.ca\/?s={search_term_string}"},"query-input":{"@type":"PropertyValueSpecification","valueRequired":true,"valueName":"search_term_string"}}],"inLanguage":"fr-FR"}]}},"_links":{"self":[{"href":"https:\/\/www.ucbaby.ca\/fr\/wp-json\/wp\/v2\/pages\/29420","targetHints":{"allow":["GET"]}}],"collection":[{"href":"https:\/\/www.ucbaby.ca\/fr\/wp-json\/wp\/v2\/pages"}],"about":[{"href":"https:\/\/www.ucbaby.ca\/fr\/wp-json\/wp\/v2\/types\/page"}],"author":[{"embeddable":true,"href":"https:\/\/www.ucbaby.ca\/fr\/wp-json\/wp\/v2\/users\/7"}],"replies":[{"embeddable":true,"href":"https:\/\/www.ucbaby.ca\/fr\/wp-json\/wp\/v2\/comments?post=29420"}],"version-history":[{"count":3,"href":"https:\/\/www.ucbaby.ca\/fr\/wp-json\/wp\/v2\/pages\/29420\/revisions"}],"predecessor-version":[{"id":29424,"href":"https:\/\/www.ucbaby.ca\/fr\/wp-json\/wp\/v2\/pages\/29420\/revisions\/29424"}],"wp:featuredmedia":[{"embeddable":true,"href":"https:\/\/www.ucbaby.ca\/fr\/wp-json\/wp\/v2\/media\/29352"}],"wp:attachment":[{"href":"https:\/\/www.ucbaby.ca\/fr\/wp-json\/wp\/v2\/media?parent=29420"}],"curies":[{"name":"wp","href":"https:\/\/api.w.org\/{rel}","templated":true}]}}