{"id":28757,"date":"2025-01-14T01:35:21","date_gmt":"2025-01-14T06:35:21","guid":{"rendered":"https:\/\/www.ucbaby.ca\/heartbeat-vitality-check"},"modified":"2025-01-20T13:00:27","modified_gmt":"2025-01-20T18:00:27","slug":"evaluation-de-vitalite-battement-de-coeur","status":"publish","type":"page","link":"https:\/\/www.ucbaby.ca\/fr\/evaluation-de-vitalite-battement-de-coeur","title":{"rendered":"\u00c9valuation de Vitalit\u00e9 : Battement de C\u0153ur"},"content":{"rendered":"\n\t\t\t\t<div id=\"random-442349\" class=\"banner false false clearfix\" data-rt-animate=\"animate\" data-rt-animation-type=\"fadeIn\" data-rt-animation-group=\"single\" >\n\t\t\t\t\n\t\t\t\t\t<div class=\"featured_text  small_button \">\n\t\t\t\t\t\t<p class=\"icon-heart-1 icon\">\u00c9valuation de Vitalit\u00e9 : Battement de C\u0153ur<br \/>\nRassurance. Connexion. S\u00e9r\u00e9nit\u00e9.<\/p>\n\t\t\t\t\t<\/div>\t\t\t\t\n\t\t\t\t<\/div>\n\t\t\t\n<p>&nbsp;<\/p>\n<a id=\"\" href=\"https:\/\/www.ucbaby.ca\/appointmentrequest\" target=\"_self\" title=\"R\u00e9servez votre s\u00e9ance d\u00e8s aujourd\u2019hui et d\u00e9couvrez la magie d\u2019entendre pour la toute premi\u00e8re fois les battements de c\u0153ur de votre b\u00e9b\u00e9.\" class=\"button_ default medium icon-calendar margin-t0  align\" data-rt-animate=\"animate\" data-rt-animation-type=\"bounceIn\" data-rt-animation-group=\"single\" >R\u00e9servez votre s\u00e9ance d\u00e8s aujourd\u2019hui et d\u00e9couvrez la magie d\u2019entendre pour la toute premi\u00e8re fois les battements de c\u0153ur de votre b\u00e9b\u00e9.<\/a>\n<div class=\"video-container\"><iframe title=\"\u00c9valuation de Vitalit\u00e9 : Battement de C\u0153ur\" width=\"1060\" height=\"596\" data-src=\"https:\/\/www.youtube.com\/embed\/7lDF2MF_bCo?feature=oembed\" frameborder=\"0\" allow=\"accelerometer; autoplay; clipboard-write; encrypted-media; gyroscope; picture-in-picture; web-share\" referrerpolicy=\"strict-origin-when-cross-origin\" allowfullscreen src=\"data:image\/svg+xml;base64,PHN2ZyB3aWR0aD0iMSIgaGVpZ2h0PSIxIiB4bWxucz0iaHR0cDovL3d3dy53My5vcmcvMjAwMC9zdmciPjwvc3ZnPg==\" class=\"lazyload\" data-load-mode=\"1\"><\/iframe><\/div>\n<p><strong>L\u2019\u00c9valuation de vitalit\u00e9: : Battement de C\u0153ur<\/strong> offre aux futurs parents une opportunit\u00e9 unique de vivre l\u2019un des moments les plus m\u00e9morables de la grossesse : entendre et ressentir la vie grandir en eux.<\/p>\n<p>Recommand\u00e9e<strong> d\u00e8s la<\/strong> <strong>8\u1d49 semaine<\/strong> de grossesse, cette s\u00e9ance r\u00e9confortante de <strong>5 \u00e0 10 minutes<\/strong> offre :<\/p>\n\t \n\t \n\t\t\n\t\t<ul class=\"with_icons default default_size\" data-rt-animation-group=\"group\">\n\t\t\n <li class=\"box one first last\" data-rt-animate=\"animate\" data-rt-animation-type=\"fadeInDown\"><span class=\"icon-heart-1 icon\"><\/span> <p><strong>Tranquillit\u00e9 d\u2019esprit:<\/strong><br \/>\nProfitez d\u2019un moment doux et rassurant o\u00f9 vous pouvez \u00e9couter les battements de c\u0153ur de votre b\u00e9b\u00e9 tout en observant une \u00e9chographie rapide en 2D. Cette exp\u00e9rience vous procure un sentiment de paix confirmant le bien-\u00eatre de votre pr\u00e9cieux tr\u00e9sor.<\/p><\/li>\n <li class=\"box one first last\" data-rt-animate=\"animate\" data-rt-animation-type=\"fadeInDown\"><span class=\"icon-heart-1 icon\"><\/span> <p><strong>Un moment de connexion unique:<br \/>\n<\/strong>Le doux son des battements de c\u0153ur de votre b\u00e9b\u00e9 cr\u00e9e un lien \u00e9motionnel profond, rendant chaque instant de votre parcours vers la parentalit\u00e9 encore plus r\u00e9el et magique. \u00a0 \u00a0<\/p><\/li>\n <li class=\"box one first last\" data-rt-animate=\"animate\" data-rt-animation-type=\"fadeInDown\"><span class=\"icon-heart-1 icon\"><\/span> <p><strong>Un souvenir inestimable:<br \/>\n<\/strong>Recevez une image des ondes des battements de c\u0153ur de votre b\u00e9b\u00e9, parfaite pour immortaliser ce moment sp\u00e9cial. Ces images peuvent \u00eatre utilis\u00e9es pour cr\u00e9er des pendentifs, des cadres photo, ou m\u00eame des tatouages significatifs. \u00a0 <\/p><\/li>\n\n\t\t<\/ul>\n\t\n<p><b><div class=\"title_line margin-b20\"><h3 class=\"featured_article_title\" data-rt-animate=\"animate\" data-rt-animation-type=\"fade\" data-rt-animation-group=\"single\"><span class=\"icon-tag heading_icon\"><\/span> Un service abordable et flexible<\/h3><\/div><br \/>\n<\/b>Pour seulement <strong>85 $<\/strong>, <strong>L\u2019\u00c9valuation de vitalit\u00e9\u00a0: Battement de C\u0153ur<\/strong> est une option id\u00e9ale pour les premi\u00e8res semaines de grossesse, lorsque chaque battement apporte r\u00e9confort et connexion. Contactez le centre UC Baby le plus proche pour d\u00e9couvrir nos offres sp\u00e9ciales ou forfaits d\u2019\u00e9chographie.<\/p>\n<p><b><div class=\"title_line margin-b20\"><h3 class=\"featured_article_title\" data-rt-animate=\"animate\" data-rt-animation-type=\"fade\" data-rt-animation-group=\"single\"><span class=\"icon-heart-1 heading_icon\"><\/span> Emportez les battements de c\u0153ur de votre b\u00e9b\u00e9 avec vous\u202f! <\/h3><\/div><\/b><\/p>\n<p>Lors de votre s\u00e9ance, nous pouvons enregistrer les battements de c\u0153ur directement sur votre t\u00e9l\u00e9phone portable, cr\u00e9ant ainsi une sonnerie unique et personnalis\u00e9e. Vous pouvez \u00e9galement recevoir un fichier num\u00e9rique via votre compte <strong>UC Baby Connect<\/strong> pour partager ce souvenir pr\u00e9cieux avec vos proches ou le conserver comme une belle m\u00e9moire.<\/p>\n<p><b><div class=\"title_line margin-b20\"><h3 class=\"featured_article_title\" data-rt-animate=\"animate\" data-rt-animation-type=\"fade\" data-rt-animation-group=\"single\"><span class=\"icon-gift heading_icon\"><\/span> Ajoutez une touche sp\u00e9ciale avec l\u2019Ours en Peluche Battement de C\u0153ur<\/h3><\/div><\/b><\/p>\n<p>Pour rendre ce moment encore plus m\u00e9morable, offrez-vous un <a href=\"https:\/\/www.ucbaby.ca\/heartbeat-bear\"><strong>Oursons \u00e0 c\u0153ur battant,<\/strong> <\/a>\u00a0disponible pour un suppl\u00e9ment de <strong>35$<\/strong>. Cet adorable souvenir contient un enregistrement des battements de c\u0153ur de votre b\u00e9b\u00e9. Ce compagnon doux et r\u00e9confortant est parfait comme cadeau pour les fr\u00e8res et s\u0153urs, les grands-parents, ou tout simplement pour revivre ces instants magiques \u00e0 tout moment.<\/p>\n<p><b><div class=\"title_line margin-b20\"><h3 class=\"featured_article_title\" data-rt-animate=\"animate\" data-rt-animation-type=\"fade\" data-rt-animation-group=\"single\"><span class=\"icon-tags heading_icon\"><\/span> Revenez et \u00e9conomisez\u202f!<\/h3><\/div><\/b><\/p>\n<p>Lors de votre prochaine visite pour une s\u00e9ance d\u2019\u00e9chographie 3D\/5D plus tard dans votre grossesse, profitez d\u2019une r\u00e9duction de <strong>20 %<\/strong> sur nos forfaits <strong>Bronze, Argent ou Or. <\/strong><\/p>\n<p>C\u2019est l\u2019occasion r\u00eav\u00e9e de capturer davantage de souvenirs pr\u00e9cieux \u00e0 mesure que votre b\u00e9b\u00e9 grandit.<\/p>\n<a id=\"\" href=\"https:\/\/www.ucbaby.ca\/appointmentrequest\" target=\"_self\" title=\"R\u00e9servez votre s\u00e9ance d\u00e8s aujourd\u2019hui. Vivez la magie d\u2019entendre les battements de c\u0153ur de votre b\u00e9b\u00e9 pour la toute premi\u00e8re fois. \" class=\"button_ default medium icon-calendar margin-t0  align\" data-rt-animate=\"animate\" data-rt-animation-type=\"bounceIn\" data-rt-animation-group=\"single\" >R\u00e9servez votre s\u00e9ance d\u00e8s aujourd\u2019hui. Vivez la magie d\u2019entendre les battements de c\u0153ur de votre b\u00e9b\u00e9 pour la toute premi\u00e8re fois. <\/a>\n","protected":false},"excerpt":{"rendered":"<p>&nbsp; L\u2019\u00c9valuation de vitalit\u00e9: : Battement de C\u0153ur offre aux futurs parents une opportunit\u00e9 unique de vivre l\u2019un des moments les plus m\u00e9morables de la grossesse : entendre et ressentir la vie grandir en eux. Recommand\u00e9e d\u00e8s la 8\u1d49 semaine de grossesse, cette s\u00e9ance r\u00e9confortante de 5 \u00e0 10 minutes offre : Pour seulement 85 [&hellip;]<\/p>\n","protected":false},"author":7,"featured_media":28704,"parent":0,"menu_order":0,"comment_status":"closed","ping_status":"closed","template":"","meta":{"footnotes":""},"class_list":["post-28757","page","type-page","status-publish","has-post-thumbnail","hentry"],"yoast_head":"<!-- This site is optimized with the Yoast SEO plugin v27.5 - https:\/\/yoast.com\/product\/yoast-seo-wordpress\/ -->\n<title>\u00c9valuation de Vitalit\u00e9 : Battement de C\u0153ur - UC Baby<\/title>\n<meta name=\"description\" content=\"D\u00e9couvrez la magie d\u2019entendre le battement de c\u0153ur de votre b\u00e9b\u00e9 gr\u00e2ce \u00e0 notre service \u00c9valuation de Vitalit\u00e9 : Battement de C\u0153ur offert par UC Baby. Ce moment magique inclut une \u00e9chographie rapide, des images souvenirs de la forme d\u2019onde, ainsi que la possibilit\u00e9 d\u2019enregistrer ce pr\u00e9cieux battement en fichier audio ou m\u00eame en sonnerie. Rendez ce moment encore plus sp\u00e9cial avec un Ourson Battement de C\u0153ur et profitez de rabais sur nos forfaits d\u2019\u00e9chographies 3D\/5D.\" \/>\n<meta name=\"robots\" content=\"index, follow, max-snippet:-1, max-image-preview:large, max-video-preview:-1\" \/>\n<link rel=\"canonical\" href=\"https:\/\/www.ucbaby.ca\/fr\/evaluation-de-vitalite-battement-de-coeur\" \/>\n<meta property=\"og:locale\" content=\"fr_FR\" \/>\n<meta property=\"og:type\" content=\"article\" \/>\n<meta property=\"og:title\" content=\"\u00c9valuation de Vitalit\u00e9 : Battement de C\u0153ur - UC Baby\" \/>\n<meta property=\"og:description\" content=\"D\u00e9couvrez la magie d\u2019entendre le battement de c\u0153ur de votre b\u00e9b\u00e9 gr\u00e2ce \u00e0 notre service \u00c9valuation de Vitalit\u00e9 : Battement de C\u0153ur offert par UC Baby. Ce moment magique inclut une \u00e9chographie rapide, des images souvenirs de la forme d\u2019onde, ainsi que la possibilit\u00e9 d\u2019enregistrer ce pr\u00e9cieux battement en fichier audio ou m\u00eame en sonnerie. Rendez ce moment encore plus sp\u00e9cial avec un Ourson Battement de C\u0153ur et profitez de rabais sur nos forfaits d\u2019\u00e9chographies 3D\/5D.\" \/>\n<meta property=\"og:url\" content=\"https:\/\/www.ucbaby.ca\/fr\/evaluation-de-vitalite-battement-de-coeur\" \/>\n<meta property=\"og:site_name\" content=\"UC Baby\" \/>\n<meta property=\"article:publisher\" content=\"http:\/\/www.facebook.com\/ucbaby\" \/>\n<meta property=\"article:modified_time\" content=\"2025-01-20T18:00:27+00:00\" \/>\n<meta property=\"og:image\" content=\"https:\/\/www.ucbaby.ca\/wp-content\/uploads\/2024\/12\/UC-Baby-Heartbeat-Vitality-Check.png\" \/>\n\t<meta property=\"og:image:width\" content=\"810\" \/>\n\t<meta property=\"og:image:height\" content=\"450\" \/>\n\t<meta property=\"og:image:type\" content=\"image\/png\" \/>\n<meta name=\"twitter:label1\" content=\"Dur\u00e9e de lecture estim\u00e9e\" \/>\n\t<meta name=\"twitter:data1\" content=\"3 minutes\" \/>\n<script type=\"application\/ld+json\" class=\"yoast-schema-graph\">{\"@context\":\"https:\\\/\\\/schema.org\",\"@graph\":[{\"@type\":\"WebPage\",\"@id\":\"https:\\\/\\\/www.ucbaby.ca\\\/fr\\\/evaluation-de-vitalite-battement-de-coeur\",\"url\":\"https:\\\/\\\/www.ucbaby.ca\\\/fr\\\/evaluation-de-vitalite-battement-de-coeur\",\"name\":\"\u00c9valuation de Vitalit\u00e9 : Battement de C\u0153ur - UC Baby\",\"isPartOf\":{\"@id\":\"https:\\\/\\\/www.ucbaby.ca\\\/#website\"},\"primaryImageOfPage\":{\"@id\":\"https:\\\/\\\/www.ucbaby.ca\\\/fr\\\/evaluation-de-vitalite-battement-de-coeur#primaryimage\"},\"image\":{\"@id\":\"https:\\\/\\\/www.ucbaby.ca\\\/fr\\\/evaluation-de-vitalite-battement-de-coeur#primaryimage\"},\"thumbnailUrl\":\"https:\\\/\\\/www.ucbaby.ca\\\/wp-content\\\/uploads\\\/2024\\\/12\\\/UC-Baby-Heartbeat-Vitality-Check.png\",\"datePublished\":\"2025-01-14T06:35:21+00:00\",\"dateModified\":\"2025-01-20T18:00:27+00:00\",\"description\":\"D\u00e9couvrez la magie d\u2019entendre le battement de c\u0153ur de votre b\u00e9b\u00e9 gr\u00e2ce \u00e0 notre service \u00c9valuation de Vitalit\u00e9 : Battement de C\u0153ur offert par UC Baby. Ce moment magique inclut une \u00e9chographie rapide, des images souvenirs de la forme d\u2019onde, ainsi que la possibilit\u00e9 d\u2019enregistrer ce pr\u00e9cieux battement en fichier audio ou m\u00eame en sonnerie. Rendez ce moment encore plus sp\u00e9cial avec un Ourson Battement de C\u0153ur et profitez de rabais sur nos forfaits d\u2019\u00e9chographies 3D\\\/5D.\",\"breadcrumb\":{\"@id\":\"https:\\\/\\\/www.ucbaby.ca\\\/fr\\\/evaluation-de-vitalite-battement-de-coeur#breadcrumb\"},\"inLanguage\":\"fr-FR\",\"potentialAction\":[{\"@type\":\"ReadAction\",\"target\":[\"https:\\\/\\\/www.ucbaby.ca\\\/fr\\\/evaluation-de-vitalite-battement-de-coeur\"]}]},{\"@type\":\"ImageObject\",\"inLanguage\":\"fr-FR\",\"@id\":\"https:\\\/\\\/www.ucbaby.ca\\\/fr\\\/evaluation-de-vitalite-battement-de-coeur#primaryimage\",\"url\":\"https:\\\/\\\/www.ucbaby.ca\\\/wp-content\\\/uploads\\\/2024\\\/12\\\/UC-Baby-Heartbeat-Vitality-Check.png\",\"contentUrl\":\"https:\\\/\\\/www.ucbaby.ca\\\/wp-content\\\/uploads\\\/2024\\\/12\\\/UC-Baby-Heartbeat-Vitality-Check.png\",\"width\":810,\"height\":450,\"caption\":\"heartbeat vitality check\"},{\"@type\":\"BreadcrumbList\",\"@id\":\"https:\\\/\\\/www.ucbaby.ca\\\/fr\\\/evaluation-de-vitalite-battement-de-coeur#breadcrumb\",\"itemListElement\":[{\"@type\":\"ListItem\",\"position\":1,\"name\":\"Home\",\"item\":\"https:\\\/\\\/www.ucbaby.ca\\\/\"},{\"@type\":\"ListItem\",\"position\":2,\"name\":\"\u00c9valuation de Vitalit\u00e9 : Battement de C\u0153ur\"}]},{\"@type\":\"WebSite\",\"@id\":\"https:\\\/\\\/www.ucbaby.ca\\\/#website\",\"url\":\"https:\\\/\\\/www.ucbaby.ca\\\/\",\"name\":\"UC Baby\",\"description\":\"UC Baby is Canada&#039;s #1 Trusted company for 3D, 4D and HD 5D pregnancy ultrasound services\",\"potentialAction\":[{\"@type\":\"SearchAction\",\"target\":{\"@type\":\"EntryPoint\",\"urlTemplate\":\"https:\\\/\\\/www.ucbaby.ca\\\/?s={search_term_string}\"},\"query-input\":{\"@type\":\"PropertyValueSpecification\",\"valueRequired\":true,\"valueName\":\"search_term_string\"}}],\"inLanguage\":\"fr-FR\"}]}<\/script>\n<!-- \/ Yoast SEO plugin. -->","yoast_head_json":{"title":"\u00c9valuation de Vitalit\u00e9 : Battement de C\u0153ur - UC Baby","description":"D\u00e9couvrez la magie d\u2019entendre le battement de c\u0153ur de votre b\u00e9b\u00e9 gr\u00e2ce \u00e0 notre service \u00c9valuation de Vitalit\u00e9 : Battement de C\u0153ur offert par UC Baby. Ce moment magique inclut une \u00e9chographie rapide, des images souvenirs de la forme d\u2019onde, ainsi que la possibilit\u00e9 d\u2019enregistrer ce pr\u00e9cieux battement en fichier audio ou m\u00eame en sonnerie. Rendez ce moment encore plus sp\u00e9cial avec un Ourson Battement de C\u0153ur et profitez de rabais sur nos forfaits d\u2019\u00e9chographies 3D\/5D.","robots":{"index":"index","follow":"follow","max-snippet":"max-snippet:-1","max-image-preview":"max-image-preview:large","max-video-preview":"max-video-preview:-1"},"canonical":"https:\/\/www.ucbaby.ca\/fr\/evaluation-de-vitalite-battement-de-coeur","og_locale":"fr_FR","og_type":"article","og_title":"\u00c9valuation de Vitalit\u00e9 : Battement de C\u0153ur - UC Baby","og_description":"D\u00e9couvrez la magie d\u2019entendre le battement de c\u0153ur de votre b\u00e9b\u00e9 gr\u00e2ce \u00e0 notre service \u00c9valuation de Vitalit\u00e9 : Battement de C\u0153ur offert par UC Baby. Ce moment magique inclut une \u00e9chographie rapide, des images souvenirs de la forme d\u2019onde, ainsi que la possibilit\u00e9 d\u2019enregistrer ce pr\u00e9cieux battement en fichier audio ou m\u00eame en sonnerie. Rendez ce moment encore plus sp\u00e9cial avec un Ourson Battement de C\u0153ur et profitez de rabais sur nos forfaits d\u2019\u00e9chographies 3D\/5D.","og_url":"https:\/\/www.ucbaby.ca\/fr\/evaluation-de-vitalite-battement-de-coeur","og_site_name":"UC Baby","article_publisher":"http:\/\/www.facebook.com\/ucbaby","article_modified_time":"2025-01-20T18:00:27+00:00","og_image":[{"width":810,"height":450,"url":"https:\/\/www.ucbaby.ca\/wp-content\/uploads\/2024\/12\/UC-Baby-Heartbeat-Vitality-Check.png","type":"image\/png"}],"twitter_misc":{"Dur\u00e9e de lecture estim\u00e9e":"3 minutes"},"schema":{"@context":"https:\/\/schema.org","@graph":[{"@type":"WebPage","@id":"https:\/\/www.ucbaby.ca\/fr\/evaluation-de-vitalite-battement-de-coeur","url":"https:\/\/www.ucbaby.ca\/fr\/evaluation-de-vitalite-battement-de-coeur","name":"\u00c9valuation de Vitalit\u00e9 : Battement de C\u0153ur - UC Baby","isPartOf":{"@id":"https:\/\/www.ucbaby.ca\/#website"},"primaryImageOfPage":{"@id":"https:\/\/www.ucbaby.ca\/fr\/evaluation-de-vitalite-battement-de-coeur#primaryimage"},"image":{"@id":"https:\/\/www.ucbaby.ca\/fr\/evaluation-de-vitalite-battement-de-coeur#primaryimage"},"thumbnailUrl":"https:\/\/www.ucbaby.ca\/wp-content\/uploads\/2024\/12\/UC-Baby-Heartbeat-Vitality-Check.png","datePublished":"2025-01-14T06:35:21+00:00","dateModified":"2025-01-20T18:00:27+00:00","description":"D\u00e9couvrez la magie d\u2019entendre le battement de c\u0153ur de votre b\u00e9b\u00e9 gr\u00e2ce \u00e0 notre service \u00c9valuation de Vitalit\u00e9 : Battement de C\u0153ur offert par UC Baby. Ce moment magique inclut une \u00e9chographie rapide, des images souvenirs de la forme d\u2019onde, ainsi que la possibilit\u00e9 d\u2019enregistrer ce pr\u00e9cieux battement en fichier audio ou m\u00eame en sonnerie. Rendez ce moment encore plus sp\u00e9cial avec un Ourson Battement de C\u0153ur et profitez de rabais sur nos forfaits d\u2019\u00e9chographies 3D\/5D.","breadcrumb":{"@id":"https:\/\/www.ucbaby.ca\/fr\/evaluation-de-vitalite-battement-de-coeur#breadcrumb"},"inLanguage":"fr-FR","potentialAction":[{"@type":"ReadAction","target":["https:\/\/www.ucbaby.ca\/fr\/evaluation-de-vitalite-battement-de-coeur"]}]},{"@type":"ImageObject","inLanguage":"fr-FR","@id":"https:\/\/www.ucbaby.ca\/fr\/evaluation-de-vitalite-battement-de-coeur#primaryimage","url":"https:\/\/www.ucbaby.ca\/wp-content\/uploads\/2024\/12\/UC-Baby-Heartbeat-Vitality-Check.png","contentUrl":"https:\/\/www.ucbaby.ca\/wp-content\/uploads\/2024\/12\/UC-Baby-Heartbeat-Vitality-Check.png","width":810,"height":450,"caption":"heartbeat vitality check"},{"@type":"BreadcrumbList","@id":"https:\/\/www.ucbaby.ca\/fr\/evaluation-de-vitalite-battement-de-coeur#breadcrumb","itemListElement":[{"@type":"ListItem","position":1,"name":"Home","item":"https:\/\/www.ucbaby.ca\/"},{"@type":"ListItem","position":2,"name":"\u00c9valuation de Vitalit\u00e9 : Battement de C\u0153ur"}]},{"@type":"WebSite","@id":"https:\/\/www.ucbaby.ca\/#website","url":"https:\/\/www.ucbaby.ca\/","name":"UC Baby","description":"UC Baby is Canada&#039;s #1 Trusted company for 3D, 4D and HD 5D pregnancy ultrasound services","potentialAction":[{"@type":"SearchAction","target":{"@type":"EntryPoint","urlTemplate":"https:\/\/www.ucbaby.ca\/?s={search_term_string}"},"query-input":{"@type":"PropertyValueSpecification","valueRequired":true,"valueName":"search_term_string"}}],"inLanguage":"fr-FR"}]}},"_links":{"self":[{"href":"https:\/\/www.ucbaby.ca\/fr\/wp-json\/wp\/v2\/pages\/28757","targetHints":{"allow":["GET"]}}],"collection":[{"href":"https:\/\/www.ucbaby.ca\/fr\/wp-json\/wp\/v2\/pages"}],"about":[{"href":"https:\/\/www.ucbaby.ca\/fr\/wp-json\/wp\/v2\/types\/page"}],"author":[{"embeddable":true,"href":"https:\/\/www.ucbaby.ca\/fr\/wp-json\/wp\/v2\/users\/7"}],"replies":[{"embeddable":true,"href":"https:\/\/www.ucbaby.ca\/fr\/wp-json\/wp\/v2\/comments?post=28757"}],"version-history":[{"count":10,"href":"https:\/\/www.ucbaby.ca\/fr\/wp-json\/wp\/v2\/pages\/28757\/revisions"}],"predecessor-version":[{"id":28776,"href":"https:\/\/www.ucbaby.ca\/fr\/wp-json\/wp\/v2\/pages\/28757\/revisions\/28776"}],"wp:featuredmedia":[{"embeddable":true,"href":"https:\/\/www.ucbaby.ca\/fr\/wp-json\/wp\/v2\/media\/28704"}],"wp:attachment":[{"href":"https:\/\/www.ucbaby.ca\/fr\/wp-json\/wp\/v2\/media?parent=28757"}],"curies":[{"name":"wp","href":"https:\/\/api.w.org\/{rel}","templated":true}]}}