{"id":26711,"date":"2023-08-15T21:41:04","date_gmt":"2023-08-16T01:41:04","guid":{"rendered":"https:\/\/www.ucbaby.ca\/services-de-revelation-du-sexe-de-uc-baby"},"modified":"2026-03-28T11:39:30","modified_gmt":"2026-03-28T15:39:30","slug":"services-de-revelation-du-sexe-par-baby","status":"publish","type":"page","link":"https:\/\/www.ucbaby.ca\/fr\/services-de-revelation-du-sexe-par-baby","title":{"rendered":"Services de R\u00e9v\u00e9lation du Sexe par UC Baby"},"content":{"rendered":"<p>\u00cates-vous curieux de conna\u00eetre le genre de votre b\u00e9b\u00e9 ? Alors que vous attendez avec impatience l&rsquo;arriv\u00e9e de votre petit tr\u00e9sor, la question du sexe de votre b\u00e9b\u00e9 pourrait occuper vos pens\u00e9es. Vos proches et vos amis pourraient m\u00eame jouer au jeu des devinettes en se basant sur de vieux <a href=\"https:\/\/www.ucbaby.ca\/fr\/baby-gender-prediction-guesses\">mythes de pr\u00e9diction de genre.<\/a><\/p>\n<ul>\n<li>Avez-vous des envies d&rsquo;aliments sal\u00e9s ou sucr\u00e9s ?<\/li>\n<li>Souffrez-vous de naus\u00e9es matinales?<\/li>\n<li>Portez-vous bas ou haut ?<\/li>\n<li>Votre ventre est-il rond ?<\/li>\n<\/ul>\n<p>Maintenant, voici une petite dose de r\u00e9alit\u00e9 avec une touche d&rsquo;humour : ces mythes ne sont que des mythes ! Ils n&rsquo;ont aucune base scientifique ni cr\u00e9dibilit\u00e9 m\u00e9dicale. Ainsi, que vous attrapiez un bocal de cornichons ou savourez une boule de glace, et m\u00eame si les naus\u00e9es matinales vous submergent, soyez assur\u00e9 que ces r\u00e9cits ne d\u00e9tiennent pas la cl\u00e9 du genre de votre b\u00e9b\u00e9.<br \/>\nBien que ces mythes puissent \u00eatre amusants, explorons plut\u00f4t le domaine de la d\u00e9termination pr\u00e9cise du genre, afin que vous puissiez planifier la d\u00e9coration de votre nurserie en toute confiance!<\/p>\n<div class=\"video-container\"><iframe title=\"\ud83e\udd30D\u00e9couvrez le Genre avec UC Baby\" width=\"1060\" height=\"596\" data-src=\"https:\/\/www.youtube.com\/embed\/J4dXpUUy63Y?feature=oembed\" frameborder=\"0\" allow=\"accelerometer; autoplay; clipboard-write; encrypted-media; gyroscope; picture-in-picture; web-share\" referrerpolicy=\"strict-origin-when-cross-origin\" allowfullscreen src=\"data:image\/svg+xml;base64,PHN2ZyB3aWR0aD0iMSIgaGVpZ2h0PSIxIiB4bWxucz0iaHR0cDovL3d3dy53My5vcmcvMjAwMC9zdmciPjwvc3ZnPg==\" class=\"lazyload\" data-load-mode=\"1\"><\/iframe><\/div>\n<h2>Des Informations Pr\u00e9cises et Fiables sur le Sexe : Les Services de R\u00e9v\u00e9lation du Sexe par UC Baby<\/h2>\n<p>Chez <strong>UC Baby,<\/strong> nous comprenons votre excitation en tant que futurs parents. Vous comptez les jours jusqu&rsquo;\u00e0 l&rsquo;arriv\u00e9e de votre petit tr\u00e9sor, et nous sommes l\u00e0 pour rendre ce voyage encore plus sp\u00e9cial et vraiment inoubliable.<\/p>\n<p>Imaginez \u00eatre capable de d\u00e9terminer le sexe de votre b\u00e9b\u00e9 d&rsquo;une mani\u00e8re qui semble magique &#8211; mais qui est tr\u00e8s, tr\u00e8s r\u00e9elle.<\/p>\n<p>Avec nos services innovants de <strong>D\u00e9termination du Sexe du B\u00e9b\u00e9,<\/strong> vous pouvez le faire ! Notre \u00e9quipe de professionnels m\u00e9dicaux form\u00e9s \u00e0 l&rsquo;international est l\u00e0 pour offrir une exp\u00e9rience inoubliable qui vous laissera remplis de joie et plus connect\u00e9s que jamais. Gr\u00e2ce \u00e0 notre technologie de pointe et \u00e0 notre expertise, nous donnons vie \u00e0 la magie du monde de votre b\u00e9b\u00e9. Nous capturons chaque pr\u00e9cieux d\u00e9tail pour que vous puissiez partager cette \u00e9tape incroyable avec vos proches.<\/p>\n<h3>S\u00e9ance d&rsquo;\u00c9chographie de Grossesse : R\u00e9v\u00e9lation du Sexe \u00e0 16 semaines<\/h3>\n<p>Pr\u00e9parez-vous \u00e0 \u00eatre \u00e9merveill\u00e9s ! Avec nos s\u00e9ances de \u00ab\u00a0<strong>R\u00e9v\u00e9lation du Sexe\u00a0\u00bb<\/strong>, vous pouvez avoir un aper\u00e7u du d\u00e9veloppement de votre b\u00e9b\u00e9 d\u00e8s 16 semaines. Pr\u00e9parez-vous \u00e0 une exp\u00e9rience vraiment \u00e9poustouflante alors que la technologie d&rsquo;\u00e9chographie haute d\u00e9finition donne vie \u00e0 la joie de l&rsquo;anticipation juste devant vos yeux.<\/p>\n<p>La <strong>D\u00e9termination du Sexe<\/strong> est \u00e9galement incluse dans nos autres forfaits d&rsquo;\u00e9chographie 3D \/ HD 5D. Avec les forfaits <a href=\"https:\/\/www.ucbaby.ca\/fr\/forfaits-ultrasons\"><strong>Bronze, Argent et Or,<\/strong><\/a> vous verrez votre b\u00e9b\u00e9 bouger, \u00e9couterez leurs battements de c\u0153ur et observerez leurs expressions uniques. Notre personnel expert vous accompagnera \u00e0 chaque \u00e9tape du chemin, veillant \u00e0 ce que ce moment soit non seulement excitant, mais aussi fiable et inoubliable.<\/p>\n<h3>Test Sanguin pour le Sexe : R\u00e9v\u00e9lation du Sexe \u00e0 9 Semaines<\/h3>\n<p>Notre r\u00e9volutionnaire <strong>Test Sanguin pour le Sexe du B\u00e9b\u00e9<\/strong> est l\u00e0 pour vous donner un aper\u00e7u du sexe de votre b\u00e9b\u00e9 d\u00e8s 9 semaines ! Curieux de savoir comment cela fonctionne ? C&rsquo;est simple.<\/p>\n<p>Nous recueillons d\u00e9licatement un petit \u00e9chantillon de sang de votre doigt lors de cette proc\u00e9dure rapide et facile. Ne vous inqui\u00e9tez pas. C&rsquo;est doux et indolore ! Maintenant, plongeons dans la science derri\u00e8re tout cela. Lorsqu&rsquo;une femme biologique porte un f\u0153tus f\u00e9minin, son sang ne contiendra aucune trace du chromosome Y. C&rsquo;est pourquoi nous nous concentrons sur la d\u00e9tection pr\u00e9cise et l&rsquo;analyse de la pr\u00e9sence du chromosome Y.. Si notre test r\u00e9v\u00e8le la pr\u00e9sence de ce petit guerrier g\u00e9n\u00e9tique, f\u00e9licitations &#8211; vous attendez un pr\u00e9cieux petit gar\u00e7on ! D&rsquo;autre part, si nous ne d\u00e9tectons pas le chromosome Y, il est fort probable que vous ayez une adorable petite fille en route. Notre engagement envers la pr\u00e9cision et la fiabilit\u00e9 guide chaque aspect de notre travail. Avec un accent constant sur l&rsquo;exactitude, nous avons \u00e9tabli une proc\u00e9dure minutieuse garantissant des tests sanguins sans contaminants, assurant des r\u00e9sultats pr\u00e9cis et fiables.<\/p>\n<h4>Test Sanguin EarlyReveal pour le Sexe<\/h4>\n<p>C&rsquo;est pourquoi nous nous sommes associ\u00e9s \u00e0<a href=\"https:\/\/www.earlyreveal.com\/\" target=\"_blank\" rel=\"noopener\"><strong> EarlyReveal<\/strong> <\/a>pour la collecte et le traitement des tests sanguins pour le sexe du b\u00e9b\u00e9 en utilisant leur <strong><a href=\"https:\/\/www.earlyreveal.com\/products\/earlyreveal-clinical-baby-gender-detection-test\" target=\"_blank\" rel=\"noopener\">Test Clinique de D\u00e9tection du Sexe du B\u00e9b\u00e9.<\/a><\/strong><\/p>\n<p><strong>EarlyReveal<\/strong> aide les parents en leur donnant un sentiment de connexion avec leur b\u00e9b\u00e9 plusieurs semaines plus t\u00f4t que les m\u00e9thodes traditionnelles. Ils le font en r\u00e9pondant \u00e0 l&rsquo;une des plus grandes incertitudes pour les futurs parents &#8211; le sexe de leur b\u00e9b\u00e9.<\/p>\n<p><strong>EarlyReveal<\/strong> illustre un engagement envers la fourniture de r\u00e9sultats fiables et opportuns. Cette d\u00e9votion partag\u00e9e envers la pr\u00e9cision et la satisfaction des clients solidifie notre collaboration avec <a href=\"https:\/\/www.earlyreveal.com\/\" target=\"_blank\" rel=\"noopener\"><strong>EarlyReveal,<\/strong><\/a> faisant d&rsquo;eux le partenaire id\u00e9al pour maintenir le service de haute qualit\u00e9 pour lequel UC Baby est reconnu.<\/p>\n<p>Alors, pourquoi attendre ? R\u00e9v\u00e9lez le secret du sexe de votre b\u00e9b\u00e9 d\u00e8s 9 semaines avec notre Service de Test Sanguin pour le Sexe disponible dans certaines succursales UC Baby. Pr\u00e9parez-vous \u00e0 embarquer pour un voyage incroyable de joie et d&rsquo;anticipation.<\/p>\n<h2>Embrassez le Voyage de la Grossesse avec Confiance<\/h2>\n<p>\u00c0 mesure que vous accueillez votre petit, laissez UC Baby faire partie de votre voyage de grossesse. Chez UC Baby, nous sommes fiers de fournir un service de haute qualit\u00e9 qui d\u00e9passe les attentes. Notre \u00e9quipe agr\u00e9\u00e9e offre depuis plus de deux d\u00e9cennies une excellence dans les services d&rsquo;\u00e9chographie 3D \u00e0 travers le Canada. Faites confiance \u00e0 UC Baby pour offrir une exp\u00e9rience m\u00e9morable d&rsquo;\u00e9chographie 3D et HD 5D pour vous et votre b\u00e9b\u00e9.<\/p>\n<p>Avec nos services fiables, vous pouvez mieux vous pr\u00e9parer \u00e0 l&rsquo;arriv\u00e9e du nouveau membre de la famille. Vivez la joie de l&rsquo;anticipation &#8211; visitez-nous sur <a href=\"https:\/\/www.ucbaby.ca\/fr\"><strong>www.ucbaby.ca<\/strong><\/a><\/p>\n<p>Permets-nous de t&rsquo;accompagner dans cette extraordinaire aventure vers la parentalit\u00e9.<br \/>\n<div class=\"buddybot-chat-conversation-alert alert alert-danger small\" data-bb-alert=\"danger\" role=\"alert\" style=\"display:none;\"><\/div><input id=\"buddybot-chat-conversation-assistant-id\" type=\"hidden\" value=\"asst_4xIlmP6OR8LMO78rvWiQcpjY\"><div id=\"buddybot-chat-conversation-list-header\" class=\"d-flex justify-content-start align-items-center\"><div class=\"small fw-bold me-2\">Select Conversation or<\/div><button id=\"buddybot-chat-conversation-start-new\" type=\"button\" class=\"btn btn-dark btn-sm px-3 rounded-2\">Start New<\/button><\/div><div id=\"buddybot-chat-conversation-list-loader\" class=\"text-muted\">Loading conversations...<\/div><div id=\"buddybot-chat-conversation-list-wrapper\"><\/div><div id=\"buddybot-single-conversation-wrapper\" class=\"container-fluid\"><div class=\"Buddybot-alert\"> <div class=\"buddybot-temp-chat-wrap\">Temporary Chat<svg data-popover=\"true\" data-target=\"#buddybot-popover-1\" xmlns=\"http:\/\/www.w3.org\/2000\/svg\" height=\"24px\" viewBox=\"0 -960 960 960\" width=\"24px\" fill=\"#1f1f1f\"><path d=\"M440-280h80v-240h-80v240Zm40-320q17 0 28.5-11.5T520-640q0-17-11.5-28.5T480-680q-17 0-28.5 11.5T440-640q0 17 11.5 28.5T480-600Zm0 520q-83 0-156-31.5T197-197q-54-54-85.5-127T80-480q0-83 31.5-156T197-763q54-54 127-85.5T480-880q83 0 156 31.5T763-763q54 54 85.5 127T880-480q0 83-31.5 156T763-197q-54 54-127 85.5T480-80Zm0-80q134 0 227-93t93-227q0-134-93-227t-227-93q-134 0-227 93t-93 227q0 134 93 227t227 93Zm0-320Z\"\/><\/svg><div id=\"buddybot-popover-1\" class=\"buddybot-popover\">You will not be able to access your chat history permanently because you are not logged in. If you log in, you can save and access your conversations later.<\/div><\/div><\/div><div class=\"d-flex justify-content-between align-items-center\"><div class=\"d-flex\"><button id=\"buddybot-single-conversation-back-btn\" class=\"bg-transparent border-0 shadow-0 text-dark p-0\" role=\"button\"><span class=\"material-symbols-outlined\">arrow_back_ios<\/span><\/button><\/div><div class=\"d-flex align-items-center\"><button id=\"buddybot-single-conversation-load-messages-btn\" class=\"bg-transparent border-0 shadow-0 text-dark p-0 mx-1 mb-3\" role=\"button\"><span class=\"material-symbols-outlined\">refresh<\/span><\/button><button id=\"buddybot-single-conversation-delete-thread-btn\" class=\"bg-transparent border-0 shadow-0 text-dark p-0 mx-1 mb-3\" role=\"button\" data-bs-toggle=\"modal\" data-bs-target=\"#buddybot-single-conversation-delete-modal\"><span class=\"material-symbols-outlined\">delete<\/span><\/button><\/div><\/div><div id=\"buddybot-single-conversation-messages-wrapper\" class=\"mb-4 small\" style=\"max-height:400px;overflow:auto;\"><\/div><div id=\"buddybot-single-conversation-status-bar\"><\/div><div id=\"buddybot-single-conversation-top-spinners\" class=\"d-flex justify-content-center mb-2\"><div class=\"spinner-grow spinner-grow-sm me-1\" role=\"status\"><span class=\"visually-hidden\">Loading...<\/span><\/div><div class=\"spinner-grow spinner-grow-sm me-1\" role=\"status\"><span class=\"visually-hidden\">Loading...<\/span><\/div><div class=\"spinner-grow spinner-grow-sm\" role=\"status\"><span class=\"visually-hidden\">Loading...<\/span><\/div><\/div><div id=\"buddybot-single-conversation-new-messages-wrapper\" class=\"\"><div class=\"\"><textarea id=\"buddybot-single-conversation-user-message\" class=\"form-control rounded-4 p-3 border-bottom border-dark border-2 shadow-0\" rows=\"3\" placeholder=\"Type your question here.\"><\/textarea><\/div><div class=\"text-center mt-3\"><button id=\"buddybot-single-conversation-send-message-btn\" type=\"button\" class=\"btn btn-dark py-3 px-4 rounded-2\">Send<\/button><\/div><\/div><div class=\"offcanvas offcanvas-bottom buddybot-offcanvas-wrap p-3\" tabindex=\"-1\" id=\"cookieConsentOffcanvas\" aria-labelledby=\"cookieConsentOffcanvasLabel\" data-bs-backdrop=\"static\" data-bs-scroll=\"true\"><div class=\"offcanvas-header\"><div class=\"offcanvas-title\" id=\"cookieConsentOffcanvasLabel\">Cookies <img decoding=\"async\" width=\"32px\" src=\"https:\/\/www.ucbaby.ca\/wp-content\/plugins\/buddybot-ai-custom-ai-assistant-and-chat-agent\/frontend\/images\/buddybotchat\/bootstrap\/cookie.png\" alt=\"All works fine.\"><\/div><\/div><div class=\"buddybot-offcanvas-body\"><p>We use cookies to manage your chat session while you interact with our website. These cookies help us store temporary session data, such as your chat history, for predefined number of days. No personal information is stored in these cookies. By continuing to use this site, you consent to the use of cookies. For more details, please refer to our Privacy Policy<\/p><\/div><div class=\"buddybot-offcanvas-footer text-end\"><button type=\"button\" class=\"btn btn-primary\" id=\"buddybot-acceptCookies\">I Accept<\/button><\/div><\/div><\/div><\/p>\n","protected":false},"excerpt":{"rendered":"<p>\u00cates-vous curieux de conna\u00eetre le genre de votre b\u00e9b\u00e9 ? Alors que vous attendez avec impatience l&rsquo;arriv\u00e9e de votre petit tr\u00e9sor, la question du sexe de votre b\u00e9b\u00e9 pourrait occuper vos pens\u00e9es. Vos proches et vos amis pourraient m\u00eame jouer au jeu des devinettes en se basant sur de vieux mythes de pr\u00e9diction de genre. [&hellip;]<\/p>\n","protected":false},"author":7,"featured_media":26709,"parent":0,"menu_order":0,"comment_status":"closed","ping_status":"closed","template":"","meta":{"footnotes":""},"class_list":["post-26711","page","type-page","status-publish","has-post-thumbnail","hentry"],"yoast_head":"<!-- This site is optimized with the Yoast SEO plugin v27.5 - https:\/\/yoast.com\/product\/yoast-seo-wordpress\/ -->\n<title>Services de R\u00e9v\u00e9lation du Sexe par UC Baby<\/title>\n<meta name=\"description\" content=\"D\u00e9couvrez le sexe de votre b\u00e9b\u00e9 avec pr\u00e9cision gr\u00e2ce aux services fiables d&#039;UC Baby. R\u00e9v\u00e9lation du sexe par \u00e9chographie de qualit\u00e9.\" \/>\n<meta name=\"robots\" content=\"index, follow, max-snippet:-1, max-image-preview:large, max-video-preview:-1\" \/>\n<link rel=\"canonical\" href=\"https:\/\/www.ucbaby.ca\/fr\/services-de-revelation-du-sexe-par-baby\" \/>\n<meta property=\"og:locale\" content=\"fr_FR\" \/>\n<meta property=\"og:type\" content=\"article\" \/>\n<meta property=\"og:title\" content=\"Services de R\u00e9v\u00e9lation du Sexe par UC Baby\" \/>\n<meta property=\"og:description\" content=\"D\u00e9couvrez le sexe de votre b\u00e9b\u00e9 avec pr\u00e9cision gr\u00e2ce aux services fiables d&#039;UC Baby. R\u00e9v\u00e9lation du sexe par \u00e9chographie de qualit\u00e9.\" \/>\n<meta property=\"og:url\" content=\"https:\/\/www.ucbaby.ca\/fr\/services-de-revelation-du-sexe-par-baby\" \/>\n<meta property=\"og:site_name\" content=\"UC Baby\" \/>\n<meta property=\"article:publisher\" content=\"http:\/\/www.facebook.com\/ucbaby\" \/>\n<meta property=\"article:modified_time\" content=\"2026-03-28T15:39:30+00:00\" \/>\n<meta property=\"og:image\" content=\"https:\/\/www.ucbaby.ca\/wp-content\/uploads\/2023\/08\/Gender-Reveal-Page.jpg\" \/>\n\t<meta property=\"og:image:width\" content=\"810\" \/>\n\t<meta property=\"og:image:height\" content=\"450\" \/>\n\t<meta property=\"og:image:type\" content=\"image\/jpeg\" \/>\n<meta name=\"twitter:label1\" content=\"Dur\u00e9e de lecture estim\u00e9e\" \/>\n\t<meta name=\"twitter:data1\" content=\"5 minutes\" \/>\n<script type=\"application\/ld+json\" class=\"yoast-schema-graph\">{\"@context\":\"https:\\\/\\\/schema.org\",\"@graph\":[{\"@type\":\"WebPage\",\"@id\":\"https:\\\/\\\/www.ucbaby.ca\\\/fr\\\/services-de-revelation-du-sexe-par-baby\",\"url\":\"https:\\\/\\\/www.ucbaby.ca\\\/fr\\\/services-de-revelation-du-sexe-par-baby\",\"name\":\"Services de R\u00e9v\u00e9lation du Sexe par UC Baby\",\"isPartOf\":{\"@id\":\"https:\\\/\\\/www.ucbaby.ca\\\/#website\"},\"primaryImageOfPage\":{\"@id\":\"https:\\\/\\\/www.ucbaby.ca\\\/fr\\\/services-de-revelation-du-sexe-par-baby#primaryimage\"},\"image\":{\"@id\":\"https:\\\/\\\/www.ucbaby.ca\\\/fr\\\/services-de-revelation-du-sexe-par-baby#primaryimage\"},\"thumbnailUrl\":\"https:\\\/\\\/www.ucbaby.ca\\\/wp-content\\\/uploads\\\/2023\\\/08\\\/Gender-Reveal-Page.jpg\",\"datePublished\":\"2023-08-16T01:41:04+00:00\",\"dateModified\":\"2026-03-28T15:39:30+00:00\",\"description\":\"D\u00e9couvrez le sexe de votre b\u00e9b\u00e9 avec pr\u00e9cision gr\u00e2ce aux services fiables d'UC Baby. R\u00e9v\u00e9lation du sexe par \u00e9chographie de qualit\u00e9.\",\"breadcrumb\":{\"@id\":\"https:\\\/\\\/www.ucbaby.ca\\\/fr\\\/services-de-revelation-du-sexe-par-baby#breadcrumb\"},\"inLanguage\":\"fr-FR\",\"potentialAction\":[{\"@type\":\"ReadAction\",\"target\":[\"https:\\\/\\\/www.ucbaby.ca\\\/fr\\\/services-de-revelation-du-sexe-par-baby\"]}]},{\"@type\":\"ImageObject\",\"inLanguage\":\"fr-FR\",\"@id\":\"https:\\\/\\\/www.ucbaby.ca\\\/fr\\\/services-de-revelation-du-sexe-par-baby#primaryimage\",\"url\":\"https:\\\/\\\/www.ucbaby.ca\\\/wp-content\\\/uploads\\\/2023\\\/08\\\/Gender-Reveal-Page.jpg\",\"contentUrl\":\"https:\\\/\\\/www.ucbaby.ca\\\/wp-content\\\/uploads\\\/2023\\\/08\\\/Gender-Reveal-Page.jpg\",\"width\":810,\"height\":450,\"caption\":\"Gender Reveal\"},{\"@type\":\"BreadcrumbList\",\"@id\":\"https:\\\/\\\/www.ucbaby.ca\\\/fr\\\/services-de-revelation-du-sexe-par-baby#breadcrumb\",\"itemListElement\":[{\"@type\":\"ListItem\",\"position\":1,\"name\":\"Home\",\"item\":\"https:\\\/\\\/www.ucbaby.ca\\\/\"},{\"@type\":\"ListItem\",\"position\":2,\"name\":\"Services de R\u00e9v\u00e9lation du Sexe par UC Baby\"}]},{\"@type\":\"WebSite\",\"@id\":\"https:\\\/\\\/www.ucbaby.ca\\\/#website\",\"url\":\"https:\\\/\\\/www.ucbaby.ca\\\/\",\"name\":\"UC Baby\",\"description\":\"UC Baby is Canada&#039;s #1 Trusted company for 3D, 4D and HD 5D pregnancy ultrasound services\",\"potentialAction\":[{\"@type\":\"SearchAction\",\"target\":{\"@type\":\"EntryPoint\",\"urlTemplate\":\"https:\\\/\\\/www.ucbaby.ca\\\/?s={search_term_string}\"},\"query-input\":{\"@type\":\"PropertyValueSpecification\",\"valueRequired\":true,\"valueName\":\"search_term_string\"}}],\"inLanguage\":\"fr-FR\"}]}<\/script>\n<!-- \/ Yoast SEO plugin. -->","yoast_head_json":{"title":"Services de R\u00e9v\u00e9lation du Sexe par UC Baby","description":"D\u00e9couvrez le sexe de votre b\u00e9b\u00e9 avec pr\u00e9cision gr\u00e2ce aux services fiables d'UC Baby. R\u00e9v\u00e9lation du sexe par \u00e9chographie de qualit\u00e9.","robots":{"index":"index","follow":"follow","max-snippet":"max-snippet:-1","max-image-preview":"max-image-preview:large","max-video-preview":"max-video-preview:-1"},"canonical":"https:\/\/www.ucbaby.ca\/fr\/services-de-revelation-du-sexe-par-baby","og_locale":"fr_FR","og_type":"article","og_title":"Services de R\u00e9v\u00e9lation du Sexe par UC Baby","og_description":"D\u00e9couvrez le sexe de votre b\u00e9b\u00e9 avec pr\u00e9cision gr\u00e2ce aux services fiables d'UC Baby. R\u00e9v\u00e9lation du sexe par \u00e9chographie de qualit\u00e9.","og_url":"https:\/\/www.ucbaby.ca\/fr\/services-de-revelation-du-sexe-par-baby","og_site_name":"UC Baby","article_publisher":"http:\/\/www.facebook.com\/ucbaby","article_modified_time":"2026-03-28T15:39:30+00:00","og_image":[{"width":810,"height":450,"url":"https:\/\/www.ucbaby.ca\/wp-content\/uploads\/2023\/08\/Gender-Reveal-Page.jpg","type":"image\/jpeg"}],"twitter_misc":{"Dur\u00e9e de lecture estim\u00e9e":"5 minutes"},"schema":{"@context":"https:\/\/schema.org","@graph":[{"@type":"WebPage","@id":"https:\/\/www.ucbaby.ca\/fr\/services-de-revelation-du-sexe-par-baby","url":"https:\/\/www.ucbaby.ca\/fr\/services-de-revelation-du-sexe-par-baby","name":"Services de R\u00e9v\u00e9lation du Sexe par UC Baby","isPartOf":{"@id":"https:\/\/www.ucbaby.ca\/#website"},"primaryImageOfPage":{"@id":"https:\/\/www.ucbaby.ca\/fr\/services-de-revelation-du-sexe-par-baby#primaryimage"},"image":{"@id":"https:\/\/www.ucbaby.ca\/fr\/services-de-revelation-du-sexe-par-baby#primaryimage"},"thumbnailUrl":"https:\/\/www.ucbaby.ca\/wp-content\/uploads\/2023\/08\/Gender-Reveal-Page.jpg","datePublished":"2023-08-16T01:41:04+00:00","dateModified":"2026-03-28T15:39:30+00:00","description":"D\u00e9couvrez le sexe de votre b\u00e9b\u00e9 avec pr\u00e9cision gr\u00e2ce aux services fiables d'UC Baby. R\u00e9v\u00e9lation du sexe par \u00e9chographie de qualit\u00e9.","breadcrumb":{"@id":"https:\/\/www.ucbaby.ca\/fr\/services-de-revelation-du-sexe-par-baby#breadcrumb"},"inLanguage":"fr-FR","potentialAction":[{"@type":"ReadAction","target":["https:\/\/www.ucbaby.ca\/fr\/services-de-revelation-du-sexe-par-baby"]}]},{"@type":"ImageObject","inLanguage":"fr-FR","@id":"https:\/\/www.ucbaby.ca\/fr\/services-de-revelation-du-sexe-par-baby#primaryimage","url":"https:\/\/www.ucbaby.ca\/wp-content\/uploads\/2023\/08\/Gender-Reveal-Page.jpg","contentUrl":"https:\/\/www.ucbaby.ca\/wp-content\/uploads\/2023\/08\/Gender-Reveal-Page.jpg","width":810,"height":450,"caption":"Gender Reveal"},{"@type":"BreadcrumbList","@id":"https:\/\/www.ucbaby.ca\/fr\/services-de-revelation-du-sexe-par-baby#breadcrumb","itemListElement":[{"@type":"ListItem","position":1,"name":"Home","item":"https:\/\/www.ucbaby.ca\/"},{"@type":"ListItem","position":2,"name":"Services de R\u00e9v\u00e9lation du Sexe par UC Baby"}]},{"@type":"WebSite","@id":"https:\/\/www.ucbaby.ca\/#website","url":"https:\/\/www.ucbaby.ca\/","name":"UC Baby","description":"UC Baby is Canada&#039;s #1 Trusted company for 3D, 4D and HD 5D pregnancy ultrasound services","potentialAction":[{"@type":"SearchAction","target":{"@type":"EntryPoint","urlTemplate":"https:\/\/www.ucbaby.ca\/?s={search_term_string}"},"query-input":{"@type":"PropertyValueSpecification","valueRequired":true,"valueName":"search_term_string"}}],"inLanguage":"fr-FR"}]}},"_links":{"self":[{"href":"https:\/\/www.ucbaby.ca\/fr\/wp-json\/wp\/v2\/pages\/26711","targetHints":{"allow":["GET"]}}],"collection":[{"href":"https:\/\/www.ucbaby.ca\/fr\/wp-json\/wp\/v2\/pages"}],"about":[{"href":"https:\/\/www.ucbaby.ca\/fr\/wp-json\/wp\/v2\/types\/page"}],"author":[{"embeddable":true,"href":"https:\/\/www.ucbaby.ca\/fr\/wp-json\/wp\/v2\/users\/7"}],"replies":[{"embeddable":true,"href":"https:\/\/www.ucbaby.ca\/fr\/wp-json\/wp\/v2\/comments?post=26711"}],"version-history":[{"count":1,"href":"https:\/\/www.ucbaby.ca\/fr\/wp-json\/wp\/v2\/pages\/26711\/revisions"}],"predecessor-version":[{"id":30435,"href":"https:\/\/www.ucbaby.ca\/fr\/wp-json\/wp\/v2\/pages\/26711\/revisions\/30435"}],"wp:featuredmedia":[{"embeddable":true,"href":"https:\/\/www.ucbaby.ca\/fr\/wp-json\/wp\/v2\/media\/26709"}],"wp:attachment":[{"href":"https:\/\/www.ucbaby.ca\/fr\/wp-json\/wp\/v2\/media?parent=26711"}],"curies":[{"name":"wp","href":"https:\/\/api.w.org\/{rel}","templated":true}]}}