{"id":26599,"date":"2023-07-25T05:11:51","date_gmt":"2023-07-25T09:11:51","guid":{"rendered":"https:\/\/www.ucbaby.ca\/nurturing-nature-together"},"modified":"2023-11-07T13:50:17","modified_gmt":"2023-11-07T18:50:17","slug":"preserver-la-nature-ensemble","status":"publish","type":"page","link":"https:\/\/www.ucbaby.ca\/fr\/preserver-la-nature-ensemble","title":{"rendered":"Rejoignez UC Baby dans \u201cPr\u00e9server la Nature Ensemble\u201d"},"content":{"rendered":"<h2><\/h2>\n<div>\n<h2>Rejoignez UC Baby dans le projet \u00ab\u00a0Pre\u0301server la Nature Ensemble\u00a0\u00bb! Planter un Arbre pour Chaque Enfant<\/h2>\n<\/div>\n<div>\n<p>Bienvenue chez <a href=\"https:\/\/www.ucbaby.ca\/fr\/profil-de-lentreprise\"><strong>UC Baby<\/strong><\/a> &#8211; la premie\u0300re entreprise canadienne d&rsquo;e\u0301chographie! Depuis pre\u0300s de deux de\u0301cennies, <strong>UC Baby<\/strong> est le pionnier canadien dans les e\u0301chographies <strong>3D\/4D et HD<\/strong>, capturant des moments pre\u0301cieux de grossesse et cre\u0301ant des souvenirs inoubliables.Mais notre vision va au-dela\u0300 de ce\u0301le\u0301brer la vie naissante ; nous sommes e\u0301galement profonde\u0301ment engage\u0301s dans la pre\u0301servation de notre plane\u0300te pour les ge\u0301ne\u0301rations futures. Apre\u0300s tout, ce n&rsquo;est pas seulement le foyer de notre be\u0301be\u0301 ; c&rsquo;est leur he\u0301ritage. Nous sommes emballe\u0301s de vous inviter a\u0300 nous rejoindre dans notre initiative \u00ab\u00a0Pre\u0301server la Nature Ensemble\u00a0\u00bb, une de\u0301marche visant a\u0300 favoriser la plantation d&rsquo;un arbre pour chaque enfant.<\/p>\n<\/div>\n<div>\n<h2>Pourquoi Notre Partenariat avec Tree Canada Est Important<\/h2>\n<\/div>\n<div>\n<p>Chez <strong>UC Baby<\/strong>, nous croyons que chaque petit geste en faveur de la protection de l&rsquo;environnement compte. C&rsquo;est pourquoi nous sommes fiers d&rsquo;avoir noue\u0301 un partenariat avec <a href=\"https:\/\/treecanada.ca\" target=\"_blank\" rel=\"noopener\"><strong>Tree Canada<\/strong><\/a>, une organisation a\u0300 but non lucratif renomme\u0301e de\u0301die\u0301e a\u0300 la plantation d&rsquo;arbres a\u0300 travers le pays. Ensemble avec Tree Canada, nous avons pris des mesures significatives pour avoir un impact positif sur l&rsquo;environnement et promouvoir la durabilite\u0301.<\/p>\n<div class=\"video-container\"><iframe title=\"UC Baby - \ud83c\udf33 Pr\u00e9server la Nature Ensemble. \ud83c\udf33\" width=\"1060\" height=\"596\" data-src=\"https:\/\/www.youtube.com\/embed\/ILZl9syyAaY?feature=oembed\" frameborder=\"0\" allow=\"accelerometer; autoplay; clipboard-write; encrypted-media; gyroscope; picture-in-picture; web-share\" allowfullscreen src=\"data:image\/svg+xml;base64,PHN2ZyB3aWR0aD0iMSIgaGVpZ2h0PSIxIiB4bWxucz0iaHR0cDovL3d3dy53My5vcmcvMjAwMC9zdmciPjwvc3ZnPg==\" class=\"lazyload\" data-load-mode=\"1\"><\/iframe><\/div>\n<\/div>\n<div>\n<h2>Pre\u0301server la Nature a\u0300 l&rsquo;E\u0301chelle Mondiale avec Evertreen<\/h2>\n<\/div>\n<div>\n<p>L&rsquo;importance de cette initiative re\u0301side dans notre responsabilite\u0301 commune de prote\u0301ger l&rsquo;environnement pour les ge\u0301ne\u0301rations futures. Apre\u0300s deux anne\u0301es de collaboration re\u0301ussie avec Tree Canada, nous avons de\u0301cide\u0301 de nous e\u0301tendre a\u0300 l&rsquo;e\u0301chelle mondiale. Nous sommes maintenant partenaires d&rsquo;<a href=\"https:\/\/evertreen.com\" target=\"_blank\" rel=\"noopener\"><strong>Evertreen<\/strong><\/a>, une merveilleuse organisation partageant notre vision d&rsquo;un avenir plus vert et plus durable.<\/p>\n<p>Avec <a href=\"https:\/\/evertreen.com\" target=\"_blank\" rel=\"noopener\"><strong>Evertreen<\/strong><\/a>, vous pouvez planter un arbre pour votre be\u0301be\u0301 et vos proches. Vous pouvez choisir parmi des arbres partout dans le monde, dans des continents tels que l&rsquo;Ame\u0301rique du Sud, l&rsquo;Afrique et l&rsquo;Europe. En nous rejoignant dans cette initiative, vous laissez un he\u0301ritage significatif qui grandira chaque anne\u0301e. En plantant un arbre, vous ne cre\u0301ez pas seulement un souvenir, mais vous avez e\u0301galement un impact positif concret sur l&rsquo;environnement. Chaque arbre plante\u0301 joue un ro\u0302le vital dans la lutte contre le changement climatique et soutient des projets de reforestation dans des pays vulne\u0301rables. Votre contribution favorise un monde plus vert pour les ge\u0301ne\u0301rations a\u0300 venir.<\/p>\n<\/div>\n<div>\n<h2>Semer des Racines de Durabilite\u0301<\/h2>\n<\/div>\n<div>\n<p>Avec <strong>Tree Canada et Evertreen<\/strong> a\u0300 nos co\u0302te\u0301s, nous avons de\u0301ja\u0300 collectivement plante\u0301 plus de 3900 arbres, chacun symbolisant la vie et l&rsquo;amour pour notre plane\u0300te. Ces arbres sont un te\u0301moignage since\u0300re de notre mission commune de pre\u0301server la beaute\u0301 de la nature pour les ge\u0301ne\u0301rations futures. Cette e\u0301tape majeure refle\u0300te le de\u0301vouement et l&rsquo;engagement d&rsquo;<strong>UC Baby<\/strong> et de sa merveilleuse communaute\u0301 de familles pour rendre le monde plus vert.<\/p>\n<\/div>\n<div>\n<h2>Faites Partie de Notre Mouvement Vert<\/h2>\n<\/div>\n<div>\n<p>Rejoignez <strong>UC Baby<\/strong> dans cette aventure de croissance et d&rsquo;union. Vous pouvez contribuer directement a\u0300 cette cause en visitant le lien ci-dessous et en achetant un arbre pour votre be\u0301be\u0301 et d&rsquo;autres enfants. Gra\u0302ce au <strong>Code <a href=\"https:\/\/evertreen.com\/company\/ucbaby\" target=\"_blank\" rel=\"noopener\">Unique de la Fore\u0302t 718<\/a><\/strong>, vous pouvez assurer que vos arbres sont lie\u0301s a\u0300 un compte <a href=\"https:\/\/evertreen.com\/company\/ucbaby\" target=\"_blank\" rel=\"noopener\">Evertreen unique cre\u0301e\u0301 pour <strong>UC Baby.<\/strong><\/a> [Voir le lien ci-dessus pour le bouton].<\/p>\n<p>&nbsp;<\/p>\n<a id=\"\" href=\"https:\/\/evertreen.com\/company\/ucbaby\" target=\"_self\" title=\"Rejoignez UC BABY - PLANTEZ UN ARBRE pour chaque ENFANT - Utilisez le Code Unique de la For\u00eat : 718\" class=\"button_ default big  margin-t0  aligncenter\" data-rt-animate=\"animate\" data-rt-animation-type=\"bounceIn\" data-rt-animation-group=\"single\" >Rejoignez UC BABY - PLANTEZ UN ARBRE pour chaque ENFANT - Utilisez le Code Unique de la For\u00eat : 718<\/a>\n<p>&nbsp;<\/p>\n<p>Votre action d&rsquo;aujourd&rsquo;hui laissera un impact durable, contribuant a\u0300 cre\u0301er un avenir pour les ge\u0301ne\u0301rations de familles a\u0300 venir. Dans le cadre de la vision plus verte d&rsquo;<strong>UC Baby<\/strong>, vous jouez un ro\u0302le vital dans la pre\u0301servation de notre plane\u0300te. Contribuons ensemble a\u0300 rendre le monde meilleur, un arbre a\u0300 la fois. Chaque pas que nous faisons devrait nourrir la vie, l&rsquo;amour et notre foyer partage\u0301.<\/p>\n<p>Ensemble, nous pouvons grandir, prospe\u0301rer et faire une diffe\u0301rence significative pour notre plane\u0300te et ceux qui nous sont chers. Merci de faire partie de ce mouvement inspirant et de contribuer a\u0300 un avenir plus vert et plus sain pour tous. Continuons a\u0300 grandir ensemble!<\/p>\n<\/div>\n<p style=\"font-weight: 400;\">\n","protected":false},"excerpt":{"rendered":"<p>Rejoignez UC Baby dans le projet \u00ab\u00a0Pre\u0301server la Nature Ensemble\u00a0\u00bb! Planter un Arbre pour Chaque Enfant Bienvenue chez UC Baby &#8211; la premie\u0300re entreprise canadienne d&rsquo;e\u0301chographie! Depuis pre\u0300s de deux de\u0301cennies, UC Baby est le pionnier canadien dans les e\u0301chographies 3D\/4D et HD, capturant des moments pre\u0301cieux de grossesse et cre\u0301ant des souvenirs inoubliables.Mais notre [&hellip;]<\/p>\n","protected":false},"author":7,"featured_media":26589,"parent":0,"menu_order":0,"comment_status":"closed","ping_status":"closed","template":"","meta":{"footnotes":""},"class_list":["post-26599","page","type-page","status-publish","has-post-thumbnail","hentry"],"yoast_head":"<!-- This site is optimized with the Yoast SEO plugin v27.6 - https:\/\/yoast.com\/product\/yoast-seo-wordpress\/ -->\n<title>Rejoignez UC Baby pour Pr\u00e9server la Nature Ensemble | UC Baby<\/title>\n<meta name=\"description\" content=\"UC Baby - Pr\u00e9servez la nature avec nous. En collaboration avec Tree Canada et Evertreen, nous avons plant\u00e9 plus d&#039;arbres pour un avenir durable.\" \/>\n<meta name=\"robots\" content=\"index, follow, max-snippet:-1, max-image-preview:large, max-video-preview:-1\" \/>\n<link rel=\"canonical\" href=\"https:\/\/www.ucbaby.ca\/fr\/preserver-la-nature-ensemble\" \/>\n<meta property=\"og:locale\" content=\"fr_FR\" \/>\n<meta property=\"og:type\" content=\"article\" \/>\n<meta property=\"og:title\" content=\"Rejoignez UC Baby dans \u201cPr\u00e9server la Nature Ensemble\u201d | UC Baby Echographie 3D\" \/>\n<meta property=\"og:description\" content=\"UC Baby - Rejoignez-nous dans &quot;Pr\u00e9server la Nature Ensemble&quot;. En partenariat avec Tree Canada et Evertreen, nous avons plant\u00e9 plus de 3900 arbres \u00e0 l&#039;\u00e9chelle mondiale pour un avenir plus vert. En plantant un arbre pour votre b\u00e9b\u00e9, vous laissez un h\u00e9ritage durable pour les g\u00e9n\u00e9rations futures de votre famille.\" \/>\n<meta property=\"og:url\" content=\"https:\/\/www.ucbaby.ca\/fr\/preserver-la-nature-ensemble\" \/>\n<meta property=\"og:site_name\" content=\"UC Baby\" \/>\n<meta property=\"article:publisher\" content=\"http:\/\/www.facebook.com\/ucbaby\" \/>\n<meta property=\"article:modified_time\" content=\"2023-11-07T18:50:17+00:00\" \/>\n<meta property=\"og:image\" content=\"https:\/\/www.ucbaby.ca\/wp-content\/uploads\/2023\/07\/UC-Baby-Plant-a-Tree-Campaign-810-x-450.png\" \/>\n<meta name=\"twitter:label1\" content=\"Dur\u00e9e de lecture estim\u00e9e\" \/>\n\t<meta name=\"twitter:data1\" content=\"3 minutes\" \/>\n<script type=\"application\/ld+json\" class=\"yoast-schema-graph\">{\"@context\":\"https:\\\/\\\/schema.org\",\"@graph\":[{\"@type\":\"WebPage\",\"@id\":\"https:\\\/\\\/www.ucbaby.ca\\\/fr\\\/preserver-la-nature-ensemble\",\"url\":\"https:\\\/\\\/www.ucbaby.ca\\\/fr\\\/preserver-la-nature-ensemble\",\"name\":\"Rejoignez UC Baby pour Pr\u00e9server la Nature Ensemble | UC Baby\",\"isPartOf\":{\"@id\":\"https:\\\/\\\/www.ucbaby.ca\\\/#website\"},\"primaryImageOfPage\":{\"@id\":\"https:\\\/\\\/www.ucbaby.ca\\\/fr\\\/preserver-la-nature-ensemble#primaryimage\"},\"image\":{\"@id\":\"https:\\\/\\\/www.ucbaby.ca\\\/fr\\\/preserver-la-nature-ensemble#primaryimage\"},\"thumbnailUrl\":\"https:\\\/\\\/www.ucbaby.ca\\\/wp-content\\\/uploads\\\/2023\\\/07\\\/UC-Baby-Plant-Tree-for-Every-Child.jpg\",\"datePublished\":\"2023-07-25T09:11:51+00:00\",\"dateModified\":\"2023-11-07T18:50:17+00:00\",\"description\":\"UC Baby - Pr\u00e9servez la nature avec nous. En collaboration avec Tree Canada et Evertreen, nous avons plant\u00e9 plus d'arbres pour un avenir durable.\",\"breadcrumb\":{\"@id\":\"https:\\\/\\\/www.ucbaby.ca\\\/fr\\\/preserver-la-nature-ensemble#breadcrumb\"},\"inLanguage\":\"fr-FR\",\"potentialAction\":[{\"@type\":\"ReadAction\",\"target\":[\"https:\\\/\\\/www.ucbaby.ca\\\/fr\\\/preserver-la-nature-ensemble\"]}]},{\"@type\":\"ImageObject\",\"inLanguage\":\"fr-FR\",\"@id\":\"https:\\\/\\\/www.ucbaby.ca\\\/fr\\\/preserver-la-nature-ensemble#primaryimage\",\"url\":\"https:\\\/\\\/www.ucbaby.ca\\\/wp-content\\\/uploads\\\/2023\\\/07\\\/UC-Baby-Plant-Tree-for-Every-Child.jpg\",\"contentUrl\":\"https:\\\/\\\/www.ucbaby.ca\\\/wp-content\\\/uploads\\\/2023\\\/07\\\/UC-Baby-Plant-Tree-for-Every-Child.jpg\",\"width\":810,\"height\":450,\"caption\":\"tree planting with child\"},{\"@type\":\"BreadcrumbList\",\"@id\":\"https:\\\/\\\/www.ucbaby.ca\\\/fr\\\/preserver-la-nature-ensemble#breadcrumb\",\"itemListElement\":[{\"@type\":\"ListItem\",\"position\":1,\"name\":\"Home\",\"item\":\"https:\\\/\\\/www.ucbaby.ca\\\/\"},{\"@type\":\"ListItem\",\"position\":2,\"name\":\"Rejoignez UC Baby dans \u201cPr\u00e9server la Nature Ensemble\u201d\"}]},{\"@type\":\"WebSite\",\"@id\":\"https:\\\/\\\/www.ucbaby.ca\\\/#website\",\"url\":\"https:\\\/\\\/www.ucbaby.ca\\\/\",\"name\":\"UC Baby\",\"description\":\"UC Baby is Canada&#039;s #1 Trusted company for 3D, 4D and HD 5D pregnancy ultrasound services\",\"potentialAction\":[{\"@type\":\"SearchAction\",\"target\":{\"@type\":\"EntryPoint\",\"urlTemplate\":\"https:\\\/\\\/www.ucbaby.ca\\\/?s={search_term_string}\"},\"query-input\":{\"@type\":\"PropertyValueSpecification\",\"valueRequired\":true,\"valueName\":\"search_term_string\"}}],\"inLanguage\":\"fr-FR\"}]}<\/script>\n<!-- \/ Yoast SEO plugin. -->","yoast_head_json":{"title":"Rejoignez UC Baby pour Pr\u00e9server la Nature Ensemble | UC Baby","description":"UC Baby - Pr\u00e9servez la nature avec nous. En collaboration avec Tree Canada et Evertreen, nous avons plant\u00e9 plus d'arbres pour un avenir durable.","robots":{"index":"index","follow":"follow","max-snippet":"max-snippet:-1","max-image-preview":"max-image-preview:large","max-video-preview":"max-video-preview:-1"},"canonical":"https:\/\/www.ucbaby.ca\/fr\/preserver-la-nature-ensemble","og_locale":"fr_FR","og_type":"article","og_title":"Rejoignez UC Baby dans \u201cPr\u00e9server la Nature Ensemble\u201d | UC Baby Echographie 3D","og_description":"UC Baby - Rejoignez-nous dans \"Pr\u00e9server la Nature Ensemble\". En partenariat avec Tree Canada et Evertreen, nous avons plant\u00e9 plus de 3900 arbres \u00e0 l'\u00e9chelle mondiale pour un avenir plus vert. En plantant un arbre pour votre b\u00e9b\u00e9, vous laissez un h\u00e9ritage durable pour les g\u00e9n\u00e9rations futures de votre famille.","og_url":"https:\/\/www.ucbaby.ca\/fr\/preserver-la-nature-ensemble","og_site_name":"UC Baby","article_publisher":"http:\/\/www.facebook.com\/ucbaby","article_modified_time":"2023-11-07T18:50:17+00:00","og_image":[{"url":"https:\/\/www.ucbaby.ca\/wp-content\/uploads\/2023\/07\/UC-Baby-Plant-a-Tree-Campaign-810-x-450.png","type":"","width":"","height":""}],"twitter_misc":{"Dur\u00e9e de lecture estim\u00e9e":"3 minutes"},"schema":{"@context":"https:\/\/schema.org","@graph":[{"@type":"WebPage","@id":"https:\/\/www.ucbaby.ca\/fr\/preserver-la-nature-ensemble","url":"https:\/\/www.ucbaby.ca\/fr\/preserver-la-nature-ensemble","name":"Rejoignez UC Baby pour Pr\u00e9server la Nature Ensemble | UC Baby","isPartOf":{"@id":"https:\/\/www.ucbaby.ca\/#website"},"primaryImageOfPage":{"@id":"https:\/\/www.ucbaby.ca\/fr\/preserver-la-nature-ensemble#primaryimage"},"image":{"@id":"https:\/\/www.ucbaby.ca\/fr\/preserver-la-nature-ensemble#primaryimage"},"thumbnailUrl":"https:\/\/www.ucbaby.ca\/wp-content\/uploads\/2023\/07\/UC-Baby-Plant-Tree-for-Every-Child.jpg","datePublished":"2023-07-25T09:11:51+00:00","dateModified":"2023-11-07T18:50:17+00:00","description":"UC Baby - Pr\u00e9servez la nature avec nous. En collaboration avec Tree Canada et Evertreen, nous avons plant\u00e9 plus d'arbres pour un avenir durable.","breadcrumb":{"@id":"https:\/\/www.ucbaby.ca\/fr\/preserver-la-nature-ensemble#breadcrumb"},"inLanguage":"fr-FR","potentialAction":[{"@type":"ReadAction","target":["https:\/\/www.ucbaby.ca\/fr\/preserver-la-nature-ensemble"]}]},{"@type":"ImageObject","inLanguage":"fr-FR","@id":"https:\/\/www.ucbaby.ca\/fr\/preserver-la-nature-ensemble#primaryimage","url":"https:\/\/www.ucbaby.ca\/wp-content\/uploads\/2023\/07\/UC-Baby-Plant-Tree-for-Every-Child.jpg","contentUrl":"https:\/\/www.ucbaby.ca\/wp-content\/uploads\/2023\/07\/UC-Baby-Plant-Tree-for-Every-Child.jpg","width":810,"height":450,"caption":"tree planting with child"},{"@type":"BreadcrumbList","@id":"https:\/\/www.ucbaby.ca\/fr\/preserver-la-nature-ensemble#breadcrumb","itemListElement":[{"@type":"ListItem","position":1,"name":"Home","item":"https:\/\/www.ucbaby.ca\/"},{"@type":"ListItem","position":2,"name":"Rejoignez UC Baby dans \u201cPr\u00e9server la Nature Ensemble\u201d"}]},{"@type":"WebSite","@id":"https:\/\/www.ucbaby.ca\/#website","url":"https:\/\/www.ucbaby.ca\/","name":"UC Baby","description":"UC Baby is Canada&#039;s #1 Trusted company for 3D, 4D and HD 5D pregnancy ultrasound services","potentialAction":[{"@type":"SearchAction","target":{"@type":"EntryPoint","urlTemplate":"https:\/\/www.ucbaby.ca\/?s={search_term_string}"},"query-input":{"@type":"PropertyValueSpecification","valueRequired":true,"valueName":"search_term_string"}}],"inLanguage":"fr-FR"}]}},"_links":{"self":[{"href":"https:\/\/www.ucbaby.ca\/fr\/wp-json\/wp\/v2\/pages\/26599","targetHints":{"allow":["GET"]}}],"collection":[{"href":"https:\/\/www.ucbaby.ca\/fr\/wp-json\/wp\/v2\/pages"}],"about":[{"href":"https:\/\/www.ucbaby.ca\/fr\/wp-json\/wp\/v2\/types\/page"}],"author":[{"embeddable":true,"href":"https:\/\/www.ucbaby.ca\/fr\/wp-json\/wp\/v2\/users\/7"}],"replies":[{"embeddable":true,"href":"https:\/\/www.ucbaby.ca\/fr\/wp-json\/wp\/v2\/comments?post=26599"}],"version-history":[{"count":0,"href":"https:\/\/www.ucbaby.ca\/fr\/wp-json\/wp\/v2\/pages\/26599\/revisions"}],"wp:featuredmedia":[{"embeddable":true,"href":"https:\/\/www.ucbaby.ca\/fr\/wp-json\/wp\/v2\/media\/26589"}],"wp:attachment":[{"href":"https:\/\/www.ucbaby.ca\/fr\/wp-json\/wp\/v2\/media?parent=26599"}],"curies":[{"name":"wp","href":"https:\/\/api.w.org\/{rel}","templated":true}]}}