{"id":26546,"date":"2023-07-06T13:01:55","date_gmt":"2023-07-06T17:01:55","guid":{"rendered":"https:\/\/www.ucbaby.ca\/?page_id=26546"},"modified":"2023-10-15T19:14:04","modified_gmt":"2023-10-15T23:14:04","slug":"celebrons-les-20-ans-uc-baby","status":"publish","type":"page","link":"https:\/\/www.ucbaby.ca\/fr\/celebrons-les-20-ans-uc-baby","title":{"rendered":"C\u00e9l\u00e9brons les 20 ans d\u2019UC Baby"},"content":{"rendered":"<h2>Capturer l&rsquo;\u00c9merveillement : Un Voyage Intime \u00e0 travers les \u00c9chographies de Grossesse avec les Familles Canadiennes<\/h2>\n<p>Bienvenue chez UC Baby, votre partenaire de confiance pour capturer les moments pr\u00e9cieux de votre voyage de grossesse. Alors que nous c\u00e9l\u00e9brons notre 20e anniversaire, nous sommes extr\u00eamement fiers de r\u00e9fl\u00e9chir aux incroyables \u00e9tapes que nous avons franchies au fil des ann\u00e9es.<\/p>\n<p>Rejoignez-nous alors que nous marchons dans le chemin des souvenirs et c\u00e9l\u00e9brons deux d\u00e9cennies de joie, d&rsquo;innovation et de service exceptionnel.<\/p>\n<div class=\"video-container\"><iframe title=\"\ud83c\udf1f UC BABY has been serving Canadian Families for #20PLUSYEARS \ud83c\udf1f\" width=\"1060\" height=\"795\" data-src=\"https:\/\/www.youtube.com\/embed\/Hhu2wVcWebI?feature=oembed\" frameborder=\"0\" allow=\"accelerometer; autoplay; clipboard-write; encrypted-media; gyroscope; picture-in-picture; web-share\" allowfullscreen src=\"data:image\/svg+xml;base64,PHN2ZyB3aWR0aD0iMSIgaGVpZ2h0PSIxIiB4bWxucz0iaHR0cDovL3d3dy53My5vcmcvMjAwMC9zdmciPjwvc3ZnPg==\" class=\"lazyload\" data-load-mode=\"1\"><\/iframe><\/div>\n<h3><\/h3>\n<p>&nbsp;<\/p>\n<h3>2003 : Les Humbles D\u00e9buts d&rsquo;UC Baby<\/h3>\n<p>En 2003, UC Baby a ouvert sa premi\u00e8re succursale \u00e0 Mississauga, en Ontario. Anim\u00e9s par la passion de rapprocher les familles du miracle de la vie, nous nous sommes lanc\u00e9s dans un voyage pour servir des clients \u00e0 l&rsquo;\u00e9chelle nationale. Les grands \u00e9v\u00e9nements de marketing incluaient des publicit\u00e9s imprim\u00e9es dans les journaux locaux et les magazines. Nous avons \u00e9galement particip\u00e9 \u00e0 des salons professionnels, ce qui nous a permis de faire conna\u00eetre nos services uniques.<\/p>\n<p style=\"padding-left: 40px;\"><a href=\"https:\/\/www.ucbaby.ca\/3d-4d-ultrasound-mississauga\">UC Baby Mississauga<\/a><\/p>\n<p>&nbsp;<\/p>\n<h3>2005 &#8211; 2008 : UC Baby \u00c9largit ses Horizons<\/h3>\n<p>Sur la lanc\u00e9e de notre succ\u00e8s initial, nous nous sommes \u00e9tendus \u00e0 de nouvelles r\u00e9gions en Ontario, en Colombie-Britannique, en Alberta, au Qu\u00e9bec, en Nouvelle-\u00c9cosse et au Nouveau-Brunswick. Cette p\u00e9riode a \u00e9galement connu des avanc\u00e9es technologiques significatives, avec l&rsquo;introduction de peluches reproduisant les battements de c\u0153ur, de diffusions en direct et de services de vid\u00e9o \u00e0 la demande. Ces innovations ont permis aux futurs parents de ch\u00e9rir les sons du c\u0153ur de leur b\u00e9b\u00e9 et de partager cette exp\u00e9rience magique avec leurs proches.<\/p>\n<p style=\"padding-left: 40px;\"><a href=\"https:\/\/www.ucbaby.ca\/3d-4d-ultrasound-mississauga\">UC Baby Montreal (2005)<\/a><br \/>\n<a href=\"https:\/\/www.ucbaby.ca\/3d-4d-ultrasound-montreal\">UC Baby Surrey (2005)<\/a><\/p>\n<p style=\"padding-left: 40px;\"><a href=\"https:\/\/www.ucbaby.ca\/3d-4d-ultrasound-cambridge\">UC Baby Cambridge (2006)<\/a><br \/>\n<a href=\"https:\/\/www.ucbaby.ca\/3d-4d-ultrasound-vaughan\">UC Baby Vaughan (2006)<\/a><\/p>\n<p style=\"padding-left: 40px;\"><a href=\"https:\/\/www.ucbaby.ca\/3d-4d-ultrasound-cambridge\">UC Baby Edmonton (2007)<\/a><br \/>\n<a href=\"https:\/\/www.ucbaby.ca\/3d-4d-ultrasound-halifax\">UC Baby Halifax (2007)<\/a><br \/>\n<a href=\"https:\/\/www.ucbaby.ca\/3d-4d-ultrasound-whitby\">UC Baby Whitby (2007)<\/a><br \/>\n<a href=\"https:\/\/www.ucbaby.ca\/3d-4d-ultrasound-moncton\">UC Baby Moncton (2007)<\/a><br \/>\n<a href=\"https:\/\/www.ucbaby.ca\/3d-4d-ultrasound-vancouver\">UC Baby Vancouver (2007)<\/a><br \/>\n<a href=\"https:\/\/www.ucbaby.ca\/3d-4d-ultrasound-ottawa\">UC Baby Ottawa (2007)<\/a><\/p>\n<p style=\"padding-left: 40px;\"><a href=\"https:\/\/www.ucbaby.ca\/3d-4d-ultrasound-toronto\">UC Baby Toronto (2008)<\/a><br \/>\n<a href=\"https:\/\/www.ucbaby.ca\/3d-4d-ultrasound-barrie\">UC Baby Barrie (2008)<\/a><br \/>\n<a href=\"https:\/\/www.ucbaby.ca\/3d-4d-ultrasound-calgary\">UC Baby Calgary (2008)<\/a><br \/>\n<a href=\"https:\/\/www.ucbaby.ca\/3d-4d-ultrasound-st-johns\">UC Baby St Johns (2008)<\/a><br \/>\n<a href=\"https:\/\/www.ucbaby.ca\/3d-4d-ultrasound-saskatoon\">UC Baby Saskatoon (2008)<\/a><br \/>\n<a href=\"https:\/\/www.ucbaby.ca\/3d-4d-ultrasound-london\">UC Baby London (2008)<\/a><\/p>\n<p>&nbsp;<\/p>\n<h3>2009 &#8211; 2015 : UC Baby Investit dans la Technologie Avanc\u00e9e<\/h3>\n<p>De nouvelles succursales ont \u00e9t\u00e9 ajout\u00e9es au Manitoba, en Saskatchewan, en Ontario, en Colombie-Britannique et \u00e0 Terre-Neuve, nous permettant ainsi d&rsquo;atteindre et de servir encore plus de familles \u00e0 l&rsquo;\u00e9chelle nationale.<\/p>\n<p>Cette p\u00e9riode a vu une transition des m\u00e9dias imprim\u00e9s vers la construction active de notre pr\u00e9sence en ligne. UC Baby a revu son ancien site web pour cr\u00e9er une nouvelle mise en page adapt\u00e9e aux mobiles, un contenu plus engageant et des performances optimis\u00e9es pour une nouvelle g\u00e9n\u00e9ration de clients recherchant des informations en ligne.<\/p>\n<p>Ces efforts en ligne ont renforc\u00e9 notre position de leader en obtenant les meilleures positions sur la premi\u00e8re page des r\u00e9sultats de recherche organique pour toutes nos zones cibles. \u00c0 mesure que nous servons davantage de familles, la solide r\u00e9putation de nos succursales UC Baby pour un service exceptionnel a cr\u00e9\u00e9 une base solide de commentaires clients sur les pages Google et Facebook.<\/p>\n<p style=\"padding-left: 40px;\"><a href=\"https:\/\/www.ucbaby.ca\/3d-4d-ultrasound-winnipeg\">UC Baby Winnipeg (2009)<\/a><br \/>\n<a href=\"https:\/\/www.ucbaby.ca\/3d-4d-ultrasound-victoria\">UC Baby Victoria (2009)<\/a><br \/>\n<a href=\"https:\/\/www.ucbaby.ca\/3d-4d-ultrasound-brampton\">UC Baby Brampton (2009)<\/a><br \/>\n<a href=\"https:\/\/www.ucbaby.ca\/3d-4d-ultrasound-richmond\">UC Baby Richmond (2009)<\/a><\/p>\n<p style=\"padding-left: 40px;\"><a href=\"https:\/\/www.ucbaby.ca\/3d-4d-ultrasound-abbotsford\">UC Baby Abbotsford (2010)<\/a><br \/>\n<a href=\"https:\/\/www.ucbaby.ca\/3d-4d-ultrasound-sydney\">UC Baby Sydney (2010)<\/a><\/p>\n<p style=\"padding-left: 40px;\"><a href=\"https:\/\/www.ucbaby.ca\/3d-4d-ultrasound-hamilton\">UC Baby Hamilton (2015)<\/a><\/p>\n<p>&nbsp;<\/p>\n<h3>2016-2020 &#8211; UC Baby Pionnier de l&rsquo;Imagerie Haute D\u00e9finition<\/h3>\n<p>De nouvelles succursales ont \u00e9t\u00e9 ajout\u00e9es \u00e0 la liste des franchises UC Baby en Ontario, au Qu\u00e9bec, en Nouvelle-\u00c9cosse et en Colombie-Britannique au cours de cette p\u00e9riode de cinq ans.<br \/>\nDans notre engagement continu envers l&rsquo;excellence, nous avons adopt\u00e9 la technologie d&rsquo;\u00e9chographie 5D au cours de cette p\u00e9riode. Cette technologie de pointe a apport\u00e9 un nouveau niveau de clart\u00e9 et de r\u00e9alisme aux images \u00e9chographiques, offrant aux parents un aper\u00e7u exceptional du monde de leur enfant \u00e0 na\u00eetre.<\/p>\n<p>En tant que pionniers de l&rsquo;industrie, nous avons lanc\u00e9 notre premi\u00e8re machine HD \u00e0 Calgary en 2017. Cette innovation r\u00e9volutionnaire a transform\u00e9 la fa\u00e7on dont les parents vivent leurs s\u00e9ances d&rsquo;\u00e9chographie, offrant une clart\u00e9 et un niveau de d\u00e9tail sans pr\u00e9c\u00e9dent.<br \/>\nPour am\u00e9liorer encore la commodit\u00e9 et l&rsquo;accessibilit\u00e9, nous avons introduit un nouveau syst\u00e8me client offrant des comptes cloud gratuits et priv\u00e9s, permettant \u00e0 nos clients de stocker et de partager leurs pr\u00e9cieuses images \u00e9chographiques en toute s\u00e9curit\u00e9.<\/p>\n<p style=\"padding-left: 40px;\"><a href=\"https:\/\/www.ucbaby.ca\/3d-4d-ultrasound-quebec\">UC Baby Quebec (2018)<\/a><br \/>\n<a href=\"https:\/\/www.ucbaby.ca\/3d-4d-ultrasound-halifax-center\">UC Baby Halifax Center (2018)<\/a><br \/>\n<a href=\"https:\/\/www.ucbaby.ca\/3d-4d-ultrasound-newmarket\">UC Baby Newmarket (2018)<\/a><\/p>\n<p>&nbsp;<\/p>\n<h3>Ann\u00e9e 2021 &#8211; Pr\u00e9sent : D\u00e9couvrez UC Baby Connect &#8211; Une Exp\u00e9rience Immersive<\/h3>\n<p>Ces derni\u00e8res ann\u00e9es, UC Baby s&rsquo;est concentr\u00e9 sur la fourniture d&rsquo;un niveau in\u00e9gal\u00e9 de connectivit\u00e9 et d&rsquo;engagement aux futurs parents gr\u00e2ce \u00e0 UC Baby Connect. Cette plateforme innovante \u00e9l\u00e8ve l&rsquo;exp\u00e9rience de l&rsquo;\u00e9chographie \u00e0 un nouveau niveau, permettant aux parents de diffuser en direct leurs s\u00e9ances d&rsquo;\u00e9chographie et d&rsquo;acc\u00e9der en toute s\u00e9curit\u00e9 et en toute transparence \u00e0 leurs comptes cloud.<\/p>\n<p style=\"padding-left: 40px;\"><a href=\"https:\/\/www.ucbaby.ca\/3d-4d-ultrasound-red-deer\">UC Baby Red Deer (2022)<\/a><\/p>\n<p>&nbsp;<\/p>\n<h2>Capturer Votre Voyage: L&rsquo;Exp\u00e9rience UC Baby<\/h2>\n<p>Chez UC Baby, nous comprenons l&rsquo;importance de votre voyage de grossesse. Notre \u00e9quipe exp\u00e9riment\u00e9e vous offre une s\u00e9ance d&rsquo;\u00e9chographie chaleureuse, confortable et personnalis\u00e9e. Gr\u00e2ce \u00e0 notre technologie de pointe et \u00e0 notre expertise, nous proposons des services tels que les \u00e9chographies de grossesse, les r\u00e9v\u00e9lations de genre ou les d\u00e9terminations de sexe, les \u00e9chographies 3D, 5D et HD..<\/p>\n<p>&nbsp;<\/p>\n<h3>Partager la Magie : Plus de 5000 T\u00e9moignages Clients d&rsquo;UC Baby<\/h3>\n<p>D\u00e9couvrez la joie et la satisfaction partag\u00e9es par nos pr\u00e9cieux clients gr\u00e2ce \u00e0 leurs t\u00e9moignages. Rendez-vous sur notre page T\u00e9moignages pour lire des histoires \u00e9mouvantes et des \u00e9valuations clients 5 \u00e9toiles \u00e9logieuses de parents qui ont v\u00e9cu une exp\u00e9rience inoubliable chez UC Baby. Leurs mots refl\u00e8tent la confiance et l&rsquo;appr\u00e9ciation qu&rsquo;ils ont pour nos services.<\/p>\n<p>Il existe \u00e9galement de nombreux avis clients sur nos fiches Google et nos pages Facebook, mettant en \u00e9vidence l\u2019exp\u00e9rience positive des clients d&rsquo;UC Baby. \u00c0 ce jour, UC Baby compte plus de 5,800 avis Google.<\/p>\n<p>Cliquez ici pour lire nos <strong><a href=\"https:\/\/www.ucbaby.ca\/locations\">t\u00e9moignages clients.<\/a><\/strong><\/p>\n<p>&nbsp;<\/p>\n<h3>Au service de plus de 400 000 familles Canadiennes<\/h3>\n<p>Tout au long de notre remarquable p\u00e9riple de 20 ans, nous avons eu le privil\u00e8ge de servir plus de 400 000 familles. Chaque client est devenu un membre de notre famille UC Baby et nous sommes honor\u00e9s d&rsquo;avoir fait partie de leurs moments de joie pendant leur grossesse.<\/p>\n<p>En r\u00e9fl\u00e9chissant \u00e0 notre h\u00e9ritage de 20 ans, nous ch\u00e9rissons les souvenirs que nous avons cr\u00e9\u00e9s avec nos clients. Il est r\u00e9confortant de voir comment les premiers clients que nous avons servis ont maintenant 20 ans et s&rsquo;appr\u00eatent peut-\u00eatre \u00e0 entreprendre leur propre voyage vers la parentalit\u00e9. Nous sommes humbles devant l&rsquo;opportunit\u00e9 d&rsquo;introduire la prochaine g\u00e9n\u00e9ration de familles UC Baby dans le m\u00eame souci exceptionnel et les m\u00eames exp\u00e9riences magiques qui ont d\u00e9fini notre marque au fil des ans.<\/p>\n<p>Avec le temps qui passe, notre engagement \u00e0 fournir les meilleurs services d&rsquo;imagerie pr\u00e9natale et \u00e0 cr\u00e9er des exp\u00e9riences familiales inoubliables n&rsquo;a fait que se renforcer. Nous comprenons que la grossesse est un voyage rempli d&rsquo;anticipation, d&rsquo;amour et d&rsquo;\u00e9merveillement. Et nous sommes d\u00e9termin\u00e9s \u00e0 ce que les futurs parents et leurs proches ch\u00e9rissent chaque moment pass\u00e9 chez UC Baby.<\/p>\n<p>De l&rsquo;atmosph\u00e8re chaleureuse et accueillante de nos installations UC Baby aux soins personnalis\u00e9s et \u00e0 l&rsquo;attention que nous offrons, nous nous effor\u00e7ons de faire de chaque visite une occasion m\u00e9morable et joyeuse pour toute la famille. Nous accueillons les nouvelles familles dans notre communaut\u00e9 UC Baby \u00e0 bras ouverts. Et nous sommes impatients de partager l&rsquo;excitation de leurs moments de grossesse.<\/p>\n<p>&nbsp;<\/p>\n<h3>C\u00e9l\u00e9brons ensemble : #20PLUSYEARS<\/h3>\n<p>Rejoignez-nous pour c\u00e9l\u00e9brer notre 20e anniversaire en utilisant l\u2019hashtag #20PLUSYEARS. Partagez vos moments, histoires et souvenirs d&rsquo;UC Baby sur les r\u00e9seaux sociaux, en vous connectant \u00e0 une communaut\u00e9 qui a grandi pendant plus de deux d\u00e9cennies. R\u00e9pandons l&rsquo;amour et la joie que UC Baby a apport\u00e9s aux familles partout au Canada.<\/p>\n<p>&nbsp;<\/p>\n<h3>Explorez les sites UC Baby \u00e0 travers le pays<\/h3>\n<p>UC Baby a \u00e9tendu sa pr\u00e9sence \u00e0 travers tout le pays, rapprochant la magie de l&rsquo;imagerie pr\u00e9natale de vous. De notre premier emplacement \u00e0 UC Baby Mississauga (Ontario) \u00e0 notre emplacement le plus r\u00e9cent ouvert \u00e0 UC Baby Red Deer (Alberta), nos sites garantissent que vous pouvez acc\u00e9der facilement \u00e0 nos services.<\/p>\n<p>Alors que nous c\u00e9l\u00e9brons 20 ans d&rsquo;UC Baby, nous exprimons notre sinc\u00e8re gratitude \u00e0 nos pr\u00e9cieux clients et aux membres d\u00e9vou\u00e9s de notre \u00e9quipe qui ont \u00e9t\u00e9 essentiels \u00e0 ce parcours incroyable.<\/p>\n<p>Rejoignez-nous pour capturer les pr\u00e9cieux moments de votre grossesse et cr\u00e9er des souvenirs qui dureront toute une vie. Chez UC Baby, nous sommes honor\u00e9s de faire partie de votre voyage de grossesse et nous sommes impatients de vous offrir une exp\u00e9rience inoubliable.<\/p>\n<p>Visitez notre <strong><a href=\"https:\/\/www.ucbaby.ca\/fr\/locations\">page Lieux<\/a><\/strong> pour trouver le site UC Baby le plus proche et prendre rendez-vous.<\/p>\n","protected":false},"excerpt":{"rendered":"<p>Capturer l&rsquo;\u00c9merveillement : Un Voyage Intime \u00e0 travers les \u00c9chographies de Grossesse avec les Familles Canadiennes Bienvenue chez UC Baby, votre partenaire de confiance pour capturer les moments pr\u00e9cieux de votre voyage de grossesse. Alors que nous c\u00e9l\u00e9brons notre 20e anniversaire, nous sommes extr\u00eamement fiers de r\u00e9fl\u00e9chir aux incroyables \u00e9tapes que nous avons franchies au [&hellip;]<\/p>\n","protected":false},"author":7,"featured_media":26539,"parent":0,"menu_order":0,"comment_status":"closed","ping_status":"closed","template":"","meta":{"footnotes":""},"class_list":["post-26546","page","type-page","status-publish","has-post-thumbnail","hentry"],"yoast_head":"<!-- This site is optimized with the Yoast SEO plugin v27.5 - https:\/\/yoast.com\/product\/yoast-seo-wordpress\/ -->\n<title>C\u00e9l\u00e9brons les 20 ans d\u2019UC Baby - UC Baby<\/title>\n<meta name=\"description\" content=\"UC Baby c\u00e9l\u00e8bre 20 ans de service aupr\u00e8s de 400 000 familles canadiennes. D\u00e9couvrez nos \u00e9chographies de grossesse et partagez ce moment unique avec votre b\u00e9b\u00e9.\" \/>\n<meta name=\"robots\" content=\"index, follow, max-snippet:-1, max-image-preview:large, max-video-preview:-1\" \/>\n<link rel=\"canonical\" href=\"https:\/\/www.ucbaby.ca\/fr\/celebrons-les-20-ans-uc-baby\" \/>\n<meta property=\"og:locale\" content=\"fr_FR\" \/>\n<meta property=\"og:type\" content=\"article\" \/>\n<meta property=\"og:title\" content=\"C\u00e9l\u00e9brons les 20 ans d\u2019UC Baby - UC Baby\" \/>\n<meta property=\"og:description\" content=\"UC Baby c\u00e9l\u00e8bre 20 ans de service aupr\u00e8s de 400 000 familles canadiennes. D\u00e9couvrez nos \u00e9chographies de grossesse et partagez ce moment unique avec votre b\u00e9b\u00e9.\" \/>\n<meta property=\"og:url\" content=\"https:\/\/www.ucbaby.ca\/fr\/celebrons-les-20-ans-uc-baby\" \/>\n<meta property=\"og:site_name\" content=\"UC Baby\" \/>\n<meta property=\"article:publisher\" content=\"http:\/\/www.facebook.com\/ucbaby\" \/>\n<meta property=\"article:modified_time\" content=\"2023-10-15T23:14:04+00:00\" \/>\n<meta property=\"og:image\" content=\"https:\/\/www.ucbaby.ca\/wp-content\/uploads\/2023\/07\/20th-Anniv-UCBABY.png\" \/>\n\t<meta property=\"og:image:width\" content=\"820\" \/>\n\t<meta property=\"og:image:height\" content=\"360\" \/>\n\t<meta property=\"og:image:type\" content=\"image\/png\" \/>\n<meta name=\"twitter:label1\" content=\"Dur\u00e9e de lecture estim\u00e9e\" \/>\n\t<meta name=\"twitter:data1\" content=\"7 minutes\" \/>\n<script type=\"application\/ld+json\" class=\"yoast-schema-graph\">{\"@context\":\"https:\\\/\\\/schema.org\",\"@graph\":[{\"@type\":\"WebPage\",\"@id\":\"https:\\\/\\\/www.ucbaby.ca\\\/fr\\\/celebrons-les-20-ans-uc-baby\",\"url\":\"https:\\\/\\\/www.ucbaby.ca\\\/fr\\\/celebrons-les-20-ans-uc-baby\",\"name\":\"C\u00e9l\u00e9brons les 20 ans d\u2019UC Baby - UC Baby\",\"isPartOf\":{\"@id\":\"https:\\\/\\\/www.ucbaby.ca\\\/#website\"},\"primaryImageOfPage\":{\"@id\":\"https:\\\/\\\/www.ucbaby.ca\\\/fr\\\/celebrons-les-20-ans-uc-baby#primaryimage\"},\"image\":{\"@id\":\"https:\\\/\\\/www.ucbaby.ca\\\/fr\\\/celebrons-les-20-ans-uc-baby#primaryimage\"},\"thumbnailUrl\":\"https:\\\/\\\/www.ucbaby.ca\\\/wp-content\\\/uploads\\\/2023\\\/07\\\/20th-Anniv-UCBABY.png\",\"datePublished\":\"2023-07-06T17:01:55+00:00\",\"dateModified\":\"2023-10-15T23:14:04+00:00\",\"description\":\"UC Baby c\u00e9l\u00e8bre 20 ans de service aupr\u00e8s de 400 000 familles canadiennes. D\u00e9couvrez nos \u00e9chographies de grossesse et partagez ce moment unique avec votre b\u00e9b\u00e9.\",\"breadcrumb\":{\"@id\":\"https:\\\/\\\/www.ucbaby.ca\\\/fr\\\/celebrons-les-20-ans-uc-baby#breadcrumb\"},\"inLanguage\":\"fr-FR\",\"potentialAction\":[{\"@type\":\"ReadAction\",\"target\":[\"https:\\\/\\\/www.ucbaby.ca\\\/fr\\\/celebrons-les-20-ans-uc-baby\"]}]},{\"@type\":\"ImageObject\",\"inLanguage\":\"fr-FR\",\"@id\":\"https:\\\/\\\/www.ucbaby.ca\\\/fr\\\/celebrons-les-20-ans-uc-baby#primaryimage\",\"url\":\"https:\\\/\\\/www.ucbaby.ca\\\/wp-content\\\/uploads\\\/2023\\\/07\\\/20th-Anniv-UCBABY.png\",\"contentUrl\":\"https:\\\/\\\/www.ucbaby.ca\\\/wp-content\\\/uploads\\\/2023\\\/07\\\/20th-Anniv-UCBABY.png\",\"width\":820,\"height\":360,\"caption\":\"20 year anniv\"},{\"@type\":\"BreadcrumbList\",\"@id\":\"https:\\\/\\\/www.ucbaby.ca\\\/fr\\\/celebrons-les-20-ans-uc-baby#breadcrumb\",\"itemListElement\":[{\"@type\":\"ListItem\",\"position\":1,\"name\":\"Home\",\"item\":\"https:\\\/\\\/www.ucbaby.ca\\\/\"},{\"@type\":\"ListItem\",\"position\":2,\"name\":\"C\u00e9l\u00e9brons les 20 ans d\u2019UC Baby\"}]},{\"@type\":\"WebSite\",\"@id\":\"https:\\\/\\\/www.ucbaby.ca\\\/#website\",\"url\":\"https:\\\/\\\/www.ucbaby.ca\\\/\",\"name\":\"UC Baby\",\"description\":\"UC Baby is Canada&#039;s #1 Trusted company for 3D, 4D and HD 5D pregnancy ultrasound services\",\"potentialAction\":[{\"@type\":\"SearchAction\",\"target\":{\"@type\":\"EntryPoint\",\"urlTemplate\":\"https:\\\/\\\/www.ucbaby.ca\\\/?s={search_term_string}\"},\"query-input\":{\"@type\":\"PropertyValueSpecification\",\"valueRequired\":true,\"valueName\":\"search_term_string\"}}],\"inLanguage\":\"fr-FR\"}]}<\/script>\n<!-- \/ Yoast SEO plugin. -->","yoast_head_json":{"title":"C\u00e9l\u00e9brons les 20 ans d\u2019UC Baby - UC Baby","description":"UC Baby c\u00e9l\u00e8bre 20 ans de service aupr\u00e8s de 400 000 familles canadiennes. D\u00e9couvrez nos \u00e9chographies de grossesse et partagez ce moment unique avec votre b\u00e9b\u00e9.","robots":{"index":"index","follow":"follow","max-snippet":"max-snippet:-1","max-image-preview":"max-image-preview:large","max-video-preview":"max-video-preview:-1"},"canonical":"https:\/\/www.ucbaby.ca\/fr\/celebrons-les-20-ans-uc-baby","og_locale":"fr_FR","og_type":"article","og_title":"C\u00e9l\u00e9brons les 20 ans d\u2019UC Baby - UC Baby","og_description":"UC Baby c\u00e9l\u00e8bre 20 ans de service aupr\u00e8s de 400 000 familles canadiennes. D\u00e9couvrez nos \u00e9chographies de grossesse et partagez ce moment unique avec votre b\u00e9b\u00e9.","og_url":"https:\/\/www.ucbaby.ca\/fr\/celebrons-les-20-ans-uc-baby","og_site_name":"UC Baby","article_publisher":"http:\/\/www.facebook.com\/ucbaby","article_modified_time":"2023-10-15T23:14:04+00:00","og_image":[{"width":820,"height":360,"url":"https:\/\/www.ucbaby.ca\/wp-content\/uploads\/2023\/07\/20th-Anniv-UCBABY.png","type":"image\/png"}],"twitter_misc":{"Dur\u00e9e de lecture estim\u00e9e":"7 minutes"},"schema":{"@context":"https:\/\/schema.org","@graph":[{"@type":"WebPage","@id":"https:\/\/www.ucbaby.ca\/fr\/celebrons-les-20-ans-uc-baby","url":"https:\/\/www.ucbaby.ca\/fr\/celebrons-les-20-ans-uc-baby","name":"C\u00e9l\u00e9brons les 20 ans d\u2019UC Baby - UC Baby","isPartOf":{"@id":"https:\/\/www.ucbaby.ca\/#website"},"primaryImageOfPage":{"@id":"https:\/\/www.ucbaby.ca\/fr\/celebrons-les-20-ans-uc-baby#primaryimage"},"image":{"@id":"https:\/\/www.ucbaby.ca\/fr\/celebrons-les-20-ans-uc-baby#primaryimage"},"thumbnailUrl":"https:\/\/www.ucbaby.ca\/wp-content\/uploads\/2023\/07\/20th-Anniv-UCBABY.png","datePublished":"2023-07-06T17:01:55+00:00","dateModified":"2023-10-15T23:14:04+00:00","description":"UC Baby c\u00e9l\u00e8bre 20 ans de service aupr\u00e8s de 400 000 familles canadiennes. D\u00e9couvrez nos \u00e9chographies de grossesse et partagez ce moment unique avec votre b\u00e9b\u00e9.","breadcrumb":{"@id":"https:\/\/www.ucbaby.ca\/fr\/celebrons-les-20-ans-uc-baby#breadcrumb"},"inLanguage":"fr-FR","potentialAction":[{"@type":"ReadAction","target":["https:\/\/www.ucbaby.ca\/fr\/celebrons-les-20-ans-uc-baby"]}]},{"@type":"ImageObject","inLanguage":"fr-FR","@id":"https:\/\/www.ucbaby.ca\/fr\/celebrons-les-20-ans-uc-baby#primaryimage","url":"https:\/\/www.ucbaby.ca\/wp-content\/uploads\/2023\/07\/20th-Anniv-UCBABY.png","contentUrl":"https:\/\/www.ucbaby.ca\/wp-content\/uploads\/2023\/07\/20th-Anniv-UCBABY.png","width":820,"height":360,"caption":"20 year anniv"},{"@type":"BreadcrumbList","@id":"https:\/\/www.ucbaby.ca\/fr\/celebrons-les-20-ans-uc-baby#breadcrumb","itemListElement":[{"@type":"ListItem","position":1,"name":"Home","item":"https:\/\/www.ucbaby.ca\/"},{"@type":"ListItem","position":2,"name":"C\u00e9l\u00e9brons les 20 ans d\u2019UC Baby"}]},{"@type":"WebSite","@id":"https:\/\/www.ucbaby.ca\/#website","url":"https:\/\/www.ucbaby.ca\/","name":"UC Baby","description":"UC Baby is Canada&#039;s #1 Trusted company for 3D, 4D and HD 5D pregnancy ultrasound services","potentialAction":[{"@type":"SearchAction","target":{"@type":"EntryPoint","urlTemplate":"https:\/\/www.ucbaby.ca\/?s={search_term_string}"},"query-input":{"@type":"PropertyValueSpecification","valueRequired":true,"valueName":"search_term_string"}}],"inLanguage":"fr-FR"}]}},"_links":{"self":[{"href":"https:\/\/www.ucbaby.ca\/fr\/wp-json\/wp\/v2\/pages\/26546","targetHints":{"allow":["GET"]}}],"collection":[{"href":"https:\/\/www.ucbaby.ca\/fr\/wp-json\/wp\/v2\/pages"}],"about":[{"href":"https:\/\/www.ucbaby.ca\/fr\/wp-json\/wp\/v2\/types\/page"}],"author":[{"embeddable":true,"href":"https:\/\/www.ucbaby.ca\/fr\/wp-json\/wp\/v2\/users\/7"}],"replies":[{"embeddable":true,"href":"https:\/\/www.ucbaby.ca\/fr\/wp-json\/wp\/v2\/comments?post=26546"}],"version-history":[{"count":0,"href":"https:\/\/www.ucbaby.ca\/fr\/wp-json\/wp\/v2\/pages\/26546\/revisions"}],"wp:featuredmedia":[{"embeddable":true,"href":"https:\/\/www.ucbaby.ca\/fr\/wp-json\/wp\/v2\/media\/26539"}],"wp:attachment":[{"href":"https:\/\/www.ucbaby.ca\/fr\/wp-json\/wp\/v2\/media?parent=26546"}],"curies":[{"name":"wp","href":"https:\/\/api.w.org\/{rel}","templated":true}]}}