{"id":20458,"date":"2024-02-13T12:00:59","date_gmt":"2024-02-13T17:00:59","guid":{"rendered":"http:\/\/www.ucbaby.ca?page_id=20458"},"modified":"2025-02-01T11:37:08","modified_gmt":"2025-02-01T16:37:08","slug":"3d-4d-echographie-quebec","status":"publish","type":"page","link":"https:\/\/www.ucbaby.ca\/fr\/3d-4d-echographie-quebec","title":{"rendered":"UC Baby \u00c9chographie 3D | Qu\u00e9bec &#8211; Qu\u00e9bec"},"content":{"rendered":"<h3 class=\"featured_article_title padbottom fade animated\">Cr\u00e9ez des souvenirs inoubliables avec votre famille gr\u00e2ce \u00e0 l&rsquo;\u00e9chographie 3D\/5D UC Baby<sup>\u00ae<\/sup> Qu\u00e9bec!<\/h3>\n<p><span style=\"color: #80a9d0;\">\u00c9CHOGRAPHIE 3D QU\u00c9BEC | \u00c9CHOGRAPHIE HD 5D | \u00c9CHOGRAPHIE DE GROSSESSE | R\u00c9V\u00c9LATION DU SEXE DU B\u00c9B\u00c9<\/span><\/p>\n<a id=\"\" href=\"https:\/\/maps.app.goo.gl\/sMVDpTFA6yeuXLW27\" target=\"_self\" title=\"UC Baby Qu\u00e9bec, Qu\u00e9bec |  2789 Ch Ste-Foy, Qu\u00e9bec, QC G1V 1V9 |  418-907-0102\" class=\"button_ default medium icon-home margin-t0  align\" data-rt-animate=\"animate\" data-rt-animation-type=\"bounceIn\" data-rt-animation-group=\"single\" >UC Baby Qu\u00e9bec, Qu\u00e9bec |  2789 Ch Ste-Foy, Qu\u00e9bec, QC G1V 1V9 |  418-907-0102<\/a>\n<p>&nbsp;<\/p>\n\n\t\t\t\t<div id=\"random-769470\" class=\"banner false false clearfix\" data-rt-animate=\"animate\" data-rt-animation-type=\"fadeIn\" data-rt-animation-group=\"single\" >\n\t\t\t\t\n\t\t\t\t\t<div class=\"featured_text  small_button \">\n\t\t\t\t\t\t<p class=\"icon-tag icon\">Offres sp\u00e9ciales UC Baby Qu\u00e9bec<\/p>\n<\/p>\n\t\t\t\t\t<\/div>\t\t\t\t\n\t\t\t\t<\/div>\n\t\t\t\n<div class=\"pricing_table service\" data-rt-animation-group=\"group\"><div class=\"table_wrap \" data-rt-animate=\"animate\" data-rt-animation-type=\"fadeInDown\"><ul>\n\t\t<li class=\"caption\">\n\t\t\t<div class=\"title\">BATTEMENTS DE COEUR\n\t<small>\n\t\tRABAIS DE 10$ \n\t<\/small>\n\t<\/div>\n\t\t<\/li>\n\t\t\n\t\t<li class=\"price\">\n\t\t\t<div>\n\t\t\t\t<span><strong>75$<\/strong><\/span>\n\t\t\t<\/div>\n\t\t<\/li>\n\t\t\n\n<li class=\"start_position\"><span style=\"color: #3a4664;\">D\u00e8s <strong>8 semaines<\/strong> de grossesse. S\u00e9ance de 5 \u00e0 10 minutes pour r\u00e9assurance et connexion.<\/span><\/li>\n<li><a id=\"\" href=\"https:\/\/www.ucbaby.ca\/appointmentrequest\" target=\"_self\" title=\"R\u00c9SERVEZ MAINTENANT!\" class=\"button_ default medium icon-basket margin-t5 align\" data-rt-animate=\"animate\" data-rt-animation-type=\"bounceIn\" data-rt-animation-group=\"single\" ><strong>R\u00c9SERVEZ MAINTENANT!<\/strong><\/a><\/li>\n<\/ul>\n<\/div>\n<div class=\"table_wrap highlight\" data-rt-animate=\"animate\" data-rt-animation-type=\"fadeInDown\"><ul>\n\t\t<li class=\"caption\">\n\t\t\t<div class=\"title\">R\u00c9V\u00c9LATION DU SEXE\n\t<small>\n\t\tRABAIS DE 25$ \n\t<\/small>\n\t<\/div>\n\t\t<\/li>\n\t\t\n\t\t<li class=\"price\">\n\t\t\t<div>\n\t\t\t\t<span><strong>100$<\/strong><\/span>\n\t\t\t<\/div>\n\t\t<\/li>\n\t\t\n\n<li class=\"start_position\"><span style=\"color: #3a4664;\">De <strong>16 \u00e0 22 semaines<\/strong> de grossesse. \u00c9chographie de 5 \u00e0 10 minutes pour r\u00e9v\u00e9ler le sexe, sans photos du visage.<\/span><\/li>\n<li><a id=\"\" href=\"https:\/\/www.ucbaby.ca\/appointmentrequest\" target=\"_self\" title=\"R\u00c9SERVEZ MAINTENANT!\" class=\"button_ default medium icon-basket margin-t5 align\" data-rt-animate=\"animate\" data-rt-animation-type=\"bounceIn\" data-rt-animation-group=\"single\" >R\u00c9SERVEZ MAINTENANT!<\/a><\/li>\n<\/ul>\n<\/div>\n<div class=\"table_wrap \" data-rt-animate=\"animate\" data-rt-animation-type=\"fadeInDown\"><ul>\n\t\t<li class=\"caption\">\n\t\t\t<div class=\"title\">FORFAIT ULTIME\n\t<small>\n\t\tRABAIS DE 99$ \n\t<\/small>\n\t<\/div>\n\t\t<\/li>\n\t\t\n\t\t<li class=\"price\">\n\t\t\t<div>\n\t\t\t\t<span><strong>225$<\/strong><\/span>\n\t\t\t<\/div>\n\t\t<\/li>\n\t\t\n\n<li class=\"start_position\"><span style=\"color: #3a4664;\">2 s\u00e9ances: \u00e9chographie (16 \u00e0 24 semaines) + forfait argent pour \u00e9chographie 3D\/5D (25 \u00e0 35 semaines).<\/span><\/li>\n<li><a id=\"\" href=\"https:\/\/www.ucbaby.ca\/appointmentrequest\" target=\"_self\" title=\"R\u00c9SERVEZ MAINTENANT!\" class=\"button_ default medium icon-basket margin-t5 align\" data-rt-animate=\"animate\" data-rt-animation-type=\"bounceIn\" data-rt-animation-group=\"single\" >R\u00c9SERVEZ MAINTENANT!<\/a><\/li>\n<\/ul>\n<\/div>\n<div class=\"table_wrap highlight\" data-rt-animate=\"animate\" data-rt-animation-type=\"fadeInDown\"><ul>\n\t\t<li class=\"caption\">\n\t\t\t<div class=\"title\">FORFAIT BRONZE\n\t<small>\n\t\tRABAIS DE 15$ \n\t<\/small>\n\t<\/div>\n\t\t<\/li>\n\t\t\n\t\t<li class=\"price\">\n\t\t\t<div>\n\t\t\t\t<span><strong>130$<\/strong><\/span>\n\t\t\t<\/div>\n\t\t<\/li>\n\t\t\n\n<li class=\"start_position\"><span style=\"color: #3a4664;\">\u00c9chographie de 15 minutes. Observez les mouvements, d\u00e9couvrez le sexe, et repartez avec une photo.<\/span><\/li>\n<li><a id=\"\" href=\"https:\/\/www.ucbaby.ca\/appointmentrequest\" target=\"_self\" title=\"R\u00c9SERVEZ MAINTENANT!\" class=\"button_ default medium icon-basket margin-t5 align\" data-rt-animate=\"animate\" data-rt-animation-type=\"bounceIn\" data-rt-animation-group=\"single\" ><strong>R\u00c9SERVEZ MAINTENANT!<\/strong><\/a><\/li>\n<\/ul>\n<\/div><\/div>\n<p>&nbsp;<\/p>\n\n\t\t\t\t<div id=\"random-536602\" class=\"banner false false clearfix\" data-rt-animate=\"animate\" data-rt-animation-type=\"fadeIn\" data-rt-animation-group=\"single\" >\n\t\t\t\t\n\t\t\t\t\t<div class=\"featured_text  small_button \">\n\t\t\t\t\t\t<p class=\"icon-star icon\">D\u00e9couvrez l&rsquo;\u00e9chographie HD 5D d&rsquo;UC Baby Qu\u00e9bec<\/p>\n<\/p>\n\t\t\t\t\t<\/div>\t\t\t\t\n\t\t\t\t<\/div>\n\t\t\t\n<p>&nbsp;<\/p>\n<p><img decoding=\"async\" class=\"withBorder alignleft wp-image-6191 size-full lazyload\" title=\"\u00c9chographie 3D | \u00c9chographie 4D - UC Baby Qu\u00e9bec\" data-src=\"http:\/\/www.ucbaby.ca\/wp-content\/uploads\/2014\/07\/locationpage_img1.jpg\" alt=\"UC Baby 3D Ultrasound | 4D Ultrasound - Qu\u00e9bec\" width=\"275\" height=\"183\" src=\"data:image\/svg+xml;base64,PHN2ZyB3aWR0aD0iMSIgaGVpZ2h0PSIxIiB4bWxucz0iaHR0cDovL3d3dy53My5vcmcvMjAwMC9zdmciPjwvc3ZnPg==\" style=\"--smush-placeholder-width: 275px; --smush-placeholder-aspect-ratio: 275\/183;\" \/>Vous attendez avec impatience l&rsquo;arriv\u00e9e de votre enfant ? Nous sommes ravis de vous annoncer que <a href=\"https:\/\/www.ucbaby.ca\/fr\/profil-de-lentreprise\"><strong>UC Baby\u00ae<\/strong><\/a>offre maintenant ses services exceptionnels d&rsquo;\u00e9chographie 3D et d&rsquo;\u00e9chographie HD 5D dans la ville de Qu\u00e9bec ! Notre objectif est d&rsquo;enrichir votre exp\u00e9rience en vous proposant des \u00e9chographies de haute qualit\u00e9 \u00e0 un prix abordable.<\/p>\n<p>La grossesse est un voyage pr\u00e9cieux, qui doit \u00eatre c\u00e9l\u00e9br\u00e9 avec la famille et les amis. C&rsquo;est pourquoi nous proposons la <a href=\"https:\/\/www.ucbaby.ca\/fr\/diffusion-en-direct\">retransmission en direct<\/a> de votre \u00e9chographie, afin que tous vos proches puissent participer \u00e0 l&rsquo;\u00e9v\u00e9nement. Le fait d&rsquo;observer les mouvements de votre b\u00e9b\u00e9 en temps r\u00e9el cr\u00e9e des moments magnifiques et permet aux invit\u00e9s de tisser des liens avec l&rsquo;enfant \u00e0 na\u00eetre.<\/p>\n<h2>D\u00e9couvrez la nouvelle technologie HD 5D<\/h2>\n<p>Chez UC Baby\u00ae, notre priorit\u00e9 est de cr\u00e9er une atmosph\u00e8re chaleureuse et accueillante pour vous et vos proches. Notre \u00e9quipe exp\u00e9riment\u00e9e veille \u00e0 ce que chaque <strong><a href=\"https:\/\/www.ucbaby.ca\/fr\/uc-baby-utilise-la-technologie-de-lechographie-5d-haute-definition\">\u00e9chographie 3D\/\u00e9chographie HD 5D<\/a><\/strong> devienne un souvenir pr\u00e9cieux, offrant une occasion intime d&rsquo;entrer en contact avec votre b\u00e9b\u00e9 avant son arriv\u00e9e.<\/p>\n<p>L&rsquo;\u00e9poque o\u00f9 vous deviez attendre avec impatience la naissance de votre b\u00e9b\u00e9 pour apercevoir son adorable visage ou ses petits doigts est r\u00e9volue. Gr\u00e2ce \u00e0 nos \u00e9chographies de pointe, vous pouvez d\u00e9sormais assister \u00e0 toutes les activit\u00e9s extraordinaires qui se d\u00e9roulent \u00e0 l&rsquo;int\u00e9rieur de l&rsquo;ut\u00e9rus dans des <strong>d\u00e9tails haute d\u00e9finition stup\u00e9fiants<\/strong>. Imaginez votre b\u00e9b\u00e9 bailler, s&rsquo;\u00e9tirer ou sucer son pouce en compagnie de vos proches dans nos salles d&rsquo;\u00e9chographie confortables.<\/p>\n<p>Dans le cadre de cette exp\u00e9rience inoubliable, UC Baby\u00ae propose des souvenirs uniques tels que la capture des battements de c\u0153ur de votre b\u00e9b\u00e9 dans un ourson Heartbeat. Ils sont devenus des souvenirs pr\u00e9cieux pour les futures familles et constituent des cadeaux sp\u00e9ciaux pour les grands-parents, les fr\u00e8res et s\u0153urs, les amis et m\u00eame les participants \u00e0 votre f\u00eate de naissance.<\/p>\n<p>Id\u00e9alement situ\u00e9 \u00e0 <strong><a href=\"https:\/\/maps.app.goo.gl\/9cT51MhbgejjiE7j6\" target=\"_blank\" rel=\"noopener\">2789 Ch Ste-Foy, Qu\u00e9bec, QC G1V 1V9<\/a><\/strong>notre clinique est facilement accessible pour les futures mamans de Qu\u00e9bec.<\/p>\n<p>Ne manquez pas l&rsquo;occasion de ch\u00e9rir chaque moment de votre grossesse avec UC Baby\u00ae ! Prenez rendez-vous d\u00e8s aujourd&rsquo;hui et laissez-nous vous aider \u00e0 cr\u00e9er des souvenirs inoubliables de cette p\u00e9riode extraordinaire de votre vie.<\/p>\n<h2>#20PLUSYEARS<\/h2>\n<p>Embarquez pour un voyage extraordinaire avec nous, alors que nous <strong><a href=\"https:\/\/www.ucbaby.ca\/celebrating-20-years-of-uc-baby\">partageons notre incroyable histoire<\/a><\/strong> pour devenir le premier choix au Canada pour les services d&rsquo;\u00e9chographie 3D de grossesse et d&rsquo;\u00e9chographie HD 5D. Depuis plus de 20 ans, nous nous effor\u00e7ons de faire vivre des moments inoubliables aux familles qui attendent un enfant.<\/p>\n<p>Rejoignez-nous et plongez dans les r\u00e9cits r\u00e9confortants qui ont fait de nous le meilleur choix pour immortaliser vos pr\u00e9cieux souvenirs. Nous vous invitons \u00e0 faire partie de notre h\u00e9ritage !<\/p>\n","protected":false},"excerpt":{"rendered":"<p>Cr\u00e9ez des souvenirs inoubliables avec votre famille gr\u00e2ce \u00e0 l&rsquo;\u00e9chographie 3D\/5D UC Baby\u00ae Qu\u00e9bec! \u00c9CHOGRAPHIE 3D QU\u00c9BEC | \u00c9CHOGRAPHIE HD 5D | \u00c9CHOGRAPHIE DE GROSSESSE | R\u00c9V\u00c9LATION DU SEXE DU B\u00c9B\u00c9 &nbsp; &nbsp; &nbsp; Vous attendez avec impatience l&rsquo;arriv\u00e9e de votre enfant ? Nous sommes ravis de vous annoncer que UC Baby\u00aeoffre maintenant ses services [&hellip;]<\/p>\n","protected":false},"author":2,"featured_media":0,"parent":0,"menu_order":0,"comment_status":"closed","ping_status":"closed","template":"","meta":{"footnotes":""},"class_list":["post-20458","page","type-page","status-publish","hentry"],"yoast_head":"<!-- This site is optimized with the Yoast SEO plugin v27.4 - https:\/\/yoast.com\/product\/yoast-seo-wordpress\/ -->\n<title>\u00c9chographie 3D Qu\u00e9bec | \u00c9chographie HD 5D | UC Baby<\/title>\n<meta name=\"description\" content=\"UC Baby 3D Ultrasound Qu\u00e9bec offre des \u00e9chographies HD 5D de haute qualit\u00e9, des s\u00e9ances de r\u00e9v\u00e9lation du sexe et des s\u00e9ances d&#039;avant-premi\u00e8re.\" \/>\n<meta name=\"robots\" content=\"index, follow, max-snippet:-1, max-image-preview:large, max-video-preview:-1\" \/>\n<link rel=\"canonical\" href=\"https:\/\/www.ucbaby.ca\/fr\/3d-4d-echographie-quebec\" \/>\n<meta property=\"og:locale\" content=\"fr_FR\" \/>\n<meta property=\"og:type\" content=\"article\" \/>\n<meta property=\"og:title\" content=\"\u00c9chographie 3D Qu\u00e9bec | \u00c9chographie HD 5D | UC Baby\" \/>\n<meta property=\"og:description\" content=\"UC Baby 3D Ultrasound Qu\u00e9bec offre des \u00e9chographies HD 5D de haute qualit\u00e9, des s\u00e9ances de r\u00e9v\u00e9lation du sexe et des s\u00e9ances d&#039;avant-premi\u00e8re.\" \/>\n<meta property=\"og:url\" content=\"https:\/\/www.ucbaby.ca\/fr\/3d-4d-echographie-quebec\" \/>\n<meta property=\"og:site_name\" content=\"UC Baby\" \/>\n<meta property=\"article:publisher\" content=\"http:\/\/www.facebook.com\/ucbaby\" \/>\n<meta property=\"article:modified_time\" content=\"2025-02-01T16:37:08+00:00\" \/>\n<meta property=\"og:image\" content=\"https:\/\/www.ucbaby.ca\/wp-content\/uploads\/2016\/05\/ucbaby-cover-Face-book-1200-x-600-Jan2016-v02-2-2.jpg\" \/>\n\t<meta property=\"og:image:width\" content=\"1200\" \/>\n\t<meta property=\"og:image:height\" content=\"600\" \/>\n\t<meta property=\"og:image:type\" content=\"image\/jpeg\" \/>\n<meta name=\"twitter:label1\" content=\"Dur\u00e9e de lecture estim\u00e9e\" \/>\n\t<meta name=\"twitter:data1\" content=\"4 minutes\" \/>\n<script type=\"application\/ld+json\" class=\"yoast-schema-graph\">{\"@context\":\"https:\\\/\\\/schema.org\",\"@graph\":[{\"@type\":\"WebPage\",\"@id\":\"https:\\\/\\\/www.ucbaby.ca\\\/fr\\\/3d-4d-echographie-quebec\",\"url\":\"https:\\\/\\\/www.ucbaby.ca\\\/fr\\\/3d-4d-echographie-quebec\",\"name\":\"\u00c9chographie 3D Qu\u00e9bec | \u00c9chographie HD 5D | UC Baby\",\"isPartOf\":{\"@id\":\"https:\\\/\\\/www.ucbaby.ca\\\/#website\"},\"primaryImageOfPage\":{\"@id\":\"https:\\\/\\\/www.ucbaby.ca\\\/fr\\\/3d-4d-echographie-quebec#primaryimage\"},\"image\":{\"@id\":\"https:\\\/\\\/www.ucbaby.ca\\\/fr\\\/3d-4d-echographie-quebec#primaryimage\"},\"thumbnailUrl\":\"http:\\\/\\\/www.ucbaby.ca\\\/wp-content\\\/uploads\\\/2014\\\/07\\\/locationpage_img1.jpg\",\"datePublished\":\"2024-02-13T17:00:59+00:00\",\"dateModified\":\"2025-02-01T16:37:08+00:00\",\"description\":\"UC Baby 3D Ultrasound Qu\u00e9bec offre des \u00e9chographies HD 5D de haute qualit\u00e9, des s\u00e9ances de r\u00e9v\u00e9lation du sexe et des s\u00e9ances d'avant-premi\u00e8re.\",\"breadcrumb\":{\"@id\":\"https:\\\/\\\/www.ucbaby.ca\\\/fr\\\/3d-4d-echographie-quebec#breadcrumb\"},\"inLanguage\":\"fr-FR\",\"potentialAction\":[{\"@type\":\"ReadAction\",\"target\":[\"https:\\\/\\\/www.ucbaby.ca\\\/fr\\\/3d-4d-echographie-quebec\"]}]},{\"@type\":\"ImageObject\",\"inLanguage\":\"fr-FR\",\"@id\":\"https:\\\/\\\/www.ucbaby.ca\\\/fr\\\/3d-4d-echographie-quebec#primaryimage\",\"url\":\"http:\\\/\\\/www.ucbaby.ca\\\/wp-content\\\/uploads\\\/2014\\\/07\\\/locationpage_img1.jpg\",\"contentUrl\":\"http:\\\/\\\/www.ucbaby.ca\\\/wp-content\\\/uploads\\\/2014\\\/07\\\/locationpage_img1.jpg\"},{\"@type\":\"BreadcrumbList\",\"@id\":\"https:\\\/\\\/www.ucbaby.ca\\\/fr\\\/3d-4d-echographie-quebec#breadcrumb\",\"itemListElement\":[{\"@type\":\"ListItem\",\"position\":1,\"name\":\"Home\",\"item\":\"https:\\\/\\\/www.ucbaby.ca\\\/\"},{\"@type\":\"ListItem\",\"position\":2,\"name\":\"UC Baby \u00c9chographie 3D | Qu\u00e9bec &#8211; Qu\u00e9bec\"}]},{\"@type\":\"WebSite\",\"@id\":\"https:\\\/\\\/www.ucbaby.ca\\\/#website\",\"url\":\"https:\\\/\\\/www.ucbaby.ca\\\/\",\"name\":\"UC Baby\",\"description\":\"UC Baby is Canada&#039;s #1 Trusted company for 3D, 4D and HD 5D pregnancy ultrasound services\",\"potentialAction\":[{\"@type\":\"SearchAction\",\"target\":{\"@type\":\"EntryPoint\",\"urlTemplate\":\"https:\\\/\\\/www.ucbaby.ca\\\/?s={search_term_string}\"},\"query-input\":{\"@type\":\"PropertyValueSpecification\",\"valueRequired\":true,\"valueName\":\"search_term_string\"}}],\"inLanguage\":\"fr-FR\"}]}<\/script>\n<!-- \/ Yoast SEO plugin. -->","yoast_head_json":{"title":"\u00c9chographie 3D Qu\u00e9bec | \u00c9chographie HD 5D | UC Baby","description":"UC Baby 3D Ultrasound Qu\u00e9bec offre des \u00e9chographies HD 5D de haute qualit\u00e9, des s\u00e9ances de r\u00e9v\u00e9lation du sexe et des s\u00e9ances d'avant-premi\u00e8re.","robots":{"index":"index","follow":"follow","max-snippet":"max-snippet:-1","max-image-preview":"max-image-preview:large","max-video-preview":"max-video-preview:-1"},"canonical":"https:\/\/www.ucbaby.ca\/fr\/3d-4d-echographie-quebec","og_locale":"fr_FR","og_type":"article","og_title":"\u00c9chographie 3D Qu\u00e9bec | \u00c9chographie HD 5D | UC Baby","og_description":"UC Baby 3D Ultrasound Qu\u00e9bec offre des \u00e9chographies HD 5D de haute qualit\u00e9, des s\u00e9ances de r\u00e9v\u00e9lation du sexe et des s\u00e9ances d'avant-premi\u00e8re.","og_url":"https:\/\/www.ucbaby.ca\/fr\/3d-4d-echographie-quebec","og_site_name":"UC Baby","article_publisher":"http:\/\/www.facebook.com\/ucbaby","article_modified_time":"2025-02-01T16:37:08+00:00","og_image":[{"width":1200,"height":600,"url":"https:\/\/www.ucbaby.ca\/wp-content\/uploads\/2016\/05\/ucbaby-cover-Face-book-1200-x-600-Jan2016-v02-2-2.jpg","type":"image\/jpeg"}],"twitter_misc":{"Dur\u00e9e de lecture estim\u00e9e":"4 minutes"},"schema":{"@context":"https:\/\/schema.org","@graph":[{"@type":"WebPage","@id":"https:\/\/www.ucbaby.ca\/fr\/3d-4d-echographie-quebec","url":"https:\/\/www.ucbaby.ca\/fr\/3d-4d-echographie-quebec","name":"\u00c9chographie 3D Qu\u00e9bec | \u00c9chographie HD 5D | UC Baby","isPartOf":{"@id":"https:\/\/www.ucbaby.ca\/#website"},"primaryImageOfPage":{"@id":"https:\/\/www.ucbaby.ca\/fr\/3d-4d-echographie-quebec#primaryimage"},"image":{"@id":"https:\/\/www.ucbaby.ca\/fr\/3d-4d-echographie-quebec#primaryimage"},"thumbnailUrl":"http:\/\/www.ucbaby.ca\/wp-content\/uploads\/2014\/07\/locationpage_img1.jpg","datePublished":"2024-02-13T17:00:59+00:00","dateModified":"2025-02-01T16:37:08+00:00","description":"UC Baby 3D Ultrasound Qu\u00e9bec offre des \u00e9chographies HD 5D de haute qualit\u00e9, des s\u00e9ances de r\u00e9v\u00e9lation du sexe et des s\u00e9ances d'avant-premi\u00e8re.","breadcrumb":{"@id":"https:\/\/www.ucbaby.ca\/fr\/3d-4d-echographie-quebec#breadcrumb"},"inLanguage":"fr-FR","potentialAction":[{"@type":"ReadAction","target":["https:\/\/www.ucbaby.ca\/fr\/3d-4d-echographie-quebec"]}]},{"@type":"ImageObject","inLanguage":"fr-FR","@id":"https:\/\/www.ucbaby.ca\/fr\/3d-4d-echographie-quebec#primaryimage","url":"http:\/\/www.ucbaby.ca\/wp-content\/uploads\/2014\/07\/locationpage_img1.jpg","contentUrl":"http:\/\/www.ucbaby.ca\/wp-content\/uploads\/2014\/07\/locationpage_img1.jpg"},{"@type":"BreadcrumbList","@id":"https:\/\/www.ucbaby.ca\/fr\/3d-4d-echographie-quebec#breadcrumb","itemListElement":[{"@type":"ListItem","position":1,"name":"Home","item":"https:\/\/www.ucbaby.ca\/"},{"@type":"ListItem","position":2,"name":"UC Baby \u00c9chographie 3D | Qu\u00e9bec &#8211; Qu\u00e9bec"}]},{"@type":"WebSite","@id":"https:\/\/www.ucbaby.ca\/#website","url":"https:\/\/www.ucbaby.ca\/","name":"UC Baby","description":"UC Baby is Canada&#039;s #1 Trusted company for 3D, 4D and HD 5D pregnancy ultrasound services","potentialAction":[{"@type":"SearchAction","target":{"@type":"EntryPoint","urlTemplate":"https:\/\/www.ucbaby.ca\/?s={search_term_string}"},"query-input":{"@type":"PropertyValueSpecification","valueRequired":true,"valueName":"search_term_string"}}],"inLanguage":"fr-FR"}]}},"_links":{"self":[{"href":"https:\/\/www.ucbaby.ca\/fr\/wp-json\/wp\/v2\/pages\/20458","targetHints":{"allow":["GET"]}}],"collection":[{"href":"https:\/\/www.ucbaby.ca\/fr\/wp-json\/wp\/v2\/pages"}],"about":[{"href":"https:\/\/www.ucbaby.ca\/fr\/wp-json\/wp\/v2\/types\/page"}],"author":[{"embeddable":true,"href":"https:\/\/www.ucbaby.ca\/fr\/wp-json\/wp\/v2\/users\/2"}],"replies":[{"embeddable":true,"href":"https:\/\/www.ucbaby.ca\/fr\/wp-json\/wp\/v2\/comments?post=20458"}],"version-history":[{"count":4,"href":"https:\/\/www.ucbaby.ca\/fr\/wp-json\/wp\/v2\/pages\/20458\/revisions"}],"predecessor-version":[{"id":28985,"href":"https:\/\/www.ucbaby.ca\/fr\/wp-json\/wp\/v2\/pages\/20458\/revisions\/28985"}],"wp:attachment":[{"href":"https:\/\/www.ucbaby.ca\/fr\/wp-json\/wp\/v2\/media?parent=20458"}],"curies":[{"name":"wp","href":"https:\/\/api.w.org\/{rel}","templated":true}]}}