{"id":19048,"date":"2024-06-07T07:09:27","date_gmt":"2024-06-07T11:09:27","guid":{"rendered":"http:\/\/www.ucbaby.ca\/?page_id=19048"},"modified":"2024-06-07T18:34:52","modified_gmt":"2024-06-07T22:34:52","slug":"uc-baby-montreal-testimonials","status":"publish","type":"page","link":"https:\/\/www.ucbaby.ca\/fr\/3d-4d-ultrasound-montreal\/uc-baby-montreal-testimonials","title":{"rendered":"UC Baby Montreal &#8211; Temoignages de nos clients"},"content":{"rendered":"<section id=\"testimonial-945060\" class=\"testimonials clearfix   \" data-rt-animation-group=\"group\"><div class=\"row clearfix\"><div class=\"testimonial box one  first\" data-rt-animate=\"animate\" data-rt-animation-type=\"fadeIn\">\n\n<div class=\"client_image gradient\">\n\t<img decoding=\"async\" data-src=\"https:\/\/www.ucbaby.ca\/wp-content\/uploads\/2017\/05\/2017-UC-BABY-testimonial-9.jpg\" alt=\"UC Baby 3D Ultrasound Image - face resting on hand\" src=\"data:image\/svg+xml;base64,PHN2ZyB3aWR0aD0iMSIgaGVpZ2h0PSIxIiB4bWxucz0iaHR0cDovL3d3dy53My5vcmcvMjAwMC9zdmciPjwvc3ZnPg==\" class=\"lazyload\" style=\"--smush-placeholder-width: 339px; --smush-placeholder-aspect-ratio: 339\/338;\" \/><\/div>\n\n<div class=\"text with_image\">\n\t<p>\n\t\t<span class=\"icon-quote-left\"><\/span>\n\t\t\tWow merci mille fois notre petite puce avait toujours les pieds\/mains dans le visage mais la dame a tr\u00e8s bien prit son temps et nous a m\u00eame laiss\u00e9 lui mettre de la bachata pour la faire bouger je recommande fortement! \r\n- 5 stars! (Facebook Review | 17 April 2016)\t\t<span class=\"icon-quote-right\"><\/span>\n\t<\/p>\n\t<div class=\"client_info\">\n\t\tCassandre D. \n\t\t\t\t\n\t\t<a href=\"http:\/\/www.ucbaby.ca\/fr\/3d-4d-ultrasound-montreal\" target=\"_blank\" title=\"UC Baby 3D Ultrasound Montreal \" class=\"client_link\">UC Baby 3D Ultrasound Montreal <\/a>\t\t\n\t<\/div>\n<\/div><\/div>\n<\/div><hr class=\"style-four\"><div class=\"row clearfix\"><div class=\"testimonial box one  first\" data-rt-animate=\"animate\" data-rt-animation-type=\"fadeIn\">\n\n<div class=\"client_image gradient\">\n\t<img decoding=\"async\" data-src=\"https:\/\/www.ucbaby.ca\/wp-content\/uploads\/2014\/08\/babypic_testimonial-20.jpg\" alt=\"UC Baby 3D Ultrasound Photo 20\" src=\"data:image\/svg+xml;base64,PHN2ZyB3aWR0aD0iMSIgaGVpZ2h0PSIxIiB4bWxucz0iaHR0cDovL3d3dy53My5vcmcvMjAwMC9zdmciPjwvc3ZnPg==\" class=\"lazyload\" style=\"--smush-placeholder-width: 100px; --smush-placeholder-aspect-ratio: 100\/100;\" \/><\/div>\n\n<div class=\"text with_image\">\n\t<p>\n\t\t<span class=\"icon-quote-left\"><\/span>\n\t\t\tC'\u00e9tait notre deuxi\u00e8me exp\u00e9rience et on a aim\u00e9 autant que la premi\u00e8re fois!! J'ai trouv\u00e9e agr\u00e9able de pouvoir regarder le petit visage de notre futur fille!! De plus le service est excellent et tr\u00e8s chaleureux! \r\n\t\t<span class=\"icon-quote-right\"><\/span>\n\t<\/p>\n\t<div class=\"client_info\">\n\t\tSophie Q. \n\t\t\t\t\n\t\t<a href=\"http:\/\/ucbaby.ca\/3d-4d-ultrasound-montreal\" target=\"_blank\" title=\"UC Baby Montreal\" class=\"client_link\">UC Baby Montreal<\/a>\t\t\n\t<\/div>\n<\/div><\/div>\n<\/div><hr class=\"style-four\"><div class=\"row clearfix\"><div class=\"testimonial box one  first\" data-rt-animate=\"animate\" data-rt-animation-type=\"fadeIn\">\n\n<div class=\"client_image gradient\">\n\t<img decoding=\"async\" data-src=\"https:\/\/www.ucbaby.ca\/wp-content\/uploads\/2017\/05\/2017-UC-BABY-testimonial-10.jpg\" alt=\"UC Baby 3D Ultrasound Image - tongue out\" src=\"data:image\/svg+xml;base64,PHN2ZyB3aWR0aD0iMSIgaGVpZ2h0PSIxIiB4bWxucz0iaHR0cDovL3d3dy53My5vcmcvMjAwMC9zdmciPjwvc3ZnPg==\" class=\"lazyload\" style=\"--smush-placeholder-width: 395px; --smush-placeholder-aspect-ratio: 395\/395;\" \/><\/div>\n\n<div class=\"text with_image\">\n\t<p>\n\t\t<span class=\"icon-quote-left\"><\/span>\n\t\t\tJ'ai ador\u00e9 ! Tr\u00e8s bel accueil , service tr\u00e8s agr\u00e9able ! B\u00e9b\u00e9 se cachait par moment et la technicienne se montrait tr\u00e8s patiente et toujours souriante ! Merci! - 5 stars! (Facebook Review | 6 Nov 2016)\t\t<span class=\"icon-quote-right\"><\/span>\n\t<\/p>\n\t<div class=\"client_info\">\n\t\tPamela G. \n\t\t\t\t\n\t\t<a href=\"http:\/\/www.ucbaby.ca\/fr\/3d-4d-ultrasound-montreal\" target=\"_blank\" title=\"UC Baby 3D Ultrasound Montreal \" class=\"client_link\">UC Baby 3D Ultrasound Montreal <\/a>\t\t\n\t<\/div>\n<\/div><\/div>\n<\/div><hr class=\"style-four\"><div class=\"row clearfix\"><div class=\"testimonial box one  first\" data-rt-animate=\"animate\" data-rt-animation-type=\"fadeIn\">\n\n<div class=\"client_image gradient\">\n\t<img decoding=\"async\" data-src=\"https:\/\/www.ucbaby.ca\/wp-content\/uploads\/2014\/08\/babypic_testimonial-20.jpg\" alt=\"UC Baby 3D Ultrasound Photo 20\" src=\"data:image\/svg+xml;base64,PHN2ZyB3aWR0aD0iMSIgaGVpZ2h0PSIxIiB4bWxucz0iaHR0cDovL3d3dy53My5vcmcvMjAwMC9zdmciPjwvc3ZnPg==\" class=\"lazyload\" style=\"--smush-placeholder-width: 100px; --smush-placeholder-aspect-ratio: 100\/100;\" \/><\/div>\n\n<div class=\"text with_image\">\n\t<p>\n\t\t<span class=\"icon-quote-left\"><\/span>\n\t\t\tJe suis vraiment tr\u00e8s satisfaite de mon exp\u00e9rience avec la clinique UC Baby. Ils m'ont permis de rencontrer mon petit miracle avant m\u00eame qu'il soit n\u00e9. J'ai re\u00e7u le meilleur service qu'il \u00e9tait possible de recevoir. Le personnel est extra et tr\u00e8s bien qualifi\u00e9. Ils ont pris le temps qu'il a fallut pour me permettre de bien voir mon petit homme qui \u00e9tait ma foi tr\u00e8s actif cette journ\u00e9e l\u00e0. Je renouvellerais cette exp\u00e9rience n'importe quand. Qui sait peut \u00eatre au prochain b\u00e9b\u00e9 \ud83d\ude42 \t\t<span class=\"icon-quote-right\"><\/span>\n\t<\/p>\n\t<div class=\"client_info\">\n\t\tAlexandra L. \n\t\t\t\t\n\t\t<a href=\"http:\/\/www.ucbaby.ca\/3d-4d-ultrasound-montreal\" target=\"_blank\" title=\"UC Baby Montreal\" class=\"client_link\">UC Baby Montreal<\/a>\t\t\n\t<\/div>\n<\/div><\/div>\n<\/div><hr class=\"style-four\"><div class=\"row clearfix\"><div class=\"testimonial box one  first\" data-rt-animate=\"animate\" data-rt-animation-type=\"fadeIn\">\n\n<div class=\"client_image gradient\">\n\t<img decoding=\"async\" data-src=\"https:\/\/www.ucbaby.ca\/wp-content\/uploads\/2017\/05\/2017-UC-BABY-testimonial-4-400x400.jpg\" alt=\"UC Baby 3D Ultrasound Image - arms on face\" src=\"data:image\/svg+xml;base64,PHN2ZyB3aWR0aD0iMSIgaGVpZ2h0PSIxIiB4bWxucz0iaHR0cDovL3d3dy53My5vcmcvMjAwMC9zdmciPjwvc3ZnPg==\" class=\"lazyload\" style=\"--smush-placeholder-width: 400px; --smush-placeholder-aspect-ratio: 400\/400;\" \/><\/div>\n\n<div class=\"text with_image\">\n\t<p>\n\t\t<span class=\"icon-quote-left\"><\/span>\n\t\t\tUC BABY a \u00e9t\u00e9 la plus belle exp\u00e9rience de ma vie. Deux femmes en or, dont la technologue et la r\u00e9ceptionniste qui ont partag\u00e9es ce moment si pr\u00e9cieux avec moi et petit tr\u00e9sor dans le ventre. Des moments fortes en \u00e9motions qui vont me rester grav\u00e9s dans mon coeur \u00e0 jamais. Simplement de voir l'\u00e9volution de b\u00e9b\u00e9, chaques mouvements et gestes d\u00e9taill\u00e9s en 3-4D \u00e9taient m-a-g-n-i-f-i-q-u-e. La petite peluche avec les battements de coeur de b\u00e9b\u00e9 est un must \u00e0 avoir! Je recommande fortement a tout le monde de vivre cette exp\u00e9rience exceptionnelle.\r\n- (Google Review | Sept 2018)\t\t<span class=\"icon-quote-right\"><\/span>\n\t<\/p>\n\t<div class=\"client_info\">\n\t\tSovanraksamey Nguon \n\t\t\t\t\n\t\t<a href=\"https:\/\/www.ucbaby.ca\/fr\/3d-4d-ultrasound-montreal\" target=\"_blank\" title=\"UC Baby 3D Ultrasound Montreal\" class=\"client_link\">UC Baby 3D Ultrasound Montreal<\/a>\t\t\n\t<\/div>\n<\/div><\/div>\n<\/div><hr class=\"style-four\"><div class=\"row clearfix\"><div class=\"testimonial box one  first\" data-rt-animate=\"animate\" data-rt-animation-type=\"fadeIn\">\n\n<div class=\"client_image gradient\">\n\t<img decoding=\"async\" data-src=\"https:\/\/www.ucbaby.ca\/wp-content\/uploads\/2017\/05\/2017-UC-BABY-testimonial-10.jpg\" alt=\"UC Baby 3D Ultrasound Image - tongue out\" src=\"data:image\/svg+xml;base64,PHN2ZyB3aWR0aD0iMSIgaGVpZ2h0PSIxIiB4bWxucz0iaHR0cDovL3d3dy53My5vcmcvMjAwMC9zdmciPjwvc3ZnPg==\" class=\"lazyload\" style=\"--smush-placeholder-width: 395px; --smush-placeholder-aspect-ratio: 395\/395;\" \/><\/div>\n\n<div class=\"text with_image\">\n\t<p>\n\t\t<span class=\"icon-quote-left\"><\/span>\n\t\t\tEcho de 18 semaines passer le 12 janvier jai adorer. La secr\u00e9taire eSt tres accueillante et souriante et surtout patiente ahaha javais 3 gar\u00e7ons qui avais fais 1h30 de route alors il avais de l'\u00e9nergie \u00e0 d\u00e9penser m\u00eame chose pr la technicienne une perle qui prend le temps d'expliquer avec beaucoup de patience malgr\u00e9 le bruit que fessais mes gar\u00e7ons.. jai vu des commentaires qui disais que les\r\nLocaux sont petit oui mais il sont propre et super confortable et oui sa peu arriver d\u00e8s retards si UNE cliente est arriver elle en retard dans La vie ont ne peut pas tout contr\u00f4ler.. jai adorer mon exp\u00e9rience mes enfants aussi ont y retourne le 29 mars et jai tres hate. Belle exp\u00e9rience  merci encore.\r\n- 5 stars! (Facebook Review | 19 Jan 2017)\t\t<span class=\"icon-quote-right\"><\/span>\n\t<\/p>\n\t<div class=\"client_info\">\n\t\tSandra G. \n\t\t\t\t\n\t\t<a href=\"http:\/\/www.ucbaby.ca\/fr\/3d-4d-ultrasound-montreal\" target=\"_blank\" title=\"UC Baby 3D Ultrasound Montreal\" class=\"client_link\">UC Baby 3D Ultrasound Montreal<\/a>\t\t\n\t<\/div>\n<\/div><\/div>\n<\/div><hr class=\"style-four\"><div class=\"row clearfix\"><div class=\"testimonial box one  first\" data-rt-animate=\"animate\" data-rt-animation-type=\"fadeIn\">\n\n<div class=\"client_image gradient\">\n\t<img decoding=\"async\" data-src=\"https:\/\/www.ucbaby.ca\/wp-content\/uploads\/2024\/05\/18715-UCBaby65b5716194f425.43037528-2-e1716583657952-400x400.jpg\" alt=\"UC Baby 3D HD Ultrasound\" src=\"data:image\/svg+xml;base64,PHN2ZyB3aWR0aD0iMSIgaGVpZ2h0PSIxIiB4bWxucz0iaHR0cDovL3d3dy53My5vcmcvMjAwMC9zdmciPjwvc3ZnPg==\" class=\"lazyload\" style=\"--smush-placeholder-width: 400px; --smush-placeholder-aspect-ratio: 400\/400;\" \/><\/div>\n\n<div class=\"text with_image\">\n\t<p>\n\t\t<span class=\"icon-quote-left\"><\/span>\n\t\t\tTellement satisfaite de notre visite! L\u2019\u00e9quipe est extr\u00eamement gentille et attentionn\u00e9e. Notre b\u00e9b\u00e9 n\u2019\u00e9tait pas coop\u00e9ratif, nous avons eu tout de m\u00eame quelques jolies photos. La responsable nous a propos\u00e9 de revenir pour \u00eatre totalement satisfaits de notre exp\u00e9rience. Merci encore pour ces moments magiques et pr\u00e9cieux!\r\n-- (June 2024 | Google Review)\t\t<span class=\"icon-quote-right\"><\/span>\n\t<\/p>\n\t<div class=\"client_info\">\n\t\tJenna S. \n\t\t\t\t\n\t\t<a href=\"https:\/\/www.ucbaby.ca\/fr\/3d-4d-ultrasound-montreal\" target=\"_blank\" title=\"UC Baby 3D\/5D Ultrasound Montreal\" class=\"client_link\">UC Baby 3D\/5D Ultrasound Montreal<\/a>\t\t\n\t<\/div>\n<\/div><\/div>\n<\/div><hr class=\"style-four\"><div class=\"row clearfix\"><div class=\"testimonial box one  first\" data-rt-animate=\"animate\" data-rt-animation-type=\"fadeIn\">\n\n<div class=\"client_image gradient\">\n\t<img decoding=\"async\" data-src=\"https:\/\/www.ucbaby.ca\/wp-content\/uploads\/2017\/05\/2017-UC-BABY-3D-testimonial-12-e1494223140520.jpg\" alt=\"UC Baby 3D Ultrasound Image - rubbing eye\" src=\"data:image\/svg+xml;base64,PHN2ZyB3aWR0aD0iMSIgaGVpZ2h0PSIxIiB4bWxucz0iaHR0cDovL3d3dy53My5vcmcvMjAwMC9zdmciPjwvc3ZnPg==\" class=\"lazyload\" style=\"--smush-placeholder-width: 100px; --smush-placeholder-aspect-ratio: 100\/100;\" \/><\/div>\n\n<div class=\"text with_image\">\n\t<p>\n\t\t<span class=\"icon-quote-left\"><\/span>\n\t\t\tSes la deuxi\u00e8me fois j'y vais pour 2 enfants et honn\u00eatement a chaque fois le service, la qualit\u00e9 \u00e0 des images m'eblouissent. Je recommande encore un fois sa vaux le d\u00e9tour et sa vaux amplement le.prix !! 31 semaines pour nous!\r\n- 5 stars! (Facebook Review | 28 April 2017)\t\t<span class=\"icon-quote-right\"><\/span>\n\t<\/p>\n\t<div class=\"client_info\">\n\t\tKass F. \n\t\t\t\t\n\t\t<a href=\"http:\/\/www.ucbaby.ca\/fr\/3d-4d-ultrasound-montreal\" target=\"_blank\" title=\"UC Baby 3D Ultrasound Montreal\" class=\"client_link\">UC Baby 3D Ultrasound Montreal<\/a>\t\t\n\t<\/div>\n<\/div><\/div>\n<\/div><hr class=\"style-four\"><div class=\"row clearfix\"><div class=\"testimonial box one  first\" data-rt-animate=\"animate\" data-rt-animation-type=\"fadeIn\">\n\n<div class=\"client_image gradient\">\n\t<img decoding=\"async\" data-src=\"https:\/\/www.ucbaby.ca\/wp-content\/uploads\/2014\/08\/babypic_testimonial-17.jpg\" alt=\"UC Baby 3D Ultrasound Photo 17\" src=\"data:image\/svg+xml;base64,PHN2ZyB3aWR0aD0iMSIgaGVpZ2h0PSIxIiB4bWxucz0iaHR0cDovL3d3dy53My5vcmcvMjAwMC9zdmciPjwvc3ZnPg==\" class=\"lazyload\" style=\"--smush-placeholder-width: 93px; --smush-placeholder-aspect-ratio: 93\/100;\" \/><\/div>\n\n<div class=\"text with_image\">\n\t<p>\n\t\t<span class=\"icon-quote-left\"><\/span>\n\t\t\tWoww quelle magnifique exp\u00e9rience!!  Accueil chaleureux et excellent service. Je recommande \u00e0 toutes les futures mamans\t\t<span class=\"icon-quote-right\"><\/span>\n\t<\/p>\n\t<div class=\"client_info\">\n\t\tMarjorie J. \n\t\t\t\t\n\t\t<a href=\"http:\/\/ucbaby.ca\/3d-4d-ultrasound-montreal\" target=\"_blank\" title=\"UC Baby Montreal\" class=\"client_link\">UC Baby Montreal<\/a>\t\t\n\t<\/div>\n<\/div><\/div>\n<\/div><hr class=\"style-four\"><div class=\"row clearfix\"><div class=\"testimonial box one  first\" data-rt-animate=\"animate\" data-rt-animation-type=\"fadeIn\">\n\n<div class=\"client_image gradient\">\n\t<img decoding=\"async\" data-src=\"https:\/\/www.ucbaby.ca\/wp-content\/uploads\/2017\/05\/2017-UC-BABY-testimonial-8.jpg\" alt=\"UC Baby 3D Ultrasound Image - mouth open\" src=\"data:image\/svg+xml;base64,PHN2ZyB3aWR0aD0iMSIgaGVpZ2h0PSIxIiB4bWxucz0iaHR0cDovL3d3dy53My5vcmcvMjAwMC9zdmciPjwvc3ZnPg==\" class=\"lazyload\" style=\"--smush-placeholder-width: 351px; --smush-placeholder-aspect-ratio: 351\/352;\" \/><\/div>\n\n<div class=\"text with_image\">\n\t<p>\n\t\t<span class=\"icon-quote-left\"><\/span>\n\t\t\tMa 3\u00e8me exp\u00e9rience chez UC-Baby! J'y ai toujours eu un tr\u00e8s bon service! Merci beaucoup! \r\n- 5 stars! (Facebook Review | 7 March 2016)\t\t<span class=\"icon-quote-right\"><\/span>\n\t<\/p>\n\t<div class=\"client_info\">\n\t\tRoxanne H. \n\t\t\t\t\n\t\t<a href=\"http:\/\/www.ucbaby.ca\/fr\/3d-4d-ultrasound-montreal\" target=\"_blank\" title=\"UC Baby 3D Ultrasound Montreal \" class=\"client_link\">UC Baby 3D Ultrasound Montreal <\/a>\t\t\n\t<\/div>\n<\/div><\/div>\n<\/div><\/section><div class=\"paging_wrapper margin-t30 margin-b30\"><ul class='page-numbers'>\n\t<li><span aria-current=\"page\" class=\"page-numbers current\">1<\/span><\/li>\n\t<li><a class=\"page-numbers\" href=\"https:\/\/www.ucbaby.ca\/fr\/wp-json\/wp\/v2\/pages\/19048\/page\/2\">2<\/a><\/li>\n\t<li><a class=\"next page-numbers\" href=\"https:\/\/www.ucbaby.ca\/fr\/wp-json\/wp\/v2\/pages\/19048\/page\/2\"><span class=\"icon-angle-right\"><\/span><\/a><\/li>\n<\/ul>\n<\/div>\n","protected":false},"excerpt":{"rendered":"","protected":false},"author":2,"featured_media":0,"parent":6665,"menu_order":0,"comment_status":"closed","ping_status":"closed","template":"","meta":{"footnotes":""},"class_list":["post-19048","page","type-page","status-publish","hentry"],"yoast_head":"<!-- This site is optimized with the Yoast SEO plugin v27.5 - https:\/\/yoast.com\/product\/yoast-seo-wordpress\/ -->\n<title>\u00e9chographie 3D Montreal | UC BABY Temoignages de nos clients<\/title>\n<meta name=\"description\" content=\"Clinique du b\u00e9b\u00e9 3D d&#039;\u00e9chographie \u00e0 Montr\u00e9al, Qu\u00e9bec, offre des services d&#039;\u00e9chographie 3D \/ 4D \u00e0 Montr\u00e9al, Sherbrooke, Laval, Vaudreuil, Brossard.\" \/>\n<meta name=\"robots\" content=\"index, follow, max-snippet:-1, max-image-preview:large, max-video-preview:-1\" \/>\n<link rel=\"canonical\" href=\"https:\/\/www.ucbaby.ca\/fr\/3d-4d-ultrasound-montreal\/uc-baby-montreal-testimonials\" \/>\n<meta property=\"og:locale\" content=\"fr_FR\" \/>\n<meta property=\"og:type\" content=\"article\" \/>\n<meta property=\"og:title\" content=\"\u00e9chographie 3D Montreal | UC BABY Temoignages de nos clients\" \/>\n<meta property=\"og:description\" content=\"Clinique du b\u00e9b\u00e9 3D d&#039;\u00e9chographie \u00e0 Montr\u00e9al, Qu\u00e9bec, offre des services d&#039;\u00e9chographie 3D \/ 4D \u00e0 Montr\u00e9al, Sherbrooke, Laval, Vaudreuil, Brossard.\" \/>\n<meta property=\"og:url\" content=\"https:\/\/www.ucbaby.ca\/fr\/3d-4d-ultrasound-montreal\/uc-baby-montreal-testimonials\" \/>\n<meta property=\"og:site_name\" content=\"UC Baby\" \/>\n<meta property=\"article:publisher\" content=\"http:\/\/www.facebook.com\/ucbaby\" \/>\n<meta property=\"article:modified_time\" content=\"2024-06-07T22:34:52+00:00\" \/>\n<meta property=\"og:image\" content=\"https:\/\/www.ucbaby.ca\/wp-content\/uploads\/2016\/05\/Family-3d-pic.jpg\" \/>\n\t<meta property=\"og:image:width\" content=\"1200\" \/>\n\t<meta property=\"og:image:height\" content=\"630\" \/>\n\t<meta property=\"og:image:type\" content=\"image\/jpeg\" \/>\n<meta name=\"twitter:label1\" content=\"Dur\u00e9e de lecture estim\u00e9e\" \/>\n\t<meta name=\"twitter:data1\" content=\"1 minute\" \/>\n<script type=\"application\/ld+json\" class=\"yoast-schema-graph\">{\"@context\":\"https:\\\/\\\/schema.org\",\"@graph\":[{\"@type\":\"WebPage\",\"@id\":\"https:\\\/\\\/www.ucbaby.ca\\\/fr\\\/3d-4d-ultrasound-montreal\\\/uc-baby-montreal-testimonials\",\"url\":\"https:\\\/\\\/www.ucbaby.ca\\\/fr\\\/3d-4d-ultrasound-montreal\\\/uc-baby-montreal-testimonials\",\"name\":\"\u00e9chographie 3D Montreal | UC BABY Temoignages de nos clients\",\"isPartOf\":{\"@id\":\"https:\\\/\\\/www.ucbaby.ca\\\/#website\"},\"datePublished\":\"2024-06-07T11:09:27+00:00\",\"dateModified\":\"2024-06-07T22:34:52+00:00\",\"description\":\"Clinique du b\u00e9b\u00e9 3D d'\u00e9chographie \u00e0 Montr\u00e9al, Qu\u00e9bec, offre des services d'\u00e9chographie 3D \\\/ 4D \u00e0 Montr\u00e9al, Sherbrooke, Laval, Vaudreuil, Brossard.\",\"breadcrumb\":{\"@id\":\"https:\\\/\\\/www.ucbaby.ca\\\/fr\\\/3d-4d-ultrasound-montreal\\\/uc-baby-montreal-testimonials#breadcrumb\"},\"inLanguage\":\"fr-FR\",\"potentialAction\":[{\"@type\":\"ReadAction\",\"target\":[\"https:\\\/\\\/www.ucbaby.ca\\\/fr\\\/3d-4d-ultrasound-montreal\\\/uc-baby-montreal-testimonials\"]}]},{\"@type\":\"BreadcrumbList\",\"@id\":\"https:\\\/\\\/www.ucbaby.ca\\\/fr\\\/3d-4d-ultrasound-montreal\\\/uc-baby-montreal-testimonials#breadcrumb\",\"itemListElement\":[{\"@type\":\"ListItem\",\"position\":1,\"name\":\"Home\",\"item\":\"https:\\\/\\\/www.ucbaby.ca\\\/\"},{\"@type\":\"ListItem\",\"position\":2,\"name\":\"UC Baby \u00c9chographie 3D | Montr\u00e9al, QC\",\"item\":\"https:\\\/\\\/www.ucbaby.ca\\\/fr\\\/3d-4d-ultrasound-montreal\"},{\"@type\":\"ListItem\",\"position\":3,\"name\":\"UC Baby Montreal &#8211; Temoignages de nos clients\"}]},{\"@type\":\"WebSite\",\"@id\":\"https:\\\/\\\/www.ucbaby.ca\\\/#website\",\"url\":\"https:\\\/\\\/www.ucbaby.ca\\\/\",\"name\":\"UC Baby\",\"description\":\"UC Baby is Canada&#039;s #1 Trusted company for 3D, 4D and HD 5D pregnancy ultrasound services\",\"potentialAction\":[{\"@type\":\"SearchAction\",\"target\":{\"@type\":\"EntryPoint\",\"urlTemplate\":\"https:\\\/\\\/www.ucbaby.ca\\\/?s={search_term_string}\"},\"query-input\":{\"@type\":\"PropertyValueSpecification\",\"valueRequired\":true,\"valueName\":\"search_term_string\"}}],\"inLanguage\":\"fr-FR\"}]}<\/script>\n<!-- \/ Yoast SEO plugin. -->","yoast_head_json":{"title":"\u00e9chographie 3D Montreal | UC BABY Temoignages de nos clients","description":"Clinique du b\u00e9b\u00e9 3D d'\u00e9chographie \u00e0 Montr\u00e9al, Qu\u00e9bec, offre des services d'\u00e9chographie 3D \/ 4D \u00e0 Montr\u00e9al, Sherbrooke, Laval, Vaudreuil, Brossard.","robots":{"index":"index","follow":"follow","max-snippet":"max-snippet:-1","max-image-preview":"max-image-preview:large","max-video-preview":"max-video-preview:-1"},"canonical":"https:\/\/www.ucbaby.ca\/fr\/3d-4d-ultrasound-montreal\/uc-baby-montreal-testimonials","og_locale":"fr_FR","og_type":"article","og_title":"\u00e9chographie 3D Montreal | UC BABY Temoignages de nos clients","og_description":"Clinique du b\u00e9b\u00e9 3D d'\u00e9chographie \u00e0 Montr\u00e9al, Qu\u00e9bec, offre des services d'\u00e9chographie 3D \/ 4D \u00e0 Montr\u00e9al, Sherbrooke, Laval, Vaudreuil, Brossard.","og_url":"https:\/\/www.ucbaby.ca\/fr\/3d-4d-ultrasound-montreal\/uc-baby-montreal-testimonials","og_site_name":"UC Baby","article_publisher":"http:\/\/www.facebook.com\/ucbaby","article_modified_time":"2024-06-07T22:34:52+00:00","og_image":[{"width":1200,"height":630,"url":"https:\/\/www.ucbaby.ca\/wp-content\/uploads\/2016\/05\/Family-3d-pic.jpg","type":"image\/jpeg"}],"twitter_misc":{"Dur\u00e9e de lecture estim\u00e9e":"1 minute"},"schema":{"@context":"https:\/\/schema.org","@graph":[{"@type":"WebPage","@id":"https:\/\/www.ucbaby.ca\/fr\/3d-4d-ultrasound-montreal\/uc-baby-montreal-testimonials","url":"https:\/\/www.ucbaby.ca\/fr\/3d-4d-ultrasound-montreal\/uc-baby-montreal-testimonials","name":"\u00e9chographie 3D Montreal | UC BABY Temoignages de nos clients","isPartOf":{"@id":"https:\/\/www.ucbaby.ca\/#website"},"datePublished":"2024-06-07T11:09:27+00:00","dateModified":"2024-06-07T22:34:52+00:00","description":"Clinique du b\u00e9b\u00e9 3D d'\u00e9chographie \u00e0 Montr\u00e9al, Qu\u00e9bec, offre des services d'\u00e9chographie 3D \/ 4D \u00e0 Montr\u00e9al, Sherbrooke, Laval, Vaudreuil, Brossard.","breadcrumb":{"@id":"https:\/\/www.ucbaby.ca\/fr\/3d-4d-ultrasound-montreal\/uc-baby-montreal-testimonials#breadcrumb"},"inLanguage":"fr-FR","potentialAction":[{"@type":"ReadAction","target":["https:\/\/www.ucbaby.ca\/fr\/3d-4d-ultrasound-montreal\/uc-baby-montreal-testimonials"]}]},{"@type":"BreadcrumbList","@id":"https:\/\/www.ucbaby.ca\/fr\/3d-4d-ultrasound-montreal\/uc-baby-montreal-testimonials#breadcrumb","itemListElement":[{"@type":"ListItem","position":1,"name":"Home","item":"https:\/\/www.ucbaby.ca\/"},{"@type":"ListItem","position":2,"name":"UC Baby \u00c9chographie 3D | Montr\u00e9al, QC","item":"https:\/\/www.ucbaby.ca\/fr\/3d-4d-ultrasound-montreal"},{"@type":"ListItem","position":3,"name":"UC Baby Montreal &#8211; Temoignages de nos clients"}]},{"@type":"WebSite","@id":"https:\/\/www.ucbaby.ca\/#website","url":"https:\/\/www.ucbaby.ca\/","name":"UC Baby","description":"UC Baby is Canada&#039;s #1 Trusted company for 3D, 4D and HD 5D pregnancy ultrasound services","potentialAction":[{"@type":"SearchAction","target":{"@type":"EntryPoint","urlTemplate":"https:\/\/www.ucbaby.ca\/?s={search_term_string}"},"query-input":{"@type":"PropertyValueSpecification","valueRequired":true,"valueName":"search_term_string"}}],"inLanguage":"fr-FR"}]}},"_links":{"self":[{"href":"https:\/\/www.ucbaby.ca\/fr\/wp-json\/wp\/v2\/pages\/19048","targetHints":{"allow":["GET"]}}],"collection":[{"href":"https:\/\/www.ucbaby.ca\/fr\/wp-json\/wp\/v2\/pages"}],"about":[{"href":"https:\/\/www.ucbaby.ca\/fr\/wp-json\/wp\/v2\/types\/page"}],"author":[{"embeddable":true,"href":"https:\/\/www.ucbaby.ca\/fr\/wp-json\/wp\/v2\/users\/2"}],"replies":[{"embeddable":true,"href":"https:\/\/www.ucbaby.ca\/fr\/wp-json\/wp\/v2\/comments?post=19048"}],"version-history":[{"count":0,"href":"https:\/\/www.ucbaby.ca\/fr\/wp-json\/wp\/v2\/pages\/19048\/revisions"}],"up":[{"embeddable":true,"href":"https:\/\/www.ucbaby.ca\/fr\/wp-json\/wp\/v2\/pages\/6665"}],"wp:attachment":[{"href":"https:\/\/www.ucbaby.ca\/fr\/wp-json\/wp\/v2\/media?parent=19048"}],"curies":[{"name":"wp","href":"https:\/\/api.w.org\/{rel}","templated":true}]}}