{"id":19021,"date":"2018-09-04T10:51:58","date_gmt":"2018-09-04T14:51:58","guid":{"rendered":"http:\/\/www.ucbaby.ca\/?page_id=19021"},"modified":"2023-10-18T16:22:26","modified_gmt":"2023-10-18T20:22:26","slug":"uc-baby-ottawa-ontario-2","status":"publish","type":"page","link":"https:\/\/www.ucbaby.ca\/fr\/3d-4d-ultrasound-ottawa\/uc-baby-ottawa-ontario-2","title":{"rendered":"UC Baby Ottawa &#8211; Ontario"},"content":{"rendered":"<h3 class=\"featured_article_title padbottom fade animated\">Obtenez la meilleure exp\u00e9rience avec le centre d\u2019\u00e9chographie 3D #1 \u00e0 Ottawa \u2013 UC Baby<\/h3>\n<p><img decoding=\"async\" class=\"alignleft size-full wp-image-6191 withBorder lazyload\" data-src=\"\/wp-content\/uploads\/2014\/07\/locationpage_img1.jpg\" alt=\"UC Baby\" width=\"275\" height=\"183\" src=\"data:image\/svg+xml;base64,PHN2ZyB3aWR0aD0iMSIgaGVpZ2h0PSIxIiB4bWxucz0iaHR0cDovL3d3dy53My5vcmcvMjAwMC9zdmciPjwvc3ZnPg==\" style=\"--smush-placeholder-width: 275px; --smush-placeholder-aspect-ratio: 275\/183;\" \/>UC Baby<sup>\u00ae<\/sup> d\u2019Ottawa offre une exp\u00e9rience d\u2019\u00e9chographie 3D tout \u00e0 fait unique pour les familles qui attendent un b\u00e9b\u00e9 afin de garder un souvenir imp\u00e9rissable de leur moment sp\u00e9cial. Notre service est offert par une \u00e9quipe professionnelle utilisant une technologie d\u2019\u00e9chographie 3D\/4D r\u00e9volutionnaire.<\/p>\n<p>Dans notre clinique, nous vous proposons une <a title=\"Diffusion en Direct\" href=\"https:\/\/www.ucbaby.ca\/fr\/diffusion-en-direct\" target=\"_blank\" rel=\"noopener\">Diffusion en direct et des services de Vid\u00e9o \u00e0 la demande<\/a> afin de vous offrir une exp\u00e9rience encore plus magnifique et r\u00e9aliste. Notre \u00e9chographie 4D vous permet de regarder les mouvements de votre b\u00e9b\u00e9 en temps r\u00e9el.<\/p>\n<p>Vous pouvez apercevoir le premier regard et le premier coup de pied et vous souvenir de ce moment pendant longtemps. UC Baby<sup>\u00ae<\/sup> d\u2019Ottawa offre la meilleure \u00e9chographie 3D possible pour les familles d\u2019Ottawa, Gatineau, Nepean, Cornwall et Kingston.<\/p>\n\n\t\t\t\t<div id=\"bnr_specials\" class=\"banner withborder gradient clearfix\" data-rt-animate=\"animate\" data-rt-animation-type=\"fadeIn\" data-rt-animation-group=\"single\" >\n\t\t\t\t\n\t\t\t\t\t<div class=\"featured_text  small_button \">\n\t\t\t\t\t\t<p class=\"icon-tags icon\"><span style=\"color: #0000ff;\"><strong>D\u00c9TERMINATION du SEXE &#8211; 99 $<\/strong><\/span><small><span style=\"color: #ff0095;\"><br \/>\nFORFAIT ULTIME &#8211; 175 $ (\u00e9conomies de 99 $)<br \/>\n&#8211; premi\u00e8re visite pour D\u00e9termination du Sexe (16-24 semaines)<br \/>\n&#8211; deuxi\u00e8me visite pour Forfait Argent (apr\u00e8s 24 semaines)<br \/>\n<\/span><\/small><\/p>\n<p><small><a href=\"http:\/\/www.ucbaby.ca\/3d-4d-ultrasound-ottawa\/free-bronze-package-ucbabyottawa\"><span style=\"color: #0000ff;\">Click here for a chance to WIN a FREE 3D Ultrasound Package!<\/span><\/a><\/small><\/p>\n<\/p>\n\t\t\t\t\t<\/div>\t\t\t\t\n\t\t\t\t<\/div>\n\t\t\t\n","protected":false},"excerpt":{"rendered":"<p>Obtenez la meilleure exp\u00e9rience avec le centre d\u2019\u00e9chographie 3D #1 \u00e0 Ottawa \u2013 UC Baby UC Baby\u00ae d\u2019Ottawa offre une exp\u00e9rience d\u2019\u00e9chographie 3D tout \u00e0 fait unique pour les familles qui attendent un b\u00e9b\u00e9 afin de garder un souvenir imp\u00e9rissable de leur moment sp\u00e9cial. Notre service est offert par une \u00e9quipe professionnelle utilisant une technologie [&hellip;]<\/p>\n","protected":false},"author":2,"featured_media":0,"parent":6752,"menu_order":0,"comment_status":"closed","ping_status":"closed","template":"","meta":{"footnotes":""},"class_list":["post-19021","page","type-page","status-publish","hentry"],"yoast_head":"<!-- This site is optimized with the Yoast SEO plugin v27.5 - https:\/\/yoast.com\/product\/yoast-seo-wordpress\/ -->\n<title>UC Baby Ottawa - Ontario - UC Baby<\/title>\n<meta name=\"description\" content=\"D\u00e9couvrez UC Baby Ottawa, Ontario - une exp\u00e9rience d&#039;\u00e9chographie 3D\/4D unique pour voir votre b\u00e9b\u00e9 avant sa naissance. R\u00e9servez d\u00e8s maintenant!\" \/>\n<meta name=\"robots\" content=\"index, follow, max-snippet:-1, max-image-preview:large, max-video-preview:-1\" \/>\n<link rel=\"canonical\" href=\"https:\/\/www.ucbaby.ca\/fr\/3d-4d-ultrasound-ottawa\/uc-baby-ottawa-ontario-2\" \/>\n<meta property=\"og:locale\" content=\"fr_FR\" \/>\n<meta property=\"og:type\" content=\"article\" \/>\n<meta property=\"og:title\" content=\"UC Baby Ottawa - Ontario - UC Baby\" \/>\n<meta property=\"og:description\" content=\"D\u00e9couvrez UC Baby Ottawa, Ontario - une exp\u00e9rience d&#039;\u00e9chographie 3D\/4D unique pour voir votre b\u00e9b\u00e9 avant sa naissance. R\u00e9servez d\u00e8s maintenant!\" \/>\n<meta property=\"og:url\" content=\"https:\/\/www.ucbaby.ca\/fr\/3d-4d-ultrasound-ottawa\/uc-baby-ottawa-ontario-2\" \/>\n<meta property=\"og:site_name\" content=\"UC Baby\" \/>\n<meta property=\"article:publisher\" content=\"http:\/\/www.facebook.com\/ucbaby\" \/>\n<meta property=\"article:modified_time\" content=\"2023-10-18T20:22:26+00:00\" \/>\n<meta name=\"twitter:label1\" content=\"Dur\u00e9e de lecture estim\u00e9e\" \/>\n\t<meta name=\"twitter:data1\" content=\"2 minutes\" \/>\n<script type=\"application\/ld+json\" class=\"yoast-schema-graph\">{\"@context\":\"https:\\\/\\\/schema.org\",\"@graph\":[{\"@type\":\"WebPage\",\"@id\":\"https:\\\/\\\/www.ucbaby.ca\\\/fr\\\/3d-4d-ultrasound-ottawa\\\/uc-baby-ottawa-ontario-2\",\"url\":\"https:\\\/\\\/www.ucbaby.ca\\\/fr\\\/3d-4d-ultrasound-ottawa\\\/uc-baby-ottawa-ontario-2\",\"name\":\"UC Baby Ottawa - Ontario - UC Baby\",\"isPartOf\":{\"@id\":\"https:\\\/\\\/www.ucbaby.ca\\\/#website\"},\"datePublished\":\"2018-09-04T14:51:58+00:00\",\"dateModified\":\"2023-10-18T20:22:26+00:00\",\"description\":\"D\u00e9couvrez UC Baby Ottawa, Ontario - une exp\u00e9rience d'\u00e9chographie 3D\\\/4D unique pour voir votre b\u00e9b\u00e9 avant sa naissance. R\u00e9servez d\u00e8s maintenant!\",\"breadcrumb\":{\"@id\":\"https:\\\/\\\/www.ucbaby.ca\\\/fr\\\/3d-4d-ultrasound-ottawa\\\/uc-baby-ottawa-ontario-2#breadcrumb\"},\"inLanguage\":\"fr-FR\",\"potentialAction\":[{\"@type\":\"ReadAction\",\"target\":[\"https:\\\/\\\/www.ucbaby.ca\\\/fr\\\/3d-4d-ultrasound-ottawa\\\/uc-baby-ottawa-ontario-2\"]}]},{\"@type\":\"BreadcrumbList\",\"@id\":\"https:\\\/\\\/www.ucbaby.ca\\\/fr\\\/3d-4d-ultrasound-ottawa\\\/uc-baby-ottawa-ontario-2#breadcrumb\",\"itemListElement\":[{\"@type\":\"ListItem\",\"position\":1,\"name\":\"Home\",\"item\":\"https:\\\/\\\/www.ucbaby.ca\\\/\"},{\"@type\":\"ListItem\",\"position\":2,\"name\":\"UC Baby \u00c9chographie 3D | Ottawa, Ontario\",\"item\":\"https:\\\/\\\/www.ucbaby.ca\\\/fr\\\/3d-4d-ultrasound-ottawa\"},{\"@type\":\"ListItem\",\"position\":3,\"name\":\"UC Baby Ottawa &#8211; Ontario\"}]},{\"@type\":\"WebSite\",\"@id\":\"https:\\\/\\\/www.ucbaby.ca\\\/#website\",\"url\":\"https:\\\/\\\/www.ucbaby.ca\\\/\",\"name\":\"UC Baby\",\"description\":\"UC Baby is Canada&#039;s #1 Trusted company for 3D, 4D and HD 5D pregnancy ultrasound services\",\"potentialAction\":[{\"@type\":\"SearchAction\",\"target\":{\"@type\":\"EntryPoint\",\"urlTemplate\":\"https:\\\/\\\/www.ucbaby.ca\\\/?s={search_term_string}\"},\"query-input\":{\"@type\":\"PropertyValueSpecification\",\"valueRequired\":true,\"valueName\":\"search_term_string\"}}],\"inLanguage\":\"fr-FR\"}]}<\/script>\n<!-- \/ Yoast SEO plugin. -->","yoast_head_json":{"title":"UC Baby Ottawa - Ontario - UC Baby","description":"D\u00e9couvrez UC Baby Ottawa, Ontario - une exp\u00e9rience d'\u00e9chographie 3D\/4D unique pour voir votre b\u00e9b\u00e9 avant sa naissance. R\u00e9servez d\u00e8s maintenant!","robots":{"index":"index","follow":"follow","max-snippet":"max-snippet:-1","max-image-preview":"max-image-preview:large","max-video-preview":"max-video-preview:-1"},"canonical":"https:\/\/www.ucbaby.ca\/fr\/3d-4d-ultrasound-ottawa\/uc-baby-ottawa-ontario-2","og_locale":"fr_FR","og_type":"article","og_title":"UC Baby Ottawa - Ontario - UC Baby","og_description":"D\u00e9couvrez UC Baby Ottawa, Ontario - une exp\u00e9rience d'\u00e9chographie 3D\/4D unique pour voir votre b\u00e9b\u00e9 avant sa naissance. R\u00e9servez d\u00e8s maintenant!","og_url":"https:\/\/www.ucbaby.ca\/fr\/3d-4d-ultrasound-ottawa\/uc-baby-ottawa-ontario-2","og_site_name":"UC Baby","article_publisher":"http:\/\/www.facebook.com\/ucbaby","article_modified_time":"2023-10-18T20:22:26+00:00","twitter_misc":{"Dur\u00e9e de lecture estim\u00e9e":"2 minutes"},"schema":{"@context":"https:\/\/schema.org","@graph":[{"@type":"WebPage","@id":"https:\/\/www.ucbaby.ca\/fr\/3d-4d-ultrasound-ottawa\/uc-baby-ottawa-ontario-2","url":"https:\/\/www.ucbaby.ca\/fr\/3d-4d-ultrasound-ottawa\/uc-baby-ottawa-ontario-2","name":"UC Baby Ottawa - Ontario - UC Baby","isPartOf":{"@id":"https:\/\/www.ucbaby.ca\/#website"},"datePublished":"2018-09-04T14:51:58+00:00","dateModified":"2023-10-18T20:22:26+00:00","description":"D\u00e9couvrez UC Baby Ottawa, Ontario - une exp\u00e9rience d'\u00e9chographie 3D\/4D unique pour voir votre b\u00e9b\u00e9 avant sa naissance. R\u00e9servez d\u00e8s maintenant!","breadcrumb":{"@id":"https:\/\/www.ucbaby.ca\/fr\/3d-4d-ultrasound-ottawa\/uc-baby-ottawa-ontario-2#breadcrumb"},"inLanguage":"fr-FR","potentialAction":[{"@type":"ReadAction","target":["https:\/\/www.ucbaby.ca\/fr\/3d-4d-ultrasound-ottawa\/uc-baby-ottawa-ontario-2"]}]},{"@type":"BreadcrumbList","@id":"https:\/\/www.ucbaby.ca\/fr\/3d-4d-ultrasound-ottawa\/uc-baby-ottawa-ontario-2#breadcrumb","itemListElement":[{"@type":"ListItem","position":1,"name":"Home","item":"https:\/\/www.ucbaby.ca\/"},{"@type":"ListItem","position":2,"name":"UC Baby \u00c9chographie 3D | Ottawa, Ontario","item":"https:\/\/www.ucbaby.ca\/fr\/3d-4d-ultrasound-ottawa"},{"@type":"ListItem","position":3,"name":"UC Baby Ottawa &#8211; Ontario"}]},{"@type":"WebSite","@id":"https:\/\/www.ucbaby.ca\/#website","url":"https:\/\/www.ucbaby.ca\/","name":"UC Baby","description":"UC Baby is Canada&#039;s #1 Trusted company for 3D, 4D and HD 5D pregnancy ultrasound services","potentialAction":[{"@type":"SearchAction","target":{"@type":"EntryPoint","urlTemplate":"https:\/\/www.ucbaby.ca\/?s={search_term_string}"},"query-input":{"@type":"PropertyValueSpecification","valueRequired":true,"valueName":"search_term_string"}}],"inLanguage":"fr-FR"}]}},"_links":{"self":[{"href":"https:\/\/www.ucbaby.ca\/fr\/wp-json\/wp\/v2\/pages\/19021","targetHints":{"allow":["GET"]}}],"collection":[{"href":"https:\/\/www.ucbaby.ca\/fr\/wp-json\/wp\/v2\/pages"}],"about":[{"href":"https:\/\/www.ucbaby.ca\/fr\/wp-json\/wp\/v2\/types\/page"}],"author":[{"embeddable":true,"href":"https:\/\/www.ucbaby.ca\/fr\/wp-json\/wp\/v2\/users\/2"}],"replies":[{"embeddable":true,"href":"https:\/\/www.ucbaby.ca\/fr\/wp-json\/wp\/v2\/comments?post=19021"}],"version-history":[{"count":0,"href":"https:\/\/www.ucbaby.ca\/fr\/wp-json\/wp\/v2\/pages\/19021\/revisions"}],"up":[{"embeddable":true,"href":"https:\/\/www.ucbaby.ca\/fr\/wp-json\/wp\/v2\/pages\/6752"}],"wp:attachment":[{"href":"https:\/\/www.ucbaby.ca\/fr\/wp-json\/wp\/v2\/media?parent=19021"}],"curies":[{"name":"wp","href":"https:\/\/api.w.org\/{rel}","templated":true}]}}